{"id":2431,"date":"2022-03-10T17:22:47","date_gmt":"2022-03-10T16:22:47","guid":{"rendered":"https:\/\/visitmurazzano.it\/sardellen-al-green\/"},"modified":"2022-09-30T09:19:53","modified_gmt":"2022-09-30T07:19:53","slug":"sardellen-al-green","status":"publish","type":"page","link":"https:\/\/visitmurazzano.it\/de\/sardellen-al-green\/","title":{"rendered":"Sardellen Al Green"},"content":{"rendered":"\n[et_pb_section fb_built=&#8220;1&#8243; custom_padding_last_edited=&#8220;on|phone&#8220; admin_label=&#8220;Header&#8220; _builder_version=&#8220;4.14.8&#8243; _module_preset=&#8220;default&#8220; use_background_color_gradient=&#8220;on&#8220; background_color_gradient_start=&#8220;rgba(0,0,0,0.46)&#8220; background_color_gradient_end=&#8220;rgba(0,0,0,0.52)&#8220; background_color_gradient_overlays_image=&#8220;on&#8220; background_image=&#8220;https:\/\/visitmurazzano.it\/wp-content\/uploads\/2022\/03\/acciughe-verde.jpg&#8220; custom_padding=&#8220;120px||120px||true|false&#8220; custom_padding_tablet=&#8220;35px||35px||true|false&#8220; custom_padding_phone=&#8220;15px||15px||true|false&#8220; hover_enabled=&#8220;0&#8243; locked=&#8220;off&#8220; global_colors_info=&#8220;{}&#8220; alt=&#8220;acciughe al verde&#8220; title_text=&#8220;acciughe-verde&#8220; sticky_enabled=&#8220;0&#8243;][et_pb_row _builder_version=&#8220;4.9.10&#8243; _module_preset=&#8220;default&#8220; global_colors_info=&#8220;{}&#8220;][et_pb_column type=&#8220;4_4&#8243; _builder_version=&#8220;4.9.10&#8243; _module_preset=&#8220;default&#8220; global_colors_info=&#8220;{}&#8220;][et_pb_text _builder_version=&#8220;4.14.8&#8243; _module_preset=&#8220;d72c0383-6487-4f2c-ac5c-7d48a6376757&#8243; header_font=&#8220;Playfair Display||||||||&#8220; header_text_color=&#8220;#FFFFFF&#8220; header_font_size=&#8220;56px&#8220; animation_direction=&#8220;top&#8220; hover_enabled=&#8220;0&#8243; header_font_size_tablet=&#8220;10vw&#8220; header_font_size_phone=&#8220;&#8220; header_font_size_last_edited=&#8220;on|phone&#8220; global_colors_info=&#8220;{}&#8220; sticky_enabled=&#8220;0&#8243;]<h1>Sardellen Al Green<\/h1>[\/et_pb_text][\/et_pb_column][\/et_pb_row][et_pb_row column_structure=&#8220;3_5,2_5&#8243; _builder_version=&#8220;4.14.7&#8243; _module_preset=&#8220;default&#8220; global_colors_info=&#8220;{}&#8220;][et_pb_column type=&#8220;3_5&#8243; _builder_version=&#8220;4.14.7&#8243; _module_preset=&#8220;default&#8220; global_colors_info=&#8220;{}&#8220;][et_pb_text _builder_version=&#8220;4.14.8&#8243; _module_preset=&#8220;default&#8220; text_text_color=&#8220;#FFFFFF&#8220; text_font_size=&#8220;16px&#8220; text_line_height=&#8220;1.4em&#8220; header_3_font=&#8220;|700|||||||&#8220; header_3_text_color=&#8220;#FFFFFF&#8220; hover_enabled=&#8220;0&#8243; global_colors_info=&#8220;{}&#8220; sticky_enabled=&#8220;0&#8243;]<p>Bescheidene und reichhaltige Vorspeise, genau wie das b\u00e4uerliche Leben der Vergangenheit.<br>Wenn es Ihnen seltsam vorkommt, Fisch in der Mitte eines typischen piemontesischen Gerichts zu sehen, werden Sie entdecken, dass die Geschichte das Meer in unsere H\u00fcgel gebracht hat.<br>Sardellen al verde sind T\u00f6chter der alten <strong>Verbindung zwischen den Langhe und Ligurien<\/strong>, verbunden durch die ber\u00fchmte Via del Sale, eine faszinierende Route, die sich entlang der H\u00fcgelk\u00e4mme schl\u00e4ngelt. Wein wurde vor allem nach Ligurien exportiert, w\u00e4hrend \u00d6l, Salz und Sardellen aus dem Land des Meeres kamen, f\u00fcr die samstags auf dem Hauptplatz von Alba ein Markt abgehalten wurde.<\/p>\n<p>Die Tradition wollte, dass Sardellen in einer mit \u00d6l bedeckten Sch\u00fcssel aufbewahrt werden: Von Zeit zu Zeit durfte man eine mit Brot probieren, um ein so wertvolles Lebensmittel so lange wie m\u00f6glich zu erhalten.<\/p>[\/et_pb_text][\/et_pb_column][et_pb_column type=&#8220;2_5&#8243; _builder_version=&#8220;4.14.7&#8243; _module_preset=&#8220;default&#8220; global_colors_info=&#8220;{}&#8220;][\/et_pb_column][\/et_pb_row][\/et_pb_section][et_pb_section fb_built=&#8220;1&#8243; admin_label=&#8220;Mission&#8220; _builder_version=&#8220;4.14.8&#8243; _module_preset=&#8220;default&#8220; custom_padding=&#8220;||0px|||&#8220; locked=&#8220;off&#8220; global_colors_info=&#8220;{}&#8220;][et_pb_row column_structure=&#8220;1_2,1_2&#8243; custom_padding_last_edited=&#8220;on|tablet&#8220; _builder_version=&#8220;4.14.8&#8243; _module_preset=&#8220;default&#8220; custom_margin_tablet=&#8220;&#8220; custom_margin_phone=&#8220;&#8220; custom_margin_last_edited=&#8220;on|tablet&#8220; custom_padding_tablet=&#8220;0px||||false|false&#8220; custom_padding_phone=&#8220;0px||||false|false&#8220; global_colors_info=&#8220;{}&#8220;][et_pb_column type=&#8220;1_2&#8243; _builder_version=&#8220;4.14.8&#8243; _module_preset=&#8220;default&#8220; custom_padding=&#8220;||||false|false&#8220; custom_padding_tablet=&#8220;0px||||false|false&#8220; custom_padding_phone=&#8220;0px||||false|false&#8220; custom_padding_last_edited=&#8220;on|desktop&#8220; global_colors_info=&#8220;{}&#8220;][et_pb_text _builder_version=&#8220;4.14.8&#8243; _module_preset=&#8220;16a54059-cc81-4572-9c70-eda6a6c419bf&#8220; text_text_color=&#8220;rgba(0,0,0,0.8)&#8220; text_font_size=&#8220;16px&#8220; text_line_height=&#8220;1.6em&#8220; header_3_font=&#8220;|700|||||||&#8220; custom_padding=&#8220;||0px|||&#8220; hover_enabled=&#8220;0&#8243; text_font_size_tablet=&#8220;15px&#8220; text_font_size_phone=&#8220;13px&#8220; text_font_size_last_edited=&#8220;on|phone&#8220; header_font_size_tablet=&#8220;55px&#8220; header_font_size_last_edited=&#8220;off|desktop&#8220; locked=&#8220;off&#8220; global_colors_info=&#8220;{}&#8220; sticky_enabled=&#8220;0&#8243;]<h3>Zutaten<\/h3>\n<ul>\n<li>zwanzig Sardellen in Salz<\/li>\n<li>drei Knoblauchzehen<\/li>\n<li>zwei Handvoll Petersilie<\/li>\n<li>eine Handvoll Basilikum<\/li>\n<li>ein roter Spagnolino (Paprika)<\/li>\n<li>zwei hart gekochte Eigelb<\/li>\n<li>Oliven\u00f6l<\/li>\n<li>zwei Essl\u00f6ffel Essig<\/li>\n<\/ul>[\/et_pb_text][\/et_pb_column][et_pb_column type=&#8220;1_2&#8243; _builder_version=&#8220;4.14.8&#8243; _module_preset=&#8220;default&#8220; custom_padding=&#8220;||||false|false&#8220; custom_padding_tablet=&#8220;0px||||false|false&#8220; custom_padding_phone=&#8220;0px||||false|false&#8220; custom_padding_last_edited=&#8220;on|desktop&#8220; global_colors_info=&#8220;{}&#8220;][et_pb_image src=&#8220;https:\/\/visitmurazzano.it\/wp-content\/uploads\/2022\/03\/acciughe-verde.jpg&#8220; alt=&#8220;Sardellen Al Green&#8220; title_text=&#8220;sardellen-green&#8220; _builder_version=&#8220;4.14.8&#8243; _module_preset=&#8220;default&#8220; hover_enabled=&#8220;0&#8243; global_colors_info=&#8220;{}&#8220; sticky_enabled=&#8220;0&#8243;][\/et_pb_image][\/et_pb_column][\/et_pb_row][et_pb_row custom_padding_last_edited=&#8220;on|tablet&#8220; _builder_version=&#8220;4.14.8&#8243; _module_preset=&#8220;default&#8220; custom_margin_tablet=&#8220;&#8220; custom_margin_phone=&#8220;&#8220; custom_margin_last_edited=&#8220;on|tablet&#8220; custom_padding_tablet=&#8220;0px||||false|false&#8220; custom_padding_phone=&#8220;0px||||false|false&#8220; global_colors_info=&#8220;{}&#8220;][et_pb_column type=&#8220;4_4&#8243; _builder_version=&#8220;4.14.8&#8243; _module_preset=&#8220;default&#8220; custom_padding=&#8220;||||false|false&#8220; custom_padding_tablet=&#8220;0px||||false|false&#8220; custom_padding_phone=&#8220;0px||||false|false&#8220; custom_padding_last_edited=&#8220;on|desktop&#8220; global_colors_info=&#8220;{}&#8220;][et_pb_text _builder_version=&#8220;4.14.8&#8243; _module_preset=&#8220;16a54059-cc81-4572-9c70-eda6a6c419bf&#8220; text_text_color=&#8220;rgba(0,0,0,0.8)&#8220; text_font_size=&#8220;16px&#8220; text_line_height=&#8220;1.6em&#8220; header_3_font=&#8220;|700|||||||&#8220; custom_padding=&#8220;||0px|||&#8220; hover_enabled=&#8220;0&#8243; text_font_size_tablet=&#8220;15px&#8220; text_font_size_phone=&#8220;13px&#8220; text_font_size_last_edited=&#8220;on|phone&#8220; header_font_size_tablet=&#8220;55px&#8220; header_font_size_last_edited=&#8220;off|desktop&#8220; locked=&#8220;off&#8220; global_colors_info=&#8220;{}&#8220; sticky_enabled=&#8220;0&#8243;]<h3>Methode<\/h3>\n<p>Nehmen Sie die Sardellen aus der Salzlake und halten Sie sie zum Reinigen unter flie\u00dfendes Wasser, entfernen Sie dann vorsichtig die Knochen. Bereiten Sie separat eine Sauce zu, die aus Petersilie, Knoblauch, Basilikum, spanischem und hartgekochtem Eigelb besteht, alles fein gehackt und mit Oliven\u00f6l und Essig vermischt. Legen Sie die gereinigten Sardellen in eine kleine Serviersch\u00fcssel mit hohem Rand und bedecken Sie jede Schicht mit der gr\u00fcnen Sauce. So fortfahren, bis die Sauce aufgebraucht ist.<\/p>\n<p>Um diese typisch piemontesische Vorspeise am besten genie\u00dfen zu k\u00f6nnen, empfehlen wir, die gr\u00fcnen Sardellen mindestens <strong>24 Stunden<\/strong> ruhen zu lassen, damit sie den k\u00f6stlichen Geschmack der Sauce aufnehmen.<\/p>\n<p>Alles, was Sie tun m\u00fcssen, ist, sie auf einer Scheibe Toast zu servieren, und es wird Ihnen leicht fallen, den Gaumen und die Herzen Ihrer G\u00e4ste zu erobern.<\/p>[\/et_pb_text][\/et_pb_column][\/et_pb_row][\/et_pb_section][et_pb_section fb_built=&#8220;1&#8243; _builder_version=&#8220;4.14.7&#8243; _module_preset=&#8220;default&#8220; custom_padding=&#8220;0px|||||&#8220; global_colors_info=&#8220;{}&#8220;][\/et_pb_section]\n","protected":false},"excerpt":{"rendered":"<p>Sardellen Al GreenBescheidene und reichhaltige Vorspeise, genau wie das b\u00e4uerliche Leben der Vergangenheit.Wenn es Ihnen seltsam vorkommt, Fisch in der Mitte eines typischen piemontesischen Gerichts zu sehen, werden Sie entdecken, dass die Geschichte das Meer in unsere H\u00fcgel gebracht hat.Sardellen al verde sind T\u00f6chter der alten Verbindung zwischen den Langhe und Ligurien, verbunden durch die [&hellip;]<\/p>\n","protected":false},"author":1,"featured_media":0,"parent":0,"menu_order":0,"comment_status":"closed","ping_status":"closed","template":"","meta":{"_et_pb_use_builder":"on","_et_pb_old_content":"","_et_gb_content_width":"","footnotes":""},"class_list":["post-2431","page","type-page","status-publish","hentry"],"yoast_head":"<!-- This site is optimized with the Yoast SEO plugin v26.7 - https:\/\/yoast.com\/wordpress\/plugins\/seo\/ -->\n<title>Visit Murazzano | Rezept und Herkunft der gr\u00fcnen Anchovis aus Langa<\/title>\n<meta name=\"description\" content=\"Gr\u00fcne Sardellen sind ein Klassiker der piemontesischen kulinarischen Tradition. Entdecken Sie die Urspr\u00fcnge und das Rezept dieser einfachen, aber schmackhaften Langa-Vorspeise.\" \/>\n<meta name=\"robots\" content=\"index, follow, max-snippet:-1, max-image-preview:large, max-video-preview:-1\" \/>\n<link rel=\"canonical\" href=\"https:\/\/visitmurazzano.it\/de\/sardellen-al-green\/\" \/>\n<meta property=\"og:locale\" content=\"de_DE\" \/>\n<meta property=\"og:type\" content=\"article\" \/>\n<meta property=\"og:title\" content=\"Visit Murazzano | Rezept und Herkunft der gr\u00fcnen Anchovis aus Langa\" \/>\n<meta property=\"og:description\" content=\"Gr\u00fcne Sardellen sind ein Klassiker der piemontesischen kulinarischen Tradition. Entdecken Sie die Urspr\u00fcnge und das Rezept dieser einfachen, aber schmackhaften Langa-Vorspeise.\" \/>\n<meta property=\"og:url\" content=\"https:\/\/visitmurazzano.it\/de\/sardellen-al-green\/\" \/>\n<meta property=\"og:site_name\" content=\"Visit Murazzano\" \/>\n<meta property=\"article:modified_time\" content=\"2022-09-30T07:19:53+00:00\" \/>\n<meta name=\"twitter:card\" content=\"summary_large_image\" \/>\n<meta name=\"twitter:label1\" content=\"Gesch\u00e4tzte Lesezeit\" \/>\n\t<meta name=\"twitter:data1\" content=\"5\u00a0Minuten\" \/>\n<script type=\"application\/ld+json\" class=\"yoast-schema-graph\">{\"@context\":\"https:\/\/schema.org\",\"@graph\":[{\"@type\":\"WebPage\",\"@id\":\"https:\/\/visitmurazzano.it\/de\/sardellen-al-green\/\",\"url\":\"https:\/\/visitmurazzano.it\/de\/sardellen-al-green\/\",\"name\":\"Visit Murazzano | Rezept und Herkunft der gr\u00fcnen Anchovis aus Langa\",\"isPartOf\":{\"@id\":\"https:\/\/visitmurazzano.it\/de\/#website\"},\"datePublished\":\"2022-03-10T16:22:47+00:00\",\"dateModified\":\"2022-09-30T07:19:53+00:00\",\"description\":\"Gr\u00fcne Sardellen sind ein Klassiker der piemontesischen kulinarischen Tradition. Entdecken Sie die Urspr\u00fcnge und das Rezept dieser einfachen, aber schmackhaften Langa-Vorspeise.\",\"breadcrumb\":{\"@id\":\"https:\/\/visitmurazzano.it\/de\/sardellen-al-green\/#breadcrumb\"},\"inLanguage\":\"de\",\"potentialAction\":[{\"@type\":\"ReadAction\",\"target\":[\"https:\/\/visitmurazzano.it\/de\/sardellen-al-green\/\"]}]},{\"@type\":\"BreadcrumbList\",\"@id\":\"https:\/\/visitmurazzano.it\/de\/sardellen-al-green\/#breadcrumb\",\"itemListElement\":[{\"@type\":\"ListItem\",\"position\":1,\"name\":\"Home\",\"item\":\"https:\/\/visitmurazzano.it\/de\/\"},{\"@type\":\"ListItem\",\"position\":2,\"name\":\"Sardellen Al Green\"}]},{\"@type\":\"WebSite\",\"@id\":\"https:\/\/visitmurazzano.it\/de\/#website\",\"url\":\"https:\/\/visitmurazzano.it\/de\/\",\"name\":\"Visit Murazzano\",\"description\":\"Sito turistico Murazzano\",\"publisher\":{\"@id\":\"https:\/\/visitmurazzano.it\/de\/#organization\"},\"potentialAction\":[{\"@type\":\"SearchAction\",\"target\":{\"@type\":\"EntryPoint\",\"urlTemplate\":\"https:\/\/visitmurazzano.it\/de\/?s={search_term_string}\"},\"query-input\":{\"@type\":\"PropertyValueSpecification\",\"valueRequired\":true,\"valueName\":\"search_term_string\"}}],\"inLanguage\":\"de\"},{\"@type\":\"Organization\",\"@id\":\"https:\/\/visitmurazzano.it\/de\/#organization\",\"name\":\"Murazzano\",\"url\":\"https:\/\/visitmurazzano.it\/de\/\",\"logo\":{\"@type\":\"ImageObject\",\"inLanguage\":\"de\",\"@id\":\"https:\/\/visitmurazzano.it\/de\/#\/schema\/logo\/image\/\",\"url\":\"https:\/\/visitmurazzano.it\/wp-content\/uploads\/2022\/05\/logo-murazzano.jpg\",\"contentUrl\":\"https:\/\/visitmurazzano.it\/wp-content\/uploads\/2022\/05\/logo-murazzano.jpg\",\"width\":75,\"height\":90,\"caption\":\"Murazzano\"},\"image\":{\"@id\":\"https:\/\/visitmurazzano.it\/de\/#\/schema\/logo\/image\/\"}}]}<\/script>\n<!-- \/ Yoast SEO plugin. -->","yoast_head_json":{"title":"Visit Murazzano | Rezept und Herkunft der gr\u00fcnen Anchovis aus Langa","description":"Gr\u00fcne Sardellen sind ein Klassiker der piemontesischen kulinarischen Tradition. Entdecken Sie die Urspr\u00fcnge und das Rezept dieser einfachen, aber schmackhaften Langa-Vorspeise.","robots":{"index":"index","follow":"follow","max-snippet":"max-snippet:-1","max-image-preview":"max-image-preview:large","max-video-preview":"max-video-preview:-1"},"canonical":"https:\/\/visitmurazzano.it\/de\/sardellen-al-green\/","og_locale":"de_DE","og_type":"article","og_title":"Visit Murazzano | Rezept und Herkunft der gr\u00fcnen Anchovis aus Langa","og_description":"Gr\u00fcne Sardellen sind ein Klassiker der piemontesischen kulinarischen Tradition. Entdecken Sie die Urspr\u00fcnge und das Rezept dieser einfachen, aber schmackhaften Langa-Vorspeise.","og_url":"https:\/\/visitmurazzano.it\/de\/sardellen-al-green\/","og_site_name":"Visit Murazzano","article_modified_time":"2022-09-30T07:19:53+00:00","twitter_card":"summary_large_image","twitter_misc":{"Gesch\u00e4tzte Lesezeit":"5\u00a0Minuten"},"schema":{"@context":"https:\/\/schema.org","@graph":[{"@type":"WebPage","@id":"https:\/\/visitmurazzano.it\/de\/sardellen-al-green\/","url":"https:\/\/visitmurazzano.it\/de\/sardellen-al-green\/","name":"Visit Murazzano | Rezept und Herkunft der gr\u00fcnen Anchovis aus Langa","isPartOf":{"@id":"https:\/\/visitmurazzano.it\/de\/#website"},"datePublished":"2022-03-10T16:22:47+00:00","dateModified":"2022-09-30T07:19:53+00:00","description":"Gr\u00fcne Sardellen sind ein Klassiker der piemontesischen kulinarischen Tradition. Entdecken Sie die Urspr\u00fcnge und das Rezept dieser einfachen, aber schmackhaften Langa-Vorspeise.","breadcrumb":{"@id":"https:\/\/visitmurazzano.it\/de\/sardellen-al-green\/#breadcrumb"},"inLanguage":"de","potentialAction":[{"@type":"ReadAction","target":["https:\/\/visitmurazzano.it\/de\/sardellen-al-green\/"]}]},{"@type":"BreadcrumbList","@id":"https:\/\/visitmurazzano.it\/de\/sardellen-al-green\/#breadcrumb","itemListElement":[{"@type":"ListItem","position":1,"name":"Home","item":"https:\/\/visitmurazzano.it\/de\/"},{"@type":"ListItem","position":2,"name":"Sardellen Al Green"}]},{"@type":"WebSite","@id":"https:\/\/visitmurazzano.it\/de\/#website","url":"https:\/\/visitmurazzano.it\/de\/","name":"Visit Murazzano","description":"Sito turistico Murazzano","publisher":{"@id":"https:\/\/visitmurazzano.it\/de\/#organization"},"potentialAction":[{"@type":"SearchAction","target":{"@type":"EntryPoint","urlTemplate":"https:\/\/visitmurazzano.it\/de\/?s={search_term_string}"},"query-input":{"@type":"PropertyValueSpecification","valueRequired":true,"valueName":"search_term_string"}}],"inLanguage":"de"},{"@type":"Organization","@id":"https:\/\/visitmurazzano.it\/de\/#organization","name":"Murazzano","url":"https:\/\/visitmurazzano.it\/de\/","logo":{"@type":"ImageObject","inLanguage":"de","@id":"https:\/\/visitmurazzano.it\/de\/#\/schema\/logo\/image\/","url":"https:\/\/visitmurazzano.it\/wp-content\/uploads\/2022\/05\/logo-murazzano.jpg","contentUrl":"https:\/\/visitmurazzano.it\/wp-content\/uploads\/2022\/05\/logo-murazzano.jpg","width":75,"height":90,"caption":"Murazzano"},"image":{"@id":"https:\/\/visitmurazzano.it\/de\/#\/schema\/logo\/image\/"}}]}},"_links":{"self":[{"href":"https:\/\/visitmurazzano.it\/de\/wp-json\/wp\/v2\/pages\/2431","targetHints":{"allow":["GET"]}}],"collection":[{"href":"https:\/\/visitmurazzano.it\/de\/wp-json\/wp\/v2\/pages"}],"about":[{"href":"https:\/\/visitmurazzano.it\/de\/wp-json\/wp\/v2\/types\/page"}],"author":[{"embeddable":true,"href":"https:\/\/visitmurazzano.it\/de\/wp-json\/wp\/v2\/users\/1"}],"replies":[{"embeddable":true,"href":"https:\/\/visitmurazzano.it\/de\/wp-json\/wp\/v2\/comments?post=2431"}],"version-history":[{"count":3,"href":"https:\/\/visitmurazzano.it\/de\/wp-json\/wp\/v2\/pages\/2431\/revisions"}],"predecessor-version":[{"id":2434,"href":"https:\/\/visitmurazzano.it\/de\/wp-json\/wp\/v2\/pages\/2431\/revisions\/2434"}],"wp:attachment":[{"href":"https:\/\/visitmurazzano.it\/de\/wp-json\/wp\/v2\/media?parent=2431"}],"curies":[{"name":"wp","href":"https:\/\/api.w.org\/{rel}","templated":true}]}}