{"id":2441,"date":"2022-03-10T17:45:13","date_gmt":"2022-03-10T16:45:13","guid":{"rendered":"https:\/\/visitmurazzano.it\/agnolotti-del-plin-mit-bratensosse\/"},"modified":"2022-09-30T09:48:07","modified_gmt":"2022-09-30T07:48:07","slug":"agnolotti-del-plin-mit-bratensosse","status":"publish","type":"page","link":"https:\/\/visitmurazzano.it\/de\/agnolotti-del-plin-mit-bratensosse\/","title":{"rendered":"Agnolotti del Plin mit Bratenso\u00dfe"},"content":{"rendered":"\n[et_pb_section fb_built=&#8220;1&#8243; custom_padding_last_edited=&#8220;on|phone&#8220; admin_label=&#8220;Header&#8220; _builder_version=&#8220;4.14.8&#8243; _module_preset=&#8220;default&#8220; use_background_color_gradient=&#8220;on&#8220; background_color_gradient_start=&#8220;rgba(0,0,0,0.46)&#8220; background_color_gradient_end=&#8220;rgba(0,0,0,0.52)&#8220; background_color_gradient_overlays_image=&#8220;on&#8220; background_image=&#8220;https:\/\/visitmurazzano.it\/wp-content\/uploads\/2022\/03\/agnolotti-del-plin.jpg&#8220; custom_padding=&#8220;120px||120px||true|false&#8220; custom_padding_tablet=&#8220;35px||35px||true|false&#8220; custom_padding_phone=&#8220;15px||15px||true|false&#8220; hover_enabled=&#8220;0&#8243; locked=&#8220;off&#8220; global_colors_info=&#8220;{}&#8220; title_text=&#8220;agnolotti-del-plin&#8220; sticky_enabled=&#8220;0&#8243;][et_pb_row _builder_version=&#8220;4.9.10&#8243; _module_preset=&#8220;default&#8220; global_colors_info=&#8220;{}&#8220;][et_pb_column type=&#8220;4_4&#8243; _builder_version=&#8220;4.9.10&#8243; _module_preset=&#8220;default&#8220; global_colors_info=&#8220;{}&#8220;][et_pb_text _builder_version=&#8220;4.14.8&#8243; _module_preset=&#8220;d72c0383-6487-4f2c-ac5c-7d48a6376757&#8243; header_font=&#8220;Playfair Display||||||||&#8220; header_text_color=&#8220;#FFFFFF&#8220; header_font_size=&#8220;56px&#8220; animation_direction=&#8220;top&#8220; hover_enabled=&#8220;0&#8243; header_font_size_tablet=&#8220;10vw&#8220; header_font_size_phone=&#8220;&#8220; header_font_size_last_edited=&#8220;on|phone&#8220; global_colors_info=&#8220;{}&#8220; sticky_enabled=&#8220;0&#8243;]<h1>Agnolotti del Plin<br> mit Bratenso\u00dfe<\/h1>[\/et_pb_text][\/et_pb_column][\/et_pb_row][et_pb_row column_structure=&#8220;3_5,2_5&#8243; _builder_version=&#8220;4.14.7&#8243; _module_preset=&#8220;default&#8220; global_colors_info=&#8220;{}&#8220;][et_pb_column type=&#8220;3_5&#8243; _builder_version=&#8220;4.14.7&#8243; _module_preset=&#8220;default&#8220; global_colors_info=&#8220;{}&#8220;][et_pb_text _builder_version=&#8220;4.14.8&#8243; _module_preset=&#8220;default&#8220; text_text_color=&#8220;#FFFFFF&#8220; text_font_size=&#8220;16px&#8220; text_line_height=&#8220;1.4em&#8220; header_3_font=&#8220;|700|||||||&#8220; header_3_text_color=&#8220;#FFFFFF&#8220; hover_enabled=&#8220;0&#8243; global_colors_info=&#8220;{}&#8220; sticky_enabled=&#8220;0&#8243;]Ein Gericht, dessen Wurzeln in den Langhe und im Monferrato liegen, das einst in der Weihnachtszeit und zu besonderen Anl\u00e4ssen serviert wurde. Aber warum hei\u00dfen sie Plin? Der Begriff Plin bedeutet &#8222;Prise&#8220; und bezieht sich auf die Technik, mit der die F\u00fcllung in der frischen Pasta verschlossen wird, wobei die Enden sanft zusammengedr\u00fcckt werden. \n\nEin alter Brauch, Ravioli in einer gefalteten Serviette zu verzehren, um ihre unglaubliche Weichheit zu bewahren. Sie wurden ungew\u00fcrzt gegessen, wenn nicht in seltenen F\u00e4llen begleitet von einer Tasse Br\u00fche und einem Glas Wein.[\/et_pb_text][\/et_pb_column][et_pb_column type=&#8220;2_5&#8243; _builder_version=&#8220;4.14.7&#8243; _module_preset=&#8220;default&#8220; global_colors_info=&#8220;{}&#8220;][\/et_pb_column][\/et_pb_row][\/et_pb_section][et_pb_section fb_built=&#8220;1&#8243; admin_label=&#8220;Mission&#8220; _builder_version=&#8220;4.14.8&#8243; _module_preset=&#8220;default&#8220; custom_padding=&#8220;||0px|||&#8220; locked=&#8220;off&#8220; global_colors_info=&#8220;{}&#8220;][et_pb_row column_structure=&#8220;1_2,1_2&#8243; custom_padding_last_edited=&#8220;on|tablet&#8220; _builder_version=&#8220;4.14.8&#8243; _module_preset=&#8220;default&#8220; custom_margin_tablet=&#8220;&#8220; custom_margin_phone=&#8220;&#8220; custom_margin_last_edited=&#8220;on|tablet&#8220; custom_padding_tablet=&#8220;0px||||false|false&#8220; custom_padding_phone=&#8220;0px||||false|false&#8220; global_colors_info=&#8220;{}&#8220;][et_pb_column type=&#8220;1_2&#8243; _builder_version=&#8220;4.14.8&#8243; _module_preset=&#8220;default&#8220; custom_padding=&#8220;||||false|false&#8220; custom_padding_tablet=&#8220;0px||||false|false&#8220; custom_padding_phone=&#8220;0px||||false|false&#8220; custom_padding_last_edited=&#8220;on|desktop&#8220; global_colors_info=&#8220;{}&#8220;][et_pb_text _builder_version=&#8220;4.14.8&#8243; _module_preset=&#8220;16a54059-cc81-4572-9c70-eda6a6c419bf&#8220; text_text_color=&#8220;rgba(0,0,0,0.8)&#8220; text_font_size=&#8220;16px&#8220; text_line_height=&#8220;1.6em&#8220; header_3_font=&#8220;|700|||||||&#8220; custom_padding=&#8220;||0px|||&#8220; hover_enabled=&#8220;0&#8243; text_font_size_tablet=&#8220;15px&#8220; text_font_size_phone=&#8220;13px&#8220; text_font_size_last_edited=&#8220;on|phone&#8220; header_font_size_tablet=&#8220;55px&#8220; header_font_size_last_edited=&#8220;off|desktop&#8220; locked=&#8220;off&#8220; global_colors_info=&#8220;{}&#8220; sticky_enabled=&#8220;0&#8243;]<h3>Zutaten<\/h3>\n<p><strong>F\u00fcr das Geb\u00e4ck<\/strong><\/p>\n<ul>\n<li>300 gr. Mehl 00<\/li>\n<li>1 ganzes Ei<\/li>\n<li>3 Eigelb<\/li>\n<li>Hartweizengrie\u00df nach Geschmack<\/li>\n<\/ul>\n<p><strong>F\u00fcr die F\u00fcllung<\/strong><\/p>\n<ul>\n<li>250 Gramm Kalbfleisch<\/li>\n<li>150 g Schweinefleisch<\/li>\n<li>200 g Kaninchenkeulen<\/li>\n<li>600 g Spinat<\/li>\n<li>ein Kopf von Eskariol oder Endivie<\/li>\n<li>1 Ei<\/li>\n<li>150 g Parmesank\u00e4se<\/li>\n<li>Muskatnuss<\/li>\n<li>Rosmarin<\/li>\n<li>Zwiebel, Sellerie, Karotte<\/li>\n<li>1 Knoblauchzehe<\/li>\n<li>1 Glas Rotwein<\/li>\n<li>\u00d6l, Salz, Pfeffer<\/li>\n<\/ul>[\/et_pb_text][\/et_pb_column][et_pb_column type=&#8220;1_2&#8243; _builder_version=&#8220;4.14.8&#8243; _module_preset=&#8220;default&#8220; custom_padding=&#8220;||||false|false&#8220; custom_padding_tablet=&#8220;0px||||false|false&#8220; custom_padding_phone=&#8220;0px||||false|false&#8220; custom_padding_last_edited=&#8220;on|desktop&#8220; global_colors_info=&#8220;{}&#8220;][et_pb_image src=&#8220;https:\/\/visitmurazzano.it\/wp-content\/uploads\/2022\/03\/agnolotti-del-plin.jpg&#8220; alt=&#8220;Sardellen Al Green&#8220; title_text=&#8220;agnolotti-del-plin&#8220; _builder_version=&#8220;4.14.8&#8243; _module_preset=&#8220;default&#8220; hover_enabled=&#8220;0&#8243; global_colors_info=&#8220;{}&#8220; sticky_enabled=&#8220;0&#8243;][\/et_pb_image][\/et_pb_column][\/et_pb_row][et_pb_row custom_padding_last_edited=&#8220;on|tablet&#8220; _builder_version=&#8220;4.14.8&#8243; _module_preset=&#8220;default&#8220; custom_margin_tablet=&#8220;&#8220; custom_margin_phone=&#8220;&#8220; custom_margin_last_edited=&#8220;on|tablet&#8220; custom_padding_tablet=&#8220;0px||||false|false&#8220; custom_padding_phone=&#8220;0px||||false|false&#8220; global_colors_info=&#8220;{}&#8220;][et_pb_column type=&#8220;4_4&#8243; _builder_version=&#8220;4.14.8&#8243; _module_preset=&#8220;default&#8220; custom_padding=&#8220;||||false|false&#8220; custom_padding_tablet=&#8220;0px||||false|false&#8220; custom_padding_phone=&#8220;0px||||false|false&#8220; custom_padding_last_edited=&#8220;on|desktop&#8220; global_colors_info=&#8220;{}&#8220;][et_pb_text _builder_version=&#8220;4.14.8&#8243; _module_preset=&#8220;16a54059-cc81-4572-9c70-eda6a6c419bf&#8220; text_text_color=&#8220;rgba(0,0,0,0.8)&#8220; text_font_size=&#8220;16px&#8220; text_line_height=&#8220;1.6em&#8220; header_3_font=&#8220;|700|||||||&#8220; custom_padding=&#8220;||0px|||&#8220; hover_enabled=&#8220;0&#8243; text_font_size_tablet=&#8220;15px&#8220; text_font_size_phone=&#8220;13px&#8220; text_font_size_last_edited=&#8220;on|phone&#8220; header_font_size_tablet=&#8220;55px&#8220; header_font_size_last_edited=&#8220;off|desktop&#8220; locked=&#8220;off&#8220; global_colors_info=&#8220;{}&#8220; sticky_enabled=&#8220;0&#8243;]<h3>Methode<\/h3>\n<p><strong>F\u00fcr das Geb\u00e4ck:<\/strong><br>Beginnen Sie mit der Zubereitung frischer Nudeln. Das gesiebte Mehl auf einem Nudelbrett verteilen, eine Mulde formen und die 3 Eigelbe und das ganze Ei hineingeben. Zuerst die Eier mit einer Gabel leicht verschlagen, dann die Zutaten mit den H\u00e4nden bearbeiten, bis der Teig glatt und homogen ist. Decken Sie die frischen Nudeln mit Frischhaltefolie ab und lassen Sie sie etwa 1 Stunde an einem k\u00fchlen Ort ruhen. Fahren Sie nun mit der Vorbereitung des Plin fort. Rollen Sie den Teig aus, bis Sie eine sehr d\u00fcnne Platte erhalten. Auf der unteren H\u00e4lfte jedes Geb\u00e4cks mit Hilfe des Spritzbeutels eine Kugel F\u00fcllung von etwa 20 Gramm anordnen und zwischen jeder Kugel einen Abstand von 2 Zentimetern lassen. Dann den Teig von der langen Seite auf sich selbst falten und die R\u00e4nder des Teigs an den Seiten der F\u00fcllkugeln mit den Fingern zusammendr\u00fccken. Mit einem Rad den Teig einige Millimeter von der F\u00fcllung l\u00e4ngs einschneiden.<\/p>\n<p><strong>F\u00fcr die F\u00fcllung:<\/strong><br>Schneiden Sie das Gem\u00fcse und legen Sie es beiseite. Nachdem Sie das Fleisch vom Fett befreit haben, erhitzen Sie ein paar Essl\u00f6ffel \u00d6l in einer Pfanne und lassen Sie das Schweine- und Kalbfleisch goldbraun anbraten. In einer separaten Pfanne die Kaninchenkeulen in zwei Essl\u00f6ffeln \u00d6l anbraten, bis sie ebenfalls goldbraun sind. Kombinieren Sie dann alle Fleischsorten in einem einzigen und gro\u00dfen Topf. Rosmarin, Karotten, Sellerie und Zwiebel dazugeben und mit einem Glas Rotwein abl\u00f6schen. Einige Minuten auf hoher Flamme garen. Mit Salz und Pfeffer w\u00fcrzen und einen Sch\u00f6pfl\u00f6ffel Br\u00fche hinzugeben. Mit einem Deckel abdecken und bei schwacher Hitze etwa 1 Stunde garen. Wenn das Fleisch gar ist, lassen Sie es aus dem Topf abk\u00fchlen. Bewahren Sie die Kochsauce beiseite, da sie die Sauce f\u00fcr den Plin ist. In der Zwischenzeit den Spinat in einer Pfanne mit etwas \u00d6l anbraten, bis er zusammengefallen ist (das dauert etwa 5 Minuten).<\/p>\n<p>Dann das Kaninchen entbeinen, Schweine- und Kalbfleisch zerkleinern und in einen Mixer geben, um sie zu zerkleinern. Ei, Gem\u00fcse und K\u00e4se mischen, dann alle Zutaten p\u00fcrieren und die Mischung in einen Spritzbeutel geben.<\/p>\n<p>Sind Sie mit der Zubereitung der F\u00fcllung und der Nudeln fertig?<br>Dann ist es an der Zeit, die Plins einige Minuten in kochendem Salzwasser zu kochen. Lassen Sie sie abtropfen und werfen Sie sie in die Pfanne mit der Bratenso\u00dfe, in die Sie ein paar Salbeibl\u00e4tter und ein gro\u00dfz\u00fcgiges St\u00fcck Butter gegeben haben.<br>Servieren Sie den Plin mit Bratenso\u00dfe kochend hei\u00df und bestreuen Sie ihn gro\u00dfz\u00fcgig mit Parmesank\u00e4se.<br>Und zum Schluss\u2026 Guten Appetit!<\/p>[\/et_pb_text][\/et_pb_column][\/et_pb_row][\/et_pb_section][et_pb_section fb_built=&#8220;1&#8243; _builder_version=&#8220;4.14.7&#8243; _module_preset=&#8220;default&#8220; custom_padding=&#8220;0px|||||&#8220; global_colors_info=&#8220;{}&#8220;][\/et_pb_section]\n","protected":false},"excerpt":{"rendered":"<p>Agnolotti del Plin mit Bratenso\u00dfeEin Gericht, dessen Wurzeln in den Langhe und im Monferrato liegen, das einst in der Weihnachtszeit und zu besonderen Anl\u00e4ssen serviert wurde. Aber warum hei\u00dfen sie Plin? Der Begriff Plin bedeutet &#8222;Prise&#8220; und bezieht sich auf die Technik, mit der die F\u00fcllung in der frischen Pasta verschlossen wird, wobei die Enden [&hellip;]<\/p>\n","protected":false},"author":1,"featured_media":0,"parent":0,"menu_order":0,"comment_status":"closed","ping_status":"closed","template":"","meta":{"_et_pb_use_builder":"on","_et_pb_old_content":"","_et_gb_content_width":"","footnotes":""},"class_list":["post-2441","page","type-page","status-publish","hentry"],"yoast_head":"<!-- This site is optimized with the Yoast SEO plugin v26.7 - https:\/\/yoast.com\/wordpress\/plugins\/seo\/ -->\n<title>Visit Murazzano | Rezept und Herkunft der Agnolotti del Plin di Langa<\/title>\n<meta name=\"description\" content=\"Die Agnolotti del Plin al sugo d&#039;arrosto haben ihren Ursprung im Monferrato. Entdecken Sie das Rezept f\u00fcr dieses schmackhafte Gericht, das mit wei\u00dfem Tr\u00fcffel bestreut ist.\" \/>\n<meta name=\"robots\" content=\"index, follow, max-snippet:-1, max-image-preview:large, max-video-preview:-1\" \/>\n<link rel=\"canonical\" href=\"https:\/\/visitmurazzano.it\/de\/agnolotti-del-plin-mit-bratensosse\/\" \/>\n<meta property=\"og:locale\" content=\"de_DE\" \/>\n<meta property=\"og:type\" content=\"article\" \/>\n<meta property=\"og:title\" content=\"Visit Murazzano | Rezept und Herkunft der Agnolotti del Plin di Langa\" \/>\n<meta property=\"og:description\" content=\"Die Agnolotti del Plin al sugo d&#039;arrosto haben ihren Ursprung im Monferrato. Entdecken Sie das Rezept f\u00fcr dieses schmackhafte Gericht, das mit wei\u00dfem Tr\u00fcffel bestreut ist.\" \/>\n<meta property=\"og:url\" content=\"https:\/\/visitmurazzano.it\/de\/agnolotti-del-plin-mit-bratensosse\/\" \/>\n<meta property=\"og:site_name\" content=\"Visit Murazzano\" \/>\n<meta property=\"article:modified_time\" content=\"2022-09-30T07:48:07+00:00\" \/>\n<meta name=\"twitter:card\" content=\"summary_large_image\" \/>\n<meta name=\"twitter:label1\" content=\"Gesch\u00e4tzte Lesezeit\" \/>\n\t<meta name=\"twitter:data1\" content=\"6\u00a0Minuten\" \/>\n<script type=\"application\/ld+json\" class=\"yoast-schema-graph\">{\"@context\":\"https:\/\/schema.org\",\"@graph\":[{\"@type\":\"WebPage\",\"@id\":\"https:\/\/visitmurazzano.it\/de\/agnolotti-del-plin-mit-bratensosse\/\",\"url\":\"https:\/\/visitmurazzano.it\/de\/agnolotti-del-plin-mit-bratensosse\/\",\"name\":\"Visit Murazzano | Rezept und Herkunft der Agnolotti del Plin di Langa\",\"isPartOf\":{\"@id\":\"https:\/\/visitmurazzano.it\/de\/#website\"},\"datePublished\":\"2022-03-10T16:45:13+00:00\",\"dateModified\":\"2022-09-30T07:48:07+00:00\",\"description\":\"Die Agnolotti del Plin al sugo d'arrosto haben ihren Ursprung im Monferrato. Entdecken Sie das Rezept f\u00fcr dieses schmackhafte Gericht, das mit wei\u00dfem Tr\u00fcffel bestreut ist.\",\"breadcrumb\":{\"@id\":\"https:\/\/visitmurazzano.it\/de\/agnolotti-del-plin-mit-bratensosse\/#breadcrumb\"},\"inLanguage\":\"de\",\"potentialAction\":[{\"@type\":\"ReadAction\",\"target\":[\"https:\/\/visitmurazzano.it\/de\/agnolotti-del-plin-mit-bratensosse\/\"]}]},{\"@type\":\"BreadcrumbList\",\"@id\":\"https:\/\/visitmurazzano.it\/de\/agnolotti-del-plin-mit-bratensosse\/#breadcrumb\",\"itemListElement\":[{\"@type\":\"ListItem\",\"position\":1,\"name\":\"Home\",\"item\":\"https:\/\/visitmurazzano.it\/de\/\"},{\"@type\":\"ListItem\",\"position\":2,\"name\":\"Agnolotti del Plin mit Bratenso\u00dfe\"}]},{\"@type\":\"WebSite\",\"@id\":\"https:\/\/visitmurazzano.it\/de\/#website\",\"url\":\"https:\/\/visitmurazzano.it\/de\/\",\"name\":\"Visit Murazzano\",\"description\":\"Sito turistico Murazzano\",\"publisher\":{\"@id\":\"https:\/\/visitmurazzano.it\/de\/#organization\"},\"potentialAction\":[{\"@type\":\"SearchAction\",\"target\":{\"@type\":\"EntryPoint\",\"urlTemplate\":\"https:\/\/visitmurazzano.it\/de\/?s={search_term_string}\"},\"query-input\":{\"@type\":\"PropertyValueSpecification\",\"valueRequired\":true,\"valueName\":\"search_term_string\"}}],\"inLanguage\":\"de\"},{\"@type\":\"Organization\",\"@id\":\"https:\/\/visitmurazzano.it\/de\/#organization\",\"name\":\"Murazzano\",\"url\":\"https:\/\/visitmurazzano.it\/de\/\",\"logo\":{\"@type\":\"ImageObject\",\"inLanguage\":\"de\",\"@id\":\"https:\/\/visitmurazzano.it\/de\/#\/schema\/logo\/image\/\",\"url\":\"https:\/\/visitmurazzano.it\/wp-content\/uploads\/2022\/05\/logo-murazzano.jpg\",\"contentUrl\":\"https:\/\/visitmurazzano.it\/wp-content\/uploads\/2022\/05\/logo-murazzano.jpg\",\"width\":75,\"height\":90,\"caption\":\"Murazzano\"},\"image\":{\"@id\":\"https:\/\/visitmurazzano.it\/de\/#\/schema\/logo\/image\/\"}}]}<\/script>\n<!-- \/ Yoast SEO plugin. -->","yoast_head_json":{"title":"Visit Murazzano | Rezept und Herkunft der Agnolotti del Plin di Langa","description":"Die Agnolotti del Plin al sugo d'arrosto haben ihren Ursprung im Monferrato. Entdecken Sie das Rezept f\u00fcr dieses schmackhafte Gericht, das mit wei\u00dfem Tr\u00fcffel bestreut ist.","robots":{"index":"index","follow":"follow","max-snippet":"max-snippet:-1","max-image-preview":"max-image-preview:large","max-video-preview":"max-video-preview:-1"},"canonical":"https:\/\/visitmurazzano.it\/de\/agnolotti-del-plin-mit-bratensosse\/","og_locale":"de_DE","og_type":"article","og_title":"Visit Murazzano | Rezept und Herkunft der Agnolotti del Plin di Langa","og_description":"Die Agnolotti del Plin al sugo d'arrosto haben ihren Ursprung im Monferrato. Entdecken Sie das Rezept f\u00fcr dieses schmackhafte Gericht, das mit wei\u00dfem Tr\u00fcffel bestreut ist.","og_url":"https:\/\/visitmurazzano.it\/de\/agnolotti-del-plin-mit-bratensosse\/","og_site_name":"Visit Murazzano","article_modified_time":"2022-09-30T07:48:07+00:00","twitter_card":"summary_large_image","twitter_misc":{"Gesch\u00e4tzte Lesezeit":"6\u00a0Minuten"},"schema":{"@context":"https:\/\/schema.org","@graph":[{"@type":"WebPage","@id":"https:\/\/visitmurazzano.it\/de\/agnolotti-del-plin-mit-bratensosse\/","url":"https:\/\/visitmurazzano.it\/de\/agnolotti-del-plin-mit-bratensosse\/","name":"Visit Murazzano | Rezept und Herkunft der Agnolotti del Plin di Langa","isPartOf":{"@id":"https:\/\/visitmurazzano.it\/de\/#website"},"datePublished":"2022-03-10T16:45:13+00:00","dateModified":"2022-09-30T07:48:07+00:00","description":"Die Agnolotti del Plin al sugo d'arrosto haben ihren Ursprung im Monferrato. Entdecken Sie das Rezept f\u00fcr dieses schmackhafte Gericht, das mit wei\u00dfem Tr\u00fcffel bestreut ist.","breadcrumb":{"@id":"https:\/\/visitmurazzano.it\/de\/agnolotti-del-plin-mit-bratensosse\/#breadcrumb"},"inLanguage":"de","potentialAction":[{"@type":"ReadAction","target":["https:\/\/visitmurazzano.it\/de\/agnolotti-del-plin-mit-bratensosse\/"]}]},{"@type":"BreadcrumbList","@id":"https:\/\/visitmurazzano.it\/de\/agnolotti-del-plin-mit-bratensosse\/#breadcrumb","itemListElement":[{"@type":"ListItem","position":1,"name":"Home","item":"https:\/\/visitmurazzano.it\/de\/"},{"@type":"ListItem","position":2,"name":"Agnolotti del Plin mit Bratenso\u00dfe"}]},{"@type":"WebSite","@id":"https:\/\/visitmurazzano.it\/de\/#website","url":"https:\/\/visitmurazzano.it\/de\/","name":"Visit Murazzano","description":"Sito turistico Murazzano","publisher":{"@id":"https:\/\/visitmurazzano.it\/de\/#organization"},"potentialAction":[{"@type":"SearchAction","target":{"@type":"EntryPoint","urlTemplate":"https:\/\/visitmurazzano.it\/de\/?s={search_term_string}"},"query-input":{"@type":"PropertyValueSpecification","valueRequired":true,"valueName":"search_term_string"}}],"inLanguage":"de"},{"@type":"Organization","@id":"https:\/\/visitmurazzano.it\/de\/#organization","name":"Murazzano","url":"https:\/\/visitmurazzano.it\/de\/","logo":{"@type":"ImageObject","inLanguage":"de","@id":"https:\/\/visitmurazzano.it\/de\/#\/schema\/logo\/image\/","url":"https:\/\/visitmurazzano.it\/wp-content\/uploads\/2022\/05\/logo-murazzano.jpg","contentUrl":"https:\/\/visitmurazzano.it\/wp-content\/uploads\/2022\/05\/logo-murazzano.jpg","width":75,"height":90,"caption":"Murazzano"},"image":{"@id":"https:\/\/visitmurazzano.it\/de\/#\/schema\/logo\/image\/"}}]}},"_links":{"self":[{"href":"https:\/\/visitmurazzano.it\/de\/wp-json\/wp\/v2\/pages\/2441","targetHints":{"allow":["GET"]}}],"collection":[{"href":"https:\/\/visitmurazzano.it\/de\/wp-json\/wp\/v2\/pages"}],"about":[{"href":"https:\/\/visitmurazzano.it\/de\/wp-json\/wp\/v2\/types\/page"}],"author":[{"embeddable":true,"href":"https:\/\/visitmurazzano.it\/de\/wp-json\/wp\/v2\/users\/1"}],"replies":[{"embeddable":true,"href":"https:\/\/visitmurazzano.it\/de\/wp-json\/wp\/v2\/comments?post=2441"}],"version-history":[{"count":3,"href":"https:\/\/visitmurazzano.it\/de\/wp-json\/wp\/v2\/pages\/2441\/revisions"}],"predecessor-version":[{"id":2444,"href":"https:\/\/visitmurazzano.it\/de\/wp-json\/wp\/v2\/pages\/2441\/revisions\/2444"}],"wp:attachment":[{"href":"https:\/\/visitmurazzano.it\/de\/wp-json\/wp\/v2\/media?parent=2441"}],"curies":[{"name":"wp","href":"https:\/\/api.w.org\/{rel}","templated":true}]}}