{"id":2451,"date":"2022-03-10T18:40:09","date_gmt":"2022-03-10T17:40:09","guid":{"rendered":"https:\/\/visitmurazzano.it\/bonet\/"},"modified":"2022-09-30T10:41:13","modified_gmt":"2022-09-30T08:41:13","slug":"bonet","status":"publish","type":"page","link":"https:\/\/visitmurazzano.it\/de\/bonet\/","title":{"rendered":"B\u00f2net"},"content":{"rendered":"\n[et_pb_section fb_built=&#8220;1&#8243; custom_padding_last_edited=&#8220;on|phone&#8220; admin_label=&#8220;Header&#8220; _builder_version=&#8220;4.14.8&#8243; _module_preset=&#8220;default&#8220; use_background_color_gradient=&#8220;on&#8220; background_color_gradient_start=&#8220;rgba(0,0,0,0.46)&#8220; background_color_gradient_end=&#8220;rgba(0,0,0,0.52)&#8220; background_color_gradient_overlays_image=&#8220;on&#8220; background_image=&#8220;https:\/\/visitmurazzano.it\/wp-content\/uploads\/2022\/03\/bonet.jpg&#8220; custom_padding=&#8220;120px||120px||true|false&#8220; custom_padding_tablet=&#8220;35px||35px||true|false&#8220; custom_padding_phone=&#8220;15px||15px||true|false&#8220; hover_enabled=&#8220;0&#8243; locked=&#8220;off&#8220; global_colors_info=&#8220;{}&#8220; title_text=&#8220;bonet&#8220; sticky_enabled=&#8220;0&#8243;][et_pb_row _builder_version=&#8220;4.9.10&#8243; _module_preset=&#8220;default&#8220; global_colors_info=&#8220;{}&#8220;][et_pb_column type=&#8220;4_4&#8243; _builder_version=&#8220;4.9.10&#8243; _module_preset=&#8220;default&#8220; global_colors_info=&#8220;{}&#8220;][et_pb_text _builder_version=&#8220;4.14.8&#8243; _module_preset=&#8220;d72c0383-6487-4f2c-ac5c-7d48a6376757&#8243; header_font=&#8220;Playfair Display||||||||&#8220; header_text_color=&#8220;#FFFFFF&#8220; header_font_size=&#8220;56px&#8220; animation_direction=&#8220;top&#8220; hover_enabled=&#8220;0&#8243; header_font_size_tablet=&#8220;10vw&#8220; header_font_size_phone=&#8220;&#8220; header_font_size_last_edited=&#8220;on|phone&#8220; global_colors_info=&#8220;{}&#8220; sticky_enabled=&#8220;0&#8243;]<h1>B\u00f2net<\/h1>[\/et_pb_text][\/et_pb_column][\/et_pb_row][et_pb_row column_structure=&#8220;3_5,2_5&#8243; _builder_version=&#8220;4.14.7&#8243; _module_preset=&#8220;default&#8220; global_colors_info=&#8220;{}&#8220;][et_pb_column type=&#8220;3_5&#8243; _builder_version=&#8220;4.14.7&#8243; _module_preset=&#8220;default&#8220; global_colors_info=&#8220;{}&#8220;][et_pb_text _builder_version=&#8220;4.14.8&#8243; _module_preset=&#8220;default&#8220; text_text_color=&#8220;#FFFFFF&#8220; text_font_size=&#8220;16px&#8220; text_line_height=&#8220;1.4em&#8220; header_3_font=&#8220;|700|||||||&#8220; header_3_text_color=&#8220;#FFFFFF&#8220; hover_enabled=&#8220;0&#8243; global_colors_info=&#8220;{}&#8220; sticky_enabled=&#8220;0&#8243;]Bonet, im piemontesischen Dialekt \u201ebun\u00e8t\u201c ausgesprochen, ist das typische Dessert der Langhe, dessen Urspr\u00fcnge sehr alt sind. Die \u00dcbersetzung des Namens ist Hut (runde Nachtm\u00fctze in seiner urspr\u00fcnglichen Bedeutung) und erkl\u00e4rt die \u00fcbliche Verwendung des Desserts, das am Ende jeder Mahlzeit serviert wird, so wie der Hut das letzte Kleidungsst\u00fcck ist, das getragen wird.\n\nDie Besonderheit dieses Rezepts? Die Kochtechnik: im Ofen im Wasserbad, was die Historizit\u00e4t dieses k\u00f6stlichen Rezepts beweist. Auch wenn heute eher unmittelbares und schnelleres Garen bevorzugt wird, ist es gerade die Langsamkeit dieser Methode, die unser Dessert so weich und k\u00f6stlich macht. Die klassische Version besteht aus Eiern, Milch, Zucker und Maratti. Die Zugabe von Schokolade erfolgt sp\u00e4ter, da es sich um eine unbekannte Zutat handelte.[\/et_pb_text][\/et_pb_column][et_pb_column type=&#8220;2_5&#8243; _builder_version=&#8220;4.14.7&#8243; _module_preset=&#8220;default&#8220; global_colors_info=&#8220;{}&#8220;][\/et_pb_column][\/et_pb_row][\/et_pb_section][et_pb_section fb_built=&#8220;1&#8243; admin_label=&#8220;Mission&#8220; _builder_version=&#8220;4.14.8&#8243; _module_preset=&#8220;default&#8220; custom_padding=&#8220;||0px|||&#8220; locked=&#8220;off&#8220; global_colors_info=&#8220;{}&#8220;][et_pb_row column_structure=&#8220;1_2,1_2&#8243; custom_padding_last_edited=&#8220;on|tablet&#8220; _builder_version=&#8220;4.14.8&#8243; _module_preset=&#8220;default&#8220; custom_margin_tablet=&#8220;&#8220; custom_margin_phone=&#8220;&#8220; custom_margin_last_edited=&#8220;on|tablet&#8220; custom_padding_tablet=&#8220;0px||||false|false&#8220; custom_padding_phone=&#8220;0px||||false|false&#8220; global_colors_info=&#8220;{}&#8220;][et_pb_column type=&#8220;1_2&#8243; _builder_version=&#8220;4.14.8&#8243; _module_preset=&#8220;default&#8220; custom_padding=&#8220;||||false|false&#8220; custom_padding_tablet=&#8220;0px||||false|false&#8220; custom_padding_phone=&#8220;0px||||false|false&#8220; custom_padding_last_edited=&#8220;on|desktop&#8220; global_colors_info=&#8220;{}&#8220;][et_pb_text _builder_version=&#8220;4.14.8&#8243; _module_preset=&#8220;16a54059-cc81-4572-9c70-eda6a6c419bf&#8220; text_text_color=&#8220;rgba(0,0,0,0.8)&#8220; text_font_size=&#8220;16px&#8220; text_line_height=&#8220;1.6em&#8220; header_3_font=&#8220;|700|||||||&#8220; custom_padding=&#8220;||0px|||&#8220; hover_enabled=&#8220;0&#8243; text_font_size_tablet=&#8220;15px&#8220; text_font_size_phone=&#8220;13px&#8220; text_font_size_last_edited=&#8220;on|phone&#8220; header_font_size_tablet=&#8220;55px&#8220; header_font_size_last_edited=&#8220;off|desktop&#8220; locked=&#8220;off&#8220; global_colors_info=&#8220;{}&#8220; sticky_enabled=&#8220;0&#8243;]<h3>Zutaten<\/h3>\n<ul>\n<li>\u00bd Liter Milch<\/li>\n<li>5 ganze Eier<\/li>\n<li>9 Essl\u00f6ffel Zucker<\/li>\n<li>3 Essl\u00f6ffel unges\u00fc\u00dftes Kakaopulver<\/li>\n<li>100 g Makronen<\/li>\n<li>ein Glas Rum<\/li>\n<\/ul>[\/et_pb_text][\/et_pb_column][et_pb_column type=&#8220;1_2&#8243; _builder_version=&#8220;4.14.8&#8243; _module_preset=&#8220;default&#8220; custom_padding=&#8220;||||false|false&#8220; custom_padding_tablet=&#8220;0px||||false|false&#8220; custom_padding_phone=&#8220;0px||||false|false&#8220; custom_padding_last_edited=&#8220;on|desktop&#8220; global_colors_info=&#8220;{}&#8220;][et_pb_image src=&#8220;https:\/\/visitmurazzano.it\/wp-content\/uploads\/2022\/03\/bonet.jpg&#8220; alt=&#8220;Financier&#8220; title_text=&#8220;bonet&#8220; _builder_version=&#8220;4.14.8&#8243; _module_preset=&#8220;default&#8220; hover_enabled=&#8220;0&#8243; global_colors_info=&#8220;{}&#8220; sticky_enabled=&#8220;0&#8243;][\/et_pb_image][\/et_pb_column][\/et_pb_row][et_pb_row custom_padding_last_edited=&#8220;on|tablet&#8220; _builder_version=&#8220;4.14.8&#8243; _module_preset=&#8220;default&#8220; custom_margin_tablet=&#8220;&#8220; custom_margin_phone=&#8220;&#8220; custom_margin_last_edited=&#8220;on|tablet&#8220; custom_padding_tablet=&#8220;0px||||false|false&#8220; custom_padding_phone=&#8220;0px||||false|false&#8220; global_colors_info=&#8220;{}&#8220;][et_pb_column type=&#8220;4_4&#8243; _builder_version=&#8220;4.14.8&#8243; _module_preset=&#8220;default&#8220; custom_padding=&#8220;||||false|false&#8220; custom_padding_tablet=&#8220;0px||||false|false&#8220; custom_padding_phone=&#8220;0px||||false|false&#8220; custom_padding_last_edited=&#8220;on|desktop&#8220; global_colors_info=&#8220;{}&#8220;][et_pb_text _builder_version=&#8220;4.14.8&#8243; _module_preset=&#8220;16a54059-cc81-4572-9c70-eda6a6c419bf&#8220; text_text_color=&#8220;rgba(0,0,0,0.8)&#8220; text_font_size=&#8220;16px&#8220; text_line_height=&#8220;1.6em&#8220; header_3_font=&#8220;|700|||||||&#8220; custom_padding=&#8220;||0px|||&#8220; hover_enabled=&#8220;0&#8243; text_font_size_tablet=&#8220;15px&#8220; text_font_size_phone=&#8220;13px&#8220; text_font_size_last_edited=&#8220;on|phone&#8220; header_font_size_tablet=&#8220;55px&#8220; header_font_size_last_edited=&#8220;off|desktop&#8220; locked=&#8220;off&#8220; global_colors_info=&#8220;{}&#8220; sticky_enabled=&#8220;0&#8243;]<h3>Methode<\/h3>\n<p>In einer Sch\u00fcssel die 5 ganzen Eier schlagen und die Milch, 5 Essl\u00f6ffel Zucker, das unges\u00fc\u00dfte Kakaopulver, den Rum und die zerbr\u00f6ckelten Amaretti-Kekse einarbeiten. Vorsichtig arbeiten und den Teig gut verkneten. Die restlichen 4 Essl\u00f6ffel Zucker in einen Topf geben und erhitzen, bis sie eine Haselnussfarbe annehmen. Etwas Wasser hinzugeben und das Karamell im Topf schwenken, bis es glasig ist. Gie\u00dfen Sie die Mischung in eine zuvor erhitzte Puddingform und lassen Sie sie am Boden und an den Seiten haften. Warten Sie, bis das Karamell abgek\u00fchlt und hart geworden ist, legen Sie den Bon\u00e8t-Teig darauf und garen Sie es im Wasserbad bei 180 Grad im Ofen. Kontrollieren Sie nach etwa einer halben Stunde den Garpunkt mit einer Messerklinge: Sie muss trocken herauskommen, wenn der Pudding gar ist.<\/p>\n<p>Nach dem Backen ist es ratsam, das Bonet etwa eine Stunde abk\u00fchlen zu lassen, dann den Kuchen aus der Form zu l\u00f6sen und auf einer Servierplatte zu servieren. Unser Bunet ist die perfekte Wahl, um das Essen zu beenden. Eine Augenweide und ein Genuss f\u00fcr den Gaumen!<\/p>[\/et_pb_text][\/et_pb_column][\/et_pb_row][\/et_pb_section][et_pb_section fb_built=&#8220;1&#8243; _builder_version=&#8220;4.14.7&#8243; _module_preset=&#8220;default&#8220; custom_padding=&#8220;0px|||||&#8220; global_colors_info=&#8220;{}&#8220;][\/et_pb_section]\n","protected":false},"excerpt":{"rendered":"<p>B\u00f2netBonet, im piemontesischen Dialekt \u201ebun\u00e8t\u201c ausgesprochen, ist das typische Dessert der Langhe, dessen Urspr\u00fcnge sehr alt sind. Die \u00dcbersetzung des Namens ist Hut (runde Nachtm\u00fctze in seiner urspr\u00fcnglichen Bedeutung) und erkl\u00e4rt die \u00fcbliche Verwendung des Desserts, das am Ende jeder Mahlzeit serviert wird, so wie der Hut das letzte Kleidungsst\u00fcck ist, das getragen wird. Die [&hellip;]<\/p>\n","protected":false},"author":1,"featured_media":0,"parent":0,"menu_order":0,"comment_status":"closed","ping_status":"closed","template":"","meta":{"_et_pb_use_builder":"on","_et_pb_old_content":"","_et_gb_content_width":"","footnotes":""},"class_list":["post-2451","page","type-page","status-publish","hentry"],"yoast_head":"<!-- This site is optimized with the Yoast SEO plugin v26.7 - https:\/\/yoast.com\/wordpress\/plugins\/seo\/ -->\n<title>Visit Murazzano | B\u00f2net delle Langhe Rezept und Kuriosit\u00e4ten<\/title>\n<meta name=\"description\" content=\"Der B\u00f2net ist eine typische S\u00fc\u00dfigkeit der Langhe-Tradition, der Protagonist der alten b\u00e4uerlichen &quot;merende sinoire. Entdecken Sie die Urspr\u00fcnge und das Rezept dieses Gerichtes.\" \/>\n<meta name=\"robots\" content=\"index, follow, max-snippet:-1, max-image-preview:large, max-video-preview:-1\" \/>\n<link rel=\"canonical\" href=\"https:\/\/visitmurazzano.it\/de\/bonet\/\" \/>\n<meta property=\"og:locale\" content=\"de_DE\" \/>\n<meta property=\"og:type\" content=\"article\" \/>\n<meta property=\"og:title\" content=\"Visit Murazzano | B\u00f2net delle Langhe Rezept und Kuriosit\u00e4ten\" \/>\n<meta property=\"og:description\" content=\"Der B\u00f2net ist eine typische S\u00fc\u00dfigkeit der Langhe-Tradition, der Protagonist der alten b\u00e4uerlichen &quot;merende sinoire. Entdecken Sie die Urspr\u00fcnge und das Rezept dieses Gerichtes.\" \/>\n<meta property=\"og:url\" content=\"https:\/\/visitmurazzano.it\/de\/bonet\/\" \/>\n<meta property=\"og:site_name\" content=\"Visit Murazzano\" \/>\n<meta property=\"article:modified_time\" content=\"2022-09-30T08:41:13+00:00\" \/>\n<meta name=\"twitter:card\" content=\"summary_large_image\" \/>\n<meta name=\"twitter:label1\" content=\"Gesch\u00e4tzte Lesezeit\" \/>\n\t<meta name=\"twitter:data1\" content=\"5\u00a0Minuten\" \/>\n<script type=\"application\/ld+json\" class=\"yoast-schema-graph\">{\"@context\":\"https:\/\/schema.org\",\"@graph\":[{\"@type\":\"WebPage\",\"@id\":\"https:\/\/visitmurazzano.it\/de\/bonet\/\",\"url\":\"https:\/\/visitmurazzano.it\/de\/bonet\/\",\"name\":\"Visit Murazzano | B\u00f2net delle Langhe Rezept und Kuriosit\u00e4ten\",\"isPartOf\":{\"@id\":\"https:\/\/visitmurazzano.it\/de\/#website\"},\"datePublished\":\"2022-03-10T17:40:09+00:00\",\"dateModified\":\"2022-09-30T08:41:13+00:00\",\"description\":\"Der B\u00f2net ist eine typische S\u00fc\u00dfigkeit der Langhe-Tradition, der Protagonist der alten b\u00e4uerlichen \\\"merende sinoire. Entdecken Sie die Urspr\u00fcnge und das Rezept dieses Gerichtes.\",\"breadcrumb\":{\"@id\":\"https:\/\/visitmurazzano.it\/de\/bonet\/#breadcrumb\"},\"inLanguage\":\"de\",\"potentialAction\":[{\"@type\":\"ReadAction\",\"target\":[\"https:\/\/visitmurazzano.it\/de\/bonet\/\"]}]},{\"@type\":\"BreadcrumbList\",\"@id\":\"https:\/\/visitmurazzano.it\/de\/bonet\/#breadcrumb\",\"itemListElement\":[{\"@type\":\"ListItem\",\"position\":1,\"name\":\"Home\",\"item\":\"https:\/\/visitmurazzano.it\/de\/\"},{\"@type\":\"ListItem\",\"position\":2,\"name\":\"B\u00f2net\"}]},{\"@type\":\"WebSite\",\"@id\":\"https:\/\/visitmurazzano.it\/de\/#website\",\"url\":\"https:\/\/visitmurazzano.it\/de\/\",\"name\":\"Visit Murazzano\",\"description\":\"Sito turistico Murazzano\",\"publisher\":{\"@id\":\"https:\/\/visitmurazzano.it\/de\/#organization\"},\"potentialAction\":[{\"@type\":\"SearchAction\",\"target\":{\"@type\":\"EntryPoint\",\"urlTemplate\":\"https:\/\/visitmurazzano.it\/de\/?s={search_term_string}\"},\"query-input\":{\"@type\":\"PropertyValueSpecification\",\"valueRequired\":true,\"valueName\":\"search_term_string\"}}],\"inLanguage\":\"de\"},{\"@type\":\"Organization\",\"@id\":\"https:\/\/visitmurazzano.it\/de\/#organization\",\"name\":\"Murazzano\",\"url\":\"https:\/\/visitmurazzano.it\/de\/\",\"logo\":{\"@type\":\"ImageObject\",\"inLanguage\":\"de\",\"@id\":\"https:\/\/visitmurazzano.it\/de\/#\/schema\/logo\/image\/\",\"url\":\"https:\/\/visitmurazzano.it\/wp-content\/uploads\/2022\/05\/logo-murazzano.jpg\",\"contentUrl\":\"https:\/\/visitmurazzano.it\/wp-content\/uploads\/2022\/05\/logo-murazzano.jpg\",\"width\":75,\"height\":90,\"caption\":\"Murazzano\"},\"image\":{\"@id\":\"https:\/\/visitmurazzano.it\/de\/#\/schema\/logo\/image\/\"}}]}<\/script>\n<!-- \/ Yoast SEO plugin. -->","yoast_head_json":{"title":"Visit Murazzano | B\u00f2net delle Langhe Rezept und Kuriosit\u00e4ten","description":"Der B\u00f2net ist eine typische S\u00fc\u00dfigkeit der Langhe-Tradition, der Protagonist der alten b\u00e4uerlichen \"merende sinoire. Entdecken Sie die Urspr\u00fcnge und das Rezept dieses Gerichtes.","robots":{"index":"index","follow":"follow","max-snippet":"max-snippet:-1","max-image-preview":"max-image-preview:large","max-video-preview":"max-video-preview:-1"},"canonical":"https:\/\/visitmurazzano.it\/de\/bonet\/","og_locale":"de_DE","og_type":"article","og_title":"Visit Murazzano | B\u00f2net delle Langhe Rezept und Kuriosit\u00e4ten","og_description":"Der B\u00f2net ist eine typische S\u00fc\u00dfigkeit der Langhe-Tradition, der Protagonist der alten b\u00e4uerlichen \"merende sinoire. Entdecken Sie die Urspr\u00fcnge und das Rezept dieses Gerichtes.","og_url":"https:\/\/visitmurazzano.it\/de\/bonet\/","og_site_name":"Visit Murazzano","article_modified_time":"2022-09-30T08:41:13+00:00","twitter_card":"summary_large_image","twitter_misc":{"Gesch\u00e4tzte Lesezeit":"5\u00a0Minuten"},"schema":{"@context":"https:\/\/schema.org","@graph":[{"@type":"WebPage","@id":"https:\/\/visitmurazzano.it\/de\/bonet\/","url":"https:\/\/visitmurazzano.it\/de\/bonet\/","name":"Visit Murazzano | B\u00f2net delle Langhe Rezept und Kuriosit\u00e4ten","isPartOf":{"@id":"https:\/\/visitmurazzano.it\/de\/#website"},"datePublished":"2022-03-10T17:40:09+00:00","dateModified":"2022-09-30T08:41:13+00:00","description":"Der B\u00f2net ist eine typische S\u00fc\u00dfigkeit der Langhe-Tradition, der Protagonist der alten b\u00e4uerlichen \"merende sinoire. Entdecken Sie die Urspr\u00fcnge und das Rezept dieses Gerichtes.","breadcrumb":{"@id":"https:\/\/visitmurazzano.it\/de\/bonet\/#breadcrumb"},"inLanguage":"de","potentialAction":[{"@type":"ReadAction","target":["https:\/\/visitmurazzano.it\/de\/bonet\/"]}]},{"@type":"BreadcrumbList","@id":"https:\/\/visitmurazzano.it\/de\/bonet\/#breadcrumb","itemListElement":[{"@type":"ListItem","position":1,"name":"Home","item":"https:\/\/visitmurazzano.it\/de\/"},{"@type":"ListItem","position":2,"name":"B\u00f2net"}]},{"@type":"WebSite","@id":"https:\/\/visitmurazzano.it\/de\/#website","url":"https:\/\/visitmurazzano.it\/de\/","name":"Visit Murazzano","description":"Sito turistico Murazzano","publisher":{"@id":"https:\/\/visitmurazzano.it\/de\/#organization"},"potentialAction":[{"@type":"SearchAction","target":{"@type":"EntryPoint","urlTemplate":"https:\/\/visitmurazzano.it\/de\/?s={search_term_string}"},"query-input":{"@type":"PropertyValueSpecification","valueRequired":true,"valueName":"search_term_string"}}],"inLanguage":"de"},{"@type":"Organization","@id":"https:\/\/visitmurazzano.it\/de\/#organization","name":"Murazzano","url":"https:\/\/visitmurazzano.it\/de\/","logo":{"@type":"ImageObject","inLanguage":"de","@id":"https:\/\/visitmurazzano.it\/de\/#\/schema\/logo\/image\/","url":"https:\/\/visitmurazzano.it\/wp-content\/uploads\/2022\/05\/logo-murazzano.jpg","contentUrl":"https:\/\/visitmurazzano.it\/wp-content\/uploads\/2022\/05\/logo-murazzano.jpg","width":75,"height":90,"caption":"Murazzano"},"image":{"@id":"https:\/\/visitmurazzano.it\/de\/#\/schema\/logo\/image\/"}}]}},"_links":{"self":[{"href":"https:\/\/visitmurazzano.it\/de\/wp-json\/wp\/v2\/pages\/2451","targetHints":{"allow":["GET"]}}],"collection":[{"href":"https:\/\/visitmurazzano.it\/de\/wp-json\/wp\/v2\/pages"}],"about":[{"href":"https:\/\/visitmurazzano.it\/de\/wp-json\/wp\/v2\/types\/page"}],"author":[{"embeddable":true,"href":"https:\/\/visitmurazzano.it\/de\/wp-json\/wp\/v2\/users\/1"}],"replies":[{"embeddable":true,"href":"https:\/\/visitmurazzano.it\/de\/wp-json\/wp\/v2\/comments?post=2451"}],"version-history":[{"count":1,"href":"https:\/\/visitmurazzano.it\/de\/wp-json\/wp\/v2\/pages\/2451\/revisions"}],"predecessor-version":[{"id":2452,"href":"https:\/\/visitmurazzano.it\/de\/wp-json\/wp\/v2\/pages\/2451\/revisions\/2452"}],"wp:attachment":[{"href":"https:\/\/visitmurazzano.it\/de\/wp-json\/wp\/v2\/media?parent=2451"}],"curies":[{"name":"wp","href":"https:\/\/api.w.org\/{rel}","templated":true}]}}