{"id":2453,"date":"2022-03-10T18:19:16","date_gmt":"2022-03-10T17:19:16","guid":{"rendered":"https:\/\/visitmurazzano.it\/im-barolo-geschmort\/"},"modified":"2022-09-30T11:19:34","modified_gmt":"2022-09-30T09:19:34","slug":"im-barolo-geschmort","status":"publish","type":"page","link":"https:\/\/visitmurazzano.it\/de\/im-barolo-geschmort\/","title":{"rendered":"Im Barolo geschmort"},"content":{"rendered":"\n[et_pb_section fb_built=&#8220;1&#8243; custom_padding_last_edited=&#8220;on|phone&#8220; admin_label=&#8220;Header&#8220; _builder_version=&#8220;4.14.8&#8243; _module_preset=&#8220;default&#8220; use_background_color_gradient=&#8220;on&#8220; background_color_gradient_start=&#8220;rgba(0,0,0,0.46)&#8220; background_color_gradient_end=&#8220;rgba(0,0,0,0.52)&#8220; background_color_gradient_overlays_image=&#8220;on&#8220; background_image=&#8220;https:\/\/visitmurazzano.it\/wp-content\/uploads\/2022\/03\/brasato-barolo.jpg&#8220; custom_padding=&#8220;120px||120px||true|false&#8220; custom_padding_tablet=&#8220;35px||35px||true|false&#8220; custom_padding_phone=&#8220;15px||15px||true|false&#8220; hover_enabled=&#8220;0&#8243; locked=&#8220;off&#8220; global_colors_info=&#8220;{}&#8220; title_text=&#8220;brasato-barolo&#8220; sticky_enabled=&#8220;0&#8243;][et_pb_row _builder_version=&#8220;4.9.10&#8243; _module_preset=&#8220;default&#8220; global_colors_info=&#8220;{}&#8220;][et_pb_column type=&#8220;4_4&#8243; _builder_version=&#8220;4.9.10&#8243; _module_preset=&#8220;default&#8220; global_colors_info=&#8220;{}&#8220;][et_pb_text _builder_version=&#8220;4.14.8&#8243; _module_preset=&#8220;d72c0383-6487-4f2c-ac5c-7d48a6376757&#8243; header_font=&#8220;Playfair Display||||||||&#8220; header_text_color=&#8220;#FFFFFF&#8220; header_font_size=&#8220;56px&#8220; animation_direction=&#8220;top&#8220; hover_enabled=&#8220;0&#8243; header_font_size_tablet=&#8220;10vw&#8220; header_font_size_phone=&#8220;&#8220; header_font_size_last_edited=&#8220;on|phone&#8220; global_colors_info=&#8220;{}&#8220; sticky_enabled=&#8220;0&#8243;]<h1>Im Barolo geschmort<\/h1>[\/et_pb_text][\/et_pb_column][\/et_pb_row][et_pb_row column_structure=&#8220;3_5,2_5&#8243; _builder_version=&#8220;4.14.7&#8243; _module_preset=&#8220;default&#8220; global_colors_info=&#8220;{}&#8220;][et_pb_column type=&#8220;3_5&#8243; _builder_version=&#8220;4.14.7&#8243; _module_preset=&#8220;default&#8220; global_colors_info=&#8220;{}&#8220;][et_pb_text _builder_version=&#8220;4.14.8&#8243; _module_preset=&#8220;default&#8220; text_text_color=&#8220;#FFFFFF&#8220; text_font_size=&#8220;16px&#8220; text_line_height=&#8220;1.4em&#8220; header_3_font=&#8220;|700|||||||&#8220; header_3_text_color=&#8220;#FFFFFF&#8220; hover_enabled=&#8220;0&#8243; global_colors_info=&#8220;{}&#8220; sticky_enabled=&#8220;0&#8243;]In einem Land vollmundiger Weine darf ein weinbasiertes Rezept nicht fehlen. Die K\u00fcche Norditaliens hat oft Verbindungen und \u00c4hnlichkeiten mit der franz\u00f6sischen, und das geschmorte Fleisch im Barolo ist das Ergebnis der Erfahrung der K\u00f6che unserer L\u00e4nder, die im 17. und 17. Jahrhundert nach Frankreich ausgewandert sind. Hier erlernten sie die Kunst der \u201eNouvelle Cuisine\u201c (Neue K\u00fcche) und lie\u00dfen sie in den Wohnungen des damaligen B\u00fcrgertums wieder aufleben.\n\nDer Begriff geschmort kommt aus dem Dialekt \u201ebrasa\u201c (Glut) und bezieht sich auf die urspr\u00fcnglich angewandte besondere Garmethode: Der Topf mit dem Fleisch wurde in die Mitte der Glut gestellt und lange im Wein gegart. Die Besonderheit des Barolo liegt in seinem K\u00f6rper. Es ist ein ausgewogener und eleganter Wein, anhaltend und intensiv im Geschmack, mit blumigen und fruchtigen D\u00fcften. Die Kochzeit l\u00e4sst das Kollagen des Fleisches weicher werden und verleiht dem Fleisch die gro\u00dfe Pers\u00f6nlichkeit des Barolo und all seine reichen Aromen und verwandelt es in eine echte Delikatesse.\n[\/et_pb_text][\/et_pb_column][et_pb_column type=&#8220;2_5&#8243; _builder_version=&#8220;4.14.7&#8243; _module_preset=&#8220;default&#8220; global_colors_info=&#8220;{}&#8220;][\/et_pb_column][\/et_pb_row][\/et_pb_section][et_pb_section fb_built=&#8220;1&#8243; admin_label=&#8220;Mission&#8220; _builder_version=&#8220;4.14.8&#8243; _module_preset=&#8220;default&#8220; custom_padding=&#8220;||0px|||&#8220; locked=&#8220;off&#8220; global_colors_info=&#8220;{}&#8220;][et_pb_row column_structure=&#8220;1_2,1_2&#8243; custom_padding_last_edited=&#8220;on|tablet&#8220; _builder_version=&#8220;4.14.8&#8243; _module_preset=&#8220;default&#8220; custom_margin_tablet=&#8220;&#8220; custom_margin_phone=&#8220;&#8220; custom_margin_last_edited=&#8220;on|tablet&#8220; custom_padding_tablet=&#8220;0px||||false|false&#8220; custom_padding_phone=&#8220;0px||||false|false&#8220; global_colors_info=&#8220;{}&#8220;][et_pb_column type=&#8220;1_2&#8243; _builder_version=&#8220;4.14.8&#8243; _module_preset=&#8220;default&#8220; custom_padding=&#8220;||||false|false&#8220; custom_padding_tablet=&#8220;0px||||false|false&#8220; custom_padding_phone=&#8220;0px||||false|false&#8220; custom_padding_last_edited=&#8220;on|desktop&#8220; global_colors_info=&#8220;{}&#8220;][et_pb_text _builder_version=&#8220;4.14.8&#8243; _module_preset=&#8220;16a54059-cc81-4572-9c70-eda6a6c419bf&#8220; text_text_color=&#8220;rgba(0,0,0,0.8)&#8220; text_font_size=&#8220;16px&#8220; text_line_height=&#8220;1.6em&#8220; header_3_font=&#8220;|700|||||||&#8220; custom_padding=&#8220;||0px|||&#8220; text_font_size_tablet=&#8220;15px&#8220; text_font_size_phone=&#8220;13px&#8220; text_font_size_last_edited=&#8220;on|phone&#8220; header_font_size_tablet=&#8220;55px&#8220; header_font_size_last_edited=&#8220;off|desktop&#8220; locked=&#8220;off&#8220; global_colors_info=&#8220;{}&#8220;]<h3>Zutaten<\/h3>\n<ul>\n<li>1 kg Rindfleisch (Priesterm\u00fctze)<\/li>\n<li>1 Flasche Barolo Rotwein<\/li>\n<li>1 goldene Zwiebel<\/li>\n<li>1 Knoblauchzehe<\/li>\n<li>1 Karotte<\/li>\n<li>1 Stange Sellerie<\/li>\n<li>1 Zweig Rosmarin<\/li>\n<li>2 Zweige Thymian (frisch)<\/li>\n<li>1 Lorbeerblatt<\/li>\n<li>2 Salbeibl\u00e4tter<\/li>\n<li>3 Nelken<\/li>\n<li>1 St\u00fcck Zimt<\/li>\n<li>Salz<\/li>\n<li>schwarze Pfefferk\u00f6rner<\/li>\n<li>2 Essl\u00f6ffel natives Oliven\u00f6l extra<\/li>\n<li>20 g Butter<\/li>\n<\/ul>[\/et_pb_text][\/et_pb_column][et_pb_column type=&#8220;1_2&#8243; _builder_version=&#8220;4.14.8&#8243; _module_preset=&#8220;default&#8220; custom_padding=&#8220;||||false|false&#8220; custom_padding_tablet=&#8220;0px||||false|false&#8220; custom_padding_phone=&#8220;0px||||false|false&#8220; custom_padding_last_edited=&#8220;on|desktop&#8220; global_colors_info=&#8220;{}&#8220;][et_pb_image src=&#8220;https:\/\/visitmurazzano.it\/wp-content\/uploads\/2022\/03\/brasato-barolo.jpg&#8220; alt=&#8220;Sardellen Al Green&#8220; title_text=&#8220;barolo-geschmort&#8220; _builder_version=&#8220;4.14.8&#8243; _module_preset=&#8220;default&#8220; hover_enabled=&#8220;0&#8243; global_colors_info=&#8220;{}&#8220; sticky_enabled=&#8220;0&#8243;][\/et_pb_image][\/et_pb_column][\/et_pb_row][et_pb_row custom_padding_last_edited=&#8220;on|tablet&#8220; _builder_version=&#8220;4.14.8&#8243; _module_preset=&#8220;default&#8220; custom_margin_tablet=&#8220;&#8220; custom_margin_phone=&#8220;&#8220; custom_margin_last_edited=&#8220;on|tablet&#8220; custom_padding_tablet=&#8220;0px||||false|false&#8220; custom_padding_phone=&#8220;0px||||false|false&#8220; global_colors_info=&#8220;{}&#8220;][et_pb_column type=&#8220;4_4&#8243; _builder_version=&#8220;4.14.8&#8243; _module_preset=&#8220;default&#8220; custom_padding=&#8220;||||false|false&#8220; custom_padding_tablet=&#8220;0px||||false|false&#8220; custom_padding_phone=&#8220;0px||||false|false&#8220; custom_padding_last_edited=&#8220;on|desktop&#8220; global_colors_info=&#8220;{}&#8220;][et_pb_text _builder_version=&#8220;4.14.8&#8243; _module_preset=&#8220;16a54059-cc81-4572-9c70-eda6a6c419bf&#8220; text_text_color=&#8220;rgba(0,0,0,0.8)&#8220; text_font_size=&#8220;16px&#8220; text_line_height=&#8220;1.6em&#8220; header_3_font=&#8220;|700|||||||&#8220; custom_padding=&#8220;||0px|||&#8220; hover_enabled=&#8220;0&#8243; text_font_size_tablet=&#8220;15px&#8220; text_font_size_phone=&#8220;13px&#8220; text_font_size_last_edited=&#8220;on|phone&#8220; header_font_size_tablet=&#8220;55px&#8220; header_font_size_last_edited=&#8220;off|desktop&#8220; locked=&#8220;off&#8220; global_colors_info=&#8220;{}&#8220; sticky_enabled=&#8220;0&#8243;]<h3>Methode<\/h3>\n<p>Nehmen Sie das Fleisch und entfernen Sie je nach Bedarf einige kleine Fettteile, aber nicht vollst\u00e4ndig, denn auch dies ist f\u00fcr das perfekte Gelingen des Rezepts unerl\u00e4sslich. Sellerie, Karotte und Zwiebel putzen, indem sie in etwa 2-3 cm gro\u00dfe St\u00fccke geschnitten werden. In einer gro\u00dfen Sch\u00fcssel das Fleisch mit Gew\u00fcrzen, aromatischen Kr\u00e4utern und einer Knoblauchzehe anrichten. Auch das Gem\u00fcse hinzugeben und mit dem Barolo aufgie\u00dfen, bis das Fleisch und alle anderen Zutaten vollst\u00e4ndig vom Wein bedeckt sind. Decken Sie die Sch\u00fcssel mit Frischhaltefolie ab und lassen Sie sie 8-12 Stunden im K\u00fchlschrank marinieren. Nach dieser Zeit das Fleisch aus der Marinade nehmen und mit K\u00fcchenpapier trocken tupfen, ohne die Sch\u00fcssel mit dem Barolo und dem Gem\u00fcse wegzuwerfen.<\/p>\n<p>In einer beschichteten Pfanne das \u00d6l mit der Butter erhitzen und das Fleisch bei starker Hitze anbraten, dabei von allen Seiten gut verschlie\u00dfen.<br>An diesem Punkt das Fleisch in eine zweite Pfanne geben, die f\u00fcr langes Garen geeignet ist, das Gem\u00fcse aus der Marinade und dem Saft hinzuf\u00fcgen, bis es die H\u00e4lfte der H\u00f6he des Fleisches erreicht hat (es darf nicht vollst\u00e4ndig bedeckt sein). Zum Kochen bringen, dann die Hitze reduzieren, den Topf mit dem Deckel verschlie\u00dfen und etwa 2,5 Stunden weiterkochen.<br>Wenden Sie das Fleisch alle 30-45 Minuten und achten Sie darauf, dass der Bratsaft nicht eingetrocknet ist (in diesem Fall f\u00fcgen Sie etwas Fl\u00fcssigkeit aus der beiseite gestellten Marinade hinzu). Nach der ersten Stunde des normalen Kochens von Salz.<br>Wenn das Fleisch fertig ist, nehmen Sie es aus dem Topf und lassen es mindestens 30 Minuten abk\u00fchlen. Einige Sch\u00f6pfkellen Fl\u00fcssigkeit von der Br\u00fche beiseite stellen (um die Konsistenz der begleitenden So\u00dfe ggf. nachtr\u00e4glich anzupassen), die Aromen und die Knoblauchzehe verwerfen und die restliche Mischung mit einem Stabmixer p\u00fcrieren.<br>In der Zwischenzeit das Fleisch in Scheiben schneiden und auf einer Servierplatte anrichten. Mit der vorbereiteten Beilagenso\u00dfe servieren.<\/p>\n<p>Fertig ist Ihr Rinderschmorbraten im Barolo. Eine entschlossene, starke Pers\u00f6nlichkeit und ein so kostbarer Geschmack werden selbst die feinsten Gaumen erobern.<\/p>[\/et_pb_text][\/et_pb_column][\/et_pb_row][\/et_pb_section][et_pb_section fb_built=&#8220;1&#8243; _builder_version=&#8220;4.14.7&#8243; _module_preset=&#8220;default&#8220; custom_padding=&#8220;0px|||||&#8220; global_colors_info=&#8220;{}&#8220;][\/et_pb_section]\n","protected":false},"excerpt":{"rendered":"<p>Im Barolo geschmortIn einem Land vollmundiger Weine darf ein weinbasiertes Rezept nicht fehlen. Die K\u00fcche Norditaliens hat oft Verbindungen und \u00c4hnlichkeiten mit der franz\u00f6sischen, und das geschmorte Fleisch im Barolo ist das Ergebnis der Erfahrung der K\u00f6che unserer L\u00e4nder, die im 17. und 17. Jahrhundert nach Frankreich ausgewandert sind. Hier erlernten sie die Kunst der [&hellip;]<\/p>\n","protected":false},"author":1,"featured_media":0,"parent":0,"menu_order":0,"comment_status":"closed","ping_status":"closed","template":"","meta":{"_et_pb_use_builder":"on","_et_pb_old_content":"","_et_gb_content_width":"","footnotes":""},"class_list":["post-2453","page","type-page","status-publish","hentry"],"yoast_head":"<!-- This site is optimized with the Yoast SEO plugin v26.7 - https:\/\/yoast.com\/wordpress\/plugins\/seo\/ -->\n<title>Visit Murazzano | Rezept und Herkunft des Brasato al Barolo delle Langhe<\/title>\n<meta name=\"description\" content=\"Brasato al Barolo ist ein emblematisches Rezept der Langhe-K\u00fcche, das durch den Barolo-Wein geadelt wird. Entdecken Sie die Kuriosit\u00e4ten und das Rezept f\u00fcr dieses raffinierte Gericht.\" \/>\n<meta name=\"robots\" content=\"index, follow, max-snippet:-1, max-image-preview:large, max-video-preview:-1\" \/>\n<link rel=\"canonical\" href=\"https:\/\/visitmurazzano.it\/de\/im-barolo-geschmort\/\" \/>\n<meta property=\"og:locale\" content=\"de_DE\" \/>\n<meta property=\"og:type\" content=\"article\" \/>\n<meta property=\"og:title\" content=\"Visit Murazzano | Rezept und Herkunft des Brasato al Barolo delle Langhe\" \/>\n<meta property=\"og:description\" content=\"Brasato al Barolo ist ein emblematisches Rezept der Langhe-K\u00fcche, das durch den Barolo-Wein geadelt wird. Entdecken Sie die Kuriosit\u00e4ten und das Rezept f\u00fcr dieses raffinierte Gericht.\" \/>\n<meta property=\"og:url\" content=\"https:\/\/visitmurazzano.it\/de\/im-barolo-geschmort\/\" \/>\n<meta property=\"og:site_name\" content=\"Visit Murazzano\" \/>\n<meta property=\"article:modified_time\" content=\"2022-09-30T09:19:34+00:00\" \/>\n<meta name=\"twitter:card\" content=\"summary_large_image\" \/>\n<meta name=\"twitter:label1\" content=\"Gesch\u00e4tzte Lesezeit\" \/>\n\t<meta name=\"twitter:data1\" content=\"6\u00a0Minuten\" \/>\n<script type=\"application\/ld+json\" class=\"yoast-schema-graph\">{\"@context\":\"https:\/\/schema.org\",\"@graph\":[{\"@type\":\"WebPage\",\"@id\":\"https:\/\/visitmurazzano.it\/de\/im-barolo-geschmort\/\",\"url\":\"https:\/\/visitmurazzano.it\/de\/im-barolo-geschmort\/\",\"name\":\"Visit Murazzano | Rezept und Herkunft des Brasato al Barolo delle Langhe\",\"isPartOf\":{\"@id\":\"https:\/\/visitmurazzano.it\/de\/#website\"},\"datePublished\":\"2022-03-10T17:19:16+00:00\",\"dateModified\":\"2022-09-30T09:19:34+00:00\",\"description\":\"Brasato al Barolo ist ein emblematisches Rezept der Langhe-K\u00fcche, das durch den Barolo-Wein geadelt wird. Entdecken Sie die Kuriosit\u00e4ten und das Rezept f\u00fcr dieses raffinierte Gericht.\",\"breadcrumb\":{\"@id\":\"https:\/\/visitmurazzano.it\/de\/im-barolo-geschmort\/#breadcrumb\"},\"inLanguage\":\"de\",\"potentialAction\":[{\"@type\":\"ReadAction\",\"target\":[\"https:\/\/visitmurazzano.it\/de\/im-barolo-geschmort\/\"]}]},{\"@type\":\"BreadcrumbList\",\"@id\":\"https:\/\/visitmurazzano.it\/de\/im-barolo-geschmort\/#breadcrumb\",\"itemListElement\":[{\"@type\":\"ListItem\",\"position\":1,\"name\":\"Home\",\"item\":\"https:\/\/visitmurazzano.it\/de\/\"},{\"@type\":\"ListItem\",\"position\":2,\"name\":\"Im Barolo geschmort\"}]},{\"@type\":\"WebSite\",\"@id\":\"https:\/\/visitmurazzano.it\/de\/#website\",\"url\":\"https:\/\/visitmurazzano.it\/de\/\",\"name\":\"Visit Murazzano\",\"description\":\"Sito turistico Murazzano\",\"publisher\":{\"@id\":\"https:\/\/visitmurazzano.it\/de\/#organization\"},\"potentialAction\":[{\"@type\":\"SearchAction\",\"target\":{\"@type\":\"EntryPoint\",\"urlTemplate\":\"https:\/\/visitmurazzano.it\/de\/?s={search_term_string}\"},\"query-input\":{\"@type\":\"PropertyValueSpecification\",\"valueRequired\":true,\"valueName\":\"search_term_string\"}}],\"inLanguage\":\"de\"},{\"@type\":\"Organization\",\"@id\":\"https:\/\/visitmurazzano.it\/de\/#organization\",\"name\":\"Murazzano\",\"url\":\"https:\/\/visitmurazzano.it\/de\/\",\"logo\":{\"@type\":\"ImageObject\",\"inLanguage\":\"de\",\"@id\":\"https:\/\/visitmurazzano.it\/de\/#\/schema\/logo\/image\/\",\"url\":\"https:\/\/visitmurazzano.it\/wp-content\/uploads\/2022\/05\/logo-murazzano.jpg\",\"contentUrl\":\"https:\/\/visitmurazzano.it\/wp-content\/uploads\/2022\/05\/logo-murazzano.jpg\",\"width\":75,\"height\":90,\"caption\":\"Murazzano\"},\"image\":{\"@id\":\"https:\/\/visitmurazzano.it\/de\/#\/schema\/logo\/image\/\"}}]}<\/script>\n<!-- \/ Yoast SEO plugin. -->","yoast_head_json":{"title":"Visit Murazzano | Rezept und Herkunft des Brasato al Barolo delle Langhe","description":"Brasato al Barolo ist ein emblematisches Rezept der Langhe-K\u00fcche, das durch den Barolo-Wein geadelt wird. Entdecken Sie die Kuriosit\u00e4ten und das Rezept f\u00fcr dieses raffinierte Gericht.","robots":{"index":"index","follow":"follow","max-snippet":"max-snippet:-1","max-image-preview":"max-image-preview:large","max-video-preview":"max-video-preview:-1"},"canonical":"https:\/\/visitmurazzano.it\/de\/im-barolo-geschmort\/","og_locale":"de_DE","og_type":"article","og_title":"Visit Murazzano | Rezept und Herkunft des Brasato al Barolo delle Langhe","og_description":"Brasato al Barolo ist ein emblematisches Rezept der Langhe-K\u00fcche, das durch den Barolo-Wein geadelt wird. Entdecken Sie die Kuriosit\u00e4ten und das Rezept f\u00fcr dieses raffinierte Gericht.","og_url":"https:\/\/visitmurazzano.it\/de\/im-barolo-geschmort\/","og_site_name":"Visit Murazzano","article_modified_time":"2022-09-30T09:19:34+00:00","twitter_card":"summary_large_image","twitter_misc":{"Gesch\u00e4tzte Lesezeit":"6\u00a0Minuten"},"schema":{"@context":"https:\/\/schema.org","@graph":[{"@type":"WebPage","@id":"https:\/\/visitmurazzano.it\/de\/im-barolo-geschmort\/","url":"https:\/\/visitmurazzano.it\/de\/im-barolo-geschmort\/","name":"Visit Murazzano | Rezept und Herkunft des Brasato al Barolo delle Langhe","isPartOf":{"@id":"https:\/\/visitmurazzano.it\/de\/#website"},"datePublished":"2022-03-10T17:19:16+00:00","dateModified":"2022-09-30T09:19:34+00:00","description":"Brasato al Barolo ist ein emblematisches Rezept der Langhe-K\u00fcche, das durch den Barolo-Wein geadelt wird. Entdecken Sie die Kuriosit\u00e4ten und das Rezept f\u00fcr dieses raffinierte Gericht.","breadcrumb":{"@id":"https:\/\/visitmurazzano.it\/de\/im-barolo-geschmort\/#breadcrumb"},"inLanguage":"de","potentialAction":[{"@type":"ReadAction","target":["https:\/\/visitmurazzano.it\/de\/im-barolo-geschmort\/"]}]},{"@type":"BreadcrumbList","@id":"https:\/\/visitmurazzano.it\/de\/im-barolo-geschmort\/#breadcrumb","itemListElement":[{"@type":"ListItem","position":1,"name":"Home","item":"https:\/\/visitmurazzano.it\/de\/"},{"@type":"ListItem","position":2,"name":"Im Barolo geschmort"}]},{"@type":"WebSite","@id":"https:\/\/visitmurazzano.it\/de\/#website","url":"https:\/\/visitmurazzano.it\/de\/","name":"Visit Murazzano","description":"Sito turistico Murazzano","publisher":{"@id":"https:\/\/visitmurazzano.it\/de\/#organization"},"potentialAction":[{"@type":"SearchAction","target":{"@type":"EntryPoint","urlTemplate":"https:\/\/visitmurazzano.it\/de\/?s={search_term_string}"},"query-input":{"@type":"PropertyValueSpecification","valueRequired":true,"valueName":"search_term_string"}}],"inLanguage":"de"},{"@type":"Organization","@id":"https:\/\/visitmurazzano.it\/de\/#organization","name":"Murazzano","url":"https:\/\/visitmurazzano.it\/de\/","logo":{"@type":"ImageObject","inLanguage":"de","@id":"https:\/\/visitmurazzano.it\/de\/#\/schema\/logo\/image\/","url":"https:\/\/visitmurazzano.it\/wp-content\/uploads\/2022\/05\/logo-murazzano.jpg","contentUrl":"https:\/\/visitmurazzano.it\/wp-content\/uploads\/2022\/05\/logo-murazzano.jpg","width":75,"height":90,"caption":"Murazzano"},"image":{"@id":"https:\/\/visitmurazzano.it\/de\/#\/schema\/logo\/image\/"}}]}},"_links":{"self":[{"href":"https:\/\/visitmurazzano.it\/de\/wp-json\/wp\/v2\/pages\/2453","targetHints":{"allow":["GET"]}}],"collection":[{"href":"https:\/\/visitmurazzano.it\/de\/wp-json\/wp\/v2\/pages"}],"about":[{"href":"https:\/\/visitmurazzano.it\/de\/wp-json\/wp\/v2\/types\/page"}],"author":[{"embeddable":true,"href":"https:\/\/visitmurazzano.it\/de\/wp-json\/wp\/v2\/users\/1"}],"replies":[{"embeddable":true,"href":"https:\/\/visitmurazzano.it\/de\/wp-json\/wp\/v2\/comments?post=2453"}],"version-history":[{"count":1,"href":"https:\/\/visitmurazzano.it\/de\/wp-json\/wp\/v2\/pages\/2453\/revisions"}],"predecessor-version":[{"id":2454,"href":"https:\/\/visitmurazzano.it\/de\/wp-json\/wp\/v2\/pages\/2453\/revisions\/2454"}],"wp:attachment":[{"href":"https:\/\/visitmurazzano.it\/de\/wp-json\/wp\/v2\/media?parent=2453"}],"curies":[{"name":"wp","href":"https:\/\/api.w.org\/{rel}","templated":true}]}}