{"id":2472,"date":"2022-03-24T09:19:17","date_gmt":"2022-03-24T08:19:17","guid":{"rendered":"https:\/\/visitmurazzano.it\/windmuehle\/"},"modified":"2022-09-30T12:26:43","modified_gmt":"2022-09-30T10:26:43","slug":"windmuehle","status":"publish","type":"page","link":"https:\/\/visitmurazzano.it\/de\/windmuehle\/","title":{"rendered":"Windm\u00fchle"},"content":{"rendered":"\n[et_pb_section fb_built=&#8220;1&#8243; custom_padding_last_edited=&#8220;on|phone&#8220; admin_label=&#8220;Header&#8220; _builder_version=&#8220;4.16.0&#8243; _module_preset=&#8220;default&#8220; use_background_color_gradient=&#8220;on&#8220; background_color_gradient_stops=&#8220;rgba(0,0,0,0.66) 0%|rgba(0,0,0,0.52) 100%&#8220; background_color_gradient_overlays_image=&#8220;on&#8220; background_color_gradient_start=&#8220;rgba(0,0,0,0.66)&#8220; background_color_gradient_end=&#8220;rgba(0,0,0,0.52)&#8220; background_image=&#8220;https:\/\/visitmurazzano.it\/wp-content\/uploads\/2022\/04\/Mulino-a-vento.jpg&#8220; custom_padding=&#8220;120px||120px||true|false&#8220; custom_padding_tablet=&#8220;35px||35px||true|false&#8220; custom_padding_phone=&#8220;15px||15px||true|false&#8220; locked=&#8220;off&#8220; global_colors_info=&#8220;{}&#8220;][et_pb_row _builder_version=&#8220;4.16&#8243; _module_preset=&#8220;default&#8220; global_colors_info=&#8220;{}&#8220;][et_pb_column type=&#8220;4_4&#8243; _builder_version=&#8220;4.16&#8243; _module_preset=&#8220;default&#8220; global_colors_info=&#8220;{}&#8220;][et_pb_text _builder_version=&#8220;4.16&#8243; _module_preset=&#8220;d72c0383-6487-4f2c-ac5c-7d48a6376757&#8243; header_font=&#8220;Playfair Display||||||||&#8220; header_text_color=&#8220;#FFFFFF&#8220; header_font_size=&#8220;56px&#8220; animation_direction=&#8220;top&#8220; header_font_size_tablet=&#8220;10vw&#8220; header_font_size_phone=&#8220;&#8220; header_font_size_last_edited=&#8220;on|phone&#8220; global_colors_info=&#8220;{}&#8220;]<h1>Windm\u00fchle<\/h1>[\/et_pb_text][\/et_pb_column][\/et_pb_row][et_pb_row column_structure=&#8220;2_3,1_3&#8243; _builder_version=&#8220;4.16&#8243; _module_preset=&#8220;default&#8220; global_colors_info=&#8220;{}&#8220;][et_pb_column type=&#8220;2_3&#8243; _builder_version=&#8220;4.16&#8243; _module_preset=&#8220;default&#8220; global_colors_info=&#8220;{}&#8220;][et_pb_text _builder_version=&#8220;4.16&#8243; _module_preset=&#8220;1d866de3-b108-4c5f-bed3-2da9506a6915&#8243; text_text_color=&#8220;#FFFFFF&#8220; text_font_size=&#8220;16px&#8220; header_font=&#8220;||||||||&#8220; header_4_font=&#8220;Merriweather||||||||&#8220; header_4_text_color=&#8220;#FFFFFF&#8220; header_4_line_height=&#8220;1.8em&#8220; header_4_font_size_tablet=&#8220;16px&#8220; header_4_font_size_phone=&#8220;14px&#8220; header_4_font_size_last_edited=&#8220;on|tablet&#8220; locked=&#8220;off&#8220; global_colors_info=&#8220;{}&#8220;]<p>Die Windm\u00fchle ist <strong>das \u00e4lteste Denkmal in unserem Land.<\/strong> Es stammt aus der Zeit um das Jahr 1000 zur Zeit der Invasionen der Sarazenen, wo es als Vaita-Turm oder Aussichtspunkt genutzt wurde. Von seinem Gipfel aus wurde den Bewohnern der darunter liegenden T\u00e4ler die Ankunft von Feinden signalisiert.<br>Sp\u00e4ter wurde es in eine Windm\u00fchle zum Mahlen von Weizen umgewandelt. Davon zeugen die beiden deutlich sichtbaren gro\u00dfen L\u00f6cher in den Mauern des Turms, in die die Achse gesteckt wurde, die, bewegt von den \u00e4u\u00dferen Fl\u00fcgeln, die Antriebskraft auf die M\u00fchlsteine \u200b\u200b\u00fcbertrug.<br>Es blieb bis 1630 in Gebrauch, als der damalige Rat der Gemeinschaft das Mahlen in den M\u00fchlen von Cigli\u00e8 vorschrieb.<\/p>[\/et_pb_text][\/et_pb_column][et_pb_column type=&#8220;1_3&#8243; _builder_version=&#8220;4.16&#8243; _module_preset=&#8220;default&#8220; global_colors_info=&#8220;{}&#8220;][\/et_pb_column][\/et_pb_row][\/et_pb_section][et_pb_section fb_built=&#8220;1&#8243; admin_label=&#8220;Feature&#8220; _builder_version=&#8220;4.16&#8243; _module_preset=&#8220;default&#8220; locked=&#8220;off&#8220; global_colors_info=&#8220;{}&#8220;][et_pb_row column_structure=&#8220;1_2,1_2&#8243; _builder_version=&#8220;4.16&#8243; _module_preset=&#8220;default&#8220; global_colors_info=&#8220;{}&#8220;][et_pb_column type=&#8220;1_2&#8243; _builder_version=&#8220;4.16&#8243; _module_preset=&#8220;default&#8220; global_colors_info=&#8220;{}&#8220;][et_pb_image src=&#8220;https:\/\/visitmurazzano.it\/wp-content\/uploads\/2022\/04\/mulino-a-vento-murazzano.jpg&#8220; title_text=&#8220;windm\u00fchle-murazzano&#8220; _builder_version=&#8220;4.16.1&#8243; _module_preset=&#8220;default&#8220; hover_enabled=&#8220;0&#8243; locked=&#8220;off&#8220; global_colors_info=&#8220;{}&#8220; alt=&#8220;windm\u00fchle&#8220; sticky_enabled=&#8220;0&#8243;][\/et_pb_image][\/et_pb_column][et_pb_column type=&#8220;1_2&#8243; _builder_version=&#8220;4.16&#8243; _module_preset=&#8220;default&#8220; custom_padding=&#8220;60px||||false|false&#8220; custom_padding_tablet=&#8220;0px||||false|false&#8220; custom_padding_phone=&#8220;&#8220; custom_padding_last_edited=&#8220;on|phone&#8220; global_colors_info=&#8220;{}&#8220;][et_pb_text _builder_version=&#8220;4.16.1&#8243; _module_preset=&#8220;32021f09-dd67-47fb-8f9a-832b72a38baf&#8220; text_text_color=&#8220;#000000&#8243; text_font_size=&#8220;16px&#8220; text_line_height=&#8220;1.4em&#8220; header_2_font=&#8220;Playfair Display|700|||||||&#8220; header_2_text_color=&#8220;gcid-c9411f34-b37e-4feb-a841-9533663e2403&#8243; header_2_font_size=&#8220;60px&#8220; header_2_line_height=&#8220;1.1em&#8220; header_5_font=&#8220;|700|||||||&#8220; header_5_font_size=&#8220;18px&#8220; custom_margin=&#8220;||10px||false|false&#8220; animation_direction=&#8220;left&#8220; hover_enabled=&#8220;0&#8243; header_2_font_size_tablet=&#8220;35px&#8220; header_2_font_size_phone=&#8220;22px&#8220; header_2_font_size_last_edited=&#8220;on|phone&#8220; locked=&#8220;off&#8220; global_colors_info=&#8220;{}&#8220; sticky_enabled=&#8220;0&#8243;]<p>Die Existenz der M\u00fchle wird durch die <strong>Statuten von Murazzano<\/strong> von 1534 belegt, die von einem \u201emolendinum del Lora\u201c sprechen.<\/p>\n<p><strong>Ein stiller Turm, aber reich an Geschichte und Charme,<\/strong> der selbst die ber\u00fchmtesten Schriftsteller begeistern und inspirieren kann. <strong>Beppe Fenoglio<\/strong> schrieb 1954: <em>\u201eBlick auf die alte Windm\u00fchle von Murazzano, Belvedere, ist eine Ecke und das einzige Objekt, das der herrlichsten Morgen des Jahres w\u00fcrdig ist. So kompakt und doch abwechslungsreich an der Spitze erscheint eine Festung, bewohnt von Rittern und M\u00f6nchen (von h\u00f6chster Qualit\u00e4t) ohne einen Schatten von Frauen (mit einigen seltenen alten Frauen f\u00fcr die Dienste)\u201c<\/em>.<\/p>[\/et_pb_text][\/et_pb_column][\/et_pb_row][\/et_pb_section]\n","protected":false},"excerpt":{"rendered":"<p>Windm\u00fchleDie Windm\u00fchle ist das \u00e4lteste Denkmal in unserem Land. Es stammt aus der Zeit um das Jahr 1000 zur Zeit der Invasionen der Sarazenen, wo es als Vaita-Turm oder Aussichtspunkt genutzt wurde. Von seinem Gipfel aus wurde den Bewohnern der darunter liegenden T\u00e4ler die Ankunft von Feinden signalisiert.Sp\u00e4ter wurde es in eine Windm\u00fchle zum Mahlen [&hellip;]<\/p>\n","protected":false},"author":1,"featured_media":0,"parent":0,"menu_order":0,"comment_status":"closed","ping_status":"closed","template":"","meta":{"_et_pb_use_builder":"on","_et_pb_old_content":"","_et_gb_content_width":"","footnotes":""},"class_list":["post-2472","page","type-page","status-publish","hentry"],"yoast_head":"<!-- This site is optimized with the Yoast SEO plugin v26.7 - https:\/\/yoast.com\/wordpress\/plugins\/seo\/ -->\n<title>Visit Murazzano | Tauchen Sie ein in die Geschichte der alten Windm\u00fchle<\/title>\n<meta name=\"description\" content=\"Entdecken Sie die Attraktionen von Murazzano. Die M\u00fchle ist das \u00e4lteste Denkmal unseres Dorfes und so geschichtstr\u00e4chtig, dass sogar der ber\u00fchmte Beppe Fenoglio von ihr bewegt war.\" \/>\n<meta name=\"robots\" content=\"index, follow, max-snippet:-1, max-image-preview:large, max-video-preview:-1\" \/>\n<link rel=\"canonical\" href=\"https:\/\/visitmurazzano.it\/de\/windmuehle\/\" \/>\n<meta property=\"og:locale\" content=\"de_DE\" \/>\n<meta property=\"og:type\" content=\"article\" \/>\n<meta property=\"og:title\" content=\"Visit Murazzano | Tauchen Sie ein in die Geschichte der alten Windm\u00fchle\" \/>\n<meta property=\"og:description\" content=\"Entdecken Sie die Attraktionen von Murazzano. Die M\u00fchle ist das \u00e4lteste Denkmal unseres Dorfes und so geschichtstr\u00e4chtig, dass sogar der ber\u00fchmte Beppe Fenoglio von ihr bewegt war.\" \/>\n<meta property=\"og:url\" content=\"https:\/\/visitmurazzano.it\/de\/windmuehle\/\" \/>\n<meta property=\"og:site_name\" content=\"Visit Murazzano\" \/>\n<meta property=\"article:modified_time\" content=\"2022-09-30T10:26:43+00:00\" \/>\n<meta name=\"twitter:card\" content=\"summary_large_image\" \/>\n<meta name=\"twitter:label1\" content=\"Gesch\u00e4tzte Lesezeit\" \/>\n\t<meta name=\"twitter:data1\" content=\"4\u00a0Minuten\" \/>\n<script type=\"application\/ld+json\" class=\"yoast-schema-graph\">{\"@context\":\"https:\/\/schema.org\",\"@graph\":[{\"@type\":\"WebPage\",\"@id\":\"https:\/\/visitmurazzano.it\/de\/windmuehle\/\",\"url\":\"https:\/\/visitmurazzano.it\/de\/windmuehle\/\",\"name\":\"Visit Murazzano | Tauchen Sie ein in die Geschichte der alten Windm\u00fchle\",\"isPartOf\":{\"@id\":\"https:\/\/visitmurazzano.it\/de\/#website\"},\"datePublished\":\"2022-03-24T08:19:17+00:00\",\"dateModified\":\"2022-09-30T10:26:43+00:00\",\"description\":\"Entdecken Sie die Attraktionen von Murazzano. Die M\u00fchle ist das \u00e4lteste Denkmal unseres Dorfes und so geschichtstr\u00e4chtig, dass sogar der ber\u00fchmte Beppe Fenoglio von ihr bewegt war.\",\"breadcrumb\":{\"@id\":\"https:\/\/visitmurazzano.it\/de\/windmuehle\/#breadcrumb\"},\"inLanguage\":\"de\",\"potentialAction\":[{\"@type\":\"ReadAction\",\"target\":[\"https:\/\/visitmurazzano.it\/de\/windmuehle\/\"]}]},{\"@type\":\"BreadcrumbList\",\"@id\":\"https:\/\/visitmurazzano.it\/de\/windmuehle\/#breadcrumb\",\"itemListElement\":[{\"@type\":\"ListItem\",\"position\":1,\"name\":\"Home\",\"item\":\"https:\/\/visitmurazzano.it\/de\/\"},{\"@type\":\"ListItem\",\"position\":2,\"name\":\"Windm\u00fchle\"}]},{\"@type\":\"WebSite\",\"@id\":\"https:\/\/visitmurazzano.it\/de\/#website\",\"url\":\"https:\/\/visitmurazzano.it\/de\/\",\"name\":\"Visit Murazzano\",\"description\":\"Sito turistico Murazzano\",\"publisher\":{\"@id\":\"https:\/\/visitmurazzano.it\/de\/#organization\"},\"potentialAction\":[{\"@type\":\"SearchAction\",\"target\":{\"@type\":\"EntryPoint\",\"urlTemplate\":\"https:\/\/visitmurazzano.it\/de\/?s={search_term_string}\"},\"query-input\":{\"@type\":\"PropertyValueSpecification\",\"valueRequired\":true,\"valueName\":\"search_term_string\"}}],\"inLanguage\":\"de\"},{\"@type\":\"Organization\",\"@id\":\"https:\/\/visitmurazzano.it\/de\/#organization\",\"name\":\"Murazzano\",\"url\":\"https:\/\/visitmurazzano.it\/de\/\",\"logo\":{\"@type\":\"ImageObject\",\"inLanguage\":\"de\",\"@id\":\"https:\/\/visitmurazzano.it\/de\/#\/schema\/logo\/image\/\",\"url\":\"https:\/\/visitmurazzano.it\/wp-content\/uploads\/2022\/05\/logo-murazzano.jpg\",\"contentUrl\":\"https:\/\/visitmurazzano.it\/wp-content\/uploads\/2022\/05\/logo-murazzano.jpg\",\"width\":75,\"height\":90,\"caption\":\"Murazzano\"},\"image\":{\"@id\":\"https:\/\/visitmurazzano.it\/de\/#\/schema\/logo\/image\/\"}}]}<\/script>\n<!-- \/ Yoast SEO plugin. -->","yoast_head_json":{"title":"Visit Murazzano | Tauchen Sie ein in die Geschichte der alten Windm\u00fchle","description":"Entdecken Sie die Attraktionen von Murazzano. Die M\u00fchle ist das \u00e4lteste Denkmal unseres Dorfes und so geschichtstr\u00e4chtig, dass sogar der ber\u00fchmte Beppe Fenoglio von ihr bewegt war.","robots":{"index":"index","follow":"follow","max-snippet":"max-snippet:-1","max-image-preview":"max-image-preview:large","max-video-preview":"max-video-preview:-1"},"canonical":"https:\/\/visitmurazzano.it\/de\/windmuehle\/","og_locale":"de_DE","og_type":"article","og_title":"Visit Murazzano | Tauchen Sie ein in die Geschichte der alten Windm\u00fchle","og_description":"Entdecken Sie die Attraktionen von Murazzano. Die M\u00fchle ist das \u00e4lteste Denkmal unseres Dorfes und so geschichtstr\u00e4chtig, dass sogar der ber\u00fchmte Beppe Fenoglio von ihr bewegt war.","og_url":"https:\/\/visitmurazzano.it\/de\/windmuehle\/","og_site_name":"Visit Murazzano","article_modified_time":"2022-09-30T10:26:43+00:00","twitter_card":"summary_large_image","twitter_misc":{"Gesch\u00e4tzte Lesezeit":"4\u00a0Minuten"},"schema":{"@context":"https:\/\/schema.org","@graph":[{"@type":"WebPage","@id":"https:\/\/visitmurazzano.it\/de\/windmuehle\/","url":"https:\/\/visitmurazzano.it\/de\/windmuehle\/","name":"Visit Murazzano | Tauchen Sie ein in die Geschichte der alten Windm\u00fchle","isPartOf":{"@id":"https:\/\/visitmurazzano.it\/de\/#website"},"datePublished":"2022-03-24T08:19:17+00:00","dateModified":"2022-09-30T10:26:43+00:00","description":"Entdecken Sie die Attraktionen von Murazzano. Die M\u00fchle ist das \u00e4lteste Denkmal unseres Dorfes und so geschichtstr\u00e4chtig, dass sogar der ber\u00fchmte Beppe Fenoglio von ihr bewegt war.","breadcrumb":{"@id":"https:\/\/visitmurazzano.it\/de\/windmuehle\/#breadcrumb"},"inLanguage":"de","potentialAction":[{"@type":"ReadAction","target":["https:\/\/visitmurazzano.it\/de\/windmuehle\/"]}]},{"@type":"BreadcrumbList","@id":"https:\/\/visitmurazzano.it\/de\/windmuehle\/#breadcrumb","itemListElement":[{"@type":"ListItem","position":1,"name":"Home","item":"https:\/\/visitmurazzano.it\/de\/"},{"@type":"ListItem","position":2,"name":"Windm\u00fchle"}]},{"@type":"WebSite","@id":"https:\/\/visitmurazzano.it\/de\/#website","url":"https:\/\/visitmurazzano.it\/de\/","name":"Visit Murazzano","description":"Sito turistico Murazzano","publisher":{"@id":"https:\/\/visitmurazzano.it\/de\/#organization"},"potentialAction":[{"@type":"SearchAction","target":{"@type":"EntryPoint","urlTemplate":"https:\/\/visitmurazzano.it\/de\/?s={search_term_string}"},"query-input":{"@type":"PropertyValueSpecification","valueRequired":true,"valueName":"search_term_string"}}],"inLanguage":"de"},{"@type":"Organization","@id":"https:\/\/visitmurazzano.it\/de\/#organization","name":"Murazzano","url":"https:\/\/visitmurazzano.it\/de\/","logo":{"@type":"ImageObject","inLanguage":"de","@id":"https:\/\/visitmurazzano.it\/de\/#\/schema\/logo\/image\/","url":"https:\/\/visitmurazzano.it\/wp-content\/uploads\/2022\/05\/logo-murazzano.jpg","contentUrl":"https:\/\/visitmurazzano.it\/wp-content\/uploads\/2022\/05\/logo-murazzano.jpg","width":75,"height":90,"caption":"Murazzano"},"image":{"@id":"https:\/\/visitmurazzano.it\/de\/#\/schema\/logo\/image\/"}}]}},"_links":{"self":[{"href":"https:\/\/visitmurazzano.it\/de\/wp-json\/wp\/v2\/pages\/2472","targetHints":{"allow":["GET"]}}],"collection":[{"href":"https:\/\/visitmurazzano.it\/de\/wp-json\/wp\/v2\/pages"}],"about":[{"href":"https:\/\/visitmurazzano.it\/de\/wp-json\/wp\/v2\/types\/page"}],"author":[{"embeddable":true,"href":"https:\/\/visitmurazzano.it\/de\/wp-json\/wp\/v2\/users\/1"}],"replies":[{"embeddable":true,"href":"https:\/\/visitmurazzano.it\/de\/wp-json\/wp\/v2\/comments?post=2472"}],"version-history":[{"count":1,"href":"https:\/\/visitmurazzano.it\/de\/wp-json\/wp\/v2\/pages\/2472\/revisions"}],"predecessor-version":[{"id":2473,"href":"https:\/\/visitmurazzano.it\/de\/wp-json\/wp\/v2\/pages\/2472\/revisions\/2473"}],"wp:attachment":[{"href":"https:\/\/visitmurazzano.it\/de\/wp-json\/wp\/v2\/media?parent=2472"}],"curies":[{"name":"wp","href":"https:\/\/api.w.org\/{rel}","templated":true}]}}