{"id":2474,"date":"2022-03-24T15:19:45","date_gmt":"2022-03-24T14:19:45","guid":{"rendered":"https:\/\/visitmurazzano.it\/murazzano-g-u\/"},"modified":"2022-09-30T12:30:47","modified_gmt":"2022-09-30T10:30:47","slug":"murazzano-g-u","status":"publish","type":"page","link":"https:\/\/visitmurazzano.it\/de\/murazzano-g-u\/","title":{"rendered":"Murazzano g.U."},"content":{"rendered":"\n[et_pb_section fb_built=&#8220;1&#8243; custom_padding_last_edited=&#8220;on|phone&#8220; admin_label=&#8220;Header&#8220; _builder_version=&#8220;4.16.0&#8243; _module_preset=&#8220;default&#8220; use_background_color_gradient=&#8220;on&#8220; background_color_gradient_stops=&#8220;rgba(0,0,0,0.46) 0%|rgba(0,0,0,0.52) 100%&#8220; background_color_gradient_overlays_image=&#8220;on&#8220; background_color_gradient_start=&#8220;rgba(0,0,0,0.46)&#8220; background_color_gradient_end=&#8220;rgba(0,0,0,0.52)&#8220; background_image=&#8220;https:\/\/visitmurazzano.it\/wp-content\/uploads\/2022\/03\/murazzano-dop.jpg&#8220; custom_padding=&#8220;120px||120px||true|false&#8220; custom_padding_tablet=&#8220;35px||35px||true|false&#8220; custom_padding_phone=&#8220;15px||15px||true|false&#8220; hover_enabled=&#8220;0&#8243; locked=&#8220;off&#8220; global_colors_info=&#8220;{}&#8220; sticky_enabled=&#8220;0&#8243; alt=&#8220;murazzano dop&#8220; title_text=&#8220;murazzano-dop&#8220; gradientStopSingleColor=&#8220;Array&#8220;][et_pb_row _builder_version=&#8220;4.16&#8243; _module_preset=&#8220;default&#8220; global_colors_info=&#8220;{}&#8220;][et_pb_column type=&#8220;4_4&#8243; _builder_version=&#8220;4.16&#8243; _module_preset=&#8220;default&#8220; global_colors_info=&#8220;{}&#8220;][et_pb_text _builder_version=&#8220;4.16&#8243; _module_preset=&#8220;d72c0383-6487-4f2c-ac5c-7d48a6376757&#8243; header_font=&#8220;Playfair Display||||||||&#8220; header_text_color=&#8220;#FFFFFF&#8220; header_font_size=&#8220;56px&#8220; animation_direction=&#8220;top&#8220; header_font_size_tablet=&#8220;10vw&#8220; header_font_size_phone=&#8220;&#8220; header_font_size_last_edited=&#8220;on|phone&#8220; global_colors_info=&#8220;{}&#8220;]<h1>Murazzano g.U.<\/h1>[\/et_pb_text][\/et_pb_column][\/et_pb_row][et_pb_row column_structure=&#8220;3_5,2_5&#8243; _builder_version=&#8220;4.16&#8243; _module_preset=&#8220;default&#8220; global_colors_info=&#8220;{}&#8220;][et_pb_column type=&#8220;3_5&#8243; _builder_version=&#8220;4.16&#8243; _module_preset=&#8220;default&#8220; global_colors_info=&#8220;{}&#8220;][et_pb_text _builder_version=&#8220;4.16.0&#8243; _module_preset=&#8220;default&#8220; text_text_color=&#8220;#FFFFFF&#8220; text_font_size=&#8220;16px&#8220; text_line_height=&#8220;1.4em&#8220; header_3_font=&#8220;|700|||||||&#8220; header_3_text_color=&#8220;#FFFFFF&#8220; hover_enabled=&#8220;0&#8243; global_colors_info=&#8220;{}&#8220; sticky_enabled=&#8220;0&#8243;]<p>Die Urspr\u00fcnge der Marke <strong>Murazzano g.U<\/strong>. sind legend\u00e4r. Es wird erz\u00e4hlt, dass einst ein junger Hirte mit seiner Familie in der <strong>Stadt Murazzano<\/strong> lebte. Giuanin war sein Name, und seine Aufgabe war es, die im Haus produzierten H\u00fcgel zu kontrollieren, w\u00e4hrend seine Eltern die Schafe weiden lie\u00dfen. Eines Tages gelang es einer Kr\u00e4he, in die Molkerei einzudringen und mit einem schmalen Schnabel im Schnabel zu entkommen. Giuanin folgte ihm durch H\u00fcgel und T\u00e4ler zur Burg von Ceva, einem ber\u00fcchtigten Zufluchtsort f\u00fcr D\u00e4monen und Hexen.<\/p>\n<p>Er betrat eine der vielen H\u00f6hlen, die sich am Fu\u00df der zerst\u00f6rten Mauern \u00f6ffneten, und hier fand er einen Tisch voller allerlei K\u00f6stlichkeiten.<\/p>\n<p>Der junge Mann, m\u00fcde und hungrig, z\u00f6gerte nicht, es zu benutzen, aber der Teufel erschien aus dem Nichts und beschuldigte den jungen Hirten sofort, sein Mittagessen gegessen zu haben, und forderte seine Seele als Bezahlung.<\/p>[\/et_pb_text][\/et_pb_column][et_pb_column type=&#8220;2_5&#8243; _builder_version=&#8220;4.16&#8243; _module_preset=&#8220;default&#8220; global_colors_info=&#8220;{}&#8220;][\/et_pb_column][\/et_pb_row][\/et_pb_section]\n","protected":false},"excerpt":{"rendered":"<p>Murazzano g.U.Die Urspr\u00fcnge der Marke Murazzano g.U. sind legend\u00e4r. Es wird erz\u00e4hlt, dass einst ein junger Hirte mit seiner Familie in der Stadt Murazzano lebte. Giuanin war sein Name, und seine Aufgabe war es, die im Haus produzierten H\u00fcgel zu kontrollieren, w\u00e4hrend seine Eltern die Schafe weiden lie\u00dfen. Eines Tages gelang es einer Kr\u00e4he, in [&hellip;]<\/p>\n","protected":false},"author":1,"featured_media":0,"parent":0,"menu_order":0,"comment_status":"closed","ping_status":"closed","template":"","meta":{"_et_pb_use_builder":"on","_et_pb_old_content":"","_et_gb_content_width":"","footnotes":""},"class_list":["post-2474","page","type-page","status-publish","hentry"],"yoast_head":"<!-- This site is optimized with the Yoast SEO plugin v26.7 - https:\/\/yoast.com\/wordpress\/plugins\/seo\/ -->\n<title>Visit Murazzano | Entdecken Sie die Geschichte unseres K\u00e4ses mit der g.U. Murazzano<\/title>\n<meta name=\"description\" content=\"Aus Schafsmilch entsteht ein K\u00e4se von hervorragender Qualit\u00e4t, eine Geschmacksexplosion, die ihre Spuren hinterl\u00e4sst. Seine Urspr\u00fcnge sind jedoch von Legenden umwoben.\" \/>\n<meta name=\"robots\" content=\"index, follow, max-snippet:-1, max-image-preview:large, max-video-preview:-1\" \/>\n<link rel=\"canonical\" href=\"https:\/\/visitmurazzano.it\/de\/murazzano-g-u\/\" \/>\n<meta property=\"og:locale\" content=\"de_DE\" \/>\n<meta property=\"og:type\" content=\"article\" \/>\n<meta property=\"og:title\" content=\"Visit Murazzano | Entdecken Sie die Geschichte unseres K\u00e4ses mit der g.U. Murazzano\" \/>\n<meta property=\"og:description\" content=\"Aus Schafsmilch entsteht ein K\u00e4se von hervorragender Qualit\u00e4t, eine Geschmacksexplosion, die ihre Spuren hinterl\u00e4sst. Seine Urspr\u00fcnge sind jedoch von Legenden umwoben.\" \/>\n<meta property=\"og:url\" content=\"https:\/\/visitmurazzano.it\/de\/murazzano-g-u\/\" \/>\n<meta property=\"og:site_name\" content=\"Visit Murazzano\" \/>\n<meta property=\"article:modified_time\" content=\"2022-09-30T10:30:47+00:00\" \/>\n<meta name=\"twitter:card\" content=\"summary_large_image\" \/>\n<meta name=\"twitter:label1\" content=\"Gesch\u00e4tzte Lesezeit\" \/>\n\t<meta name=\"twitter:data1\" content=\"2\u00a0Minuten\" \/>\n<script type=\"application\/ld+json\" class=\"yoast-schema-graph\">{\"@context\":\"https:\/\/schema.org\",\"@graph\":[{\"@type\":\"WebPage\",\"@id\":\"https:\/\/visitmurazzano.it\/de\/murazzano-g-u\/\",\"url\":\"https:\/\/visitmurazzano.it\/de\/murazzano-g-u\/\",\"name\":\"Visit Murazzano | Entdecken Sie die Geschichte unseres K\u00e4ses mit der g.U. Murazzano\",\"isPartOf\":{\"@id\":\"https:\/\/visitmurazzano.it\/de\/#website\"},\"datePublished\":\"2022-03-24T14:19:45+00:00\",\"dateModified\":\"2022-09-30T10:30:47+00:00\",\"description\":\"Aus Schafsmilch entsteht ein K\u00e4se von hervorragender Qualit\u00e4t, eine Geschmacksexplosion, die ihre Spuren hinterl\u00e4sst. Seine Urspr\u00fcnge sind jedoch von Legenden umwoben.\",\"breadcrumb\":{\"@id\":\"https:\/\/visitmurazzano.it\/de\/murazzano-g-u\/#breadcrumb\"},\"inLanguage\":\"de\",\"potentialAction\":[{\"@type\":\"ReadAction\",\"target\":[\"https:\/\/visitmurazzano.it\/de\/murazzano-g-u\/\"]}]},{\"@type\":\"BreadcrumbList\",\"@id\":\"https:\/\/visitmurazzano.it\/de\/murazzano-g-u\/#breadcrumb\",\"itemListElement\":[{\"@type\":\"ListItem\",\"position\":1,\"name\":\"Home\",\"item\":\"https:\/\/visitmurazzano.it\/de\/\"},{\"@type\":\"ListItem\",\"position\":2,\"name\":\"Murazzano g.U.\"}]},{\"@type\":\"WebSite\",\"@id\":\"https:\/\/visitmurazzano.it\/de\/#website\",\"url\":\"https:\/\/visitmurazzano.it\/de\/\",\"name\":\"Visit Murazzano\",\"description\":\"Sito turistico Murazzano\",\"publisher\":{\"@id\":\"https:\/\/visitmurazzano.it\/de\/#organization\"},\"potentialAction\":[{\"@type\":\"SearchAction\",\"target\":{\"@type\":\"EntryPoint\",\"urlTemplate\":\"https:\/\/visitmurazzano.it\/de\/?s={search_term_string}\"},\"query-input\":{\"@type\":\"PropertyValueSpecification\",\"valueRequired\":true,\"valueName\":\"search_term_string\"}}],\"inLanguage\":\"de\"},{\"@type\":\"Organization\",\"@id\":\"https:\/\/visitmurazzano.it\/de\/#organization\",\"name\":\"Murazzano\",\"url\":\"https:\/\/visitmurazzano.it\/de\/\",\"logo\":{\"@type\":\"ImageObject\",\"inLanguage\":\"de\",\"@id\":\"https:\/\/visitmurazzano.it\/de\/#\/schema\/logo\/image\/\",\"url\":\"https:\/\/visitmurazzano.it\/wp-content\/uploads\/2022\/05\/logo-murazzano.jpg\",\"contentUrl\":\"https:\/\/visitmurazzano.it\/wp-content\/uploads\/2022\/05\/logo-murazzano.jpg\",\"width\":75,\"height\":90,\"caption\":\"Murazzano\"},\"image\":{\"@id\":\"https:\/\/visitmurazzano.it\/de\/#\/schema\/logo\/image\/\"}}]}<\/script>\n<!-- \/ Yoast SEO plugin. -->","yoast_head_json":{"title":"Visit Murazzano | Entdecken Sie die Geschichte unseres K\u00e4ses mit der g.U. Murazzano","description":"Aus Schafsmilch entsteht ein K\u00e4se von hervorragender Qualit\u00e4t, eine Geschmacksexplosion, die ihre Spuren hinterl\u00e4sst. Seine Urspr\u00fcnge sind jedoch von Legenden umwoben.","robots":{"index":"index","follow":"follow","max-snippet":"max-snippet:-1","max-image-preview":"max-image-preview:large","max-video-preview":"max-video-preview:-1"},"canonical":"https:\/\/visitmurazzano.it\/de\/murazzano-g-u\/","og_locale":"de_DE","og_type":"article","og_title":"Visit Murazzano | Entdecken Sie die Geschichte unseres K\u00e4ses mit der g.U. Murazzano","og_description":"Aus Schafsmilch entsteht ein K\u00e4se von hervorragender Qualit\u00e4t, eine Geschmacksexplosion, die ihre Spuren hinterl\u00e4sst. Seine Urspr\u00fcnge sind jedoch von Legenden umwoben.","og_url":"https:\/\/visitmurazzano.it\/de\/murazzano-g-u\/","og_site_name":"Visit Murazzano","article_modified_time":"2022-09-30T10:30:47+00:00","twitter_card":"summary_large_image","twitter_misc":{"Gesch\u00e4tzte Lesezeit":"2\u00a0Minuten"},"schema":{"@context":"https:\/\/schema.org","@graph":[{"@type":"WebPage","@id":"https:\/\/visitmurazzano.it\/de\/murazzano-g-u\/","url":"https:\/\/visitmurazzano.it\/de\/murazzano-g-u\/","name":"Visit Murazzano | Entdecken Sie die Geschichte unseres K\u00e4ses mit der g.U. Murazzano","isPartOf":{"@id":"https:\/\/visitmurazzano.it\/de\/#website"},"datePublished":"2022-03-24T14:19:45+00:00","dateModified":"2022-09-30T10:30:47+00:00","description":"Aus Schafsmilch entsteht ein K\u00e4se von hervorragender Qualit\u00e4t, eine Geschmacksexplosion, die ihre Spuren hinterl\u00e4sst. Seine Urspr\u00fcnge sind jedoch von Legenden umwoben.","breadcrumb":{"@id":"https:\/\/visitmurazzano.it\/de\/murazzano-g-u\/#breadcrumb"},"inLanguage":"de","potentialAction":[{"@type":"ReadAction","target":["https:\/\/visitmurazzano.it\/de\/murazzano-g-u\/"]}]},{"@type":"BreadcrumbList","@id":"https:\/\/visitmurazzano.it\/de\/murazzano-g-u\/#breadcrumb","itemListElement":[{"@type":"ListItem","position":1,"name":"Home","item":"https:\/\/visitmurazzano.it\/de\/"},{"@type":"ListItem","position":2,"name":"Murazzano g.U."}]},{"@type":"WebSite","@id":"https:\/\/visitmurazzano.it\/de\/#website","url":"https:\/\/visitmurazzano.it\/de\/","name":"Visit Murazzano","description":"Sito turistico Murazzano","publisher":{"@id":"https:\/\/visitmurazzano.it\/de\/#organization"},"potentialAction":[{"@type":"SearchAction","target":{"@type":"EntryPoint","urlTemplate":"https:\/\/visitmurazzano.it\/de\/?s={search_term_string}"},"query-input":{"@type":"PropertyValueSpecification","valueRequired":true,"valueName":"search_term_string"}}],"inLanguage":"de"},{"@type":"Organization","@id":"https:\/\/visitmurazzano.it\/de\/#organization","name":"Murazzano","url":"https:\/\/visitmurazzano.it\/de\/","logo":{"@type":"ImageObject","inLanguage":"de","@id":"https:\/\/visitmurazzano.it\/de\/#\/schema\/logo\/image\/","url":"https:\/\/visitmurazzano.it\/wp-content\/uploads\/2022\/05\/logo-murazzano.jpg","contentUrl":"https:\/\/visitmurazzano.it\/wp-content\/uploads\/2022\/05\/logo-murazzano.jpg","width":75,"height":90,"caption":"Murazzano"},"image":{"@id":"https:\/\/visitmurazzano.it\/de\/#\/schema\/logo\/image\/"}}]}},"_links":{"self":[{"href":"https:\/\/visitmurazzano.it\/de\/wp-json\/wp\/v2\/pages\/2474","targetHints":{"allow":["GET"]}}],"collection":[{"href":"https:\/\/visitmurazzano.it\/de\/wp-json\/wp\/v2\/pages"}],"about":[{"href":"https:\/\/visitmurazzano.it\/de\/wp-json\/wp\/v2\/types\/page"}],"author":[{"embeddable":true,"href":"https:\/\/visitmurazzano.it\/de\/wp-json\/wp\/v2\/users\/1"}],"replies":[{"embeddable":true,"href":"https:\/\/visitmurazzano.it\/de\/wp-json\/wp\/v2\/comments?post=2474"}],"version-history":[{"count":1,"href":"https:\/\/visitmurazzano.it\/de\/wp-json\/wp\/v2\/pages\/2474\/revisions"}],"predecessor-version":[{"id":2475,"href":"https:\/\/visitmurazzano.it\/de\/wp-json\/wp\/v2\/pages\/2474\/revisions\/2475"}],"wp:attachment":[{"href":"https:\/\/visitmurazzano.it\/de\/wp-json\/wp\/v2\/media?parent=2474"}],"curies":[{"name":"wp","href":"https:\/\/api.w.org\/{rel}","templated":true}]}}