{"id":2476,"date":"2022-02-16T09:26:21","date_gmt":"2022-02-16T08:26:21","guid":{"rendered":"https:\/\/visitmurazzano.it\/murazzano-gestern\/"},"modified":"2025-04-02T14:09:48","modified_gmt":"2025-04-02T12:09:48","slug":"murazzano-gestern","status":"publish","type":"page","link":"https:\/\/visitmurazzano.it\/de\/murazzano-gestern\/","title":{"rendered":"Murazzano gestern"},"content":{"rendered":"<p>[et_pb_section fb_built=&#8220;1&#8243; custom_padding_last_edited=&#8220;on|phone&#8220; admin_label=&#8220;Header&#8220; _builder_version=&#8220;4.16&#8243; _module_preset=&#8220;default&#8220; use_background_color_gradient=&#8220;on&#8220; background_color_gradient_stops=&#8220;rgba(0,0,0,0.21) 0%|rgba(0,0,0,0.7) 100%&#8220; background_color_gradient_overlays_image=&#8220;on&#8220; background_color_gradient_start=&#8220;rgba(0,0,0,0.21)&#8220; background_color_gradient_end=&#8220;rgba(0,0,0,0.7)&#8220; background_image=&#8220;https:\/\/visitmurazzano.it\/wp-content\/uploads\/2022\/02\/murazzano-ieri.jpg&#8220; custom_padding=&#8220;120px||120px||true|false&#8220; custom_padding_tablet=&#8220;35px||35px||true|false&#8220; custom_padding_phone=&#8220;15px||15px||true|false&#8220; locked=&#8220;off&#8220; global_colors_info=&#8220;{}&#8220; da_is_popup=&#8220;off&#8220; da_exit_intent=&#8220;off&#8220; da_has_close=&#8220;on&#8220; da_alt_close=&#8220;off&#8220; da_dark_close=&#8220;off&#8220; da_not_modal=&#8220;on&#8220; da_is_singular=&#8220;off&#8220; da_with_loader=&#8220;off&#8220; da_has_shadow=&#8220;on&#8220; da_disable_devices=&#8220;off|off|off&#8220;][et_pb_row _builder_version=&#8220;4.16&#8243; _module_preset=&#8220;default&#8220; global_colors_info=&#8220;{}&#8220;][et_pb_column type=&#8220;4_4&#8243; _builder_version=&#8220;4.16&#8243; _module_preset=&#8220;default&#8220; global_colors_info=&#8220;{}&#8220;][et_pb_text _builder_version=&#8220;4.16&#8243; _module_preset=&#8220;d72c0383-6487-4f2c-ac5c-7d48a6376757&#8243; header_font=&#8220;Playfair Display||||||||&#8220; header_text_color=&#8220;#FFFFFF&#8220; header_font_size=&#8220;56px&#8220; animation_direction=&#8220;top&#8220; header_font_size_tablet=&#8220;10vw&#8220; header_font_size_phone=&#8220;&#8220; header_font_size_last_edited=&#8220;on|phone&#8220; global_colors_info=&#8220;{}&#8220;]<\/p>\n<h1>Murazzano gestern<\/h1>\n<p>[\/et_pb_text][\/et_pb_column][\/et_pb_row][et_pb_row column_structure=&#8220;3_5,2_5&#8243; _builder_version=&#8220;4.16&#8243; _module_preset=&#8220;default&#8220; global_colors_info=&#8220;{}&#8220;][et_pb_column type=&#8220;3_5&#8243; _builder_version=&#8220;4.16&#8243; _module_preset=&#8220;default&#8220; global_colors_info=&#8220;{}&#8220;][et_pb_text _builder_version=&#8220;4.16&#8243; _module_preset=&#8220;default&#8220; text_text_color=&#8220;#FFFFFF&#8220; text_font_size=&#8220;16px&#8220; text_line_height=&#8220;1.4em&#8220; global_colors_info=&#8220;{}&#8220;]<\/p>\n<p>In alten Dokumenten wird Murazzano erstmals 900 im ber\u00fchmten Diplom von <strong>Otto I<\/strong>. erw\u00e4hnt, als es von Sarazeneneinf\u00e4llen heimgesucht wurde.<br \/>Es war Teil der Marca Aleramica und kam 1210 unter die Kontrolle der <strong>Markgrafen von Saluzzo<\/strong>, bis es 1463 von <strong>Savoyen<\/strong> gekauft und aufgrund seiner strategischen Lage als \u201eSchild und Schl\u00fcssel des Piemont\u201c <strong>bezeichnet wurde<\/strong>.<\/p>\n<p>W\u00e4hrend der <strong>napoleonischen<\/strong> Zeit wurde die Sakristei des Heiligtums (leider) niedergebrannt und 1800 wurde die Burg (leider) zerst\u00f6rt, von der heute nur noch der imposante mittelalterliche Turm \u00fcbrig ist. Im <strong>Zweiten Weltkrieg<\/strong> erlebte er die <strong>Widerstandsbewegung<\/strong> und schrieb eine der au\u00dfergew\u00f6hnlichsten Seiten zugunsten der verwundeten Partisanen, die im Krankenhaus neben der Wallfahrtskirche Zuflucht und Pflege fanden.<\/p>\n<p>[\/et_pb_text][\/et_pb_column][et_pb_column type=&#8220;2_5&#8243; _builder_version=&#8220;4.16&#8243; _module_preset=&#8220;default&#8220; global_colors_info=&#8220;{}&#8220;][\/et_pb_column][\/et_pb_row][\/et_pb_section][et_pb_section fb_built=&#8220;1&#8243; admin_label=&#8220;Mission&#8220; _builder_version=&#8220;4.16&#8243; _module_preset=&#8220;default&#8220; custom_padding=&#8220;||0px|||&#8220; locked=&#8220;off&#8220; global_colors_info=&#8220;{}&#8220; da_is_popup=&#8220;off&#8220; da_exit_intent=&#8220;off&#8220; da_has_close=&#8220;on&#8220; da_alt_close=&#8220;off&#8220; da_dark_close=&#8220;off&#8220; da_not_modal=&#8220;on&#8220; da_is_singular=&#8220;off&#8220; da_with_loader=&#8220;off&#8220; da_has_shadow=&#8220;on&#8220; da_disable_devices=&#8220;off|off|off&#8220;][et_pb_row _builder_version=&#8220;4.16&#8243; _module_preset=&#8220;default&#8220; global_colors_info=&#8220;{}&#8220;][et_pb_column type=&#8220;4_4&#8243; _builder_version=&#8220;4.16&#8243; _module_preset=&#8220;default&#8220; custom_padding=&#8220;||||false|false&#8220; custom_padding_tablet=&#8220;0px||||false|false&#8220; custom_padding_phone=&#8220;0px||||false|false&#8220; custom_padding_last_edited=&#8220;on|tablet&#8220; global_colors_info=&#8220;{}&#8220;][et_pb_text _builder_version=&#8220;4.16&#8243; _module_preset=&#8220;16a54059-cc81-4572-9c70-eda6a6c419bf&#8220; text_text_color=&#8220;rgba(0,0,0,0.8)&#8220; text_font_size=&#8220;24px&#8220; text_line_height=&#8220;1.6em&#8220; custom_padding=&#8220;||0px|||&#8220; text_font_size_tablet=&#8220;15px&#8220; text_font_size_phone=&#8220;13px&#8220; text_font_size_last_edited=&#8220;on|phone&#8220; header_font_size_tablet=&#8220;55px&#8220; header_font_size_last_edited=&#8220;off|desktop&#8220; locked=&#8220;off&#8220; global_colors_info=&#8220;{}&#8220;]<\/p>\n<p><strong>Ber\u00fchmte Pers\u00f6nlichkeiten, die die Geschichte von Murazzano geschrieben haben<\/strong><\/p>\n<p>[\/et_pb_text][\/et_pb_column][\/et_pb_row][et_pb_row column_structure=&#8220;1_2,1_2&#8243; _builder_version=&#8220;4.16&#8243; _module_preset=&#8220;default&#8220; custom_padding=&#8220;0px|||||&#8220; global_colors_info=&#8220;{}&#8220;][et_pb_column type=&#8220;1_2&#8243; _builder_version=&#8220;4.16&#8243; _module_preset=&#8220;default&#8220; global_colors_info=&#8220;{}&#8220;][et_pb_text _builder_version=&#8220;4.16.0&#8243; _module_preset=&#8220;default&#8220; text_text_color=&#8220;#000000&#8243; text_font_size=&#8220;16px&#8220; text_line_height=&#8220;1.4em&#8220; text_font_size_tablet=&#8220;15px&#8220; text_font_size_phone=&#8220;12px&#8220; text_font_size_last_edited=&#8220;on|phone&#8220; global_colors_info=&#8220;{}&#8220;]<\/p>\n<p><strong>DER SELIGE GIULIANO GALLO (1578 -1639)<br \/><\/strong>Oberer der Augustiner in Turin im Jahr 1611, er leistete gro\u00dfe Hilfe w\u00e4hrend der Pest von 1630. Er starb an einer Infektion und wurde in der Kirche San Carlo in Turin begraben<\/p>\n<p><strong>CELESTINO DE ASTE (um 1820)<br \/><\/strong>Kanoniker der Metropolitankirche von Turin, befreite 1807 das Heiligtum der Heiligen Jungfrau von HaI und das angrenzende philippinische Kloster von der franz\u00f6sischen Verwaltung und schenkte es nach seinem Tod den Murazzanesi zur Gr\u00fcndung des Krankenhauses.<\/p>\n<p><strong>LORENZO BRUNO (1821 -1900)<br \/><\/strong>Leiter der medizinischen Klinik der K\u00f6niglichen Universit\u00e4t von Turin, Leibarzt von Viktor Emanuel II. und Senator des K\u00f6nigreichs Italien.<\/p>\n<p><strong>LUIGI ADAMI (1834- 1913)<br \/><\/strong>Generalleutnant, der an der Schlacht von S. Martino (1859) teilnahm und mit der Silbermedaille der V. M. ausgezeichnet wurde. Er war Adjutant Seiner Majest\u00e4t Umberto I. und geh\u00f6rte zwei Legislaturperioden lang dem Parlament an. Nach sorgf\u00e4ltiger Recherche schrieb er 1903 die Geschichte des Heiligtums der Heiligen Jungfrau von HaI und entdeckte, wie das in Murazzano verehrte Bild von einer antiken Statue inspiriert wurde, die in HaI in Belgien gefunden wurde und auf das Jahr 1266 datiert ist.<\/p>\n<p><strong>VINCENZO ALBARELLO (1876- 1917)<br \/><\/strong>Major der Alpentruppen, Befehlshaber der Kompanie, die den Monte Nero eroberte (16.6.1916), ausgezeichnet mit drei V.M.-Goldmedaillen und dem Kreuz des Milit\u00e4rordens von Savoyen. Die Stadt Turin widmete ihm zu seinem Gedenken die Piazza Vincenzo Albarello.<\/p>\n<p><strong>DON CARLO BRUNO (1831-1922)<br \/><\/strong>Der Priester und Gelehrte f\u00fcr Landwirtschaft, Hydrographie und Geologie hinterlie\u00df zahlreiche Schriften und galt als der beste italienische Geologe seiner Zeit. Er war einer der Entdecker der Bossea-H\u00f6hlen und einer der Gr\u00fcnder des Landwirtschaftskonsortiums Mondov\u00ec.<\/p>\n<p><strong>DOMENICO MARIA DURANTE (1879- 1944)<br \/><\/strong>Ein Maler, der an vielen Ausstellungen teilnahm und mehrmals zur Biennale von Venedig eingeladen wurde. Er zeichnete sich besonders als Portr\u00e4t- und Landschaftsmaler aus.<\/p>\n<p>[\/et_pb_text][\/et_pb_column][et_pb_column type=&#8220;1_2&#8243; _builder_version=&#8220;4.16&#8243; _module_preset=&#8220;default&#8220; global_colors_info=&#8220;{}&#8220;][et_pb_text _builder_version=&#8220;4.16.0&#8243; _module_preset=&#8220;default&#8220; text_text_color=&#8220;#000000&#8243; text_font_size=&#8220;16px&#8220; text_line_height=&#8220;1.4em&#8220; text_font_size_tablet=&#8220;15px&#8220; text_font_size_phone=&#8220;13px&#8220; text_font_size_last_edited=&#8220;on|phone&#8220; global_colors_info=&#8220;{}&#8220;]<\/p>\n<p><strong>LUCIANO ADAMI (1878 -1965)<br \/><\/strong>Er war ein ber\u00fchmter Richter und einer der seltenen F\u00e4lle von Beamten, die f\u00fcnfzig Jahre lang in der Justiz t\u00e4tig waren und Generalstaatsanwalt am Kassationsgerichtshof wurden.<\/p>\n<p><strong>GIUSEPPE CERRINA (1882- 1959)<br \/><\/strong>Er war in erster Linie ein Mann von gro\u00dfer Kultur: Humanist, Dichter, Literaturkritiker, Musiker und Maler. Er machte Murazzano bekannt, indem er sie zur Protagonistin vieler Gem\u00e4lde machte, die mehrmals auf der Biennale von Venedig ausgestellt wurden. Er widmete sein Leben dem Versuch, das Unsichtbare darzustellen, mit dem Ziel, die Landschaft zu \u00fcberwinden, um die Natur zu erreichen.<\/p>\n<p><strong>BEPPE FENOGLIO (1922 -1963)<br \/><\/strong>Beppe Fenoglio ist einer der bedeutendsten Schriftsteller der zeitgen\u00f6ssischen italienischen Literatur. In jungen Jahren verbrachte er seine Sommerferien in Murazzano bei seinen v\u00e4terlichen Verwandten.<br \/>Im Winter 1943 schloss er sich einer Partisanenformation in Murazzano an und schrieb im August 1954 sein \u201eDiario\u201c, ein Werk mit 17 interessanten Notizen und anregenden \u00dcberlegungen.  \u201eDiese paar Seiten des Notizbuchs \u2026 werden zu einem wertvollen Dokument, das hilft, den schwierigen Weg des Schriftstellers zur Reife zu verstehen\u201c.<br \/>\u201eDas Brautkind\u201c, \u201eAbschied\u201c und \u201eDer Z\u00f6llner\u201c sind die drei au\u00dfergew\u00f6hnlichen Geschichten, die in unserer Stadt spielen.<\/p>\n<p><strong>ROBERTO GABETTI (1925 &#8211; 2000)<br \/><\/strong>Er war einer der gro\u00dfen Architekten des italienischen 20. Jahrhunderts. In seinen zahlreichen Meisterwerken verband sich die Innovationskraft mit dem Respekt vor der Umwelt. Als Professor am Polytechnikum von Turin und Kulturmeister belebte er viele Jahre lang die T\u00e4tigkeit der Kunstsektion der di\u00f6zesanen liturgischen Kommission im Dienst einer Liturgie, die die Person wertsch\u00e4tzt.<\/p>\n<p>[\/et_pb_text][\/et_pb_column][\/et_pb_row][et_pb_row _builder_version=&#8220;4.16.1&#8243; _module_preset=&#8220;default&#8220; global_colors_info=&#8220;{}&#8220;][et_pb_column type=&#8220;4_4&#8243; _builder_version=&#8220;4.16.1&#8243; _module_preset=&#8220;default&#8220; global_colors_info=&#8220;{}&#8220;][et_pb_image src=&#8220;https:\/\/visitmurazzano.it\/wp-content\/uploads\/2023\/09\/una_volta_in_langa_new.jpg&#8220; alt=&#8220;una_volta_in_langa_new&#8220; title_text=&#8220;una_volta_in_langa_new&#8220; _builder_version=&#8220;4.22.2&#8243; _module_preset=&#8220;default&#8220; hover_enabled=&#8220;0&#8243; global_colors_info=&#8220;{}&#8220; sticky_enabled=&#8220;0&#8243;][\/et_pb_image][\/et_pb_column][\/et_pb_row][\/et_pb_section]<\/p>\n","protected":false},"excerpt":{"rendered":"<p>Murazzano gesternIn alten Dokumenten wird Murazzano erstmals 900 im ber\u00fchmten Diplom von Otto I. erw\u00e4hnt, als es von Sarazeneneinf\u00e4llen heimgesucht wurde.Es war Teil der Marca Aleramica und kam 1210 unter die Kontrolle der Markgrafen von Saluzzo, bis es 1463 von Savoyen gekauft und aufgrund seiner strategischen Lage als \u201eSchild und Schl\u00fcssel des Piemont\u201c bezeichnet wurde. [&hellip;]<\/p>\n","protected":false},"author":1,"featured_media":0,"parent":0,"menu_order":0,"comment_status":"closed","ping_status":"closed","template":"","meta":{"_et_pb_use_builder":"on","_et_pb_old_content":"","_et_gb_content_width":"","footnotes":""},"class_list":["post-2476","page","type-page","status-publish","hentry"],"yoast_head":"<!-- This site is optimized with the Yoast SEO plugin v26.7 - https:\/\/yoast.com\/wordpress\/plugins\/seo\/ -->\n<title>Visit Murazzano | Die Urspr\u00fcnge und die faszinierende Geschichte unseres Dorfes<\/title>\n<meta name=\"description\" content=\"Murazzano ist reich an Zeugnissen und Traditionen. Entdecken Sie die Urspr\u00fcnge und ber\u00fchmten Pers\u00f6nlichkeiten, die im zweith\u00f6chsten Dorf der Langhe Geschichte geschrieben haben.\" \/>\n<meta name=\"robots\" content=\"index, follow, max-snippet:-1, max-image-preview:large, max-video-preview:-1\" \/>\n<link rel=\"canonical\" href=\"https:\/\/visitmurazzano.it\/de\/murazzano-gestern\/\" \/>\n<meta property=\"og:locale\" content=\"de_DE\" \/>\n<meta property=\"og:type\" content=\"article\" \/>\n<meta property=\"og:title\" content=\"Visit Murazzano | Die Urspr\u00fcnge und die faszinierende Geschichte unseres Dorfes\" \/>\n<meta property=\"og:description\" content=\"Murazzano ist reich an Zeugnissen und Traditionen. Entdecken Sie die Urspr\u00fcnge und ber\u00fchmten Pers\u00f6nlichkeiten, die im zweith\u00f6chsten Dorf der Langhe Geschichte geschrieben haben.\" \/>\n<meta property=\"og:url\" content=\"https:\/\/visitmurazzano.it\/de\/murazzano-gestern\/\" \/>\n<meta property=\"og:site_name\" content=\"Visit Murazzano\" \/>\n<meta property=\"article:modified_time\" content=\"2025-04-02T12:09:48+00:00\" \/>\n<meta name=\"twitter:card\" content=\"summary_large_image\" \/>\n<meta name=\"twitter:label1\" content=\"Gesch\u00e4tzte Lesezeit\" \/>\n\t<meta name=\"twitter:data1\" content=\"7\u00a0Minuten\" \/>\n<script type=\"application\/ld+json\" class=\"yoast-schema-graph\">{\"@context\":\"https:\/\/schema.org\",\"@graph\":[{\"@type\":\"WebPage\",\"@id\":\"https:\/\/visitmurazzano.it\/de\/murazzano-gestern\/\",\"url\":\"https:\/\/visitmurazzano.it\/de\/murazzano-gestern\/\",\"name\":\"Visit Murazzano | Die Urspr\u00fcnge und die faszinierende Geschichte unseres Dorfes\",\"isPartOf\":{\"@id\":\"https:\/\/visitmurazzano.it\/de\/#website\"},\"datePublished\":\"2022-02-16T08:26:21+00:00\",\"dateModified\":\"2025-04-02T12:09:48+00:00\",\"description\":\"Murazzano ist reich an Zeugnissen und Traditionen. Entdecken Sie die Urspr\u00fcnge und ber\u00fchmten Pers\u00f6nlichkeiten, die im zweith\u00f6chsten Dorf der Langhe Geschichte geschrieben haben.\",\"breadcrumb\":{\"@id\":\"https:\/\/visitmurazzano.it\/de\/murazzano-gestern\/#breadcrumb\"},\"inLanguage\":\"de\",\"potentialAction\":[{\"@type\":\"ReadAction\",\"target\":[\"https:\/\/visitmurazzano.it\/de\/murazzano-gestern\/\"]}]},{\"@type\":\"BreadcrumbList\",\"@id\":\"https:\/\/visitmurazzano.it\/de\/murazzano-gestern\/#breadcrumb\",\"itemListElement\":[{\"@type\":\"ListItem\",\"position\":1,\"name\":\"Home\",\"item\":\"https:\/\/visitmurazzano.it\/de\/\"},{\"@type\":\"ListItem\",\"position\":2,\"name\":\"Murazzano gestern\"}]},{\"@type\":\"WebSite\",\"@id\":\"https:\/\/visitmurazzano.it\/de\/#website\",\"url\":\"https:\/\/visitmurazzano.it\/de\/\",\"name\":\"Visit Murazzano\",\"description\":\"Sito turistico Murazzano\",\"publisher\":{\"@id\":\"https:\/\/visitmurazzano.it\/de\/#organization\"},\"potentialAction\":[{\"@type\":\"SearchAction\",\"target\":{\"@type\":\"EntryPoint\",\"urlTemplate\":\"https:\/\/visitmurazzano.it\/de\/?s={search_term_string}\"},\"query-input\":{\"@type\":\"PropertyValueSpecification\",\"valueRequired\":true,\"valueName\":\"search_term_string\"}}],\"inLanguage\":\"de\"},{\"@type\":\"Organization\",\"@id\":\"https:\/\/visitmurazzano.it\/de\/#organization\",\"name\":\"Murazzano\",\"url\":\"https:\/\/visitmurazzano.it\/de\/\",\"logo\":{\"@type\":\"ImageObject\",\"inLanguage\":\"de\",\"@id\":\"https:\/\/visitmurazzano.it\/de\/#\/schema\/logo\/image\/\",\"url\":\"https:\/\/visitmurazzano.it\/wp-content\/uploads\/2022\/05\/logo-murazzano.jpg\",\"contentUrl\":\"https:\/\/visitmurazzano.it\/wp-content\/uploads\/2022\/05\/logo-murazzano.jpg\",\"width\":75,\"height\":90,\"caption\":\"Murazzano\"},\"image\":{\"@id\":\"https:\/\/visitmurazzano.it\/de\/#\/schema\/logo\/image\/\"}}]}<\/script>\n<!-- \/ Yoast SEO plugin. -->","yoast_head_json":{"title":"Visit Murazzano | Die Urspr\u00fcnge und die faszinierende Geschichte unseres Dorfes","description":"Murazzano ist reich an Zeugnissen und Traditionen. Entdecken Sie die Urspr\u00fcnge und ber\u00fchmten Pers\u00f6nlichkeiten, die im zweith\u00f6chsten Dorf der Langhe Geschichte geschrieben haben.","robots":{"index":"index","follow":"follow","max-snippet":"max-snippet:-1","max-image-preview":"max-image-preview:large","max-video-preview":"max-video-preview:-1"},"canonical":"https:\/\/visitmurazzano.it\/de\/murazzano-gestern\/","og_locale":"de_DE","og_type":"article","og_title":"Visit Murazzano | Die Urspr\u00fcnge und die faszinierende Geschichte unseres Dorfes","og_description":"Murazzano ist reich an Zeugnissen und Traditionen. Entdecken Sie die Urspr\u00fcnge und ber\u00fchmten Pers\u00f6nlichkeiten, die im zweith\u00f6chsten Dorf der Langhe Geschichte geschrieben haben.","og_url":"https:\/\/visitmurazzano.it\/de\/murazzano-gestern\/","og_site_name":"Visit Murazzano","article_modified_time":"2025-04-02T12:09:48+00:00","twitter_card":"summary_large_image","twitter_misc":{"Gesch\u00e4tzte Lesezeit":"7\u00a0Minuten"},"schema":{"@context":"https:\/\/schema.org","@graph":[{"@type":"WebPage","@id":"https:\/\/visitmurazzano.it\/de\/murazzano-gestern\/","url":"https:\/\/visitmurazzano.it\/de\/murazzano-gestern\/","name":"Visit Murazzano | Die Urspr\u00fcnge und die faszinierende Geschichte unseres Dorfes","isPartOf":{"@id":"https:\/\/visitmurazzano.it\/de\/#website"},"datePublished":"2022-02-16T08:26:21+00:00","dateModified":"2025-04-02T12:09:48+00:00","description":"Murazzano ist reich an Zeugnissen und Traditionen. Entdecken Sie die Urspr\u00fcnge und ber\u00fchmten Pers\u00f6nlichkeiten, die im zweith\u00f6chsten Dorf der Langhe Geschichte geschrieben haben.","breadcrumb":{"@id":"https:\/\/visitmurazzano.it\/de\/murazzano-gestern\/#breadcrumb"},"inLanguage":"de","potentialAction":[{"@type":"ReadAction","target":["https:\/\/visitmurazzano.it\/de\/murazzano-gestern\/"]}]},{"@type":"BreadcrumbList","@id":"https:\/\/visitmurazzano.it\/de\/murazzano-gestern\/#breadcrumb","itemListElement":[{"@type":"ListItem","position":1,"name":"Home","item":"https:\/\/visitmurazzano.it\/de\/"},{"@type":"ListItem","position":2,"name":"Murazzano gestern"}]},{"@type":"WebSite","@id":"https:\/\/visitmurazzano.it\/de\/#website","url":"https:\/\/visitmurazzano.it\/de\/","name":"Visit Murazzano","description":"Sito turistico Murazzano","publisher":{"@id":"https:\/\/visitmurazzano.it\/de\/#organization"},"potentialAction":[{"@type":"SearchAction","target":{"@type":"EntryPoint","urlTemplate":"https:\/\/visitmurazzano.it\/de\/?s={search_term_string}"},"query-input":{"@type":"PropertyValueSpecification","valueRequired":true,"valueName":"search_term_string"}}],"inLanguage":"de"},{"@type":"Organization","@id":"https:\/\/visitmurazzano.it\/de\/#organization","name":"Murazzano","url":"https:\/\/visitmurazzano.it\/de\/","logo":{"@type":"ImageObject","inLanguage":"de","@id":"https:\/\/visitmurazzano.it\/de\/#\/schema\/logo\/image\/","url":"https:\/\/visitmurazzano.it\/wp-content\/uploads\/2022\/05\/logo-murazzano.jpg","contentUrl":"https:\/\/visitmurazzano.it\/wp-content\/uploads\/2022\/05\/logo-murazzano.jpg","width":75,"height":90,"caption":"Murazzano"},"image":{"@id":"https:\/\/visitmurazzano.it\/de\/#\/schema\/logo\/image\/"}}]}},"_links":{"self":[{"href":"https:\/\/visitmurazzano.it\/de\/wp-json\/wp\/v2\/pages\/2476","targetHints":{"allow":["GET"]}}],"collection":[{"href":"https:\/\/visitmurazzano.it\/de\/wp-json\/wp\/v2\/pages"}],"about":[{"href":"https:\/\/visitmurazzano.it\/de\/wp-json\/wp\/v2\/types\/page"}],"author":[{"embeddable":true,"href":"https:\/\/visitmurazzano.it\/de\/wp-json\/wp\/v2\/users\/1"}],"replies":[{"embeddable":true,"href":"https:\/\/visitmurazzano.it\/de\/wp-json\/wp\/v2\/comments?post=2476"}],"version-history":[{"count":3,"href":"https:\/\/visitmurazzano.it\/de\/wp-json\/wp\/v2\/pages\/2476\/revisions"}],"predecessor-version":[{"id":5340,"href":"https:\/\/visitmurazzano.it\/de\/wp-json\/wp\/v2\/pages\/2476\/revisions\/5340"}],"wp:attachment":[{"href":"https:\/\/visitmurazzano.it\/de\/wp-json\/wp\/v2\/media?parent=2476"}],"curies":[{"name":"wp","href":"https:\/\/api.w.org\/{rel}","templated":true}]}}