{"id":2478,"date":"2022-02-10T17:34:02","date_gmt":"2022-02-10T16:34:02","guid":{"rendered":"https:\/\/visitmurazzano.it\/murazzano-heute\/"},"modified":"2022-09-30T12:58:04","modified_gmt":"2022-09-30T10:58:04","slug":"murazzano-heute","status":"publish","type":"page","link":"https:\/\/visitmurazzano.it\/de\/murazzano-heute\/","title":{"rendered":"Murazzano heute"},"content":{"rendered":"\n[et_pb_section fb_built=&#8220;1&#8243; custom_padding_last_edited=&#8220;on|phone&#8220; admin_label=&#8220;Header&#8220; _builder_version=&#8220;4.16&#8243; _module_preset=&#8220;default&#8220; use_background_color_gradient=&#8220;on&#8220; background_color_gradient_stops=&#8220;rgba(0,0,0,0.46) 0%|rgba(0,0,0,0.52) 100%&#8220; background_color_gradient_overlays_image=&#8220;on&#8220; background_color_gradient_start=&#8220;rgba(0,0,0,0.46)&#8220; background_color_gradient_end=&#8220;rgba(0,0,0,0.52)&#8220; background_image=&#8220;https:\/\/visitmurazzano.it\/wp-content\/uploads\/2022\/02\/murazzano-oggi-1.jpg&#8220; custom_padding=&#8220;120px||120px||true|false&#8220; custom_padding_tablet=&#8220;35px||35px||true|false&#8220; custom_padding_phone=&#8220;15px||15px||true|false&#8220; locked=&#8220;off&#8220; global_colors_info=&#8220;{}&#8220;][et_pb_row _builder_version=&#8220;4.16&#8243; _module_preset=&#8220;default&#8220; global_colors_info=&#8220;{}&#8220;][et_pb_column type=&#8220;4_4&#8243; _builder_version=&#8220;4.16&#8243; _module_preset=&#8220;default&#8220; global_colors_info=&#8220;{}&#8220;][et_pb_text _builder_version=&#8220;4.16&#8243; _module_preset=&#8220;d72c0383-6487-4f2c-ac5c-7d48a6376757&#8243; header_font=&#8220;Playfair Display||||||||&#8220; header_text_color=&#8220;#FFFFFF&#8220; header_font_size=&#8220;56px&#8220; animation_direction=&#8220;top&#8220; header_font_size_tablet=&#8220;10vw&#8220; header_font_size_phone=&#8220;&#8220; header_font_size_last_edited=&#8220;on|phone&#8220; global_colors_info=&#8220;{}&#8220;]<h1>Murazzano heute<\/h1>[\/et_pb_text][\/et_pb_column][\/et_pb_row][et_pb_row column_structure=&#8220;3_5,2_5&#8243; _builder_version=&#8220;4.16&#8243; _module_preset=&#8220;default&#8220; global_colors_info=&#8220;{}&#8220;][et_pb_column type=&#8220;3_5&#8243; _builder_version=&#8220;4.16&#8243; _module_preset=&#8220;default&#8220; global_colors_info=&#8220;{}&#8220;][et_pb_text _builder_version=&#8220;4.16&#8243; _module_preset=&#8220;default&#8220; text_text_color=&#8220;#FFFFFF&#8220; text_font_size=&#8220;16px&#8220; text_line_height=&#8220;1.4em&#8220; global_colors_info=&#8220;{}&#8220;]<p>Willkommen im Zuhause von <strong>#BuonVivere.<\/strong> Der poetische Charme der Langhe ist von der <strong>UNESCO<\/strong> als <strong>Weltkulturerbe anerkannt.<\/strong><\/p>\n<p>Murazzano ist das Herz der Alta Langa und der <strong>zweith\u00f6chste Gipfel.<\/strong> Das Erreichen unseres Dorfes bedeutet, <strong>einen der spektakul\u00e4rsten Aussichtspunkte<\/strong> aller Zeiten zu erklimmen, den man nicht vergessen kann. Unabh\u00e4ngig von der Dauer Ihres Aufenthaltes finden Sie hier Attraktionen, \u00dcberraschungen, guten Wein und gutes Essen. <strong>Erfreuen Sie sich an exklusiven Gourmetpausen, verw\u00f6hnen Sie Ihre Sinne, entdecken Sie den authentischen Kontakt mit der Natur neu und erleben Sie die \u00e4ltesten Traditionen.<\/strong><\/p>[\/et_pb_text][\/et_pb_column][et_pb_column type=&#8220;2_5&#8243; _builder_version=&#8220;4.16&#8243; _module_preset=&#8220;default&#8220; global_colors_info=&#8220;{}&#8220;][\/et_pb_column][\/et_pb_row][\/et_pb_section][et_pb_section fb_built=&#8220;1&#8243; admin_label=&#8220;Mission&#8220; _builder_version=&#8220;4.16&#8243; _module_preset=&#8220;default&#8220; custom_padding=&#8220;||0px|||&#8220; locked=&#8220;off&#8220; global_colors_info=&#8220;{}&#8220;][et_pb_row column_structure=&#8220;1_2,1_2&#8243; _builder_version=&#8220;4.16.0&#8243; _module_preset=&#8220;default&#8220; hover_enabled=&#8220;0&#8243; global_colors_info=&#8220;{}&#8220; sticky_enabled=&#8220;0&#8243;][et_pb_column type=&#8220;1_2&#8243; _builder_version=&#8220;4.16.0&#8243; _module_preset=&#8220;default&#8220; custom_padding=&#8220;60px||||false|false&#8220; custom_padding_tablet=&#8220;0px||||false|false&#8220; custom_padding_phone=&#8220;0px||||false|false&#8220; custom_padding_last_edited=&#8220;on|desktop&#8220; hover_enabled=&#8220;0&#8243; global_colors_info=&#8220;{}&#8220; sticky_enabled=&#8220;0&#8243;][et_pb_text _builder_version=&#8220;4.16&#8243; _module_preset=&#8220;16a54059-cc81-4572-9c70-eda6a6c419bf&#8220; text_text_color=&#8220;rgba(0,0,0,0.8)&#8220; text_font_size=&#8220;16px&#8220; text_line_height=&#8220;1.6em&#8220; custom_padding=&#8220;||0px|||&#8220; text_font_size_tablet=&#8220;15px&#8220; text_font_size_phone=&#8220;13px&#8220; text_font_size_last_edited=&#8220;on|phone&#8220; header_font_size_tablet=&#8220;55px&#8220; header_font_size_last_edited=&#8220;off|desktop&#8220; locked=&#8220;off&#8220; global_colors_info=&#8220;{}&#8220;]<p>Erklimmen Sie die Spitze unseres 33 Meter hohen <strong>mittelalterlichen Turms<\/strong> und entdecken Sie seine lange und bewegte Geschichte voller Charme. Ein au\u00dfergew\u00f6hnlicher Blick auf die Alpen und dar\u00fcber hinaus erwartet Sie: Es ist kurios, aber von der Alta Langa aus k\u00f6nnen <strong>Sie das Meer sehen.<\/strong> Bewundern Sie die Pracht des <strong>Heiligtums der Heiligen Jungfrau von Hal,<\/strong> ein architektonisches Meisterwerk von gro\u00dfem Wert. Entdecken Sie eindrucksvolle Ausblicke und sehr interessante Architekturen, wie den Palazzo Tovegni und die mittelalterliche T\u00fcr Bullaria und T\u00fcr di Busignano. Tauchen Sie ein in unsere kleine Ecke <strong>Afrikas,<\/strong> den <strong>Safaripark<\/strong>, der von unglaublichen Tieren aus aller Welt bewohnt wird.<\/p>[\/et_pb_text][\/et_pb_column][et_pb_column type=&#8220;1_2&#8243; _builder_version=&#8220;4.16&#8243; _module_preset=&#8220;default&#8220; global_colors_info=&#8220;{}&#8220;][et_pb_image src=&#8220;https:\/\/visitmurazzano.it\/wp-content\/uploads\/2022\/02\/tramonto-murazzano.jpg&#8220; title_text=&#8220;sonnenuntergang-murazzano&#8220; _builder_version=&#8220;4.16&#8243; _module_preset=&#8220;default&#8220; global_colors_info=&#8220;{}&#8220;][\/et_pb_image][\/et_pb_column][\/et_pb_row][et_pb_row column_structure=&#8220;1_2,1_2&#8243; _builder_version=&#8220;4.16&#8243; _module_preset=&#8220;default&#8220; global_colors_info=&#8220;{}&#8220;][et_pb_column type=&#8220;1_2&#8243; _builder_version=&#8220;4.16&#8243; _module_preset=&#8220;default&#8220; global_colors_info=&#8220;{}&#8220;][et_pb_image src=&#8220;https:\/\/visitmurazzano.it\/wp-content\/uploads\/2022\/02\/murazzano-oggi-langhe.jpg&#8220; alt=&#8220;murazzano&#8220; title_text=&#8220;murazzano-heute-langhe&#8220; _builder_version=&#8220;4.16&#8243; _module_preset=&#8220;default&#8220; global_colors_info=&#8220;{}&#8220;][\/et_pb_image][\/et_pb_column][et_pb_column type=&#8220;1_2&#8243; _builder_version=&#8220;4.16&#8243; _module_preset=&#8220;default&#8220; custom_padding=&#8220;30px||||false|false&#8220; custom_padding_tablet=&#8220;0px||||false|false&#8220; custom_padding_phone=&#8220;0px||||false|false&#8220; custom_padding_last_edited=&#8220;on|tablet&#8220; global_colors_info=&#8220;{}&#8220;][et_pb_text _builder_version=&#8220;4.16&#8243; _module_preset=&#8220;16a54059-cc81-4572-9c70-eda6a6c419bf&#8220; text_text_color=&#8220;rgba(0,0,0,0.8)&#8220; text_font_size=&#8220;16px&#8220; text_line_height=&#8220;1.6em&#8220; custom_padding=&#8220;||0px|||&#8220; text_font_size_tablet=&#8220;15px&#8220; text_font_size_phone=&#8220;13px&#8220; text_font_size_last_edited=&#8220;on|phone&#8220; header_font_size_tablet=&#8220;55px&#8220; header_font_size_last_edited=&#8220;off|desktop&#8220; locked=&#8220;off&#8220; global_colors_info=&#8220;{}&#8220;]<p>F\u00fcr uns braucht #BuonVivere keine Erkl\u00e4rungen, es ist f\u00fcr uns selbstverst\u00e4ndlich. Es ist etwas so Au\u00dfergew\u00f6hnliches, dass es nur durch das Leben verstanden werden kann.<br>Aber wir k\u00f6nnen es in drei Worten zusammenfassen:<\/p>\n<ul>\n<li><strong>LIVE<\/strong>. Hier erleben Sie das wahre Leben im Einklang mit der umgebenden Natur.<\/li>\n<li><strong>MORE<\/strong>. Hier ist alles \u201emehr\u201c. Die Speisen seien \u201eam urspr\u00fcnglichsten und k\u00f6stlichsten\u201c, die Weine \u201eam begehrtesten\u201c, die Landschaft \u201eam idyllischsten\u201c.<\/li>\n<li><strong>REAL<\/strong>. Hier ist alles echt. Jeder Moment verdient es, in vollen Z\u00fcgen gelebt zu werden, jeder Moment wird in Ihrem Herzen bleiben.<\/li>\n<\/ul>[\/et_pb_text][\/et_pb_column][\/et_pb_row][\/et_pb_section][et_pb_section fb_built=&#8220;1&#8243; _builder_version=&#8220;4.16&#8243; _module_preset=&#8220;default&#8220; custom_padding=&#8220;0px|||||&#8220; global_colors_info=&#8220;{}&#8220;][et_pb_row column_structure=&#8220;1_2,1_2&#8243; _builder_version=&#8220;4.16&#8243; _module_preset=&#8220;default&#8220; global_colors_info=&#8220;{}&#8220;][et_pb_column type=&#8220;1_2&#8243; _builder_version=&#8220;4.16&#8243; _module_preset=&#8220;default&#8220; custom_padding=&#8220;||||false|false&#8220; custom_padding_tablet=&#8220;0px||||false|false&#8220; custom_padding_phone=&#8220;0px||||false|false&#8220; custom_padding_last_edited=&#8220;on|desktop&#8220; global_colors_info=&#8220;{}&#8220;][et_pb_text _builder_version=&#8220;4.16&#8243; _module_preset=&#8220;16a54059-cc81-4572-9c70-eda6a6c419bf&#8220; text_text_color=&#8220;rgba(0,0,0,0.8)&#8220; text_font_size=&#8220;16px&#8220; text_line_height=&#8220;1.6em&#8220; custom_padding=&#8220;||0px|||&#8220; text_font_size_tablet=&#8220;15px&#8220; text_font_size_phone=&#8220;13px&#8220; text_font_size_last_edited=&#8220;on|desktop&#8220; header_font_size_tablet=&#8220;55px&#8220; header_font_size_last_edited=&#8220;off|desktop&#8220; locked=&#8220;off&#8220; global_colors_info=&#8220;{}&#8220;]<p>In unserem magischen Land <strong>vermischt sich die Geschichte des Bodens mit der Geschichte seiner Menschen.<\/strong> Das Land Langa war schon immer schwierig und erm\u00fcdend zu arbeiten. Sehen Sie sich die Seiten des Werks La Malora von Fenogliana an, die daran erinnern, wie schwierig das Leben auf den Feldern in den 1950er Jahren war, Opfer der Armut, des schrecklichsten Elends und ohne jede Gewissheit.<br>Mit beneidenswerter <strong>Geduld<\/strong> und gro\u00dfer <strong>Akribie<\/strong> hat der Mensch im Laufe der Zeit die steilen und unwirtlichen H\u00e4nge der H\u00fcgel geformt. Und hier ist heute die <strong>Malora zu Reichtum geworden<\/strong> und die Langhe haben sich in einen Ort der Sch\u00f6nheit, Kunst und Kultur verwandelt.<\/p>\n<p><strong>Von hier aus beginnt Ihre Reise in unser Land.<\/strong><br><strong>Hier beginnt #BuonVivere.<\/strong><\/p>[\/et_pb_text][\/et_pb_column][et_pb_column type=&#8220;1_2&#8243; _builder_version=&#8220;4.16&#8243; _module_preset=&#8220;default&#8220; global_colors_info=&#8220;{}&#8220;][et_pb_image src=&#8220;https:\/\/visitmurazzano.it\/wp-content\/uploads\/2022\/04\/murazzano-inverno.jpg&#8220; title_text=&#8220;murazzano-winter&#8220; _builder_version=&#8220;4.16.0&#8243; _module_preset=&#8220;default&#8220; hover_enabled=&#8220;0&#8243; global_colors_info=&#8220;{}&#8220; alt=&#8220;murazzano im winter&#8220; sticky_enabled=&#8220;0&#8243;][\/et_pb_image][\/et_pb_column][\/et_pb_row][et_pb_row _builder_version=&#8220;4.16&#8243; _module_preset=&#8220;default&#8220; custom_padding=&#8220;||0px||false|false&#8220; global_colors_info=&#8220;{}&#8220;][et_pb_column type=&#8220;4_4&#8243; _builder_version=&#8220;4.16&#8243; _module_preset=&#8220;default&#8220; global_colors_info=&#8220;{}&#8220;][et_pb_text _builder_version=&#8220;4.16&#8243; _module_preset=&#8220;default&#8220; text_font=&#8220;|700||on|||||&#8220; text_text_color=&#8220;#000000&#8243; text_font_size=&#8220;16px&#8220; text_font_size_tablet=&#8220;15px&#8220; text_font_size_phone=&#8220;13px&#8220; text_font_size_last_edited=&#8220;on|phone&#8220; global_colors_info=&#8220;{}&#8220;]<p>die gemeinde in k\u00fcrze<\/p>[\/et_pb_text][\/et_pb_column][\/et_pb_row][et_pb_row column_structure=&#8220;1_2,1_2&#8243; _builder_version=&#8220;4.16&#8243; _module_preset=&#8220;default&#8220; custom_padding=&#8220;0px||||false|false&#8220; global_colors_info=&#8220;{}&#8220;][et_pb_column type=&#8220;1_2&#8243; _builder_version=&#8220;4.16&#8243; _module_preset=&#8220;default&#8220; global_colors_info=&#8220;{}&#8220;][et_pb_image src=&#8220;https:\/\/visitmurazzano.it\/wp-content\/uploads\/2022\/02\/01.jpeg&#8220; alt=&#8220;Murazzano&#8220; title_text=&#8220;Murazzano&#8220; url=&#8220;https:\/\/visitmurazzano.it\/wp-content\/uploads\/2022\/02\/cartina_turistica_01.pdf&#8220; url_new_window=&#8220;on&#8220; _builder_version=&#8220;4.16&#8243; _module_preset=&#8220;default&#8220; global_colors_info=&#8220;{}&#8220;][\/et_pb_image][\/et_pb_column][et_pb_column type=&#8220;1_2&#8243; _builder_version=&#8220;4.16&#8243; _module_preset=&#8220;default&#8220; global_colors_info=&#8220;{}&#8220;][et_pb_image src=&#8220;https:\/\/visitmurazzano.it\/wp-content\/uploads\/2022\/02\/02.jpeg&#8220; alt=&#8220;Murazzano&#8220; title_text=&#8220;Murazzano&#8220; url=&#8220;https:\/\/visitmurazzano.it\/wp-content\/uploads\/2022\/02\/cartina_turistica_02.pdf&#8220; url_new_window=&#8220;on&#8220; _builder_version=&#8220;4.16&#8243; _module_preset=&#8220;default&#8220; global_colors_info=&#8220;{}&#8220;][\/et_pb_image][\/et_pb_column][\/et_pb_row][\/et_pb_section]\n","protected":false},"excerpt":{"rendered":"<p>Murazzano heuteWillkommen im Zuhause von #BuonVivere. Der poetische Charme der Langhe ist von der UNESCO als Weltkulturerbe anerkannt. Murazzano ist das Herz der Alta Langa und der zweith\u00f6chste Gipfel. Das Erreichen unseres Dorfes bedeutet, einen der spektakul\u00e4rsten Aussichtspunkte aller Zeiten zu erklimmen, den man nicht vergessen kann. Unabh\u00e4ngig von der Dauer Ihres Aufenthaltes finden Sie [&hellip;]<\/p>\n","protected":false},"author":1,"featured_media":0,"parent":0,"menu_order":0,"comment_status":"closed","ping_status":"closed","template":"","meta":{"_et_pb_use_builder":"on","_et_pb_old_content":"","_et_gb_content_width":"","footnotes":""},"class_list":["post-2478","page","type-page","status-publish","hentry"],"yoast_head":"<!-- This site is optimized with the Yoast SEO plugin v26.7 - https:\/\/yoast.com\/wordpress\/plugins\/seo\/ -->\n<title>Visit Murazzano | Entdecken Sie Murazzano, das Dorf im Herzen von Alta Langa<\/title>\n<meta name=\"description\" content=\"Murazzano ist das Dorf im Herzen der Alta Langa, reich an Geschichte, Kunst, gutem Wein und ausgezeichnetem Essen. Erkunden Sie die Geb\u00e4ude und tauchen Sie ein in die Traditionen der Stadt.\" \/>\n<meta name=\"robots\" content=\"index, follow, max-snippet:-1, max-image-preview:large, max-video-preview:-1\" \/>\n<link rel=\"canonical\" href=\"https:\/\/visitmurazzano.it\/de\/murazzano-heute\/\" \/>\n<meta property=\"og:locale\" content=\"de_DE\" \/>\n<meta property=\"og:type\" content=\"article\" \/>\n<meta property=\"og:title\" content=\"Visit Murazzano | Entdecken Sie Murazzano, das Dorf im Herzen von Alta Langa\" \/>\n<meta property=\"og:description\" content=\"Murazzano ist das Dorf im Herzen der Alta Langa, reich an Geschichte, Kunst, gutem Wein und ausgezeichnetem Essen. Erkunden Sie die Geb\u00e4ude und tauchen Sie ein in die Traditionen der Stadt.\" \/>\n<meta property=\"og:url\" content=\"https:\/\/visitmurazzano.it\/de\/murazzano-heute\/\" \/>\n<meta property=\"og:site_name\" content=\"Visit Murazzano\" \/>\n<meta property=\"article:modified_time\" content=\"2022-09-30T10:58:04+00:00\" \/>\n<meta name=\"twitter:card\" content=\"summary_large_image\" \/>\n<meta name=\"twitter:label1\" content=\"Gesch\u00e4tzte Lesezeit\" \/>\n\t<meta name=\"twitter:data1\" content=\"7\u00a0Minuten\" \/>\n<script type=\"application\/ld+json\" class=\"yoast-schema-graph\">{\"@context\":\"https:\/\/schema.org\",\"@graph\":[{\"@type\":\"WebPage\",\"@id\":\"https:\/\/visitmurazzano.it\/de\/murazzano-heute\/\",\"url\":\"https:\/\/visitmurazzano.it\/de\/murazzano-heute\/\",\"name\":\"Visit Murazzano | Entdecken Sie Murazzano, das Dorf im Herzen von Alta Langa\",\"isPartOf\":{\"@id\":\"https:\/\/visitmurazzano.it\/de\/#website\"},\"datePublished\":\"2022-02-10T16:34:02+00:00\",\"dateModified\":\"2022-09-30T10:58:04+00:00\",\"description\":\"Murazzano ist das Dorf im Herzen der Alta Langa, reich an Geschichte, Kunst, gutem Wein und ausgezeichnetem Essen. Erkunden Sie die Geb\u00e4ude und tauchen Sie ein in die Traditionen der Stadt.\",\"breadcrumb\":{\"@id\":\"https:\/\/visitmurazzano.it\/de\/murazzano-heute\/#breadcrumb\"},\"inLanguage\":\"de\",\"potentialAction\":[{\"@type\":\"ReadAction\",\"target\":[\"https:\/\/visitmurazzano.it\/de\/murazzano-heute\/\"]}]},{\"@type\":\"BreadcrumbList\",\"@id\":\"https:\/\/visitmurazzano.it\/de\/murazzano-heute\/#breadcrumb\",\"itemListElement\":[{\"@type\":\"ListItem\",\"position\":1,\"name\":\"Home\",\"item\":\"https:\/\/visitmurazzano.it\/de\/\"},{\"@type\":\"ListItem\",\"position\":2,\"name\":\"Murazzano heute\"}]},{\"@type\":\"WebSite\",\"@id\":\"https:\/\/visitmurazzano.it\/de\/#website\",\"url\":\"https:\/\/visitmurazzano.it\/de\/\",\"name\":\"Visit Murazzano\",\"description\":\"Sito turistico Murazzano\",\"publisher\":{\"@id\":\"https:\/\/visitmurazzano.it\/de\/#organization\"},\"potentialAction\":[{\"@type\":\"SearchAction\",\"target\":{\"@type\":\"EntryPoint\",\"urlTemplate\":\"https:\/\/visitmurazzano.it\/de\/?s={search_term_string}\"},\"query-input\":{\"@type\":\"PropertyValueSpecification\",\"valueRequired\":true,\"valueName\":\"search_term_string\"}}],\"inLanguage\":\"de\"},{\"@type\":\"Organization\",\"@id\":\"https:\/\/visitmurazzano.it\/de\/#organization\",\"name\":\"Murazzano\",\"url\":\"https:\/\/visitmurazzano.it\/de\/\",\"logo\":{\"@type\":\"ImageObject\",\"inLanguage\":\"de\",\"@id\":\"https:\/\/visitmurazzano.it\/de\/#\/schema\/logo\/image\/\",\"url\":\"https:\/\/visitmurazzano.it\/wp-content\/uploads\/2022\/05\/logo-murazzano.jpg\",\"contentUrl\":\"https:\/\/visitmurazzano.it\/wp-content\/uploads\/2022\/05\/logo-murazzano.jpg\",\"width\":75,\"height\":90,\"caption\":\"Murazzano\"},\"image\":{\"@id\":\"https:\/\/visitmurazzano.it\/de\/#\/schema\/logo\/image\/\"}}]}<\/script>\n<!-- \/ Yoast SEO plugin. -->","yoast_head_json":{"title":"Visit Murazzano | Entdecken Sie Murazzano, das Dorf im Herzen von Alta Langa","description":"Murazzano ist das Dorf im Herzen der Alta Langa, reich an Geschichte, Kunst, gutem Wein und ausgezeichnetem Essen. Erkunden Sie die Geb\u00e4ude und tauchen Sie ein in die Traditionen der Stadt.","robots":{"index":"index","follow":"follow","max-snippet":"max-snippet:-1","max-image-preview":"max-image-preview:large","max-video-preview":"max-video-preview:-1"},"canonical":"https:\/\/visitmurazzano.it\/de\/murazzano-heute\/","og_locale":"de_DE","og_type":"article","og_title":"Visit Murazzano | Entdecken Sie Murazzano, das Dorf im Herzen von Alta Langa","og_description":"Murazzano ist das Dorf im Herzen der Alta Langa, reich an Geschichte, Kunst, gutem Wein und ausgezeichnetem Essen. Erkunden Sie die Geb\u00e4ude und tauchen Sie ein in die Traditionen der Stadt.","og_url":"https:\/\/visitmurazzano.it\/de\/murazzano-heute\/","og_site_name":"Visit Murazzano","article_modified_time":"2022-09-30T10:58:04+00:00","twitter_card":"summary_large_image","twitter_misc":{"Gesch\u00e4tzte Lesezeit":"7\u00a0Minuten"},"schema":{"@context":"https:\/\/schema.org","@graph":[{"@type":"WebPage","@id":"https:\/\/visitmurazzano.it\/de\/murazzano-heute\/","url":"https:\/\/visitmurazzano.it\/de\/murazzano-heute\/","name":"Visit Murazzano | Entdecken Sie Murazzano, das Dorf im Herzen von Alta Langa","isPartOf":{"@id":"https:\/\/visitmurazzano.it\/de\/#website"},"datePublished":"2022-02-10T16:34:02+00:00","dateModified":"2022-09-30T10:58:04+00:00","description":"Murazzano ist das Dorf im Herzen der Alta Langa, reich an Geschichte, Kunst, gutem Wein und ausgezeichnetem Essen. Erkunden Sie die Geb\u00e4ude und tauchen Sie ein in die Traditionen der Stadt.","breadcrumb":{"@id":"https:\/\/visitmurazzano.it\/de\/murazzano-heute\/#breadcrumb"},"inLanguage":"de","potentialAction":[{"@type":"ReadAction","target":["https:\/\/visitmurazzano.it\/de\/murazzano-heute\/"]}]},{"@type":"BreadcrumbList","@id":"https:\/\/visitmurazzano.it\/de\/murazzano-heute\/#breadcrumb","itemListElement":[{"@type":"ListItem","position":1,"name":"Home","item":"https:\/\/visitmurazzano.it\/de\/"},{"@type":"ListItem","position":2,"name":"Murazzano heute"}]},{"@type":"WebSite","@id":"https:\/\/visitmurazzano.it\/de\/#website","url":"https:\/\/visitmurazzano.it\/de\/","name":"Visit Murazzano","description":"Sito turistico Murazzano","publisher":{"@id":"https:\/\/visitmurazzano.it\/de\/#organization"},"potentialAction":[{"@type":"SearchAction","target":{"@type":"EntryPoint","urlTemplate":"https:\/\/visitmurazzano.it\/de\/?s={search_term_string}"},"query-input":{"@type":"PropertyValueSpecification","valueRequired":true,"valueName":"search_term_string"}}],"inLanguage":"de"},{"@type":"Organization","@id":"https:\/\/visitmurazzano.it\/de\/#organization","name":"Murazzano","url":"https:\/\/visitmurazzano.it\/de\/","logo":{"@type":"ImageObject","inLanguage":"de","@id":"https:\/\/visitmurazzano.it\/de\/#\/schema\/logo\/image\/","url":"https:\/\/visitmurazzano.it\/wp-content\/uploads\/2022\/05\/logo-murazzano.jpg","contentUrl":"https:\/\/visitmurazzano.it\/wp-content\/uploads\/2022\/05\/logo-murazzano.jpg","width":75,"height":90,"caption":"Murazzano"},"image":{"@id":"https:\/\/visitmurazzano.it\/de\/#\/schema\/logo\/image\/"}}]}},"_links":{"self":[{"href":"https:\/\/visitmurazzano.it\/de\/wp-json\/wp\/v2\/pages\/2478","targetHints":{"allow":["GET"]}}],"collection":[{"href":"https:\/\/visitmurazzano.it\/de\/wp-json\/wp\/v2\/pages"}],"about":[{"href":"https:\/\/visitmurazzano.it\/de\/wp-json\/wp\/v2\/types\/page"}],"author":[{"embeddable":true,"href":"https:\/\/visitmurazzano.it\/de\/wp-json\/wp\/v2\/users\/1"}],"replies":[{"embeddable":true,"href":"https:\/\/visitmurazzano.it\/de\/wp-json\/wp\/v2\/comments?post=2478"}],"version-history":[{"count":5,"href":"https:\/\/visitmurazzano.it\/de\/wp-json\/wp\/v2\/pages\/2478\/revisions"}],"predecessor-version":[{"id":2483,"href":"https:\/\/visitmurazzano.it\/de\/wp-json\/wp\/v2\/pages\/2478\/revisions\/2483"}],"wp:attachment":[{"href":"https:\/\/visitmurazzano.it\/de\/wp-json\/wp\/v2\/media?parent=2478"}],"curies":[{"name":"wp","href":"https:\/\/api.w.org\/{rel}","templated":true}]}}