{"id":2496,"date":"2022-03-18T11:35:47","date_gmt":"2022-03-18T10:35:47","guid":{"rendered":"https:\/\/visitmurazzano.it\/pfarrei-san-lorenzo\/"},"modified":"2022-09-30T14:14:40","modified_gmt":"2022-09-30T12:14:40","slug":"pfarrei-san-lorenzo","status":"publish","type":"page","link":"https:\/\/visitmurazzano.it\/de\/pfarrei-san-lorenzo\/","title":{"rendered":"Pfarrei San Lorenzo"},"content":{"rendered":"\n[et_pb_section fb_built=&#8220;1&#8243; custom_padding_last_edited=&#8220;on|phone&#8220; admin_label=&#8220;Header&#8220; _builder_version=&#8220;4.16.0&#8243; _module_preset=&#8220;default&#8220; use_background_color_gradient=&#8220;on&#8220; background_color_gradient_stops=&#8220;rgba(0,0,0,0.66) 0%|rgba(0,0,0,0.52) 100%&#8220; background_color_gradient_overlays_image=&#8220;on&#8220; background_color_gradient_start=&#8220;rgba(0,0,0,0.66)&#8220; background_color_gradient_end=&#8220;rgba(0,0,0,0.52)&#8220; background_image=&#8220;https:\/\/visitmurazzano.it\/wp-content\/uploads\/2022\/04\/Parrocchia-di-San-Lorenzo.jpg&#8220; custom_padding=&#8220;120px||120px||true|false&#8220; custom_padding_tablet=&#8220;35px||35px||true|false&#8220; custom_padding_phone=&#8220;15px||15px||true|false&#8220; locked=&#8220;off&#8220; global_colors_info=&#8220;{}&#8220;][et_pb_row _builder_version=&#8220;4.16&#8243; _module_preset=&#8220;default&#8220; global_colors_info=&#8220;{}&#8220;][et_pb_column type=&#8220;4_4&#8243; _builder_version=&#8220;4.16&#8243; _module_preset=&#8220;default&#8220; global_colors_info=&#8220;{}&#8220;][et_pb_text _builder_version=&#8220;4.16&#8243; _module_preset=&#8220;d72c0383-6487-4f2c-ac5c-7d48a6376757&#8243; header_font=&#8220;Playfair Display||||||||&#8220; header_text_color=&#8220;#FFFFFF&#8220; header_font_size=&#8220;56px&#8220; animation_direction=&#8220;top&#8220; header_font_size_tablet=&#8220;10vw&#8220; header_font_size_phone=&#8220;&#8220; header_font_size_last_edited=&#8220;on|phone&#8220; global_colors_info=&#8220;{}&#8220;]<h1>Pfarrei San Lorenzo<\/h1>[\/et_pb_text][\/et_pb_column][\/et_pb_row][et_pb_row column_structure=&#8220;2_3,1_3&#8243; _builder_version=&#8220;4.16&#8243; _module_preset=&#8220;default&#8220; global_colors_info=&#8220;{}&#8220;][et_pb_column type=&#8220;2_3&#8243; _builder_version=&#8220;4.16&#8243; _module_preset=&#8220;default&#8220; global_colors_info=&#8220;{}&#8220;][et_pb_text _builder_version=&#8220;4.16&#8243; _module_preset=&#8220;1d866de3-b108-4c5f-bed3-2da9506a6915&#8243; text_text_color=&#8220;#FFFFFF&#8220; text_font_size=&#8220;16px&#8220; header_font=&#8220;||||||||&#8220; header_4_font=&#8220;Merriweather||||||||&#8220; header_4_text_color=&#8220;#FFFFFF&#8220; header_4_line_height=&#8220;1.8em&#8220; header_4_font_size_tablet=&#8220;16px&#8220; header_4_font_size_phone=&#8220;14px&#8220; header_4_font_size_last_edited=&#8220;on|tablet&#8220; locked=&#8220;off&#8220; global_colors_info=&#8220;{}&#8220;]<p>Die ersten Nachrichten \u00fcber die <strong>Pfarrei San Lorenzo<\/strong> gehen auf ein Dokument aus dem Jahr 1409 zur\u00fcck, das im <em>\u201eRegistrum\u201c<\/em> der Isnardi-Konstitutionen enthalten ist und sie unter den Kirchen des <em>\u201ePlebatus Doliani\u201c<\/em> auflistet. Der Name der Kirche scheint von der Kathedrale von Alba \u00fcbernommen worden zu sein, die seit dem 10. Jahrhundert San Lorenzo gewidmet ist. Murazzano geh\u00f6rte der Di\u00f6zese der Stadt bis 1805, als sie durch die p\u00e4pstliche Bulle von Papst Pius VII. mit der Di\u00f6zese Mondov\u00ec vereinigt wurde. Die Pfarrei war wahrscheinlich viel kleiner als das heutige Geb\u00e4ude, das Ergebnis einer um 1671 durchgef\u00fchrten Erweiterung.<\/p>[\/et_pb_text][\/et_pb_column][et_pb_column type=&#8220;1_3&#8243; _builder_version=&#8220;4.16&#8243; _module_preset=&#8220;default&#8220; global_colors_info=&#8220;{}&#8220;][\/et_pb_column][\/et_pb_row][\/et_pb_section][et_pb_section fb_built=&#8220;1&#8243; admin_label=&#8220;Feature&#8220; _builder_version=&#8220;4.16&#8243; _module_preset=&#8220;default&#8220; locked=&#8220;off&#8220; global_colors_info=&#8220;{}&#8220;][et_pb_row column_structure=&#8220;1_2,1_2&#8243; _builder_version=&#8220;4.16&#8243; _module_preset=&#8220;default&#8220; global_colors_info=&#8220;{}&#8220;][et_pb_column type=&#8220;1_2&#8243; _builder_version=&#8220;4.16&#8243; _module_preset=&#8220;default&#8220; global_colors_info=&#8220;{}&#8220;][et_pb_image src=&#8220;https:\/\/visitmurazzano.it\/wp-content\/uploads\/2022\/04\/parrocchia-san-lorenzo.jpg&#8220; alt=&#8220;pfarrei San Lorenzo&#8220; title_text=&#8220;pfarrei-san-lorenzo&#8220; _builder_version=&#8220;4.16.1&#8243; _module_preset=&#8220;default&#8220; locked=&#8220;off&#8220; global_colors_info=&#8220;{}&#8220;][\/et_pb_image][\/et_pb_column][et_pb_column type=&#8220;1_2&#8243; _builder_version=&#8220;4.16&#8243; _module_preset=&#8220;default&#8220; custom_padding=&#8220;60px||||false|false&#8220; custom_padding_tablet=&#8220;0px||||false|false&#8220; custom_padding_phone=&#8220;&#8220; custom_padding_last_edited=&#8220;on|phone&#8220; global_colors_info=&#8220;{}&#8220;][et_pb_text _builder_version=&#8220;4.16&#8243; _module_preset=&#8220;32021f09-dd67-47fb-8f9a-832b72a38baf&#8220; text_text_color=&#8220;#000000&#8243; text_font_size=&#8220;16px&#8220; text_line_height=&#8220;1.4em&#8220; header_2_font=&#8220;Playfair Display|700|||||||&#8220; header_2_text_color=&#8220;gcid-c9411f34-b37e-4feb-a841-9533663e2403&#8243; header_2_font_size=&#8220;60px&#8220; header_2_line_height=&#8220;1.1em&#8220; header_5_font=&#8220;|700|||||||&#8220; header_5_font_size=&#8220;18px&#8220; custom_margin=&#8220;||10px||false|false&#8220; animation_direction=&#8220;left&#8220; header_2_font_size_tablet=&#8220;35px&#8220; header_2_font_size_phone=&#8220;22px&#8220; header_2_font_size_last_edited=&#8220;on|phone&#8220; locked=&#8220;off&#8220; global_colors_info=&#8220;{}&#8220;]<p>Das Innere der Kirche wurde in der zweiten H\u00e4lfte des 19. Jahrhunderts von dem Maler Luigi Hartman aus Chiavenna dekoriert. Im <strong>Barockstil<\/strong> ist sie reich geschm\u00fcckt und hat einige Seitenalt\u00e4re mit <strong>wertvollen Gem\u00e4lden<\/strong>, von denen eines, von einem unbekannten Maler, das Martyrium von San Lorenzo darstellt. Besondere Beachtung verdienen auch die einzelnen <strong>Kapellen.<\/strong> Eines dieser H\u00e4user beherbergt ein kleines Fresko, das aufgrund der konvexen Form wahrscheinlich auf einen Pylon gemalt wurde und die Madonna delle Grazie darstellt. Eine zweite Darstellung, die urspr\u00fcnglich in der Kapelle San Sebastiano vorhanden war, befindet sich in der N\u00e4he des Eingangs in der Kapelle rechts.<\/p>\n<p>Die Fassade ist das Werk des Ingenieurs Emilio Bruno aus dem Jahr 1928, w\u00e4hrend die Fresken vom Maler Carlo Morgari geschaffen wurden.<\/p>[\/et_pb_text][\/et_pb_column][\/et_pb_row][\/et_pb_section]\n","protected":false},"excerpt":{"rendered":"<p>Pfarrei San LorenzoDie ersten Nachrichten \u00fcber die Pfarrei San Lorenzo gehen auf ein Dokument aus dem Jahr 1409 zur\u00fcck, das im \u201eRegistrum\u201c der Isnardi-Konstitutionen enthalten ist und sie unter den Kirchen des \u201ePlebatus Doliani\u201c auflistet. Der Name der Kirche scheint von der Kathedrale von Alba \u00fcbernommen worden zu sein, die seit dem 10. Jahrhundert San [&hellip;]<\/p>\n","protected":false},"author":1,"featured_media":0,"parent":0,"menu_order":0,"comment_status":"closed","ping_status":"closed","template":"","meta":{"_et_pb_use_builder":"on","_et_pb_old_content":"","_et_gb_content_width":"","footnotes":""},"class_list":["post-2496","page","type-page","status-publish","hentry"],"yoast_head":"<!-- This site is optimized with the Yoast SEO plugin v26.7 - https:\/\/yoast.com\/wordpress\/plugins\/seo\/ -->\n<title>Visit Murazzano | Entdecken Sie die Pfarrei San Lorenzo<\/title>\n<meta name=\"description\" content=\"Erkunden Sie die Attraktionen von Murazzano. Die Pfarrkirche San Lorenzo ist ein altes Barockgeb\u00e4ude, das mit wertvollen Fresken geschm\u00fcckt ist.\" \/>\n<meta name=\"robots\" content=\"index, follow, max-snippet:-1, max-image-preview:large, max-video-preview:-1\" \/>\n<link rel=\"canonical\" href=\"https:\/\/visitmurazzano.it\/de\/pfarrei-san-lorenzo\/\" \/>\n<meta property=\"og:locale\" content=\"de_DE\" \/>\n<meta property=\"og:type\" content=\"article\" \/>\n<meta property=\"og:title\" content=\"Visit Murazzano | Entdecken Sie die Pfarrei San Lorenzo\" \/>\n<meta property=\"og:description\" content=\"Erkunden Sie die Attraktionen von Murazzano. Die Pfarrkirche San Lorenzo ist ein altes Barockgeb\u00e4ude, das mit wertvollen Fresken geschm\u00fcckt ist.\" \/>\n<meta property=\"og:url\" content=\"https:\/\/visitmurazzano.it\/de\/pfarrei-san-lorenzo\/\" \/>\n<meta property=\"og:site_name\" content=\"Visit Murazzano\" \/>\n<meta property=\"article:modified_time\" content=\"2022-09-30T12:14:40+00:00\" \/>\n<meta name=\"twitter:card\" content=\"summary_large_image\" \/>\n<meta name=\"twitter:label1\" content=\"Gesch\u00e4tzte Lesezeit\" \/>\n\t<meta name=\"twitter:data1\" content=\"4\u00a0Minuten\" \/>\n<script type=\"application\/ld+json\" class=\"yoast-schema-graph\">{\"@context\":\"https:\/\/schema.org\",\"@graph\":[{\"@type\":\"WebPage\",\"@id\":\"https:\/\/visitmurazzano.it\/de\/pfarrei-san-lorenzo\/\",\"url\":\"https:\/\/visitmurazzano.it\/de\/pfarrei-san-lorenzo\/\",\"name\":\"Visit Murazzano | Entdecken Sie die Pfarrei San Lorenzo\",\"isPartOf\":{\"@id\":\"https:\/\/visitmurazzano.it\/de\/#website\"},\"datePublished\":\"2022-03-18T10:35:47+00:00\",\"dateModified\":\"2022-09-30T12:14:40+00:00\",\"description\":\"Erkunden Sie die Attraktionen von Murazzano. Die Pfarrkirche San Lorenzo ist ein altes Barockgeb\u00e4ude, das mit wertvollen Fresken geschm\u00fcckt ist.\",\"breadcrumb\":{\"@id\":\"https:\/\/visitmurazzano.it\/de\/pfarrei-san-lorenzo\/#breadcrumb\"},\"inLanguage\":\"de\",\"potentialAction\":[{\"@type\":\"ReadAction\",\"target\":[\"https:\/\/visitmurazzano.it\/de\/pfarrei-san-lorenzo\/\"]}]},{\"@type\":\"BreadcrumbList\",\"@id\":\"https:\/\/visitmurazzano.it\/de\/pfarrei-san-lorenzo\/#breadcrumb\",\"itemListElement\":[{\"@type\":\"ListItem\",\"position\":1,\"name\":\"Home\",\"item\":\"https:\/\/visitmurazzano.it\/de\/\"},{\"@type\":\"ListItem\",\"position\":2,\"name\":\"Pfarrei San Lorenzo\"}]},{\"@type\":\"WebSite\",\"@id\":\"https:\/\/visitmurazzano.it\/de\/#website\",\"url\":\"https:\/\/visitmurazzano.it\/de\/\",\"name\":\"Visit Murazzano\",\"description\":\"Sito turistico Murazzano\",\"publisher\":{\"@id\":\"https:\/\/visitmurazzano.it\/de\/#organization\"},\"potentialAction\":[{\"@type\":\"SearchAction\",\"target\":{\"@type\":\"EntryPoint\",\"urlTemplate\":\"https:\/\/visitmurazzano.it\/de\/?s={search_term_string}\"},\"query-input\":{\"@type\":\"PropertyValueSpecification\",\"valueRequired\":true,\"valueName\":\"search_term_string\"}}],\"inLanguage\":\"de\"},{\"@type\":\"Organization\",\"@id\":\"https:\/\/visitmurazzano.it\/de\/#organization\",\"name\":\"Murazzano\",\"url\":\"https:\/\/visitmurazzano.it\/de\/\",\"logo\":{\"@type\":\"ImageObject\",\"inLanguage\":\"de\",\"@id\":\"https:\/\/visitmurazzano.it\/de\/#\/schema\/logo\/image\/\",\"url\":\"https:\/\/visitmurazzano.it\/wp-content\/uploads\/2022\/05\/logo-murazzano.jpg\",\"contentUrl\":\"https:\/\/visitmurazzano.it\/wp-content\/uploads\/2022\/05\/logo-murazzano.jpg\",\"width\":75,\"height\":90,\"caption\":\"Murazzano\"},\"image\":{\"@id\":\"https:\/\/visitmurazzano.it\/de\/#\/schema\/logo\/image\/\"}}]}<\/script>\n<!-- \/ Yoast SEO plugin. -->","yoast_head_json":{"title":"Visit Murazzano | Entdecken Sie die Pfarrei San Lorenzo","description":"Erkunden Sie die Attraktionen von Murazzano. Die Pfarrkirche San Lorenzo ist ein altes Barockgeb\u00e4ude, das mit wertvollen Fresken geschm\u00fcckt ist.","robots":{"index":"index","follow":"follow","max-snippet":"max-snippet:-1","max-image-preview":"max-image-preview:large","max-video-preview":"max-video-preview:-1"},"canonical":"https:\/\/visitmurazzano.it\/de\/pfarrei-san-lorenzo\/","og_locale":"de_DE","og_type":"article","og_title":"Visit Murazzano | Entdecken Sie die Pfarrei San Lorenzo","og_description":"Erkunden Sie die Attraktionen von Murazzano. Die Pfarrkirche San Lorenzo ist ein altes Barockgeb\u00e4ude, das mit wertvollen Fresken geschm\u00fcckt ist.","og_url":"https:\/\/visitmurazzano.it\/de\/pfarrei-san-lorenzo\/","og_site_name":"Visit Murazzano","article_modified_time":"2022-09-30T12:14:40+00:00","twitter_card":"summary_large_image","twitter_misc":{"Gesch\u00e4tzte Lesezeit":"4\u00a0Minuten"},"schema":{"@context":"https:\/\/schema.org","@graph":[{"@type":"WebPage","@id":"https:\/\/visitmurazzano.it\/de\/pfarrei-san-lorenzo\/","url":"https:\/\/visitmurazzano.it\/de\/pfarrei-san-lorenzo\/","name":"Visit Murazzano | Entdecken Sie die Pfarrei San Lorenzo","isPartOf":{"@id":"https:\/\/visitmurazzano.it\/de\/#website"},"datePublished":"2022-03-18T10:35:47+00:00","dateModified":"2022-09-30T12:14:40+00:00","description":"Erkunden Sie die Attraktionen von Murazzano. Die Pfarrkirche San Lorenzo ist ein altes Barockgeb\u00e4ude, das mit wertvollen Fresken geschm\u00fcckt ist.","breadcrumb":{"@id":"https:\/\/visitmurazzano.it\/de\/pfarrei-san-lorenzo\/#breadcrumb"},"inLanguage":"de","potentialAction":[{"@type":"ReadAction","target":["https:\/\/visitmurazzano.it\/de\/pfarrei-san-lorenzo\/"]}]},{"@type":"BreadcrumbList","@id":"https:\/\/visitmurazzano.it\/de\/pfarrei-san-lorenzo\/#breadcrumb","itemListElement":[{"@type":"ListItem","position":1,"name":"Home","item":"https:\/\/visitmurazzano.it\/de\/"},{"@type":"ListItem","position":2,"name":"Pfarrei San Lorenzo"}]},{"@type":"WebSite","@id":"https:\/\/visitmurazzano.it\/de\/#website","url":"https:\/\/visitmurazzano.it\/de\/","name":"Visit Murazzano","description":"Sito turistico Murazzano","publisher":{"@id":"https:\/\/visitmurazzano.it\/de\/#organization"},"potentialAction":[{"@type":"SearchAction","target":{"@type":"EntryPoint","urlTemplate":"https:\/\/visitmurazzano.it\/de\/?s={search_term_string}"},"query-input":{"@type":"PropertyValueSpecification","valueRequired":true,"valueName":"search_term_string"}}],"inLanguage":"de"},{"@type":"Organization","@id":"https:\/\/visitmurazzano.it\/de\/#organization","name":"Murazzano","url":"https:\/\/visitmurazzano.it\/de\/","logo":{"@type":"ImageObject","inLanguage":"de","@id":"https:\/\/visitmurazzano.it\/de\/#\/schema\/logo\/image\/","url":"https:\/\/visitmurazzano.it\/wp-content\/uploads\/2022\/05\/logo-murazzano.jpg","contentUrl":"https:\/\/visitmurazzano.it\/wp-content\/uploads\/2022\/05\/logo-murazzano.jpg","width":75,"height":90,"caption":"Murazzano"},"image":{"@id":"https:\/\/visitmurazzano.it\/de\/#\/schema\/logo\/image\/"}}]}},"_links":{"self":[{"href":"https:\/\/visitmurazzano.it\/de\/wp-json\/wp\/v2\/pages\/2496","targetHints":{"allow":["GET"]}}],"collection":[{"href":"https:\/\/visitmurazzano.it\/de\/wp-json\/wp\/v2\/pages"}],"about":[{"href":"https:\/\/visitmurazzano.it\/de\/wp-json\/wp\/v2\/types\/page"}],"author":[{"embeddable":true,"href":"https:\/\/visitmurazzano.it\/de\/wp-json\/wp\/v2\/users\/1"}],"replies":[{"embeddable":true,"href":"https:\/\/visitmurazzano.it\/de\/wp-json\/wp\/v2\/comments?post=2496"}],"version-history":[{"count":1,"href":"https:\/\/visitmurazzano.it\/de\/wp-json\/wp\/v2\/pages\/2496\/revisions"}],"predecessor-version":[{"id":2497,"href":"https:\/\/visitmurazzano.it\/de\/wp-json\/wp\/v2\/pages\/2496\/revisions\/2497"}],"wp:attachment":[{"href":"https:\/\/visitmurazzano.it\/de\/wp-json\/wp\/v2\/media?parent=2496"}],"curies":[{"name":"wp","href":"https:\/\/api.w.org\/{rel}","templated":true}]}}