{"id":2498,"date":"2022-03-10T18:49:03","date_gmt":"2022-03-10T17:49:03","guid":{"rendered":"https:\/\/visitmurazzano.it\/persi-pien\/"},"modified":"2022-09-30T14:21:13","modified_gmt":"2022-09-30T12:21:13","slug":"persi-pien","status":"publish","type":"page","link":"https:\/\/visitmurazzano.it\/de\/persi-pien\/","title":{"rendered":"Persi pien"},"content":{"rendered":"\n[et_pb_section fb_built=&#8220;1&#8243; custom_padding_last_edited=&#8220;on|phone&#8220; admin_label=&#8220;Header&#8220; _builder_version=&#8220;4.16&#8243; _module_preset=&#8220;default&#8220; use_background_color_gradient=&#8220;on&#8220; background_color_gradient_stops=&#8220;rgba(0,0,0,0.46) 0%|rgba(0,0,0,0.52) 100%&#8220; background_color_gradient_overlays_image=&#8220;on&#8220; background_color_gradient_start=&#8220;rgba(0,0,0,0.46)&#8220; background_color_gradient_end=&#8220;rgba(0,0,0,0.52)&#8220; background_image=&#8220;https:\/\/visitmurazzano.it\/wp-content\/uploads\/2022\/03\/pesche-ripiene.jpg&#8220; custom_padding=&#8220;120px||120px||true|false&#8220; custom_padding_tablet=&#8220;35px||35px||true|false&#8220; custom_padding_phone=&#8220;15px||15px||true|false&#8220; locked=&#8220;off&#8220; global_colors_info=&#8220;{}&#8220;][et_pb_row _builder_version=&#8220;4.16&#8243; _module_preset=&#8220;default&#8220; global_colors_info=&#8220;{}&#8220;][et_pb_column type=&#8220;4_4&#8243; _builder_version=&#8220;4.16&#8243; _module_preset=&#8220;default&#8220; global_colors_info=&#8220;{}&#8220;][et_pb_text _builder_version=&#8220;4.16&#8243; _module_preset=&#8220;d72c0383-6487-4f2c-ac5c-7d48a6376757&#8243; header_font=&#8220;Playfair Display||||||||&#8220; header_text_color=&#8220;#FFFFFF&#8220; header_font_size=&#8220;56px&#8220; animation_direction=&#8220;top&#8220; header_font_size_tablet=&#8220;10vw&#8220; header_font_size_phone=&#8220;&#8220; header_font_size_last_edited=&#8220;on|phone&#8220; global_colors_info=&#8220;{}&#8220;]<h1>Persi pien<\/h1>[\/et_pb_text][\/et_pb_column][\/et_pb_row][et_pb_row column_structure=&#8220;3_5,2_5&#8243; _builder_version=&#8220;4.16&#8243; _module_preset=&#8220;default&#8220; global_colors_info=&#8220;{}&#8220;][et_pb_column type=&#8220;3_5&#8243; _builder_version=&#8220;4.16&#8243; _module_preset=&#8220;default&#8220; global_colors_info=&#8220;{}&#8220;][et_pb_text _builder_version=&#8220;4.16&#8243; _module_preset=&#8220;default&#8220; text_text_color=&#8220;#FFFFFF&#8220; text_font_size=&#8220;16px&#8220; text_line_height=&#8220;1.4em&#8220; header_3_font=&#8220;|700|||||||&#8220; header_3_text_color=&#8220;#FFFFFF&#8220; global_colors_info=&#8220;{}&#8220;]Ein Muss im Sommer, das Sie in die Zeit der Sinoire-Snacks zur\u00fcckversetzt, die die warmen Jahreszeiten der armen piemontesischen Tradition aufheiterten. \nIn der alten Langhe-Kultur war der Sinoira-Snack der unvermeidlichen Mahlzeit, die von Frauen f\u00fcr die Langhe-Bauern zubereitet wurde, um die M\u00fcdigkeit der langen Sommerarbeitstage, die mitten in der Nacht begannen und bis sp\u00e4t in den Abend andauerten, zu kompensieren die Ernte der Fr\u00fcchte und die Ernte.\n\nSicherlich nichts Aufw\u00e4ndiges, aber eine gehaltvolle Pause basierend auf typischen Produkten der Langhe: eine Flasche Wein, frisches Brot (das Biova!), K\u00e4se, Salami und leckere gef\u00fcllte Pfirsiche.[\/et_pb_text][\/et_pb_column][et_pb_column type=&#8220;2_5&#8243; _builder_version=&#8220;4.16&#8243; _module_preset=&#8220;default&#8220; global_colors_info=&#8220;{}&#8220;][\/et_pb_column][\/et_pb_row][\/et_pb_section][et_pb_section fb_built=&#8220;1&#8243; admin_label=&#8220;Mission&#8220; _builder_version=&#8220;4.16&#8243; _module_preset=&#8220;default&#8220; custom_padding=&#8220;||0px|||&#8220; locked=&#8220;off&#8220; global_colors_info=&#8220;{}&#8220;][et_pb_row column_structure=&#8220;1_2,1_2&#8243; custom_padding_last_edited=&#8220;on|tablet&#8220; _builder_version=&#8220;4.16&#8243; _module_preset=&#8220;default&#8220; custom_margin_tablet=&#8220;&#8220; custom_margin_phone=&#8220;&#8220; custom_margin_last_edited=&#8220;on|tablet&#8220; custom_padding_tablet=&#8220;0px||||false|false&#8220; custom_padding_phone=&#8220;0px||||false|false&#8220; global_colors_info=&#8220;{}&#8220;][et_pb_column type=&#8220;1_2&#8243; _builder_version=&#8220;4.16&#8243; _module_preset=&#8220;default&#8220; custom_padding=&#8220;||||false|false&#8220; custom_padding_tablet=&#8220;0px||||false|false&#8220; custom_padding_phone=&#8220;0px||||false|false&#8220; custom_padding_last_edited=&#8220;on|desktop&#8220; global_colors_info=&#8220;{}&#8220;][et_pb_text _builder_version=&#8220;4.16&#8243; _module_preset=&#8220;16a54059-cc81-4572-9c70-eda6a6c419bf&#8220; text_text_color=&#8220;rgba(0,0,0,0.8)&#8220; text_font_size=&#8220;16px&#8220; text_line_height=&#8220;1.6em&#8220; header_3_font=&#8220;|700|||||||&#8220; custom_padding=&#8220;||0px|||&#8220; text_font_size_tablet=&#8220;15px&#8220; text_font_size_phone=&#8220;13px&#8220; text_font_size_last_edited=&#8220;on|phone&#8220; header_font_size_tablet=&#8220;55px&#8220; header_font_size_last_edited=&#8220;off|desktop&#8220; locked=&#8220;off&#8220; global_colors_info=&#8220;{}&#8220;]<h3>Zutaten<\/h3>\n<ul>\n<li>80 g Makronen<\/li>\n<li>30 g Butter<\/li>\n<li>10 Gramm Kakaopulver<\/li>\n<li>6 reife und feste gelbe Pfirsiche<\/li>\n<li>1-2 Essl\u00f6ffel Rum<\/li>\n<li>2 Eigelb<\/li>\n<li>60 Gramm Zucker<\/li>\n<\/ul>[\/et_pb_text][\/et_pb_column][et_pb_column type=&#8220;1_2&#8243; _builder_version=&#8220;4.16&#8243; _module_preset=&#8220;default&#8220; custom_padding=&#8220;||||false|false&#8220; custom_padding_tablet=&#8220;0px||||false|false&#8220; custom_padding_phone=&#8220;0px||||false|false&#8220; custom_padding_last_edited=&#8220;on|desktop&#8220; global_colors_info=&#8220;{}&#8220;][et_pb_image src=&#8220;https:\/\/visitmurazzano.it\/wp-content\/uploads\/2022\/03\/pesche-ripiene.jpg&#8220; alt=&#8220;Financier&#8220; title_text=&#8220;mit-pfirsich-gef\u00fcllt&#8220; _builder_version=&#8220;4.16&#8243; _module_preset=&#8220;default&#8220; global_colors_info=&#8220;{}&#8220;][\/et_pb_image][\/et_pb_column][\/et_pb_row][et_pb_row custom_padding_last_edited=&#8220;on|tablet&#8220; _builder_version=&#8220;4.16&#8243; _module_preset=&#8220;default&#8220; custom_margin_tablet=&#8220;&#8220; custom_margin_phone=&#8220;&#8220; custom_margin_last_edited=&#8220;on|tablet&#8220; custom_padding_tablet=&#8220;0px||||false|false&#8220; custom_padding_phone=&#8220;0px||||false|false&#8220; global_colors_info=&#8220;{}&#8220;][et_pb_column type=&#8220;4_4&#8243; _builder_version=&#8220;4.16&#8243; _module_preset=&#8220;default&#8220; custom_padding=&#8220;||||false|false&#8220; custom_padding_tablet=&#8220;0px||||false|false&#8220; custom_padding_phone=&#8220;0px||||false|false&#8220; custom_padding_last_edited=&#8220;on|desktop&#8220; global_colors_info=&#8220;{}&#8220;][et_pb_text _builder_version=&#8220;4.16&#8243; _module_preset=&#8220;16a54059-cc81-4572-9c70-eda6a6c419bf&#8220; text_text_color=&#8220;rgba(0,0,0,0.8)&#8220; text_font_size=&#8220;16px&#8220; text_line_height=&#8220;1.6em&#8220; header_3_font=&#8220;|700|||||||&#8220; custom_padding=&#8220;||0px|||&#8220; text_font_size_tablet=&#8220;15px&#8220; text_font_size_phone=&#8220;13px&#8220; text_font_size_last_edited=&#8220;on|phone&#8220; header_font_size_tablet=&#8220;55px&#8220; header_font_size_last_edited=&#8220;off|desktop&#8220; locked=&#8220;off&#8220; global_colors_info=&#8220;{}&#8220;]<h3>Methode<\/h3>\n<p>Fr\u00fcher wurden f\u00fcr dieses Rezept \u201eRebenpfirsiche\u201c verwendet, eine uralte Sorte, die heute besonders schwer zu finden ist und mit den Rebzeilen verwachsen ist. Alternativ ist es m\u00f6glich, im Handel erh\u00e4ltliche Pfirsiche zu verwenden, aber es ist wichtig, dass es sich um \u201espanische\u201c Sorten handelt (mit vom Fruchtfleisch gel\u00f6stem Kern).<\/p>\n<p>Die Pfirsiche gr\u00fcndlich waschen, trocknen und in zwei H\u00e4lften teilen, jedoch ohne sie zu sch\u00e4len. Entfernen Sie den Stein und entfernen Sie mit Hilfe eines L\u00f6ffels einen Teil des Fruchtfleischs, sodass eine Schicht von mindestens einem Zentimeter in der Schale verbleibt. Die Makronen in einem Mixer fein hacken, das aus den Fr\u00fcchten extrahierte Fruchtfleisch, Kakao, 2 Eigelb und zwei Teel\u00f6ffel Rum hinzuf\u00fcgen. Mischen Sie die Zutaten, bis Sie eine homogene Mischung erhalten. Legen Sie die zuvor geschnittenen und vom Fruchtfleisch befreiten Pfirsiche in ein entsprechend gefettetes Backblech und f\u00fcllen Sie sie dann mit der frisch zubereiteten Mischung. Die ganze Persi in einem statischen Ofen bei 160 \u00b0 etwa eine Stunde lang garen.<\/p>\n<p>Im Allgemeinen werden die vollen Persi lauwarm serviert, aber sie schmecken auch kalt (nicht aus dem K\u00fchlschrank).<br>K\u00fchlschrank). Et voil\u00e0, der Sinoira-Snack kann beginnen!<\/p>[\/et_pb_text][\/et_pb_column][\/et_pb_row][\/et_pb_section][et_pb_section fb_built=&#8220;1&#8243; _builder_version=&#8220;4.16&#8243; _module_preset=&#8220;default&#8220; custom_padding=&#8220;0px|||||&#8220; global_colors_info=&#8220;{}&#8220;][\/et_pb_section]\n","protected":false},"excerpt":{"rendered":"<p>Persi pienEin Muss im Sommer, das Sie in die Zeit der Sinoire-Snacks zur\u00fcckversetzt, die die warmen Jahreszeiten der armen piemontesischen Tradition aufheiterten. In der alten Langhe-Kultur war der Sinoira-Snack der unvermeidlichen Mahlzeit, die von Frauen f\u00fcr die Langhe-Bauern zubereitet wurde, um die M\u00fcdigkeit der langen Sommerarbeitstage, die mitten in der Nacht begannen und bis sp\u00e4t [&hellip;]<\/p>\n","protected":false},"author":1,"featured_media":0,"parent":0,"menu_order":0,"comment_status":"closed","ping_status":"closed","template":"","meta":{"_et_pb_use_builder":"on","_et_pb_old_content":"","_et_gb_content_width":"","footnotes":""},"class_list":["post-2498","page","type-page","status-publish","hentry"],"yoast_head":"<!-- This site is optimized with the Yoast SEO plugin v26.7 - https:\/\/yoast.com\/wordpress\/plugins\/seo\/ -->\n<title>Visit Murazzano | Rezept und Herkunft von Persi Pien delle Langhe<\/title>\n<meta name=\"description\" content=\"Gef\u00fcllte Pfirsiche sind eine typische S\u00fc\u00dfspeise der Langhe, die Protagonisten der alten b\u00e4uerlichen Sinoire-Snacks. Entdecken Sie die Urspr\u00fcnge und das Rezept dieses Gerichtes.\" \/>\n<meta name=\"robots\" content=\"index, follow, max-snippet:-1, max-image-preview:large, max-video-preview:-1\" \/>\n<link rel=\"canonical\" href=\"https:\/\/visitmurazzano.it\/de\/persi-pien\/\" \/>\n<meta property=\"og:locale\" content=\"de_DE\" \/>\n<meta property=\"og:type\" content=\"article\" \/>\n<meta property=\"og:title\" content=\"Visit Murazzano | Rezept und Herkunft von Persi Pien delle Langhe\" \/>\n<meta property=\"og:description\" content=\"Gef\u00fcllte Pfirsiche sind eine typische S\u00fc\u00dfspeise der Langhe, die Protagonisten der alten b\u00e4uerlichen Sinoire-Snacks. Entdecken Sie die Urspr\u00fcnge und das Rezept dieses Gerichtes.\" \/>\n<meta property=\"og:url\" content=\"https:\/\/visitmurazzano.it\/de\/persi-pien\/\" \/>\n<meta property=\"og:site_name\" content=\"Visit Murazzano\" \/>\n<meta property=\"article:modified_time\" content=\"2022-09-30T12:21:13+00:00\" \/>\n<meta name=\"twitter:card\" content=\"summary_large_image\" \/>\n<meta name=\"twitter:label1\" content=\"Gesch\u00e4tzte Lesezeit\" \/>\n\t<meta name=\"twitter:data1\" content=\"5\u00a0Minuten\" \/>\n<script type=\"application\/ld+json\" class=\"yoast-schema-graph\">{\"@context\":\"https:\/\/schema.org\",\"@graph\":[{\"@type\":\"WebPage\",\"@id\":\"https:\/\/visitmurazzano.it\/de\/persi-pien\/\",\"url\":\"https:\/\/visitmurazzano.it\/de\/persi-pien\/\",\"name\":\"Visit Murazzano | Rezept und Herkunft von Persi Pien delle Langhe\",\"isPartOf\":{\"@id\":\"https:\/\/visitmurazzano.it\/de\/#website\"},\"datePublished\":\"2022-03-10T17:49:03+00:00\",\"dateModified\":\"2022-09-30T12:21:13+00:00\",\"description\":\"Gef\u00fcllte Pfirsiche sind eine typische S\u00fc\u00dfspeise der Langhe, die Protagonisten der alten b\u00e4uerlichen Sinoire-Snacks. Entdecken Sie die Urspr\u00fcnge und das Rezept dieses Gerichtes.\",\"breadcrumb\":{\"@id\":\"https:\/\/visitmurazzano.it\/de\/persi-pien\/#breadcrumb\"},\"inLanguage\":\"de\",\"potentialAction\":[{\"@type\":\"ReadAction\",\"target\":[\"https:\/\/visitmurazzano.it\/de\/persi-pien\/\"]}]},{\"@type\":\"BreadcrumbList\",\"@id\":\"https:\/\/visitmurazzano.it\/de\/persi-pien\/#breadcrumb\",\"itemListElement\":[{\"@type\":\"ListItem\",\"position\":1,\"name\":\"Home\",\"item\":\"https:\/\/visitmurazzano.it\/de\/\"},{\"@type\":\"ListItem\",\"position\":2,\"name\":\"Persi pien\"}]},{\"@type\":\"WebSite\",\"@id\":\"https:\/\/visitmurazzano.it\/de\/#website\",\"url\":\"https:\/\/visitmurazzano.it\/de\/\",\"name\":\"Visit Murazzano\",\"description\":\"Sito turistico Murazzano\",\"publisher\":{\"@id\":\"https:\/\/visitmurazzano.it\/de\/#organization\"},\"potentialAction\":[{\"@type\":\"SearchAction\",\"target\":{\"@type\":\"EntryPoint\",\"urlTemplate\":\"https:\/\/visitmurazzano.it\/de\/?s={search_term_string}\"},\"query-input\":{\"@type\":\"PropertyValueSpecification\",\"valueRequired\":true,\"valueName\":\"search_term_string\"}}],\"inLanguage\":\"de\"},{\"@type\":\"Organization\",\"@id\":\"https:\/\/visitmurazzano.it\/de\/#organization\",\"name\":\"Murazzano\",\"url\":\"https:\/\/visitmurazzano.it\/de\/\",\"logo\":{\"@type\":\"ImageObject\",\"inLanguage\":\"de\",\"@id\":\"https:\/\/visitmurazzano.it\/de\/#\/schema\/logo\/image\/\",\"url\":\"https:\/\/visitmurazzano.it\/wp-content\/uploads\/2022\/05\/logo-murazzano.jpg\",\"contentUrl\":\"https:\/\/visitmurazzano.it\/wp-content\/uploads\/2022\/05\/logo-murazzano.jpg\",\"width\":75,\"height\":90,\"caption\":\"Murazzano\"},\"image\":{\"@id\":\"https:\/\/visitmurazzano.it\/de\/#\/schema\/logo\/image\/\"}}]}<\/script>\n<!-- \/ Yoast SEO plugin. -->","yoast_head_json":{"title":"Visit Murazzano | Rezept und Herkunft von Persi Pien delle Langhe","description":"Gef\u00fcllte Pfirsiche sind eine typische S\u00fc\u00dfspeise der Langhe, die Protagonisten der alten b\u00e4uerlichen Sinoire-Snacks. Entdecken Sie die Urspr\u00fcnge und das Rezept dieses Gerichtes.","robots":{"index":"index","follow":"follow","max-snippet":"max-snippet:-1","max-image-preview":"max-image-preview:large","max-video-preview":"max-video-preview:-1"},"canonical":"https:\/\/visitmurazzano.it\/de\/persi-pien\/","og_locale":"de_DE","og_type":"article","og_title":"Visit Murazzano | Rezept und Herkunft von Persi Pien delle Langhe","og_description":"Gef\u00fcllte Pfirsiche sind eine typische S\u00fc\u00dfspeise der Langhe, die Protagonisten der alten b\u00e4uerlichen Sinoire-Snacks. Entdecken Sie die Urspr\u00fcnge und das Rezept dieses Gerichtes.","og_url":"https:\/\/visitmurazzano.it\/de\/persi-pien\/","og_site_name":"Visit Murazzano","article_modified_time":"2022-09-30T12:21:13+00:00","twitter_card":"summary_large_image","twitter_misc":{"Gesch\u00e4tzte Lesezeit":"5\u00a0Minuten"},"schema":{"@context":"https:\/\/schema.org","@graph":[{"@type":"WebPage","@id":"https:\/\/visitmurazzano.it\/de\/persi-pien\/","url":"https:\/\/visitmurazzano.it\/de\/persi-pien\/","name":"Visit Murazzano | Rezept und Herkunft von Persi Pien delle Langhe","isPartOf":{"@id":"https:\/\/visitmurazzano.it\/de\/#website"},"datePublished":"2022-03-10T17:49:03+00:00","dateModified":"2022-09-30T12:21:13+00:00","description":"Gef\u00fcllte Pfirsiche sind eine typische S\u00fc\u00dfspeise der Langhe, die Protagonisten der alten b\u00e4uerlichen Sinoire-Snacks. Entdecken Sie die Urspr\u00fcnge und das Rezept dieses Gerichtes.","breadcrumb":{"@id":"https:\/\/visitmurazzano.it\/de\/persi-pien\/#breadcrumb"},"inLanguage":"de","potentialAction":[{"@type":"ReadAction","target":["https:\/\/visitmurazzano.it\/de\/persi-pien\/"]}]},{"@type":"BreadcrumbList","@id":"https:\/\/visitmurazzano.it\/de\/persi-pien\/#breadcrumb","itemListElement":[{"@type":"ListItem","position":1,"name":"Home","item":"https:\/\/visitmurazzano.it\/de\/"},{"@type":"ListItem","position":2,"name":"Persi pien"}]},{"@type":"WebSite","@id":"https:\/\/visitmurazzano.it\/de\/#website","url":"https:\/\/visitmurazzano.it\/de\/","name":"Visit Murazzano","description":"Sito turistico Murazzano","publisher":{"@id":"https:\/\/visitmurazzano.it\/de\/#organization"},"potentialAction":[{"@type":"SearchAction","target":{"@type":"EntryPoint","urlTemplate":"https:\/\/visitmurazzano.it\/de\/?s={search_term_string}"},"query-input":{"@type":"PropertyValueSpecification","valueRequired":true,"valueName":"search_term_string"}}],"inLanguage":"de"},{"@type":"Organization","@id":"https:\/\/visitmurazzano.it\/de\/#organization","name":"Murazzano","url":"https:\/\/visitmurazzano.it\/de\/","logo":{"@type":"ImageObject","inLanguage":"de","@id":"https:\/\/visitmurazzano.it\/de\/#\/schema\/logo\/image\/","url":"https:\/\/visitmurazzano.it\/wp-content\/uploads\/2022\/05\/logo-murazzano.jpg","contentUrl":"https:\/\/visitmurazzano.it\/wp-content\/uploads\/2022\/05\/logo-murazzano.jpg","width":75,"height":90,"caption":"Murazzano"},"image":{"@id":"https:\/\/visitmurazzano.it\/de\/#\/schema\/logo\/image\/"}}]}},"_links":{"self":[{"href":"https:\/\/visitmurazzano.it\/de\/wp-json\/wp\/v2\/pages\/2498","targetHints":{"allow":["GET"]}}],"collection":[{"href":"https:\/\/visitmurazzano.it\/de\/wp-json\/wp\/v2\/pages"}],"about":[{"href":"https:\/\/visitmurazzano.it\/de\/wp-json\/wp\/v2\/types\/page"}],"author":[{"embeddable":true,"href":"https:\/\/visitmurazzano.it\/de\/wp-json\/wp\/v2\/users\/1"}],"replies":[{"embeddable":true,"href":"https:\/\/visitmurazzano.it\/de\/wp-json\/wp\/v2\/comments?post=2498"}],"version-history":[{"count":3,"href":"https:\/\/visitmurazzano.it\/de\/wp-json\/wp\/v2\/pages\/2498\/revisions"}],"predecessor-version":[{"id":2501,"href":"https:\/\/visitmurazzano.it\/de\/wp-json\/wp\/v2\/pages\/2498\/revisions\/2501"}],"wp:attachment":[{"href":"https:\/\/visitmurazzano.it\/de\/wp-json\/wp\/v2\/media?parent=2498"}],"curies":[{"name":"wp","href":"https:\/\/api.w.org\/{rel}","templated":true}]}}