{"id":2502,"date":"2022-03-18T12:41:37","date_gmt":"2022-03-18T11:41:37","guid":{"rendered":"https:\/\/visitmurazzano.it\/tuer-bullaria\/"},"modified":"2022-09-30T14:21:16","modified_gmt":"2022-09-30T12:21:16","slug":"tuer-bullaria","status":"publish","type":"page","link":"https:\/\/visitmurazzano.it\/de\/tuer-bullaria\/","title":{"rendered":"T\u00fcr Bullaria"},"content":{"rendered":"<p>[et_pb_section fb_built=&#8220;1&#8243; custom_padding_last_edited=&#8220;on|phone&#8220; admin_label=&#8220;Header&#8220; _builder_version=&#8220;4.14.8&#8243; _module_preset=&#8220;default&#8220; use_background_color_gradient=&#8220;on&#8220; background_color_gradient_start=&#8220;rgba(0,0,0,0.66)&#8220; background_color_gradient_end=&#8220;rgba(0,0,0,0.52)&#8220; background_color_gradient_overlays_image=&#8220;on&#8220; background_image=&#8220;https:\/\/visitmurazzano.it\/wp-content\/uploads\/2022\/02\/torre-medievale-1.jpg&#8220; background_position=&#8220;bottom_left&#8220; custom_padding=&#8220;120px||120px||true|false&#8220; custom_padding_tablet=&#8220;35px||35px||true|false&#8220; custom_padding_phone=&#8220;15px||15px||true|false&#8220; locked=&#8220;off&#8220; global_colors_info=&#8220;{}&#8220;][et_pb_row _builder_version=&#8220;4.15&#8243; _module_preset=&#8220;default&#8220; global_colors_info=&#8220;{}&#8220;][et_pb_column type=&#8220;4_4&#8243; _builder_version=&#8220;4.15&#8243; _module_preset=&#8220;default&#8220; global_colors_info=&#8220;{}&#8220;][et_pb_text _builder_version=&#8220;4.15.0&#8243; _module_preset=&#8220;d72c0383-6487-4f2c-ac5c-7d48a6376757&#8243; header_font=&#8220;Playfair Display||||||||&#8220; header_text_color=&#8220;#FFFFFF&#8220; header_font_size=&#8220;56px&#8220; animation_direction=&#8220;top&#8220; header_font_size_tablet=&#8220;10vw&#8220; header_font_size_phone=&#8220;&#8220; header_font_size_last_edited=&#8220;on|phone&#8220; global_colors_info=&#8220;{}&#8220;]<\/p>\n<h1>T\u00fcr Bullaria<\/h1>\n<p>[\/et_pb_text][\/et_pb_column][\/et_pb_row][et_pb_row column_structure=&#8220;2_3,1_3&#8243; _builder_version=&#8220;4.15&#8243; _module_preset=&#8220;default&#8220; global_colors_info=&#8220;{}&#8220;][et_pb_column type=&#8220;2_3&#8243; _builder_version=&#8220;4.15&#8243; _module_preset=&#8220;default&#8220; global_colors_info=&#8220;{}&#8220;][et_pb_text _builder_version=&#8220;4.15.1&#8243; _module_preset=&#8220;1d866de3-b108-4c5f-bed3-2da9506a6915&#8243; text_text_color=&#8220;#FFFFFF&#8220; text_font_size=&#8220;16px&#8220; header_font=&#8220;||||||||&#8220; header_4_font=&#8220;Merriweather||||||||&#8220; header_4_text_color=&#8220;#FFFFFF&#8220; header_4_line_height=&#8220;1.8em&#8220; hover_enabled=&#8220;0&#8243; header_4_font_size_tablet=&#8220;16px&#8220; header_4_font_size_phone=&#8220;14px&#8220; header_4_font_size_last_edited=&#8220;on|tablet&#8220; locked=&#8220;off&#8220; global_colors_info=&#8220;{}&#8220; sticky_enabled=&#8220;0&#8243;]<\/p>\n<p>Die <strong>T\u00fcr Bullaria<\/strong> in der Via Lorenzo Bruno erhielt ihren Namen von ihrer urspr\u00fcnglichen Funktion: In der Vergangenheit war sie die <strong>Abgabestelle der Mautrechnung<\/strong> f\u00fcr die Einfahrt in die Gemeinde. Von diesem Tor aus beginnt die \u201eRolin\u201c-Stra\u00dfe, die den oberen Teil der Stadt verbindet.<\/p>\n<p>[\/et_pb_text][\/et_pb_column][et_pb_column type=&#8220;1_3&#8243; _builder_version=&#8220;4.15&#8243; _module_preset=&#8220;default&#8220; global_colors_info=&#8220;{}&#8220;][\/et_pb_column][\/et_pb_row][\/et_pb_section]<\/p>\n","protected":false},"excerpt":{"rendered":"<p>T\u00fcr BullariaDie T\u00fcr Bullaria in der Via Lorenzo Bruno erhielt ihren Namen von ihrer urspr\u00fcnglichen Funktion: In der Vergangenheit war sie die Abgabestelle der Mautrechnung f\u00fcr die Einfahrt in die Gemeinde. Von diesem Tor aus beginnt die \u201eRolin\u201c-Stra\u00dfe, die den oberen Teil der Stadt verbindet.<\/p>\n","protected":false},"author":1,"featured_media":0,"parent":0,"menu_order":0,"comment_status":"closed","ping_status":"closed","template":"","meta":{"_et_pb_use_builder":"on","_et_pb_old_content":"","_et_gb_content_width":"","footnotes":""},"class_list":["post-2502","page","type-page","status-publish","hentry"],"yoast_head":"<!-- This site is optimized with the Yoast SEO plugin v26.7 - https:\/\/yoast.com\/wordpress\/plugins\/seo\/ -->\n<title>Visit Murazzano |<\/title>\n<meta name=\"robots\" content=\"index, follow, max-snippet:-1, max-image-preview:large, max-video-preview:-1\" \/>\n<link rel=\"canonical\" href=\"https:\/\/visitmurazzano.it\/de\/tuer-bullaria\/\" \/>\n<meta property=\"og:locale\" content=\"de_DE\" \/>\n<meta property=\"og:type\" content=\"article\" \/>\n<meta property=\"og:title\" content=\"Visit Murazzano |\" \/>\n<meta property=\"og:description\" content=\"T\u00fcr BullariaDie T\u00fcr Bullaria in der Via Lorenzo Bruno erhielt ihren Namen von ihrer urspr\u00fcnglichen Funktion: In der Vergangenheit war sie die Abgabestelle der Mautrechnung f\u00fcr die Einfahrt in die Gemeinde. Von diesem Tor aus beginnt die \u201eRolin\u201c-Stra\u00dfe, die den oberen Teil der Stadt verbindet.\" \/>\n<meta property=\"og:url\" content=\"https:\/\/visitmurazzano.it\/de\/tuer-bullaria\/\" \/>\n<meta property=\"og:site_name\" content=\"Visit Murazzano\" \/>\n<meta property=\"article:modified_time\" content=\"2022-09-30T12:21:16+00:00\" \/>\n<meta name=\"twitter:card\" content=\"summary_large_image\" \/>\n<meta name=\"twitter:label1\" content=\"Gesch\u00e4tzte Lesezeit\" \/>\n\t<meta name=\"twitter:data1\" content=\"2\u00a0Minuten\" \/>\n<script type=\"application\/ld+json\" class=\"yoast-schema-graph\">{\"@context\":\"https:\/\/schema.org\",\"@graph\":[{\"@type\":\"WebPage\",\"@id\":\"https:\/\/visitmurazzano.it\/de\/tuer-bullaria\/\",\"url\":\"https:\/\/visitmurazzano.it\/de\/tuer-bullaria\/\",\"name\":\"Visit Murazzano |\",\"isPartOf\":{\"@id\":\"https:\/\/visitmurazzano.it\/de\/#website\"},\"datePublished\":\"2022-03-18T11:41:37+00:00\",\"dateModified\":\"2022-09-30T12:21:16+00:00\",\"breadcrumb\":{\"@id\":\"https:\/\/visitmurazzano.it\/de\/tuer-bullaria\/#breadcrumb\"},\"inLanguage\":\"de\",\"potentialAction\":[{\"@type\":\"ReadAction\",\"target\":[\"https:\/\/visitmurazzano.it\/de\/tuer-bullaria\/\"]}]},{\"@type\":\"BreadcrumbList\",\"@id\":\"https:\/\/visitmurazzano.it\/de\/tuer-bullaria\/#breadcrumb\",\"itemListElement\":[{\"@type\":\"ListItem\",\"position\":1,\"name\":\"Home\",\"item\":\"https:\/\/visitmurazzano.it\/de\/\"},{\"@type\":\"ListItem\",\"position\":2,\"name\":\"T\u00fcr Bullaria\"}]},{\"@type\":\"WebSite\",\"@id\":\"https:\/\/visitmurazzano.it\/de\/#website\",\"url\":\"https:\/\/visitmurazzano.it\/de\/\",\"name\":\"Visit Murazzano\",\"description\":\"Sito turistico Murazzano\",\"publisher\":{\"@id\":\"https:\/\/visitmurazzano.it\/de\/#organization\"},\"potentialAction\":[{\"@type\":\"SearchAction\",\"target\":{\"@type\":\"EntryPoint\",\"urlTemplate\":\"https:\/\/visitmurazzano.it\/de\/?s={search_term_string}\"},\"query-input\":{\"@type\":\"PropertyValueSpecification\",\"valueRequired\":true,\"valueName\":\"search_term_string\"}}],\"inLanguage\":\"de\"},{\"@type\":\"Organization\",\"@id\":\"https:\/\/visitmurazzano.it\/de\/#organization\",\"name\":\"Murazzano\",\"url\":\"https:\/\/visitmurazzano.it\/de\/\",\"logo\":{\"@type\":\"ImageObject\",\"inLanguage\":\"de\",\"@id\":\"https:\/\/visitmurazzano.it\/de\/#\/schema\/logo\/image\/\",\"url\":\"https:\/\/visitmurazzano.it\/wp-content\/uploads\/2022\/05\/logo-murazzano.jpg\",\"contentUrl\":\"https:\/\/visitmurazzano.it\/wp-content\/uploads\/2022\/05\/logo-murazzano.jpg\",\"width\":75,\"height\":90,\"caption\":\"Murazzano\"},\"image\":{\"@id\":\"https:\/\/visitmurazzano.it\/de\/#\/schema\/logo\/image\/\"}}]}<\/script>\n<!-- \/ Yoast SEO plugin. -->","yoast_head_json":{"title":"Visit Murazzano |","robots":{"index":"index","follow":"follow","max-snippet":"max-snippet:-1","max-image-preview":"max-image-preview:large","max-video-preview":"max-video-preview:-1"},"canonical":"https:\/\/visitmurazzano.it\/de\/tuer-bullaria\/","og_locale":"de_DE","og_type":"article","og_title":"Visit Murazzano |","og_description":"T\u00fcr BullariaDie T\u00fcr Bullaria in der Via Lorenzo Bruno erhielt ihren Namen von ihrer urspr\u00fcnglichen Funktion: In der Vergangenheit war sie die Abgabestelle der Mautrechnung f\u00fcr die Einfahrt in die Gemeinde. Von diesem Tor aus beginnt die \u201eRolin\u201c-Stra\u00dfe, die den oberen Teil der Stadt verbindet.","og_url":"https:\/\/visitmurazzano.it\/de\/tuer-bullaria\/","og_site_name":"Visit Murazzano","article_modified_time":"2022-09-30T12:21:16+00:00","twitter_card":"summary_large_image","twitter_misc":{"Gesch\u00e4tzte Lesezeit":"2\u00a0Minuten"},"schema":{"@context":"https:\/\/schema.org","@graph":[{"@type":"WebPage","@id":"https:\/\/visitmurazzano.it\/de\/tuer-bullaria\/","url":"https:\/\/visitmurazzano.it\/de\/tuer-bullaria\/","name":"Visit Murazzano |","isPartOf":{"@id":"https:\/\/visitmurazzano.it\/de\/#website"},"datePublished":"2022-03-18T11:41:37+00:00","dateModified":"2022-09-30T12:21:16+00:00","breadcrumb":{"@id":"https:\/\/visitmurazzano.it\/de\/tuer-bullaria\/#breadcrumb"},"inLanguage":"de","potentialAction":[{"@type":"ReadAction","target":["https:\/\/visitmurazzano.it\/de\/tuer-bullaria\/"]}]},{"@type":"BreadcrumbList","@id":"https:\/\/visitmurazzano.it\/de\/tuer-bullaria\/#breadcrumb","itemListElement":[{"@type":"ListItem","position":1,"name":"Home","item":"https:\/\/visitmurazzano.it\/de\/"},{"@type":"ListItem","position":2,"name":"T\u00fcr Bullaria"}]},{"@type":"WebSite","@id":"https:\/\/visitmurazzano.it\/de\/#website","url":"https:\/\/visitmurazzano.it\/de\/","name":"Visit Murazzano","description":"Sito turistico Murazzano","publisher":{"@id":"https:\/\/visitmurazzano.it\/de\/#organization"},"potentialAction":[{"@type":"SearchAction","target":{"@type":"EntryPoint","urlTemplate":"https:\/\/visitmurazzano.it\/de\/?s={search_term_string}"},"query-input":{"@type":"PropertyValueSpecification","valueRequired":true,"valueName":"search_term_string"}}],"inLanguage":"de"},{"@type":"Organization","@id":"https:\/\/visitmurazzano.it\/de\/#organization","name":"Murazzano","url":"https:\/\/visitmurazzano.it\/de\/","logo":{"@type":"ImageObject","inLanguage":"de","@id":"https:\/\/visitmurazzano.it\/de\/#\/schema\/logo\/image\/","url":"https:\/\/visitmurazzano.it\/wp-content\/uploads\/2022\/05\/logo-murazzano.jpg","contentUrl":"https:\/\/visitmurazzano.it\/wp-content\/uploads\/2022\/05\/logo-murazzano.jpg","width":75,"height":90,"caption":"Murazzano"},"image":{"@id":"https:\/\/visitmurazzano.it\/de\/#\/schema\/logo\/image\/"}}]}},"_links":{"self":[{"href":"https:\/\/visitmurazzano.it\/de\/wp-json\/wp\/v2\/pages\/2502","targetHints":{"allow":["GET"]}}],"collection":[{"href":"https:\/\/visitmurazzano.it\/de\/wp-json\/wp\/v2\/pages"}],"about":[{"href":"https:\/\/visitmurazzano.it\/de\/wp-json\/wp\/v2\/types\/page"}],"author":[{"embeddable":true,"href":"https:\/\/visitmurazzano.it\/de\/wp-json\/wp\/v2\/users\/1"}],"replies":[{"embeddable":true,"href":"https:\/\/visitmurazzano.it\/de\/wp-json\/wp\/v2\/comments?post=2502"}],"version-history":[{"count":5,"href":"https:\/\/visitmurazzano.it\/de\/wp-json\/wp\/v2\/pages\/2502\/revisions"}],"predecessor-version":[{"id":2507,"href":"https:\/\/visitmurazzano.it\/de\/wp-json\/wp\/v2\/pages\/2502\/revisions\/2507"}],"wp:attachment":[{"href":"https:\/\/visitmurazzano.it\/de\/wp-json\/wp\/v2\/media?parent=2502"}],"curies":[{"name":"wp","href":"https:\/\/api.w.org\/{rel}","templated":true}]}}