{"id":2532,"date":"2022-03-10T17:36:12","date_gmt":"2022-03-10T16:36:12","guid":{"rendered":"https:\/\/visitmurazzano.it\/ei-tajarin\/"},"modified":"2022-09-30T14:39:45","modified_gmt":"2022-09-30T12:39:45","slug":"ei-tajarin","status":"publish","type":"page","link":"https:\/\/visitmurazzano.it\/de\/ei-tajarin\/","title":{"rendered":"Ei Tajarin"},"content":{"rendered":"\n[et_pb_section fb_built=&#8220;1&#8243; custom_padding_last_edited=&#8220;on|phone&#8220; admin_label=&#8220;Header&#8220; _builder_version=&#8220;4.14.8&#8243; _module_preset=&#8220;default&#8220; use_background_color_gradient=&#8220;on&#8220; background_color_gradient_start=&#8220;rgba(0,0,0,0.46)&#8220; background_color_gradient_end=&#8220;rgba(0,0,0,0.52)&#8220; background_color_gradient_overlays_image=&#8220;on&#8220; background_image=&#8220;https:\/\/visitmurazzano.it\/wp-content\/uploads\/2022\/03\/tajarin-uovo.jpg&#8220; custom_padding=&#8220;120px||120px||true|false&#8220; custom_padding_tablet=&#8220;35px||35px||true|false&#8220; custom_padding_phone=&#8220;15px||15px||true|false&#8220; hover_enabled=&#8220;0&#8243; locked=&#8220;off&#8220; global_colors_info=&#8220;{}&#8220; title_text=&#8220;tajarin-uovo&#8220; sticky_enabled=&#8220;0&#8243;][et_pb_row _builder_version=&#8220;4.9.10&#8243; _module_preset=&#8220;default&#8220; global_colors_info=&#8220;{}&#8220;][et_pb_column type=&#8220;4_4&#8243; _builder_version=&#8220;4.9.10&#8243; _module_preset=&#8220;default&#8220; global_colors_info=&#8220;{}&#8220;][et_pb_text _builder_version=&#8220;4.14.8&#8243; _module_preset=&#8220;d72c0383-6487-4f2c-ac5c-7d48a6376757&#8243; header_font=&#8220;Playfair Display||||||||&#8220; header_text_color=&#8220;#FFFFFF&#8220; header_font_size=&#8220;56px&#8220; animation_direction=&#8220;top&#8220; hover_enabled=&#8220;0&#8243; header_font_size_tablet=&#8220;10vw&#8220; header_font_size_phone=&#8220;&#8220; header_font_size_last_edited=&#8220;on|phone&#8220; global_colors_info=&#8220;{}&#8220; sticky_enabled=&#8220;0&#8243;]<h1>Ei Tajarin<\/h1>[\/et_pb_text][\/et_pb_column][\/et_pb_row][et_pb_row column_structure=&#8220;3_5,2_5&#8243; _builder_version=&#8220;4.14.7&#8243; _module_preset=&#8220;default&#8220; global_colors_info=&#8220;{}&#8220;][et_pb_column type=&#8220;3_5&#8243; _builder_version=&#8220;4.14.7&#8243; _module_preset=&#8220;default&#8220; global_colors_info=&#8220;{}&#8220;][et_pb_text _builder_version=&#8220;4.14.8&#8243; _module_preset=&#8220;default&#8220; text_text_color=&#8220;#FFFFFF&#8220; text_font_size=&#8220;16px&#8220; text_line_height=&#8220;1.4em&#8220; header_3_font=&#8220;|700|||||||&#8220; header_3_text_color=&#8220;#FFFFFF&#8220; hover_enabled=&#8220;0&#8243; global_colors_info=&#8220;{}&#8220; sticky_enabled=&#8220;0&#8243;]<p>Die Protagonisten dieses Gerichts? Wei\u00dfes Mehl und viele, viele Eier. <em>Tajarin<\/em> hat seinen Ursprung in den H\u00fcgeln der Langhe, einst das klassische Sonntagsgericht, ein Symbol des Feierns und Teilens.<\/p>\n<p>Es ist eine frische handgemachte Pasta, die Tagliatella sehr \u00e4hnlich ist, aber kleiner ist. Die ersten Beweise f\u00fcr dieses k\u00f6stliche Rezept stammen aus dem f\u00fcnfzehnten Jahrhundert: Der Tradition nach werden Tajarin mit den typischen Gew\u00fcrzen der Region gegessen. Zu den wichtigsten geh\u00f6ren der &#8222;Nachttisch&#8220; (eine So\u00dfe aus Lebern), das Langhe-Rag\u00f9, die Bra-Wurst und die Bratenso\u00dfe. Andere bevorzugen sie mit geschmolzener Butter, K\u00e4se und versch\u00f6nert mit ein paar Flocken wei\u00dfer Alba-Tr\u00fcffel.<\/p>[\/et_pb_text][\/et_pb_column][et_pb_column type=&#8220;2_5&#8243; _builder_version=&#8220;4.14.7&#8243; _module_preset=&#8220;default&#8220; global_colors_info=&#8220;{}&#8220;][\/et_pb_column][\/et_pb_row][\/et_pb_section][et_pb_section fb_built=&#8220;1&#8243; admin_label=&#8220;Mission&#8220; _builder_version=&#8220;4.14.8&#8243; _module_preset=&#8220;default&#8220; custom_padding=&#8220;||0px|||&#8220; locked=&#8220;off&#8220; global_colors_info=&#8220;{}&#8220;][et_pb_row column_structure=&#8220;1_2,1_2&#8243; custom_padding_last_edited=&#8220;on|tablet&#8220; _builder_version=&#8220;4.14.8&#8243; _module_preset=&#8220;default&#8220; custom_margin_tablet=&#8220;&#8220; custom_margin_phone=&#8220;&#8220; custom_margin_last_edited=&#8220;on|tablet&#8220; custom_padding_tablet=&#8220;0px||||false|false&#8220; custom_padding_phone=&#8220;0px||||false|false&#8220; global_colors_info=&#8220;{}&#8220;][et_pb_column type=&#8220;1_2&#8243; _builder_version=&#8220;4.14.8&#8243; _module_preset=&#8220;default&#8220; custom_padding=&#8220;||||false|false&#8220; custom_padding_tablet=&#8220;0px||||false|false&#8220; custom_padding_phone=&#8220;0px||||false|false&#8220; custom_padding_last_edited=&#8220;on|desktop&#8220; global_colors_info=&#8220;{}&#8220;][et_pb_text _builder_version=&#8220;4.14.8&#8243; _module_preset=&#8220;16a54059-cc81-4572-9c70-eda6a6c419bf&#8220; text_text_color=&#8220;rgba(0,0,0,0.8)&#8220; text_font_size=&#8220;16px&#8220; text_line_height=&#8220;1.6em&#8220; header_3_font=&#8220;|700|||||||&#8220; custom_padding=&#8220;||0px|||&#8220; hover_enabled=&#8220;0&#8243; text_font_size_tablet=&#8220;15px&#8220; text_font_size_phone=&#8220;13px&#8220; text_font_size_last_edited=&#8220;on|phone&#8220; header_font_size_tablet=&#8220;55px&#8220; header_font_size_last_edited=&#8220;off|desktop&#8220; locked=&#8220;off&#8220; global_colors_info=&#8220;{}&#8220; sticky_enabled=&#8220;0&#8243;]<h3>Zutaten<\/h3>\n<ul>\n<li>ein Kilo 00 Weizenmehl<\/li>\n<li>12 Eier<\/li>\n<li>ein Glas Maismehl<\/li>\n<li>Salz<\/li>\n<\/ul>[\/et_pb_text][\/et_pb_column][et_pb_column type=&#8220;1_2&#8243; _builder_version=&#8220;4.14.8&#8243; _module_preset=&#8220;default&#8220; custom_padding=&#8220;||||false|false&#8220; custom_padding_tablet=&#8220;0px||||false|false&#8220; custom_padding_phone=&#8220;0px||||false|false&#8220; custom_padding_last_edited=&#8220;on|desktop&#8220; global_colors_info=&#8220;{}&#8220;][et_pb_image src=&#8220;https:\/\/visitmurazzano.it\/wp-content\/uploads\/2022\/03\/tajarin-uovo.jpg&#8220; alt=&#8220;Sardellen Al Green&#8220; title_text=&#8220;tajarin-ei&#8220; _builder_version=&#8220;4.14.8&#8243; _module_preset=&#8220;default&#8220; hover_enabled=&#8220;0&#8243; global_colors_info=&#8220;{}&#8220; sticky_enabled=&#8220;0&#8243;][\/et_pb_image][\/et_pb_column][\/et_pb_row][et_pb_row custom_padding_last_edited=&#8220;on|tablet&#8220; _builder_version=&#8220;4.14.8&#8243; _module_preset=&#8220;default&#8220; custom_margin_tablet=&#8220;&#8220; custom_margin_phone=&#8220;&#8220; custom_margin_last_edited=&#8220;on|tablet&#8220; custom_padding_tablet=&#8220;0px||||false|false&#8220; custom_padding_phone=&#8220;0px||||false|false&#8220; global_colors_info=&#8220;{}&#8220;][et_pb_column type=&#8220;4_4&#8243; _builder_version=&#8220;4.14.8&#8243; _module_preset=&#8220;default&#8220; custom_padding=&#8220;||||false|false&#8220; custom_padding_tablet=&#8220;0px||||false|false&#8220; custom_padding_phone=&#8220;0px||||false|false&#8220; custom_padding_last_edited=&#8220;on|desktop&#8220; global_colors_info=&#8220;{}&#8220;][et_pb_text _builder_version=&#8220;4.14.8&#8243; _module_preset=&#8220;16a54059-cc81-4572-9c70-eda6a6c419bf&#8220; text_text_color=&#8220;rgba(0,0,0,0.8)&#8220; text_font_size=&#8220;16px&#8220; text_line_height=&#8220;1.6em&#8220; header_3_font=&#8220;|700|||||||&#8220; custom_padding=&#8220;||0px|||&#8220; hover_enabled=&#8220;0&#8243; text_font_size_tablet=&#8220;15px&#8220; text_font_size_phone=&#8220;13px&#8220; text_font_size_last_edited=&#8220;on|phone&#8220; header_font_size_tablet=&#8220;55px&#8220; header_font_size_last_edited=&#8220;off|desktop&#8220; locked=&#8220;off&#8220; global_colors_info=&#8220;{}&#8220; sticky_enabled=&#8220;0&#8243;]<h3>Methode<\/h3>\n<p>Das Mehl auf einem Nudelbrett verteilen, eine Mulde formen und acht ganze Eier und vier Eigelb hineingeben. Salzen und mit Geduld mischen, bis ein fester und elastischer Teig entsteht. Modellieren Sie, um ein l\u00e4ngliches Brot zu erhalten, teilen Sie es dann in mehrere Teile und rollen Sie es mit einem Nudelholz so d\u00fcnn wie m\u00f6glich aus. Lassen Sie den Teig etwa 10 Minuten ruhen, bestreuen Sie ihn mit Maismehl und wickeln Sie ihn um sich selbst, um eine Salami zu erhalten. Mit einem Messer sehr d\u00fcnne Scheiben schneiden, die nach dem Ausrollen der leckeren Tajarin Leben einhauchen.<br>Die Nudeln weit offen auf ein Blech legen und trocknen lassen. Zum Schluss die Nudeln einige Minuten in kochendem Wasser kochen.<\/p>\n<p>W\u00fcrzen Sie nach Ihrem Geschmack, ohne eine Prise wei\u00dfen Alba-Tr\u00fcffel zu vergessen, und das Gericht ist bereit, am Tisch serviert zu werden!<\/p>[\/et_pb_text][\/et_pb_column][\/et_pb_row][\/et_pb_section][et_pb_section fb_built=&#8220;1&#8243; _builder_version=&#8220;4.14.7&#8243; _module_preset=&#8220;default&#8220; custom_padding=&#8220;0px|||||&#8220; global_colors_info=&#8220;{}&#8220;][\/et_pb_section]\n","protected":false},"excerpt":{"rendered":"<p>Ei TajarinDie Protagonisten dieses Gerichts? Wei\u00dfes Mehl und viele, viele Eier. Tajarin hat seinen Ursprung in den H\u00fcgeln der Langhe, einst das klassische Sonntagsgericht, ein Symbol des Feierns und Teilens. Es ist eine frische handgemachte Pasta, die Tagliatella sehr \u00e4hnlich ist, aber kleiner ist. Die ersten Beweise f\u00fcr dieses k\u00f6stliche Rezept stammen aus dem f\u00fcnfzehnten [&hellip;]<\/p>\n","protected":false},"author":1,"featured_media":0,"parent":0,"menu_order":0,"comment_status":"closed","ping_status":"closed","template":"","meta":{"_et_pb_use_builder":"on","_et_pb_old_content":"","_et_gb_content_width":"","footnotes":""},"class_list":["post-2532","page","type-page","status-publish","hentry"],"yoast_head":"<!-- This site is optimized with the Yoast SEO plugin v26.7 - https:\/\/yoast.com\/wordpress\/plugins\/seo\/ -->\n<title>Visit Murazzano | Rezept und Herkunft von Tajarin all&#039;uovo delle Langhe<\/title>\n<meta name=\"description\" content=\"Tajarin all&#039;uovo ist eine frische Pasta aus der alten Langa-Tradition. Entdecken Sie die Urspr\u00fcnge und das Rezept dieses schmackhaften und raffinierten ersten Gangs.\" \/>\n<meta name=\"robots\" content=\"index, follow, max-snippet:-1, max-image-preview:large, max-video-preview:-1\" \/>\n<link rel=\"canonical\" href=\"https:\/\/visitmurazzano.it\/de\/ei-tajarin\/\" \/>\n<meta property=\"og:locale\" content=\"de_DE\" \/>\n<meta property=\"og:type\" content=\"article\" \/>\n<meta property=\"og:title\" content=\"Visit Murazzano | Rezept und Herkunft von Tajarin all&#039;uovo delle Langhe\" \/>\n<meta property=\"og:description\" content=\"Tajarin all&#039;uovo ist eine frische Pasta aus der alten Langa-Tradition. Entdecken Sie die Urspr\u00fcnge und das Rezept dieses schmackhaften und raffinierten ersten Gangs.\" \/>\n<meta property=\"og:url\" content=\"https:\/\/visitmurazzano.it\/de\/ei-tajarin\/\" \/>\n<meta property=\"og:site_name\" content=\"Visit Murazzano\" \/>\n<meta property=\"article:modified_time\" content=\"2022-09-30T12:39:45+00:00\" \/>\n<meta name=\"twitter:card\" content=\"summary_large_image\" \/>\n<meta name=\"twitter:label1\" content=\"Gesch\u00e4tzte Lesezeit\" \/>\n\t<meta name=\"twitter:data1\" content=\"5\u00a0Minuten\" \/>\n<script type=\"application\/ld+json\" class=\"yoast-schema-graph\">{\"@context\":\"https:\/\/schema.org\",\"@graph\":[{\"@type\":\"WebPage\",\"@id\":\"https:\/\/visitmurazzano.it\/de\/ei-tajarin\/\",\"url\":\"https:\/\/visitmurazzano.it\/de\/ei-tajarin\/\",\"name\":\"Visit Murazzano | Rezept und Herkunft von Tajarin all'uovo delle Langhe\",\"isPartOf\":{\"@id\":\"https:\/\/visitmurazzano.it\/de\/#website\"},\"datePublished\":\"2022-03-10T16:36:12+00:00\",\"dateModified\":\"2022-09-30T12:39:45+00:00\",\"description\":\"Tajarin all'uovo ist eine frische Pasta aus der alten Langa-Tradition. Entdecken Sie die Urspr\u00fcnge und das Rezept dieses schmackhaften und raffinierten ersten Gangs.\",\"breadcrumb\":{\"@id\":\"https:\/\/visitmurazzano.it\/de\/ei-tajarin\/#breadcrumb\"},\"inLanguage\":\"de\",\"potentialAction\":[{\"@type\":\"ReadAction\",\"target\":[\"https:\/\/visitmurazzano.it\/de\/ei-tajarin\/\"]}]},{\"@type\":\"BreadcrumbList\",\"@id\":\"https:\/\/visitmurazzano.it\/de\/ei-tajarin\/#breadcrumb\",\"itemListElement\":[{\"@type\":\"ListItem\",\"position\":1,\"name\":\"Home\",\"item\":\"https:\/\/visitmurazzano.it\/de\/\"},{\"@type\":\"ListItem\",\"position\":2,\"name\":\"Ei Tajarin\"}]},{\"@type\":\"WebSite\",\"@id\":\"https:\/\/visitmurazzano.it\/de\/#website\",\"url\":\"https:\/\/visitmurazzano.it\/de\/\",\"name\":\"Visit Murazzano\",\"description\":\"Sito turistico Murazzano\",\"publisher\":{\"@id\":\"https:\/\/visitmurazzano.it\/de\/#organization\"},\"potentialAction\":[{\"@type\":\"SearchAction\",\"target\":{\"@type\":\"EntryPoint\",\"urlTemplate\":\"https:\/\/visitmurazzano.it\/de\/?s={search_term_string}\"},\"query-input\":{\"@type\":\"PropertyValueSpecification\",\"valueRequired\":true,\"valueName\":\"search_term_string\"}}],\"inLanguage\":\"de\"},{\"@type\":\"Organization\",\"@id\":\"https:\/\/visitmurazzano.it\/de\/#organization\",\"name\":\"Murazzano\",\"url\":\"https:\/\/visitmurazzano.it\/de\/\",\"logo\":{\"@type\":\"ImageObject\",\"inLanguage\":\"de\",\"@id\":\"https:\/\/visitmurazzano.it\/de\/#\/schema\/logo\/image\/\",\"url\":\"https:\/\/visitmurazzano.it\/wp-content\/uploads\/2022\/05\/logo-murazzano.jpg\",\"contentUrl\":\"https:\/\/visitmurazzano.it\/wp-content\/uploads\/2022\/05\/logo-murazzano.jpg\",\"width\":75,\"height\":90,\"caption\":\"Murazzano\"},\"image\":{\"@id\":\"https:\/\/visitmurazzano.it\/de\/#\/schema\/logo\/image\/\"}}]}<\/script>\n<!-- \/ Yoast SEO plugin. -->","yoast_head_json":{"title":"Visit Murazzano | Rezept und Herkunft von Tajarin all'uovo delle Langhe","description":"Tajarin all'uovo ist eine frische Pasta aus der alten Langa-Tradition. Entdecken Sie die Urspr\u00fcnge und das Rezept dieses schmackhaften und raffinierten ersten Gangs.","robots":{"index":"index","follow":"follow","max-snippet":"max-snippet:-1","max-image-preview":"max-image-preview:large","max-video-preview":"max-video-preview:-1"},"canonical":"https:\/\/visitmurazzano.it\/de\/ei-tajarin\/","og_locale":"de_DE","og_type":"article","og_title":"Visit Murazzano | Rezept und Herkunft von Tajarin all'uovo delle Langhe","og_description":"Tajarin all'uovo ist eine frische Pasta aus der alten Langa-Tradition. Entdecken Sie die Urspr\u00fcnge und das Rezept dieses schmackhaften und raffinierten ersten Gangs.","og_url":"https:\/\/visitmurazzano.it\/de\/ei-tajarin\/","og_site_name":"Visit Murazzano","article_modified_time":"2022-09-30T12:39:45+00:00","twitter_card":"summary_large_image","twitter_misc":{"Gesch\u00e4tzte Lesezeit":"5\u00a0Minuten"},"schema":{"@context":"https:\/\/schema.org","@graph":[{"@type":"WebPage","@id":"https:\/\/visitmurazzano.it\/de\/ei-tajarin\/","url":"https:\/\/visitmurazzano.it\/de\/ei-tajarin\/","name":"Visit Murazzano | Rezept und Herkunft von Tajarin all'uovo delle Langhe","isPartOf":{"@id":"https:\/\/visitmurazzano.it\/de\/#website"},"datePublished":"2022-03-10T16:36:12+00:00","dateModified":"2022-09-30T12:39:45+00:00","description":"Tajarin all'uovo ist eine frische Pasta aus der alten Langa-Tradition. Entdecken Sie die Urspr\u00fcnge und das Rezept dieses schmackhaften und raffinierten ersten Gangs.","breadcrumb":{"@id":"https:\/\/visitmurazzano.it\/de\/ei-tajarin\/#breadcrumb"},"inLanguage":"de","potentialAction":[{"@type":"ReadAction","target":["https:\/\/visitmurazzano.it\/de\/ei-tajarin\/"]}]},{"@type":"BreadcrumbList","@id":"https:\/\/visitmurazzano.it\/de\/ei-tajarin\/#breadcrumb","itemListElement":[{"@type":"ListItem","position":1,"name":"Home","item":"https:\/\/visitmurazzano.it\/de\/"},{"@type":"ListItem","position":2,"name":"Ei Tajarin"}]},{"@type":"WebSite","@id":"https:\/\/visitmurazzano.it\/de\/#website","url":"https:\/\/visitmurazzano.it\/de\/","name":"Visit Murazzano","description":"Sito turistico Murazzano","publisher":{"@id":"https:\/\/visitmurazzano.it\/de\/#organization"},"potentialAction":[{"@type":"SearchAction","target":{"@type":"EntryPoint","urlTemplate":"https:\/\/visitmurazzano.it\/de\/?s={search_term_string}"},"query-input":{"@type":"PropertyValueSpecification","valueRequired":true,"valueName":"search_term_string"}}],"inLanguage":"de"},{"@type":"Organization","@id":"https:\/\/visitmurazzano.it\/de\/#organization","name":"Murazzano","url":"https:\/\/visitmurazzano.it\/de\/","logo":{"@type":"ImageObject","inLanguage":"de","@id":"https:\/\/visitmurazzano.it\/de\/#\/schema\/logo\/image\/","url":"https:\/\/visitmurazzano.it\/wp-content\/uploads\/2022\/05\/logo-murazzano.jpg","contentUrl":"https:\/\/visitmurazzano.it\/wp-content\/uploads\/2022\/05\/logo-murazzano.jpg","width":75,"height":90,"caption":"Murazzano"},"image":{"@id":"https:\/\/visitmurazzano.it\/de\/#\/schema\/logo\/image\/"}}]}},"_links":{"self":[{"href":"https:\/\/visitmurazzano.it\/de\/wp-json\/wp\/v2\/pages\/2532","targetHints":{"allow":["GET"]}}],"collection":[{"href":"https:\/\/visitmurazzano.it\/de\/wp-json\/wp\/v2\/pages"}],"about":[{"href":"https:\/\/visitmurazzano.it\/de\/wp-json\/wp\/v2\/types\/page"}],"author":[{"embeddable":true,"href":"https:\/\/visitmurazzano.it\/de\/wp-json\/wp\/v2\/users\/1"}],"replies":[{"embeddable":true,"href":"https:\/\/visitmurazzano.it\/de\/wp-json\/wp\/v2\/comments?post=2532"}],"version-history":[{"count":3,"href":"https:\/\/visitmurazzano.it\/de\/wp-json\/wp\/v2\/pages\/2532\/revisions"}],"predecessor-version":[{"id":2535,"href":"https:\/\/visitmurazzano.it\/de\/wp-json\/wp\/v2\/pages\/2532\/revisions\/2535"}],"wp:attachment":[{"href":"https:\/\/visitmurazzano.it\/de\/wp-json\/wp\/v2\/media?parent=2532"}],"curies":[{"name":"wp","href":"https:\/\/api.w.org\/{rel}","templated":true}]}}