{"id":2536,"date":"2022-02-18T14:20:31","date_gmt":"2022-02-18T13:20:31","guid":{"rendered":"https:\/\/visitmurazzano.it\/zuflucht-gesegnete-jungfrau-von-hal\/"},"modified":"2022-09-30T14:52:14","modified_gmt":"2022-09-30T12:52:14","slug":"zuflucht-gesegnete-jungfrau-von-hal","status":"publish","type":"page","link":"https:\/\/visitmurazzano.it\/de\/zuflucht-gesegnete-jungfrau-von-hal\/","title":{"rendered":"Zuflucht Gesegnete Jungfrau von Hal"},"content":{"rendered":"<p>[et_pb_section fb_built=&#8220;1&#8243; custom_padding_last_edited=&#8220;on|desktop&#8220; admin_label=&#8220;Header&#8220; _builder_version=&#8220;4.16.0&#8243; _module_preset=&#8220;default&#8220; use_background_color_gradient=&#8220;on&#8220; background_color_gradient_stops=&#8220;rgba(0,0,0,0.66) 0%|rgba(0,0,0,0.52) 100%&#8220; background_color_gradient_overlays_image=&#8220;on&#8220; background_color_gradient_start=&#8220;rgba(0,0,0,0.66)&#8220; background_color_gradient_end=&#8220;rgba(0,0,0,0.52)&#8220; background_image=&#8220;https:\/\/visitmurazzano.it\/wp-content\/uploads\/2022\/04\/Santuario.jpg&#8220; custom_padding=&#8220;120px||120px||true|false&#8220; custom_padding_tablet=&#8220;35px||35px||true|false&#8220; custom_padding_phone=&#8220;15px||15px||true|false&#8220; locked=&#8220;off&#8220; global_colors_info=&#8220;{}&#8220; da_is_popup=&#8220;off&#8220; da_exit_intent=&#8220;off&#8220; da_has_close=&#8220;on&#8220; da_alt_close=&#8220;off&#8220; da_dark_close=&#8220;off&#8220; da_not_modal=&#8220;on&#8220; da_is_singular=&#8220;off&#8220; da_with_loader=&#8220;off&#8220; da_has_shadow=&#8220;on&#8220; da_disable_devices=&#8220;off|off|off&#8220;][et_pb_row _builder_version=&#8220;4.16&#8243; _module_preset=&#8220;default&#8220; global_colors_info=&#8220;{}&#8220;][et_pb_column type=&#8220;4_4&#8243; _builder_version=&#8220;4.16&#8243; _module_preset=&#8220;default&#8220; global_colors_info=&#8220;{}&#8220;][et_pb_text _builder_version=&#8220;4.16&#8243; _module_preset=&#8220;d72c0383-6487-4f2c-ac5c-7d48a6376757&#8243; header_font=&#8220;Playfair Display||||||||&#8220; header_text_color=&#8220;#FFFFFF&#8220; header_font_size=&#8220;56px&#8220; animation_direction=&#8220;top&#8220; header_font_size_tablet=&#8220;10vw&#8220; header_font_size_phone=&#8220;&#8220; header_font_size_last_edited=&#8220;on|phone&#8220; global_colors_info=&#8220;{}&#8220;]<\/p>\n<h1>Zuflucht <br \/>Gesegnete Jungfrau von Hal<\/h1>\n<p>[\/et_pb_text][\/et_pb_column][\/et_pb_row][et_pb_row column_structure=&#8220;2_3,1_3&#8243; _builder_version=&#8220;4.16&#8243; _module_preset=&#8220;default&#8220; global_colors_info=&#8220;{}&#8220;][et_pb_column type=&#8220;2_3&#8243; _builder_version=&#8220;4.16&#8243; _module_preset=&#8220;default&#8220; global_colors_info=&#8220;{}&#8220;][et_pb_text _builder_version=&#8220;4.16.1&#8243; _module_preset=&#8220;1d866de3-b108-4c5f-bed3-2da9506a6915&#8243; text_text_color=&#8220;#FFFFFF&#8220; text_font_size=&#8220;16px&#8220; header_font=&#8220;||||||||&#8220; header_4_font=&#8220;Merriweather||||||||&#8220; header_4_text_color=&#8220;#FFFFFF&#8220; header_4_line_height=&#8220;1.8em&#8220; header_4_font_size_tablet=&#8220;16px&#8220; header_4_font_size_phone=&#8220;14px&#8220; header_4_font_size_last_edited=&#8220;on|tablet&#8220; locked=&#8220;off&#8220; global_colors_info=&#8220;{}&#8220;]Die <strong>Zuflucht Gesegnete Jungfrau von Hal<\/strong> stammt aus der ersten H\u00e4lfte des 17. Jahrhunderts und steht auf den \u00dcberresten einer \u00e4lteren Kirche \u201eS. Maria di Buzzignano extra muros&#8220;. Ein <strong>architektonisches Meisterwerk von gro\u00dfem Wert<\/strong> und ein Ort der Kunst und Kultur sowie der Anbetung, dank der Sch\u00f6nheit der Gem\u00e4lde, die es bewahrt. Das Geb\u00e4ude hat eine gew\u00f6hnliche Wand und das Innere hat eine malerische Dekoration, die auf perspektivischen Ansichten basiert, die mit raffinierten Blumenmotiven geschm\u00fcckt sind, was es zu einem der charakteristischsten Heiligt\u00fcmer der Region macht. Das Mittelschiff \u00fcberblickt einen <strong>au\u00dfergew\u00f6hnlichen Freskenzyklus<\/strong> und f\u00fchrt Sie langsam zum Presbyterium, auf dem sich eine <strong>majest\u00e4tische Kuppel<\/strong> erhebt. [\/et_pb_text][\/et_pb_column][et_pb_column type=&#8220;1_3&#8243; _builder_version=&#8220;4.16&#8243; _module_preset=&#8220;default&#8220; global_colors_info=&#8220;{}&#8220;][\/et_pb_column][\/et_pb_row][\/et_pb_section][et_pb_section fb_built=&#8220;1&#8243; admin_label=&#8220;Feature&#8220; _builder_version=&#8220;4.16&#8243; _module_preset=&#8220;default&#8220; locked=&#8220;off&#8220; global_colors_info=&#8220;{}&#8220; da_is_popup=&#8220;off&#8220; da_exit_intent=&#8220;off&#8220; da_has_close=&#8220;on&#8220; da_alt_close=&#8220;off&#8220; da_dark_close=&#8220;off&#8220; da_not_modal=&#8220;on&#8220; da_is_singular=&#8220;off&#8220; da_with_loader=&#8220;off&#8220; da_has_shadow=&#8220;on&#8220; da_disable_devices=&#8220;off|off|off&#8220;][et_pb_row column_structure=&#8220;1_2,1_2&#8243; _builder_version=&#8220;4.16.1&#8243; _module_preset=&#8220;default&#8220; global_colors_info=&#8220;{}&#8220;][et_pb_column type=&#8220;1_2&#8243; _builder_version=&#8220;4.16&#8243; _module_preset=&#8220;default&#8220; global_colors_info=&#8220;{}&#8220;][et_pb_image src=&#8220;https:\/\/visitmurazzano.it\/wp-content\/uploads\/2022\/04\/santuario-beata-vergine-di-hal.jpg&#8220; alt=&#8220;zuflucht gesegnete jungfrau von hal&#8220; title_text=&#8220;zuflucht-gesegnete-jungfrau-von-hal&#8220; _builder_version=&#8220;4.16.1&#8243; _module_preset=&#8220;default&#8220; locked=&#8220;off&#8220; global_colors_info=&#8220;{}&#8220;][\/et_pb_image][\/et_pb_column][et_pb_column type=&#8220;1_2&#8243; _builder_version=&#8220;4.16.1&#8243; _module_preset=&#8220;default&#8220; custom_padding=&#8220;||||false|false&#8220; custom_padding_tablet=&#8220;0px||||false|false&#8220; custom_padding_phone=&#8220;&#8220; custom_padding_last_edited=&#8220;on|phone&#8220; global_colors_info=&#8220;{}&#8220;][et_pb_text _builder_version=&#8220;4.16.1&#8243; _module_preset=&#8220;default&#8220; text_text_color=&#8220;#000000&#8243; text_font_size=&#8220;16px&#8220; text_font_size_tablet=&#8220;15px&#8220; text_font_size_phone=&#8220;13px&#8220; text_font_size_last_edited=&#8220;on|phone&#8220; global_colors_info=&#8220;{}&#8220;]<\/p>\n<p>Der von so viel Sch\u00f6nheit faszinierte Blick wird bald von der Altarwand gefangen, wo eine kostbare, auf eine Schieferplatte gemalte <strong>Darstellung der Madonna mit Kind<\/strong> verehrt wird. Beide tragen ein reich verziertes Kleid, aber auf dem Kopf der Jungfrau erscheint ein Wappen, das Wappen der Spinola, einer genuesischen Adelsfamilie. Unter dem Gem\u00e4lde befindet sich eine lateinische Inschrift, die bezeugt, dass es sich um eine Hommage der Herzogin Maria Spinola an die selige Jungfrau handelt. Das Gem\u00e4lde ist von einer Holzstatue inspiriert, die in Hal, Belgien, untergebracht ist. Ein unbekannter Maler portr\u00e4tierte es im Auftrag von Ambrogio Spinola, um es seiner Schwester Maria zu schenken.<\/p>\n<p>In der zweiten H\u00e4lfte des 17. Jahrhunderts kamen die philippinischen Patres, die der Kirche ihr heutiges Aussehen gaben und neben dem Heiligtum ein Kloster errichteten. Die Stadt Murazzano schreibt ihre Rettung der Heiligen Jungfrau zu, als sie 1944 von den Deutschen niedergebrannt werden sollte.<\/p>\n<p>[\/et_pb_text][et_pb_text _builder_version=&#8220;4.18.0&#8243; _module_preset=&#8220;32021f09-dd67-47fb-8f9a-832b72a38baf&#8220; text_text_color=&#8220;#000000&#8243; text_font_size=&#8220;16px&#8220; text_line_height=&#8220;1.4em&#8220; header_2_font=&#8220;Playfair Display|700|||||||&#8220; header_2_text_color=&#8220;gcid-c9411f34-b37e-4feb-a841-9533663e2403&#8243; header_2_font_size=&#8220;60px&#8220; header_2_line_height=&#8220;1.1em&#8220; header_5_font=&#8220;|700|||||||&#8220; header_5_font_size=&#8220;18px&#8220; custom_margin=&#8220;||10px||false|false&#8220; animation_direction=&#8220;left&#8220; hover_enabled=&#8220;0&#8243; header_2_font_size_tablet=&#8220;35px&#8220; header_2_font_size_phone=&#8220;22px&#8220; header_2_font_size_last_edited=&#8220;on|phone&#8220; locked=&#8220;off&#8220; global_colors_info=&#8220;{}&#8220; sticky_enabled=&#8220;0&#8243;]<\/p>\n<h5>Fahrplan<\/h5>\n<p>Jeden Tag<br \/>9-18 Uhr[\/et_pb_text][et_pb_text _builder_version=&#8220;4.18.0&#8243; _module_preset=&#8220;32021f09-dd67-47fb-8f9a-832b72a38baf&#8220; text_text_color=&#8220;#000000&#8243; text_font_size=&#8220;16px&#8220; text_line_height=&#8220;1.4em&#8220; header_2_font=&#8220;Playfair Display|700|||||||&#8220; header_2_text_color=&#8220;gcid-c9411f34-b37e-4feb-a841-9533663e2403&#8243; header_2_font_size=&#8220;60px&#8220; header_2_line_height=&#8220;1.1em&#8220; header_5_font=&#8220;|700|||||||&#8220; header_5_font_size=&#8220;18px&#8220; custom_margin=&#8220;30px||0px||false|false&#8220; animation_direction=&#8220;left&#8220; hover_enabled=&#8220;0&#8243; header_2_font_size_tablet=&#8220;35px&#8220; header_2_font_size_phone=&#8220;22px&#8220; header_2_font_size_last_edited=&#8220;on|phone&#8220; locked=&#8220;off&#8220; global_colors_info=&#8220;{}&#8220; sticky_enabled=&#8220;0&#8243;]<\/p>\n<h5>Besuche<\/h5>\n<p>Kostenloser Besuch<br \/>F\u00fcr gro\u00dfe Gruppen oder f\u00fcr eine F\u00fchrung wenden Sie sich bitte an die Gemeinde Murazzano.[\/et_pb_text][et_pb_text _builder_version=&#8220;4.18.0&#8243; _module_preset=&#8220;32021f09-dd67-47fb-8f9a-832b72a38baf&#8220; text_text_color=&#8220;#000000&#8243; text_font_size=&#8220;16px&#8220; text_line_height=&#8220;1.4em&#8220; header_2_font=&#8220;Playfair Display|700|||||||&#8220; header_2_text_color=&#8220;gcid-c9411f34-b37e-4feb-a841-9533663e2403&#8243; header_2_font_size=&#8220;60px&#8220; header_2_line_height=&#8220;1.1em&#8220; header_5_font=&#8220;|700|||||||&#8220; header_5_font_size=&#8220;18px&#8220; custom_margin=&#8220;30px||0px||false|false&#8220; animation_direction=&#8220;left&#8220; hover_enabled=&#8220;0&#8243; header_2_font_size_tablet=&#8220;35px&#8220; header_2_font_size_phone=&#8220;22px&#8220; header_2_font_size_last_edited=&#8220;on|phone&#8220; locked=&#8220;off&#8220; global_colors_info=&#8220;{}&#8220; sticky_enabled=&#8220;0&#8243;]<\/p>\n<h5>Kontakte<\/h5>\n<p>Tel. 0173\/791201<br \/>Email: comune@comune.murazzano.cn.it[\/et_pb_text][\/et_pb_column][\/et_pb_row][\/et_pb_section]<\/p>\n","protected":false},"excerpt":{"rendered":"<p>Zuflucht Gesegnete Jungfrau von HalDie Zuflucht Gesegnete Jungfrau von Hal stammt aus der ersten H\u00e4lfte des 17. Jahrhunderts und steht auf den \u00dcberresten einer \u00e4lteren Kirche \u201eS. Maria di Buzzignano extra muros&#8220;. Ein architektonisches Meisterwerk von gro\u00dfem Wert und ein Ort der Kunst und Kultur sowie der Anbetung, dank der Sch\u00f6nheit der Gem\u00e4lde, die es [&hellip;]<\/p>\n","protected":false},"author":1,"featured_media":0,"parent":0,"menu_order":0,"comment_status":"closed","ping_status":"closed","template":"","meta":{"_et_pb_use_builder":"on","_et_pb_old_content":"","_et_gb_content_width":"","footnotes":""},"class_list":["post-2536","page","type-page","status-publish","hentry"],"yoast_head":"<!-- This site is optimized with the Yoast SEO plugin v26.7 - https:\/\/yoast.com\/wordpress\/plugins\/seo\/ -->\n<title>Visit Murazzano | Entdecken Sie unser Heiligtum der seligen Jungfrau von Hal<\/title>\n<meta name=\"description\" content=\"Entdecken Sie alle Attraktionen von Murazzano. Das Heiligtum der Heiligen Jungfrau von Hal ist ein architektonisches Meisterwerk, das reich an Geschichte, Kunst und Kultur ist.\" \/>\n<meta name=\"robots\" content=\"index, follow, max-snippet:-1, max-image-preview:large, max-video-preview:-1\" \/>\n<link rel=\"canonical\" href=\"https:\/\/visitmurazzano.it\/de\/zuflucht-gesegnete-jungfrau-von-hal\/\" \/>\n<meta property=\"og:locale\" content=\"de_DE\" \/>\n<meta property=\"og:type\" content=\"article\" \/>\n<meta property=\"og:title\" content=\"Visit Murazzano | Entdecken Sie unser Heiligtum der seligen Jungfrau von Hal\" \/>\n<meta property=\"og:description\" content=\"Entdecken Sie alle Attraktionen von Murazzano. Das Heiligtum der Heiligen Jungfrau von Hal ist ein architektonisches Meisterwerk, das reich an Geschichte, Kunst und Kultur ist.\" \/>\n<meta property=\"og:url\" content=\"https:\/\/visitmurazzano.it\/de\/zuflucht-gesegnete-jungfrau-von-hal\/\" \/>\n<meta property=\"og:site_name\" content=\"Visit Murazzano\" \/>\n<meta property=\"article:modified_time\" content=\"2022-09-30T12:52:14+00:00\" \/>\n<meta name=\"twitter:card\" content=\"summary_large_image\" \/>\n<meta name=\"twitter:label1\" content=\"Gesch\u00e4tzte Lesezeit\" \/>\n\t<meta name=\"twitter:data1\" content=\"5\u00a0Minuten\" \/>\n<script type=\"application\/ld+json\" class=\"yoast-schema-graph\">{\"@context\":\"https:\/\/schema.org\",\"@graph\":[{\"@type\":\"WebPage\",\"@id\":\"https:\/\/visitmurazzano.it\/de\/zuflucht-gesegnete-jungfrau-von-hal\/\",\"url\":\"https:\/\/visitmurazzano.it\/de\/zuflucht-gesegnete-jungfrau-von-hal\/\",\"name\":\"Visit Murazzano | Entdecken Sie unser Heiligtum der seligen Jungfrau von Hal\",\"isPartOf\":{\"@id\":\"https:\/\/visitmurazzano.it\/de\/#website\"},\"datePublished\":\"2022-02-18T13:20:31+00:00\",\"dateModified\":\"2022-09-30T12:52:14+00:00\",\"description\":\"Entdecken Sie alle Attraktionen von Murazzano. Das Heiligtum der Heiligen Jungfrau von Hal ist ein architektonisches Meisterwerk, das reich an Geschichte, Kunst und Kultur ist.\",\"breadcrumb\":{\"@id\":\"https:\/\/visitmurazzano.it\/de\/zuflucht-gesegnete-jungfrau-von-hal\/#breadcrumb\"},\"inLanguage\":\"de\",\"potentialAction\":[{\"@type\":\"ReadAction\",\"target\":[\"https:\/\/visitmurazzano.it\/de\/zuflucht-gesegnete-jungfrau-von-hal\/\"]}]},{\"@type\":\"BreadcrumbList\",\"@id\":\"https:\/\/visitmurazzano.it\/de\/zuflucht-gesegnete-jungfrau-von-hal\/#breadcrumb\",\"itemListElement\":[{\"@type\":\"ListItem\",\"position\":1,\"name\":\"Home\",\"item\":\"https:\/\/visitmurazzano.it\/de\/\"},{\"@type\":\"ListItem\",\"position\":2,\"name\":\"Zuflucht Gesegnete Jungfrau von Hal\"}]},{\"@type\":\"WebSite\",\"@id\":\"https:\/\/visitmurazzano.it\/de\/#website\",\"url\":\"https:\/\/visitmurazzano.it\/de\/\",\"name\":\"Visit Murazzano\",\"description\":\"Sito turistico Murazzano\",\"publisher\":{\"@id\":\"https:\/\/visitmurazzano.it\/de\/#organization\"},\"potentialAction\":[{\"@type\":\"SearchAction\",\"target\":{\"@type\":\"EntryPoint\",\"urlTemplate\":\"https:\/\/visitmurazzano.it\/de\/?s={search_term_string}\"},\"query-input\":{\"@type\":\"PropertyValueSpecification\",\"valueRequired\":true,\"valueName\":\"search_term_string\"}}],\"inLanguage\":\"de\"},{\"@type\":\"Organization\",\"@id\":\"https:\/\/visitmurazzano.it\/de\/#organization\",\"name\":\"Murazzano\",\"url\":\"https:\/\/visitmurazzano.it\/de\/\",\"logo\":{\"@type\":\"ImageObject\",\"inLanguage\":\"de\",\"@id\":\"https:\/\/visitmurazzano.it\/de\/#\/schema\/logo\/image\/\",\"url\":\"https:\/\/visitmurazzano.it\/wp-content\/uploads\/2022\/05\/logo-murazzano.jpg\",\"contentUrl\":\"https:\/\/visitmurazzano.it\/wp-content\/uploads\/2022\/05\/logo-murazzano.jpg\",\"width\":75,\"height\":90,\"caption\":\"Murazzano\"},\"image\":{\"@id\":\"https:\/\/visitmurazzano.it\/de\/#\/schema\/logo\/image\/\"}}]}<\/script>\n<!-- \/ Yoast SEO plugin. -->","yoast_head_json":{"title":"Visit Murazzano | Entdecken Sie unser Heiligtum der seligen Jungfrau von Hal","description":"Entdecken Sie alle Attraktionen von Murazzano. Das Heiligtum der Heiligen Jungfrau von Hal ist ein architektonisches Meisterwerk, das reich an Geschichte, Kunst und Kultur ist.","robots":{"index":"index","follow":"follow","max-snippet":"max-snippet:-1","max-image-preview":"max-image-preview:large","max-video-preview":"max-video-preview:-1"},"canonical":"https:\/\/visitmurazzano.it\/de\/zuflucht-gesegnete-jungfrau-von-hal\/","og_locale":"de_DE","og_type":"article","og_title":"Visit Murazzano | Entdecken Sie unser Heiligtum der seligen Jungfrau von Hal","og_description":"Entdecken Sie alle Attraktionen von Murazzano. Das Heiligtum der Heiligen Jungfrau von Hal ist ein architektonisches Meisterwerk, das reich an Geschichte, Kunst und Kultur ist.","og_url":"https:\/\/visitmurazzano.it\/de\/zuflucht-gesegnete-jungfrau-von-hal\/","og_site_name":"Visit Murazzano","article_modified_time":"2022-09-30T12:52:14+00:00","twitter_card":"summary_large_image","twitter_misc":{"Gesch\u00e4tzte Lesezeit":"5\u00a0Minuten"},"schema":{"@context":"https:\/\/schema.org","@graph":[{"@type":"WebPage","@id":"https:\/\/visitmurazzano.it\/de\/zuflucht-gesegnete-jungfrau-von-hal\/","url":"https:\/\/visitmurazzano.it\/de\/zuflucht-gesegnete-jungfrau-von-hal\/","name":"Visit Murazzano | Entdecken Sie unser Heiligtum der seligen Jungfrau von Hal","isPartOf":{"@id":"https:\/\/visitmurazzano.it\/de\/#website"},"datePublished":"2022-02-18T13:20:31+00:00","dateModified":"2022-09-30T12:52:14+00:00","description":"Entdecken Sie alle Attraktionen von Murazzano. Das Heiligtum der Heiligen Jungfrau von Hal ist ein architektonisches Meisterwerk, das reich an Geschichte, Kunst und Kultur ist.","breadcrumb":{"@id":"https:\/\/visitmurazzano.it\/de\/zuflucht-gesegnete-jungfrau-von-hal\/#breadcrumb"},"inLanguage":"de","potentialAction":[{"@type":"ReadAction","target":["https:\/\/visitmurazzano.it\/de\/zuflucht-gesegnete-jungfrau-von-hal\/"]}]},{"@type":"BreadcrumbList","@id":"https:\/\/visitmurazzano.it\/de\/zuflucht-gesegnete-jungfrau-von-hal\/#breadcrumb","itemListElement":[{"@type":"ListItem","position":1,"name":"Home","item":"https:\/\/visitmurazzano.it\/de\/"},{"@type":"ListItem","position":2,"name":"Zuflucht Gesegnete Jungfrau von Hal"}]},{"@type":"WebSite","@id":"https:\/\/visitmurazzano.it\/de\/#website","url":"https:\/\/visitmurazzano.it\/de\/","name":"Visit Murazzano","description":"Sito turistico Murazzano","publisher":{"@id":"https:\/\/visitmurazzano.it\/de\/#organization"},"potentialAction":[{"@type":"SearchAction","target":{"@type":"EntryPoint","urlTemplate":"https:\/\/visitmurazzano.it\/de\/?s={search_term_string}"},"query-input":{"@type":"PropertyValueSpecification","valueRequired":true,"valueName":"search_term_string"}}],"inLanguage":"de"},{"@type":"Organization","@id":"https:\/\/visitmurazzano.it\/de\/#organization","name":"Murazzano","url":"https:\/\/visitmurazzano.it\/de\/","logo":{"@type":"ImageObject","inLanguage":"de","@id":"https:\/\/visitmurazzano.it\/de\/#\/schema\/logo\/image\/","url":"https:\/\/visitmurazzano.it\/wp-content\/uploads\/2022\/05\/logo-murazzano.jpg","contentUrl":"https:\/\/visitmurazzano.it\/wp-content\/uploads\/2022\/05\/logo-murazzano.jpg","width":75,"height":90,"caption":"Murazzano"},"image":{"@id":"https:\/\/visitmurazzano.it\/de\/#\/schema\/logo\/image\/"}}]}},"_links":{"self":[{"href":"https:\/\/visitmurazzano.it\/de\/wp-json\/wp\/v2\/pages\/2536","targetHints":{"allow":["GET"]}}],"collection":[{"href":"https:\/\/visitmurazzano.it\/de\/wp-json\/wp\/v2\/pages"}],"about":[{"href":"https:\/\/visitmurazzano.it\/de\/wp-json\/wp\/v2\/types\/page"}],"author":[{"embeddable":true,"href":"https:\/\/visitmurazzano.it\/de\/wp-json\/wp\/v2\/users\/1"}],"replies":[{"embeddable":true,"href":"https:\/\/visitmurazzano.it\/de\/wp-json\/wp\/v2\/comments?post=2536"}],"version-history":[{"count":2,"href":"https:\/\/visitmurazzano.it\/de\/wp-json\/wp\/v2\/pages\/2536\/revisions"}],"predecessor-version":[{"id":2538,"href":"https:\/\/visitmurazzano.it\/de\/wp-json\/wp\/v2\/pages\/2536\/revisions\/2538"}],"wp:attachment":[{"href":"https:\/\/visitmurazzano.it\/de\/wp-json\/wp\/v2\/media?parent=2536"}],"curies":[{"name":"wp","href":"https:\/\/api.w.org\/{rel}","templated":true}]}}