{"id":2539,"date":"2022-04-04T17:18:45","date_gmt":"2022-04-04T15:18:45","guid":{"rendered":"https:\/\/visitmurazzano.it\/entdecken-sie-murazzano-in-3-tagen\/"},"modified":"2022-09-30T14:59:56","modified_gmt":"2022-09-30T12:59:56","slug":"entdecken-sie-murazzano-in-3-tagen","status":"publish","type":"page","link":"https:\/\/visitmurazzano.it\/de\/entdecken-sie-murazzano-in-3-tagen\/","title":{"rendered":"Entdecken Sie Murazzano in 3 Tagen"},"content":{"rendered":"\n[et_pb_section fb_built=&#8220;1&#8243; custom_padding_last_edited=&#8220;on|phone&#8220; admin_label=&#8220;Header&#8220; _builder_version=&#8220;4.16&#8243; _module_preset=&#8220;default&#8220; use_background_color_gradient=&#8220;on&#8220; background_color_gradient_stops=&#8220;rgba(0,0,0,0.46) 0%|rgba(0,0,0,0.52) 100%&#8220; background_color_gradient_overlays_image=&#8220;on&#8220; background_color_gradient_start=&#8220;rgba(0,0,0,0.46)&#8220; background_color_gradient_end=&#8220;rgba(0,0,0,0.52)&#8220; background_image=&#8220;https:\/\/visitmurazzano.it\/wp-content\/uploads\/2022\/02\/murazzano-oggi-1.jpg&#8220; custom_padding=&#8220;120px||120px||true|false&#8220; custom_padding_tablet=&#8220;35px||35px||true|false&#8220; custom_padding_phone=&#8220;15px||15px||true|false&#8220; locked=&#8220;off&#8220; global_colors_info=&#8220;{}&#8220;][et_pb_row _builder_version=&#8220;4.16&#8243; _module_preset=&#8220;default&#8220; global_colors_info=&#8220;{}&#8220;][et_pb_column type=&#8220;4_4&#8243; _builder_version=&#8220;4.16&#8243; _module_preset=&#8220;default&#8220; global_colors_info=&#8220;{}&#8220;][et_pb_text _builder_version=&#8220;4.16.0&#8243; _module_preset=&#8220;d72c0383-6487-4f2c-ac5c-7d48a6376757&#8243; header_font=&#8220;Playfair Display||||||||&#8220; header_text_color=&#8220;#FFFFFF&#8220; header_font_size=&#8220;56px&#8220; animation_direction=&#8220;top&#8220; header_font_size_tablet=&#8220;10vw&#8220; header_font_size_phone=&#8220;&#8220; header_font_size_last_edited=&#8220;on|phone&#8220; global_colors_info=&#8220;{}&#8220;]<h1>Entdecken Sie Murazzano<br> in 3 Tagen<\/h1>[\/et_pb_text][\/et_pb_column][\/et_pb_row][et_pb_row column_structure=&#8220;3_5,2_5&#8243; _builder_version=&#8220;4.16&#8243; _module_preset=&#8220;default&#8220; global_colors_info=&#8220;{}&#8220;][et_pb_column type=&#8220;3_5&#8243; _builder_version=&#8220;4.16&#8243; _module_preset=&#8220;default&#8220; global_colors_info=&#8220;{}&#8220;][et_pb_text _builder_version=&#8220;4.16.0&#8243; _module_preset=&#8220;default&#8220; text_text_color=&#8220;#FFFFFF&#8220; text_font_size=&#8220;16px&#8220; text_line_height=&#8220;1.4em&#8220; global_colors_info=&#8220;{}&#8220;]<p>Wir m\u00f6chten <strong>Ihnen eine 3-t\u00e4gige Reiseroute<\/strong> anbieten, um Murazzano zu entdecken, unser romantisches Dorf inmitten der sanften H\u00fcgel des Piemont, das Ihnen unvergessliche Emotionen bereiten wird.<\/p>[\/et_pb_text][\/et_pb_column][et_pb_column type=&#8220;2_5&#8243; _builder_version=&#8220;4.16&#8243; _module_preset=&#8220;default&#8220; global_colors_info=&#8220;{}&#8220;][\/et_pb_column][\/et_pb_row][\/et_pb_section][et_pb_section fb_built=&#8220;1&#8243; admin_label=&#8220;Mission&#8220; _builder_version=&#8220;4.16&#8243; _module_preset=&#8220;default&#8220; custom_padding=&#8220;||0px|||&#8220; locked=&#8220;off&#8220; global_colors_info=&#8220;{}&#8220;][et_pb_row column_structure=&#8220;1_2,1_2&#8243; _builder_version=&#8220;4.16.0&#8243; _module_preset=&#8220;default&#8220; global_colors_info=&#8220;{}&#8220;][et_pb_column type=&#8220;1_2&#8243; _builder_version=&#8220;4.16.0&#8243; _module_preset=&#8220;default&#8220; custom_padding=&#8220;60px||||false|false&#8220; custom_padding_tablet=&#8220;0px||||false|false&#8220; custom_padding_phone=&#8220;0px||||false|false&#8220; custom_padding_last_edited=&#8220;on|desktop&#8220; global_colors_info=&#8220;{}&#8220;][et_pb_text _builder_version=&#8220;4.16.0&#8243; _module_preset=&#8220;16a54059-cc81-4572-9c70-eda6a6c419bf&#8220; text_text_color=&#8220;rgba(0,0,0,0.8)&#8220; text_font_size=&#8220;16px&#8220; text_line_height=&#8220;1.6em&#8220; header_3_font=&#8220;|700|||||||&#8220; header_3_font_size=&#8220;24px&#8220; header_5_font=&#8220;|700|||||||&#8220; custom_padding=&#8220;||0px|||&#8220; text_font_size_tablet=&#8220;15px&#8220; text_font_size_phone=&#8220;13px&#8220; text_font_size_last_edited=&#8220;on|tablet&#8220; header_font_size_tablet=&#8220;55px&#8220; header_font_size_last_edited=&#8220;off|desktop&#8220; locked=&#8220;off&#8220; global_colors_info=&#8220;{}&#8220;]<h3>Tag 1<\/h3>\n<h5>Reisen im Geschmack<\/h5>\n<p>Warum nicht den ersten <strong>Tag dem Gastronomie- und Weintourismus widmen<\/strong>? Keine Reise hierher ist komplett, ohne die traditionelle K\u00fcche zu probieren.<br>Die Stra\u00dfen von Murazzano beherbergen Restaurants, Tavernen und Snackbars, in denen Sie Ihre Sinne erfreuen k\u00f6nnen, indem Sie unseren Murazzano DOP-K\u00e4se und andere typische Spezialit\u00e4ten der Region probieren. Einfache, aber raffinierte und geschmacksreiche Gerichte, die mit den renommiertesten Langhe-Weinen der Welt kombiniert und nur wenige Schritte von uns entfernt hergestellt werden.<br>Rohes Fleisch Albese, Ravioli al Plin, gemischt gebraten, verloren satt: Wenn Sie diese K\u00f6stlichkeiten noch nie probiert haben, sind wir sicher, dass Sie schon davon geh\u00f6rt haben.<\/p>[\/et_pb_text][\/et_pb_column][et_pb_column type=&#8220;1_2&#8243; _builder_version=&#8220;4.16&#8243; _module_preset=&#8220;default&#8220; global_colors_info=&#8220;{}&#8220;][et_pb_image src=&#8220;https:\/\/visitmurazzano.it\/wp-content\/uploads\/2022\/04\/enogastronomico.jpg&#8220; alt=&#8220;Tag 1 Wein- und Gastronomietour&#8220; title_text=&#8220;Essen und Wein&#8220; _builder_version=&#8220;4.16.1&#8243; _module_preset=&#8220;default&#8220; global_colors_info=&#8220;{}&#8220;][\/et_pb_image][\/et_pb_column][\/et_pb_row][et_pb_row _builder_version=&#8220;4.16&#8243; _module_preset=&#8220;default&#8220; custom_margin=&#8220;30px||30px||false|false&#8220; custom_padding=&#8220;0px||0px||false|false&#8220; border_color_all=&#8220;#592d4b&#8220; border_width_top=&#8220;2px&#8220; global_colors_info=&#8220;{}&#8220;][et_pb_column type=&#8220;4_4&#8243; _builder_version=&#8220;4.16&#8243; _module_preset=&#8220;default&#8220; global_colors_info=&#8220;{}&#8220;][\/et_pb_column][\/et_pb_row][et_pb_row column_structure=&#8220;1_2,1_2&#8243; disabled_on=&#8220;on|on|off&#8220; _builder_version=&#8220;4.16.0&#8243; _module_preset=&#8220;default&#8220; global_colors_info=&#8220;{}&#8220;][et_pb_column type=&#8220;1_2&#8243; _builder_version=&#8220;4.16&#8243; _module_preset=&#8220;default&#8220; global_colors_info=&#8220;{}&#8220;][et_pb_image src=&#8220;https:\/\/visitmurazzano.it\/wp-content\/uploads\/2022\/04\/visita-murazzano.jpg&#8220; alt=&#8220;Murazzano besuchen&#8220; title_text=&#8220;murazzano-besuchen&#8220; _builder_version=&#8220;4.16.1&#8243; _module_preset=&#8220;default&#8220; global_colors_info=&#8220;{}&#8220;][\/et_pb_image][\/et_pb_column][et_pb_column type=&#8220;1_2&#8243; _builder_version=&#8220;4.16&#8243; _module_preset=&#8220;default&#8220; custom_padding=&#8220;30px||||false|false&#8220; custom_padding_tablet=&#8220;0px||||false|false&#8220; custom_padding_phone=&#8220;0px||||false|false&#8220; custom_padding_last_edited=&#8220;on|tablet&#8220; global_colors_info=&#8220;{}&#8220;][et_pb_text _builder_version=&#8220;4.16.0&#8243; _module_preset=&#8220;16a54059-cc81-4572-9c70-eda6a6c419bf&#8220; text_text_color=&#8220;rgba(0,0,0,0.8)&#8220; text_font_size=&#8220;16px&#8220; text_line_height=&#8220;1.6em&#8220; header_3_font=&#8220;|700|||||||&#8220; header_3_font_size=&#8220;24px&#8220; header_5_font=&#8220;|700|||||||&#8220; custom_padding=&#8220;||0px|||&#8220; text_font_size_tablet=&#8220;15px&#8220; text_font_size_phone=&#8220;13px&#8220; text_font_size_last_edited=&#8220;on|phone&#8220; header_font_size_tablet=&#8220;55px&#8220; header_font_size_last_edited=&#8220;off|desktop&#8220; locked=&#8220;off&#8220; global_colors_info=&#8220;{}&#8220;]<h3>Tag 2<\/h3>\n<h5>Verlieren Sie sich in der Geschichte<\/h5>\n<p>Der zweite Tag <strong>zeichnet die alte und mysteri\u00f6se Geschichte von Murazzano nach<\/strong>, reich an Zeugnissen seiner mittelalterlichen Vergangenheit. Die Route beginnt im Schatten des mittelalterlichen Turms und f\u00fchrt weiter zu den faszinierenden Fresken des Heiligtums der Heiligen Jungfrau von Hal und unter den zwei der vier Tore, die in der Vergangenheit den Zugang zur Stadt erm\u00f6glichten. Sie d\u00fcrfen auf keinen Fall einen Besuch der \u00dcberreste des Ricetto, des Tovegni-Palastes und der Windm\u00fchle verpassen, dem \u00e4ltesten Denkmal unseres Landes, das so faszinierend ist, dass es einen der beliebtesten Schriftsteller aller Zeiten, den ber\u00fchmten Beppe Fenoglio, bewegt und inspiriert hat.<\/p>[\/et_pb_text][\/et_pb_column][\/et_pb_row][et_pb_row column_structure=&#8220;1_2,1_2&#8243; disabled_on=&#8220;off|off|on&#8220; _builder_version=&#8220;4.16.0&#8243; _module_preset=&#8220;default&#8220; global_colors_info=&#8220;{}&#8220;][et_pb_column type=&#8220;1_2&#8243; _builder_version=&#8220;4.16&#8243; _module_preset=&#8220;default&#8220; custom_padding=&#8220;30px||||false|false&#8220; custom_padding_tablet=&#8220;0px||||false|false&#8220; custom_padding_phone=&#8220;0px||||false|false&#8220; custom_padding_last_edited=&#8220;on|tablet&#8220; global_colors_info=&#8220;{}&#8220;][et_pb_text _builder_version=&#8220;4.16.0&#8243; _module_preset=&#8220;16a54059-cc81-4572-9c70-eda6a6c419bf&#8220; text_text_color=&#8220;rgba(0,0,0,0.8)&#8220; text_font_size=&#8220;16px&#8220; text_line_height=&#8220;1.6em&#8220; header_3_font=&#8220;|700|||||||&#8220; header_3_font_size=&#8220;24px&#8220; header_5_font=&#8220;|700|||||||&#8220; custom_padding=&#8220;||0px|||&#8220; text_font_size_tablet=&#8220;15px&#8220; text_font_size_phone=&#8220;13px&#8220; text_font_size_last_edited=&#8220;on|phone&#8220; header_font_size_tablet=&#8220;55px&#8220; header_font_size_last_edited=&#8220;off|desktop&#8220; locked=&#8220;off&#8220; global_colors_info=&#8220;{}&#8220;]<h3>Tag 2<\/h3>\n<h5>Verlieren Sie sich in der Geschichte<\/h5>\n<p>Der zweite Tag <strong>zeichnet die alte und mysteri\u00f6se Geschichte von Murazzano nach<\/strong>, reich an Zeugnissen seiner mittelalterlichen Vergangenheit. Die Route beginnt im Schatten des mittelalterlichen Turms und f\u00fchrt weiter zu den faszinierenden Fresken des Heiligtums der Heiligen Jungfrau von Hal und unter den zwei der vier Tore, die in der Vergangenheit den Zugang zur Stadt erm\u00f6glichten. Sie d\u00fcrfen auf keinen Fall einen Besuch der \u00dcberreste des Ricetto, des Tovegni-Palastes und der Windm\u00fchle verpassen, dem \u00e4ltesten Denkmal unseres Landes, das so faszinierend ist, dass es einen der beliebtesten Schriftsteller aller Zeiten, den ber\u00fchmten Beppe Fenoglio, bewegt und inspiriert hat.<\/p>[\/et_pb_text][\/et_pb_column][et_pb_column type=&#8220;1_2&#8243; _builder_version=&#8220;4.16&#8243; _module_preset=&#8220;default&#8220; global_colors_info=&#8220;{}&#8220;][et_pb_image src=&#8220;https:\/\/visitmurazzano.it\/wp-content\/uploads\/2022\/04\/visita-murazzano.jpg&#8220; alt=&#8220;Murazzano besuchen&#8220; title_text=&#8220;murazzano-besuchen&#8220; _builder_version=&#8220;4.16.1&#8243; _module_preset=&#8220;default&#8220; global_colors_info=&#8220;{}&#8220;][\/et_pb_image][\/et_pb_column][\/et_pb_row][et_pb_row _builder_version=&#8220;4.16&#8243; _module_preset=&#8220;default&#8220; custom_margin=&#8220;30px||30px||false|false&#8220; custom_padding=&#8220;0px||0px||false|false&#8220; border_color_all=&#8220;#592d4b&#8220; border_width_top=&#8220;2px&#8220; global_colors_info=&#8220;{}&#8220;][et_pb_column type=&#8220;4_4&#8243; _builder_version=&#8220;4.16&#8243; _module_preset=&#8220;default&#8220; global_colors_info=&#8220;{}&#8220;][\/et_pb_column][\/et_pb_row][\/et_pb_section][et_pb_section fb_built=&#8220;1&#8243; _builder_version=&#8220;4.16&#8243; _module_preset=&#8220;default&#8220; custom_padding=&#8220;0px|||||&#8220; global_colors_info=&#8220;{}&#8220;][et_pb_row column_structure=&#8220;1_2,1_2&#8243; _builder_version=&#8220;4.16&#8243; _module_preset=&#8220;default&#8220; global_colors_info=&#8220;{}&#8220;][et_pb_column type=&#8220;1_2&#8243; _builder_version=&#8220;4.16&#8243; _module_preset=&#8220;default&#8220; custom_padding=&#8220;||||false|false&#8220; custom_padding_tablet=&#8220;0px||||false|false&#8220; custom_padding_phone=&#8220;0px||||false|false&#8220; custom_padding_last_edited=&#8220;on|desktop&#8220; global_colors_info=&#8220;{}&#8220;][et_pb_text _builder_version=&#8220;4.16.0&#8243; _module_preset=&#8220;16a54059-cc81-4572-9c70-eda6a6c419bf&#8220; text_text_color=&#8220;rgba(0,0,0,0.8)&#8220; text_font_size=&#8220;16px&#8220; text_line_height=&#8220;1.6em&#8220; header_3_font=&#8220;|700|||||||&#8220; header_3_font_size=&#8220;24px&#8220; header_5_font=&#8220;|700|||||||&#8220; custom_padding=&#8220;||0px|||&#8220; text_font_size_tablet=&#8220;15px&#8220; text_font_size_phone=&#8220;13px&#8220; text_font_size_last_edited=&#8220;on|phone&#8220; header_font_size_tablet=&#8220;55px&#8220; header_font_size_last_edited=&#8220;off|desktop&#8220; locked=&#8220;off&#8220; global_colors_info=&#8220;{}&#8220;]<h3>Tag 3<\/h3>\n<h5>Finden Sie sich in der Natur wieder<\/h5>\n<p>Nachdem Sie den ersten und zweiten Tag Ihrer Reise der Entdeckung der kulinarischen K\u00f6stlichkeiten des Territoriums und der Geschichte von Murazzano gewidmet haben, k\u00f6nnen Sie die dritte und letzte Etappe f\u00fcr <strong>Outdoor-Aktivit\u00e4ten<\/strong> reservieren, um <strong>neue Energie zu tanken<\/strong>, wenn Sie in den Alltag zur\u00fcckkehren. Die h\u00fcgeligen Gebiete bieten wunderbare Shows, die bewundert werden k\u00f6nnen. Die Alta Langa ist von Landschaften durchzogen, die an die Berge erinnern, reich an Flora und Fauna, die es zu beobachten und zu erleben gilt. Es gibt zahlreiche <strong>Trekkingrouten<\/strong> inmitten der Natur, Ihre Aufgabe ist es, die f\u00fcr Sie am besten geeignete auszuw\u00e4hlen.<\/p>[\/et_pb_text][\/et_pb_column][et_pb_column type=&#8220;1_2&#8243; _builder_version=&#8220;4.16&#8243; _module_preset=&#8220;default&#8220; global_colors_info=&#8220;{}&#8220;][et_pb_image src=&#8220;https:\/\/visitmurazzano.it\/wp-content\/uploads\/2022\/04\/natura-murazzano.jpg&#8220; alt=&#8220;murazzano im winter&#8220; title_text=&#8220;natur-murazzano&#8220; _builder_version=&#8220;4.16.1&#8243; _module_preset=&#8220;default&#8220; hover_enabled=&#8220;0&#8243; global_colors_info=&#8220;{}&#8220; sticky_enabled=&#8220;0&#8243;][\/et_pb_image][\/et_pb_column][\/et_pb_row][\/et_pb_section]\n","protected":false},"excerpt":{"rendered":"<p>Entdecken Sie Murazzano in 3 TagenWir m\u00f6chten Ihnen eine 3-t\u00e4gige Reiseroute anbieten, um Murazzano zu entdecken, unser romantisches Dorf inmitten der sanften H\u00fcgel des Piemont, das Ihnen unvergessliche Emotionen bereiten wird.Tag 1 Reisen im Geschmack Warum nicht den ersten Tag dem Gastronomie- und Weintourismus widmen? Keine Reise hierher ist komplett, ohne die traditionelle K\u00fcche zu [&hellip;]<\/p>\n","protected":false},"author":1,"featured_media":0,"parent":0,"menu_order":0,"comment_status":"closed","ping_status":"closed","template":"","meta":{"_et_pb_use_builder":"on","_et_pb_old_content":"","_et_gb_content_width":"","footnotes":""},"class_list":["post-2539","page","type-page","status-publish","hentry"],"yoast_head":"<!-- This site is optimized with the Yoast SEO plugin v26.7 - https:\/\/yoast.com\/wordpress\/plugins\/seo\/ -->\n<title>Visit Murazzano | Entdecken und genie\u00dfen Sie das Dorf Murazzano in 3 Tagen<\/title>\n<meta name=\"description\" content=\"Besuchen Sie Murazzano in 3 Tagen. Ein F\u00fchrer zu den Sehensw\u00fcrdigkeiten und den typischen Gerichten, um die Geschichte der Stadt zu entdecken und ihre Traditionen zu genie\u00dfen.\" \/>\n<meta name=\"robots\" content=\"index, follow, max-snippet:-1, max-image-preview:large, max-video-preview:-1\" \/>\n<link rel=\"canonical\" href=\"https:\/\/visitmurazzano.it\/de\/entdecken-sie-murazzano-in-3-tagen\/\" \/>\n<meta property=\"og:locale\" content=\"de_DE\" \/>\n<meta property=\"og:type\" content=\"article\" \/>\n<meta property=\"og:title\" content=\"Visit Murazzano | Entdecken und genie\u00dfen Sie das Dorf Murazzano in 3 Tagen\" \/>\n<meta property=\"og:description\" content=\"Besuchen Sie Murazzano in 3 Tagen. Ein F\u00fchrer zu den Sehensw\u00fcrdigkeiten und den typischen Gerichten, um die Geschichte der Stadt zu entdecken und ihre Traditionen zu genie\u00dfen.\" \/>\n<meta property=\"og:url\" content=\"https:\/\/visitmurazzano.it\/de\/entdecken-sie-murazzano-in-3-tagen\/\" \/>\n<meta property=\"og:site_name\" content=\"Visit Murazzano\" \/>\n<meta property=\"article:modified_time\" content=\"2022-09-30T12:59:56+00:00\" \/>\n<meta name=\"twitter:card\" content=\"summary_large_image\" \/>\n<meta name=\"twitter:label1\" content=\"Gesch\u00e4tzte Lesezeit\" \/>\n\t<meta name=\"twitter:data1\" content=\"8\u00a0Minuten\" \/>\n<script type=\"application\/ld+json\" class=\"yoast-schema-graph\">{\"@context\":\"https:\/\/schema.org\",\"@graph\":[{\"@type\":\"WebPage\",\"@id\":\"https:\/\/visitmurazzano.it\/de\/entdecken-sie-murazzano-in-3-tagen\/\",\"url\":\"https:\/\/visitmurazzano.it\/de\/entdecken-sie-murazzano-in-3-tagen\/\",\"name\":\"Visit Murazzano | Entdecken und genie\u00dfen Sie das Dorf Murazzano in 3 Tagen\",\"isPartOf\":{\"@id\":\"https:\/\/visitmurazzano.it\/de\/#website\"},\"datePublished\":\"2022-04-04T15:18:45+00:00\",\"dateModified\":\"2022-09-30T12:59:56+00:00\",\"description\":\"Besuchen Sie Murazzano in 3 Tagen. Ein F\u00fchrer zu den Sehensw\u00fcrdigkeiten und den typischen Gerichten, um die Geschichte der Stadt zu entdecken und ihre Traditionen zu genie\u00dfen.\",\"breadcrumb\":{\"@id\":\"https:\/\/visitmurazzano.it\/de\/entdecken-sie-murazzano-in-3-tagen\/#breadcrumb\"},\"inLanguage\":\"de\",\"potentialAction\":[{\"@type\":\"ReadAction\",\"target\":[\"https:\/\/visitmurazzano.it\/de\/entdecken-sie-murazzano-in-3-tagen\/\"]}]},{\"@type\":\"BreadcrumbList\",\"@id\":\"https:\/\/visitmurazzano.it\/de\/entdecken-sie-murazzano-in-3-tagen\/#breadcrumb\",\"itemListElement\":[{\"@type\":\"ListItem\",\"position\":1,\"name\":\"Home\",\"item\":\"https:\/\/visitmurazzano.it\/de\/\"},{\"@type\":\"ListItem\",\"position\":2,\"name\":\"Entdecken Sie Murazzano in 3 Tagen\"}]},{\"@type\":\"WebSite\",\"@id\":\"https:\/\/visitmurazzano.it\/de\/#website\",\"url\":\"https:\/\/visitmurazzano.it\/de\/\",\"name\":\"Visit Murazzano\",\"description\":\"Sito turistico Murazzano\",\"publisher\":{\"@id\":\"https:\/\/visitmurazzano.it\/de\/#organization\"},\"potentialAction\":[{\"@type\":\"SearchAction\",\"target\":{\"@type\":\"EntryPoint\",\"urlTemplate\":\"https:\/\/visitmurazzano.it\/de\/?s={search_term_string}\"},\"query-input\":{\"@type\":\"PropertyValueSpecification\",\"valueRequired\":true,\"valueName\":\"search_term_string\"}}],\"inLanguage\":\"de\"},{\"@type\":\"Organization\",\"@id\":\"https:\/\/visitmurazzano.it\/de\/#organization\",\"name\":\"Murazzano\",\"url\":\"https:\/\/visitmurazzano.it\/de\/\",\"logo\":{\"@type\":\"ImageObject\",\"inLanguage\":\"de\",\"@id\":\"https:\/\/visitmurazzano.it\/de\/#\/schema\/logo\/image\/\",\"url\":\"https:\/\/visitmurazzano.it\/wp-content\/uploads\/2022\/05\/logo-murazzano.jpg\",\"contentUrl\":\"https:\/\/visitmurazzano.it\/wp-content\/uploads\/2022\/05\/logo-murazzano.jpg\",\"width\":75,\"height\":90,\"caption\":\"Murazzano\"},\"image\":{\"@id\":\"https:\/\/visitmurazzano.it\/de\/#\/schema\/logo\/image\/\"}}]}<\/script>\n<!-- \/ Yoast SEO plugin. -->","yoast_head_json":{"title":"Visit Murazzano | Entdecken und genie\u00dfen Sie das Dorf Murazzano in 3 Tagen","description":"Besuchen Sie Murazzano in 3 Tagen. Ein F\u00fchrer zu den Sehensw\u00fcrdigkeiten und den typischen Gerichten, um die Geschichte der Stadt zu entdecken und ihre Traditionen zu genie\u00dfen.","robots":{"index":"index","follow":"follow","max-snippet":"max-snippet:-1","max-image-preview":"max-image-preview:large","max-video-preview":"max-video-preview:-1"},"canonical":"https:\/\/visitmurazzano.it\/de\/entdecken-sie-murazzano-in-3-tagen\/","og_locale":"de_DE","og_type":"article","og_title":"Visit Murazzano | Entdecken und genie\u00dfen Sie das Dorf Murazzano in 3 Tagen","og_description":"Besuchen Sie Murazzano in 3 Tagen. Ein F\u00fchrer zu den Sehensw\u00fcrdigkeiten und den typischen Gerichten, um die Geschichte der Stadt zu entdecken und ihre Traditionen zu genie\u00dfen.","og_url":"https:\/\/visitmurazzano.it\/de\/entdecken-sie-murazzano-in-3-tagen\/","og_site_name":"Visit Murazzano","article_modified_time":"2022-09-30T12:59:56+00:00","twitter_card":"summary_large_image","twitter_misc":{"Gesch\u00e4tzte Lesezeit":"8\u00a0Minuten"},"schema":{"@context":"https:\/\/schema.org","@graph":[{"@type":"WebPage","@id":"https:\/\/visitmurazzano.it\/de\/entdecken-sie-murazzano-in-3-tagen\/","url":"https:\/\/visitmurazzano.it\/de\/entdecken-sie-murazzano-in-3-tagen\/","name":"Visit Murazzano | Entdecken und genie\u00dfen Sie das Dorf Murazzano in 3 Tagen","isPartOf":{"@id":"https:\/\/visitmurazzano.it\/de\/#website"},"datePublished":"2022-04-04T15:18:45+00:00","dateModified":"2022-09-30T12:59:56+00:00","description":"Besuchen Sie Murazzano in 3 Tagen. Ein F\u00fchrer zu den Sehensw\u00fcrdigkeiten und den typischen Gerichten, um die Geschichte der Stadt zu entdecken und ihre Traditionen zu genie\u00dfen.","breadcrumb":{"@id":"https:\/\/visitmurazzano.it\/de\/entdecken-sie-murazzano-in-3-tagen\/#breadcrumb"},"inLanguage":"de","potentialAction":[{"@type":"ReadAction","target":["https:\/\/visitmurazzano.it\/de\/entdecken-sie-murazzano-in-3-tagen\/"]}]},{"@type":"BreadcrumbList","@id":"https:\/\/visitmurazzano.it\/de\/entdecken-sie-murazzano-in-3-tagen\/#breadcrumb","itemListElement":[{"@type":"ListItem","position":1,"name":"Home","item":"https:\/\/visitmurazzano.it\/de\/"},{"@type":"ListItem","position":2,"name":"Entdecken Sie Murazzano in 3 Tagen"}]},{"@type":"WebSite","@id":"https:\/\/visitmurazzano.it\/de\/#website","url":"https:\/\/visitmurazzano.it\/de\/","name":"Visit Murazzano","description":"Sito turistico Murazzano","publisher":{"@id":"https:\/\/visitmurazzano.it\/de\/#organization"},"potentialAction":[{"@type":"SearchAction","target":{"@type":"EntryPoint","urlTemplate":"https:\/\/visitmurazzano.it\/de\/?s={search_term_string}"},"query-input":{"@type":"PropertyValueSpecification","valueRequired":true,"valueName":"search_term_string"}}],"inLanguage":"de"},{"@type":"Organization","@id":"https:\/\/visitmurazzano.it\/de\/#organization","name":"Murazzano","url":"https:\/\/visitmurazzano.it\/de\/","logo":{"@type":"ImageObject","inLanguage":"de","@id":"https:\/\/visitmurazzano.it\/de\/#\/schema\/logo\/image\/","url":"https:\/\/visitmurazzano.it\/wp-content\/uploads\/2022\/05\/logo-murazzano.jpg","contentUrl":"https:\/\/visitmurazzano.it\/wp-content\/uploads\/2022\/05\/logo-murazzano.jpg","width":75,"height":90,"caption":"Murazzano"},"image":{"@id":"https:\/\/visitmurazzano.it\/de\/#\/schema\/logo\/image\/"}}]}},"_links":{"self":[{"href":"https:\/\/visitmurazzano.it\/de\/wp-json\/wp\/v2\/pages\/2539","targetHints":{"allow":["GET"]}}],"collection":[{"href":"https:\/\/visitmurazzano.it\/de\/wp-json\/wp\/v2\/pages"}],"about":[{"href":"https:\/\/visitmurazzano.it\/de\/wp-json\/wp\/v2\/types\/page"}],"author":[{"embeddable":true,"href":"https:\/\/visitmurazzano.it\/de\/wp-json\/wp\/v2\/users\/1"}],"replies":[{"embeddable":true,"href":"https:\/\/visitmurazzano.it\/de\/wp-json\/wp\/v2\/comments?post=2539"}],"version-history":[{"count":3,"href":"https:\/\/visitmurazzano.it\/de\/wp-json\/wp\/v2\/pages\/2539\/revisions"}],"predecessor-version":[{"id":2542,"href":"https:\/\/visitmurazzano.it\/de\/wp-json\/wp\/v2\/pages\/2539\/revisions\/2542"}],"wp:attachment":[{"href":"https:\/\/visitmurazzano.it\/de\/wp-json\/wp\/v2\/media?parent=2539"}],"curies":[{"name":"wp","href":"https:\/\/api.w.org\/{rel}","templated":true}]}}