{"id":2543,"date":"2022-02-16T17:13:31","date_gmt":"2022-02-16T16:13:31","guid":{"rendered":"https:\/\/visitmurazzano.it\/mittelalterlicher-turm\/"},"modified":"2025-04-02T14:39:37","modified_gmt":"2025-04-02T12:39:37","slug":"mittelalterlicher-turm","status":"publish","type":"page","link":"https:\/\/visitmurazzano.it\/de\/mittelalterlicher-turm\/","title":{"rendered":"Mittelalterlicher Turm"},"content":{"rendered":"<p>[et_pb_section fb_built=&#8220;1&#8243; custom_padding_last_edited=&#8220;on|phone&#8220; admin_label=&#8220;Header&#8220; _builder_version=&#8220;4.16&#8243; _module_preset=&#8220;default&#8220; use_background_color_gradient=&#8220;on&#8220; background_color_gradient_stops=&#8220;rgba(0,0,0,0.66) 0%|rgba(0,0,0,0.52) 100%&#8220; background_color_gradient_overlays_image=&#8220;on&#8220; background_color_gradient_start=&#8220;rgba(0,0,0,0.66)&#8220; background_color_gradient_end=&#8220;rgba(0,0,0,0.52)&#8220; background_image=&#8220;https:\/\/visitmurazzano.it\/wp-content\/uploads\/2022\/02\/torre-medievale-1.jpg&#8220; background_position=&#8220;bottom_left&#8220; custom_padding=&#8220;120px||120px||true|false&#8220; custom_padding_tablet=&#8220;35px||35px||true|false&#8220; custom_padding_phone=&#8220;15px||15px||true|false&#8220; da_disable_devices=&#8220;off|off|off&#8220; locked=&#8220;off&#8220; global_colors_info=&#8220;{}&#8220; da_is_popup=&#8220;off&#8220; da_exit_intent=&#8220;off&#8220; da_has_close=&#8220;on&#8220; da_alt_close=&#8220;off&#8220; da_dark_close=&#8220;off&#8220; da_not_modal=&#8220;on&#8220; da_is_singular=&#8220;off&#8220; da_with_loader=&#8220;off&#8220; da_has_shadow=&#8220;on&#8220;][et_pb_row _builder_version=&#8220;4.16&#8243; _module_preset=&#8220;default&#8220; global_colors_info=&#8220;{}&#8220;][et_pb_column type=&#8220;4_4&#8243; _builder_version=&#8220;4.16&#8243; _module_preset=&#8220;default&#8220; global_colors_info=&#8220;{}&#8220;][et_pb_text _builder_version=&#8220;4.16&#8243; _module_preset=&#8220;d72c0383-6487-4f2c-ac5c-7d48a6376757&#8243; header_font=&#8220;Playfair Display||||||||&#8220; header_text_color=&#8220;#FFFFFF&#8220; header_font_size=&#8220;56px&#8220; animation_direction=&#8220;top&#8220; header_font_size_tablet=&#8220;10vw&#8220; header_font_size_phone=&#8220;&#8220; header_font_size_last_edited=&#8220;on|phone&#8220; global_colors_info=&#8220;{}&#8220;]<\/p>\n<h1>Mittelalterlicher Turm<\/h1>\n<p>[\/et_pb_text][\/et_pb_column][\/et_pb_row][et_pb_row column_structure=&#8220;2_3,1_3&#8243; _builder_version=&#8220;4.16&#8243; _module_preset=&#8220;default&#8220; global_colors_info=&#8220;{}&#8220;][et_pb_column type=&#8220;2_3&#8243; _builder_version=&#8220;4.16&#8243; _module_preset=&#8220;default&#8220; global_colors_info=&#8220;{}&#8220;][et_pb_text _builder_version=&#8220;4.16&#8243; _module_preset=&#8220;1d866de3-b108-4c5f-bed3-2da9506a6915&#8243; text_text_color=&#8220;#FFFFFF&#8220; text_font_size=&#8220;16px&#8220; header_font=&#8220;||||||||&#8220; header_4_font=&#8220;Merriweather||||||||&#8220; header_4_text_color=&#8220;#FFFFFF&#8220; header_4_line_height=&#8220;1.8em&#8220; header_4_font_size_tablet=&#8220;16px&#8220; header_4_font_size_phone=&#8220;14px&#8220; header_4_font_size_last_edited=&#8220;on|tablet&#8220; locked=&#8220;off&#8220; global_colors_info=&#8220;{}&#8220;]<\/p>\n<p>Im oberen Teil von Murazzano, in einer angenehmen Gr\u00fcnzone, steht der imposante <strong>Torre Maestra.<\/strong> Der Turm wurde in den ersten Jahrzehnten des <strong>13. Jahrhunderts<\/strong> erbaut und war der Bergfried eines befestigten Komplexes. Die verschwundene mittelalterliche Burg geh\u00f6rte bis 1463 den <strong>Markgrafen von Saluzzo<\/strong>, bevor sie von der Familie Savoyen erobert wurde. Seine lange und bewegte Geschichte voller Charme und Mysterien setzt sich in den Konflikten zwischen Frankreich und Spanien fort, bis im Jahr 1800 die \u00f6sterreichischen Soldaten, Verb\u00fcndete der Savoyen, das Schloss w\u00e4hrend des Krieges gegen Napoleons franz\u00f6sische Truppen niederbrannten. Im Zweiten Weltkrieg lebte die Widerstandsbewegung.<\/p>\n<p>Der mittelalterliche Turm ist 33 Meter hoch und ist noch heute ein <strong>erstklassiges historisches Denkmal<\/strong>: E<strong>r ist einer der h\u00f6chsten und aussichtsreichsten Punkte<\/strong> in der ganzen Gegend und ein Geb\u00e4ude von seltener architektonischer Pracht. Seine W\u00e4nde sind aus unverputztem Stein mit perfekt rechteckigen Kanten und seine Treppe f\u00fchrt Sie nach oben, wo Sie ein herrlicher und <strong>au\u00dfergew\u00f6hnlicher Blick auf die Langhe<\/strong> und die <strong>Alpen<\/strong> erwartet.<\/p>\n<p>[\/et_pb_text][\/et_pb_column][et_pb_column type=&#8220;1_3&#8243; _builder_version=&#8220;4.16&#8243; _module_preset=&#8220;default&#8220; global_colors_info=&#8220;{}&#8220;][\/et_pb_column][\/et_pb_row][\/et_pb_section][et_pb_section fb_built=&#8220;1&#8243; admin_label=&#8220;Feature&#8220; _builder_version=&#8220;4.16&#8243; _module_preset=&#8220;default&#8220; da_disable_devices=&#8220;off|off|off&#8220; locked=&#8220;off&#8220; global_colors_info=&#8220;{}&#8220; da_is_popup=&#8220;off&#8220; da_exit_intent=&#8220;off&#8220; da_has_close=&#8220;on&#8220; da_alt_close=&#8220;off&#8220; da_dark_close=&#8220;off&#8220; da_not_modal=&#8220;on&#8220; da_is_singular=&#8220;off&#8220; da_with_loader=&#8220;off&#8220; da_has_shadow=&#8220;on&#8220;][et_pb_row column_structure=&#8220;1_2,1_2&#8243; _builder_version=&#8220;4.16&#8243; _module_preset=&#8220;default&#8220; global_colors_info=&#8220;{}&#8220;][et_pb_column type=&#8220;1_2&#8243; _builder_version=&#8220;4.16&#8243; _module_preset=&#8220;default&#8220; global_colors_info=&#8220;{}&#8220;][et_pb_image src=&#8220;https:\/\/visitmurazzano.it\/wp-content\/uploads\/2022\/04\/torre-di-murazzano.jpg&#8220; alt=&#8220;mittelalterlicher turm&#8220; title_text=&#8220;mittelalterlicher-turm&#8220; _builder_version=&#8220;4.16.1&#8243; _module_preset=&#8220;default&#8220; locked=&#8220;off&#8220; global_colors_info=&#8220;{}&#8220;][\/et_pb_image][\/et_pb_column][et_pb_column type=&#8220;1_2&#8243; _builder_version=&#8220;4.16&#8243; _module_preset=&#8220;default&#8220; custom_padding=&#8220;60px||||false|false&#8220; custom_padding_tablet=&#8220;0px||||false|false&#8220; custom_padding_phone=&#8220;&#8220; custom_padding_last_edited=&#8220;on|phone&#8220; global_colors_info=&#8220;{}&#8220;][et_pb_text _builder_version=&#8220;4.18.0&#8243; _module_preset=&#8220;32021f09-dd67-47fb-8f9a-832b72a38baf&#8220; text_text_color=&#8220;#000000&#8243; text_font_size=&#8220;16px&#8220; text_line_height=&#8220;1.4em&#8220; header_2_font=&#8220;Playfair Display|700|||||||&#8220; header_2_text_color=&#8220;gcid-c9411f34-b37e-4feb-a841-9533663e2403&#8243; header_2_font_size=&#8220;60px&#8220; header_2_line_height=&#8220;1.1em&#8220; header_5_font=&#8220;|700|||||||&#8220; header_5_font_size=&#8220;18px&#8220; custom_margin=&#8220;||10px||false|false&#8220; animation_direction=&#8220;left&#8220; header_2_font_size_tablet=&#8220;35px&#8220; header_2_font_size_phone=&#8220;22px&#8220; header_2_font_size_last_edited=&#8220;on|phone&#8220; locked=&#8220;off&#8220; global_colors_info=&#8220;{}&#8220;]<\/p>\n<h5>Fahrplan<\/h5>\n<p>Im Juli und August jeden Sonntag ge\u00f6ffnet.<br \/>15.00 &#8211; 19.00 Uhr.<br \/>Von September bis Juni auf Anfrage ge\u00f6ffnet.<\/p>\n<p>[\/et_pb_text][et_pb_text _builder_version=&#8220;4.16&#8243; _module_preset=&#8220;32021f09-dd67-47fb-8f9a-832b72a38baf&#8220; text_text_color=&#8220;#000000&#8243; text_font_size=&#8220;16px&#8220; text_line_height=&#8220;1.4em&#8220; header_2_font=&#8220;Playfair Display|700|||||||&#8220; header_2_text_color=&#8220;gcid-c9411f34-b37e-4feb-a841-9533663e2403&#8243; header_2_font_size=&#8220;60px&#8220; header_2_line_height=&#8220;1.1em&#8220; header_5_font=&#8220;|700|||||||&#8220; header_5_font_size=&#8220;18px&#8220; custom_margin=&#8220;30px||0px||false|false&#8220; animation_direction=&#8220;left&#8220; header_2_font_size_tablet=&#8220;35px&#8220; header_2_font_size_phone=&#8220;22px&#8220; header_2_font_size_last_edited=&#8220;on|phone&#8220; locked=&#8220;off&#8220; global_colors_info=&#8220;{}&#8220;]<\/p>\n<h5>Kontakte<\/h5>\n<p>Tel. 0173\/791201<br \/>\nEmail: comune@comune.murazzano.cn.it[\/et_pb_text][et_pb_text _builder_version=&#8220;4.16&#8243; _module_preset=&#8220;32021f09-dd67-47fb-8f9a-832b72a38baf&#8220; text_text_color=&#8220;#000000&#8243; text_font_size=&#8220;16px&#8220; text_line_height=&#8220;1.4em&#8220; header_2_font=&#8220;Playfair Display|700|||||||&#8220; header_2_text_color=&#8220;gcid-c9411f34-b37e-4feb-a841-9533663e2403&#8243; header_2_font_size=&#8220;60px&#8220; header_2_line_height=&#8220;1.1em&#8220; header_5_font=&#8220;|700|||||||&#8220; header_5_font_size=&#8220;18px&#8220; custom_margin=&#8220;30px||0px||false|false&#8220; animation_direction=&#8220;left&#8220; header_2_font_size_tablet=&#8220;35px&#8220; header_2_font_size_phone=&#8220;22px&#8220; header_2_font_size_last_edited=&#8220;on|phone&#8220; locked=&#8220;off&#8220; global_colors_info=&#8220;{}&#8220;]<\/p>\n<h5>Preis<\/h5>\n<p>3\u20ac pro Person.<br \/>Kostenlos f\u00fcr Kinder bis zu 12 Jahren.<\/p>\n<p>[\/et_pb_text][\/et_pb_column][\/et_pb_row][\/et_pb_section]<\/p>\n","protected":false},"excerpt":{"rendered":"<p>Mittelalterlicher TurmIm oberen Teil von Murazzano, in einer angenehmen Gr\u00fcnzone, steht der imposante Torre Maestra. Der Turm wurde in den ersten Jahrzehnten des 13. Jahrhunderts erbaut und war der Bergfried eines befestigten Komplexes. Die verschwundene mittelalterliche Burg geh\u00f6rte bis 1463 den Markgrafen von Saluzzo, bevor sie von der Familie Savoyen erobert wurde. Seine lange und [&hellip;]<\/p>\n","protected":false},"author":1,"featured_media":0,"parent":0,"menu_order":0,"comment_status":"closed","ping_status":"closed","template":"","meta":{"_et_pb_use_builder":"on","_et_pb_old_content":"","_et_gb_content_width":"","footnotes":""},"class_list":["post-2543","page","type-page","status-publish","hentry"],"yoast_head":"<!-- This site is optimized with the Yoast SEO plugin v26.7 - https:\/\/yoast.com\/wordpress\/plugins\/seo\/ -->\n<title>Visit Murazzano | Tauchen Sie ein in die Geschichte unseres mittelalterlichen Turms<\/title>\n<meta name=\"description\" content=\"Entdecken Sie alle Attraktionen von Murazzano. Der mittelalterliche Turm ist ein architektonisches Denkmal ersten Ranges und einer der h\u00f6chsten Aussichtspunkte in den Langhe.\" \/>\n<meta name=\"robots\" content=\"index, follow, max-snippet:-1, max-image-preview:large, max-video-preview:-1\" \/>\n<link rel=\"canonical\" href=\"https:\/\/visitmurazzano.it\/de\/mittelalterlicher-turm\/\" \/>\n<meta property=\"og:locale\" content=\"de_DE\" \/>\n<meta property=\"og:type\" content=\"article\" \/>\n<meta property=\"og:title\" content=\"Visit Murazzano | Tauchen Sie ein in die Geschichte unseres mittelalterlichen Turms\" \/>\n<meta property=\"og:description\" content=\"Entdecken Sie alle Attraktionen von Murazzano. Der mittelalterliche Turm ist ein architektonisches Denkmal ersten Ranges und einer der h\u00f6chsten Aussichtspunkte in den Langhe.\" \/>\n<meta property=\"og:url\" content=\"https:\/\/visitmurazzano.it\/de\/mittelalterlicher-turm\/\" \/>\n<meta property=\"og:site_name\" content=\"Visit Murazzano\" \/>\n<meta property=\"article:modified_time\" content=\"2025-04-02T12:39:37+00:00\" \/>\n<meta name=\"twitter:card\" content=\"summary_large_image\" \/>\n<meta name=\"twitter:label1\" content=\"Gesch\u00e4tzte Lesezeit\" \/>\n\t<meta name=\"twitter:data1\" content=\"5\u00a0Minuten\" \/>\n<script type=\"application\/ld+json\" class=\"yoast-schema-graph\">{\"@context\":\"https:\/\/schema.org\",\"@graph\":[{\"@type\":\"WebPage\",\"@id\":\"https:\/\/visitmurazzano.it\/de\/mittelalterlicher-turm\/\",\"url\":\"https:\/\/visitmurazzano.it\/de\/mittelalterlicher-turm\/\",\"name\":\"Visit Murazzano | Tauchen Sie ein in die Geschichte unseres mittelalterlichen Turms\",\"isPartOf\":{\"@id\":\"https:\/\/visitmurazzano.it\/de\/#website\"},\"datePublished\":\"2022-02-16T16:13:31+00:00\",\"dateModified\":\"2025-04-02T12:39:37+00:00\",\"description\":\"Entdecken Sie alle Attraktionen von Murazzano. Der mittelalterliche Turm ist ein architektonisches Denkmal ersten Ranges und einer der h\u00f6chsten Aussichtspunkte in den Langhe.\",\"breadcrumb\":{\"@id\":\"https:\/\/visitmurazzano.it\/de\/mittelalterlicher-turm\/#breadcrumb\"},\"inLanguage\":\"de\",\"potentialAction\":[{\"@type\":\"ReadAction\",\"target\":[\"https:\/\/visitmurazzano.it\/de\/mittelalterlicher-turm\/\"]}]},{\"@type\":\"BreadcrumbList\",\"@id\":\"https:\/\/visitmurazzano.it\/de\/mittelalterlicher-turm\/#breadcrumb\",\"itemListElement\":[{\"@type\":\"ListItem\",\"position\":1,\"name\":\"Home\",\"item\":\"https:\/\/visitmurazzano.it\/de\/\"},{\"@type\":\"ListItem\",\"position\":2,\"name\":\"Mittelalterlicher Turm\"}]},{\"@type\":\"WebSite\",\"@id\":\"https:\/\/visitmurazzano.it\/de\/#website\",\"url\":\"https:\/\/visitmurazzano.it\/de\/\",\"name\":\"Visit Murazzano\",\"description\":\"Sito turistico Murazzano\",\"publisher\":{\"@id\":\"https:\/\/visitmurazzano.it\/de\/#organization\"},\"potentialAction\":[{\"@type\":\"SearchAction\",\"target\":{\"@type\":\"EntryPoint\",\"urlTemplate\":\"https:\/\/visitmurazzano.it\/de\/?s={search_term_string}\"},\"query-input\":{\"@type\":\"PropertyValueSpecification\",\"valueRequired\":true,\"valueName\":\"search_term_string\"}}],\"inLanguage\":\"de\"},{\"@type\":\"Organization\",\"@id\":\"https:\/\/visitmurazzano.it\/de\/#organization\",\"name\":\"Murazzano\",\"url\":\"https:\/\/visitmurazzano.it\/de\/\",\"logo\":{\"@type\":\"ImageObject\",\"inLanguage\":\"de\",\"@id\":\"https:\/\/visitmurazzano.it\/de\/#\/schema\/logo\/image\/\",\"url\":\"https:\/\/visitmurazzano.it\/wp-content\/uploads\/2022\/05\/logo-murazzano.jpg\",\"contentUrl\":\"https:\/\/visitmurazzano.it\/wp-content\/uploads\/2022\/05\/logo-murazzano.jpg\",\"width\":75,\"height\":90,\"caption\":\"Murazzano\"},\"image\":{\"@id\":\"https:\/\/visitmurazzano.it\/de\/#\/schema\/logo\/image\/\"}}]}<\/script>\n<!-- \/ Yoast SEO plugin. -->","yoast_head_json":{"title":"Visit Murazzano | Tauchen Sie ein in die Geschichte unseres mittelalterlichen Turms","description":"Entdecken Sie alle Attraktionen von Murazzano. Der mittelalterliche Turm ist ein architektonisches Denkmal ersten Ranges und einer der h\u00f6chsten Aussichtspunkte in den Langhe.","robots":{"index":"index","follow":"follow","max-snippet":"max-snippet:-1","max-image-preview":"max-image-preview:large","max-video-preview":"max-video-preview:-1"},"canonical":"https:\/\/visitmurazzano.it\/de\/mittelalterlicher-turm\/","og_locale":"de_DE","og_type":"article","og_title":"Visit Murazzano | Tauchen Sie ein in die Geschichte unseres mittelalterlichen Turms","og_description":"Entdecken Sie alle Attraktionen von Murazzano. Der mittelalterliche Turm ist ein architektonisches Denkmal ersten Ranges und einer der h\u00f6chsten Aussichtspunkte in den Langhe.","og_url":"https:\/\/visitmurazzano.it\/de\/mittelalterlicher-turm\/","og_site_name":"Visit Murazzano","article_modified_time":"2025-04-02T12:39:37+00:00","twitter_card":"summary_large_image","twitter_misc":{"Gesch\u00e4tzte Lesezeit":"5\u00a0Minuten"},"schema":{"@context":"https:\/\/schema.org","@graph":[{"@type":"WebPage","@id":"https:\/\/visitmurazzano.it\/de\/mittelalterlicher-turm\/","url":"https:\/\/visitmurazzano.it\/de\/mittelalterlicher-turm\/","name":"Visit Murazzano | Tauchen Sie ein in die Geschichte unseres mittelalterlichen Turms","isPartOf":{"@id":"https:\/\/visitmurazzano.it\/de\/#website"},"datePublished":"2022-02-16T16:13:31+00:00","dateModified":"2025-04-02T12:39:37+00:00","description":"Entdecken Sie alle Attraktionen von Murazzano. Der mittelalterliche Turm ist ein architektonisches Denkmal ersten Ranges und einer der h\u00f6chsten Aussichtspunkte in den Langhe.","breadcrumb":{"@id":"https:\/\/visitmurazzano.it\/de\/mittelalterlicher-turm\/#breadcrumb"},"inLanguage":"de","potentialAction":[{"@type":"ReadAction","target":["https:\/\/visitmurazzano.it\/de\/mittelalterlicher-turm\/"]}]},{"@type":"BreadcrumbList","@id":"https:\/\/visitmurazzano.it\/de\/mittelalterlicher-turm\/#breadcrumb","itemListElement":[{"@type":"ListItem","position":1,"name":"Home","item":"https:\/\/visitmurazzano.it\/de\/"},{"@type":"ListItem","position":2,"name":"Mittelalterlicher Turm"}]},{"@type":"WebSite","@id":"https:\/\/visitmurazzano.it\/de\/#website","url":"https:\/\/visitmurazzano.it\/de\/","name":"Visit Murazzano","description":"Sito turistico Murazzano","publisher":{"@id":"https:\/\/visitmurazzano.it\/de\/#organization"},"potentialAction":[{"@type":"SearchAction","target":{"@type":"EntryPoint","urlTemplate":"https:\/\/visitmurazzano.it\/de\/?s={search_term_string}"},"query-input":{"@type":"PropertyValueSpecification","valueRequired":true,"valueName":"search_term_string"}}],"inLanguage":"de"},{"@type":"Organization","@id":"https:\/\/visitmurazzano.it\/de\/#organization","name":"Murazzano","url":"https:\/\/visitmurazzano.it\/de\/","logo":{"@type":"ImageObject","inLanguage":"de","@id":"https:\/\/visitmurazzano.it\/de\/#\/schema\/logo\/image\/","url":"https:\/\/visitmurazzano.it\/wp-content\/uploads\/2022\/05\/logo-murazzano.jpg","contentUrl":"https:\/\/visitmurazzano.it\/wp-content\/uploads\/2022\/05\/logo-murazzano.jpg","width":75,"height":90,"caption":"Murazzano"},"image":{"@id":"https:\/\/visitmurazzano.it\/de\/#\/schema\/logo\/image\/"}}]}},"_links":{"self":[{"href":"https:\/\/visitmurazzano.it\/de\/wp-json\/wp\/v2\/pages\/2543","targetHints":{"allow":["GET"]}}],"collection":[{"href":"https:\/\/visitmurazzano.it\/de\/wp-json\/wp\/v2\/pages"}],"about":[{"href":"https:\/\/visitmurazzano.it\/de\/wp-json\/wp\/v2\/types\/page"}],"author":[{"embeddable":true,"href":"https:\/\/visitmurazzano.it\/de\/wp-json\/wp\/v2\/users\/1"}],"replies":[{"embeddable":true,"href":"https:\/\/visitmurazzano.it\/de\/wp-json\/wp\/v2\/comments?post=2543"}],"version-history":[{"count":7,"href":"https:\/\/visitmurazzano.it\/de\/wp-json\/wp\/v2\/pages\/2543\/revisions"}],"predecessor-version":[{"id":5361,"href":"https:\/\/visitmurazzano.it\/de\/wp-json\/wp\/v2\/pages\/2543\/revisions\/5361"}],"wp:attachment":[{"href":"https:\/\/visitmurazzano.it\/de\/wp-json\/wp\/v2\/media?parent=2543"}],"curies":[{"name":"wp","href":"https:\/\/api.w.org\/{rel}","templated":true}]}}