{"id":2300,"date":"2022-03-24T15:19:45","date_gmt":"2022-03-24T14:19:45","guid":{"rendered":"https:\/\/visitmurazzano.it\/murazzano-dop\/"},"modified":"2022-09-29T09:28:53","modified_gmt":"2022-09-29T07:28:53","slug":"murazzano-dop","status":"publish","type":"page","link":"https:\/\/visitmurazzano.it\/fr\/murazzano-dop\/","title":{"rendered":"Murazzano DOP"},"content":{"rendered":"\n[et_pb_section fb_built=\u00a0\u00bb1&Prime; custom_padding_last_edited=\u00a0\u00bbon|phone\u00a0\u00bb admin_label=\u00a0\u00bbHeader\u00a0\u00bb _builder_version=\u00a0\u00bb4.16.0&Prime; _module_preset=\u00a0\u00bbdefault\u00a0\u00bb use_background_color_gradient=\u00a0\u00bbon\u00a0\u00bb background_color_gradient_stops=\u00a0\u00bbrgba(0,0,0,0.46) 0%|rgba(0,0,0,0.52) 100%\u00a0\u00bb background_color_gradient_overlays_image=\u00a0\u00bbon\u00a0\u00bb background_color_gradient_start=\u00a0\u00bbrgba(0,0,0,0.46)\u00a0\u00bb background_color_gradient_end=\u00a0\u00bbrgba(0,0,0,0.52)\u00a0\u00bb background_image=\u00a0\u00bbhttps:\/\/visitmurazzano.it\/wp-content\/uploads\/2022\/03\/murazzano-dop.jpg\u00a0\u00bb custom_padding=\u00a0\u00bb120px||120px||true|false\u00a0\u00bb custom_padding_tablet=\u00a0\u00bb35px||35px||true|false\u00a0\u00bb custom_padding_phone=\u00a0\u00bb15px||15px||true|false\u00a0\u00bb hover_enabled=\u00a0\u00bb0&Prime; locked=\u00a0\u00bboff\u00a0\u00bb global_colors_info=\u00a0\u00bb{}\u00a0\u00bb sticky_enabled=\u00a0\u00bb0&Prime; alt=\u00a0\u00bbmurazzano dop\u00a0\u00bb title_text=\u00a0\u00bbmurazzano-dop\u00a0\u00bb gradientStopSingleColor=\u00a0\u00bbArray\u00a0\u00bb][et_pb_row _builder_version=\u00a0\u00bb4.16&Prime; _module_preset=\u00a0\u00bbdefault\u00a0\u00bb global_colors_info=\u00a0\u00bb{}\u00a0\u00bb][et_pb_column type=\u00a0\u00bb4_4&Prime; _builder_version=\u00a0\u00bb4.16&Prime; _module_preset=\u00a0\u00bbdefault\u00a0\u00bb global_colors_info=\u00a0\u00bb{}\u00a0\u00bb][et_pb_text _builder_version=\u00a0\u00bb4.16&Prime; _module_preset=\u00a0\u00bbd72c0383-6487-4f2c-ac5c-7d48a6376757&Prime; header_font=\u00a0\u00bbPlayfair Display||||||||\u00a0\u00bb header_text_color=\u00a0\u00bb#FFFFFF\u00a0\u00bb header_font_size=\u00a0\u00bb56px\u00a0\u00bb animation_direction=\u00a0\u00bbtop\u00a0\u00bb header_font_size_tablet=\u00a0\u00bb10vw\u00a0\u00bb header_font_size_phone=\u00a0\u00bb\u00a0\u00bb header_font_size_last_edited=\u00a0\u00bbon|phone\u00a0\u00bb global_colors_info=\u00a0\u00bb{}\u00a0\u00bb]<h1>Murazzano DOP<\/h1>[\/et_pb_text][\/et_pb_column][\/et_pb_row][et_pb_row column_structure=\u00a0\u00bb3_5,2_5&Prime; _builder_version=\u00a0\u00bb4.16&Prime; _module_preset=\u00a0\u00bbdefault\u00a0\u00bb global_colors_info=\u00a0\u00bb{}\u00a0\u00bb][et_pb_column type=\u00a0\u00bb3_5&Prime; _builder_version=\u00a0\u00bb4.16&Prime; _module_preset=\u00a0\u00bbdefault\u00a0\u00bb global_colors_info=\u00a0\u00bb{}\u00a0\u00bb][et_pb_text _builder_version=\u00a0\u00bb4.16.0&Prime; _module_preset=\u00a0\u00bbdefault\u00a0\u00bb text_text_color=\u00a0\u00bb#FFFFFF\u00a0\u00bb text_font_size=\u00a0\u00bb16px\u00a0\u00bb text_line_height=\u00a0\u00bb1.4em\u00a0\u00bb header_3_font=\u00a0\u00bb|700|||||||\u00a0\u00bb header_3_text_color=\u00a0\u00bb#FFFFFF\u00a0\u00bb hover_enabled=\u00a0\u00bb0&Prime; global_colors_info=\u00a0\u00bb{}\u00a0\u00bb sticky_enabled=\u00a0\u00bb0&Prime;]<p>Les origines de la marque <strong>Murazzano DOP<\/strong> sont entour\u00e9es de l\u00e9gendes. On raconte qu&rsquo;autrefois un jeune berger vivait avec sa famille dans la <strong>ville de Murazzano<\/strong>. Giuanin \u00e9tait son nom, et son travail consistait \u00e0 v\u00e9rifier les monticules produits dans la maison pendant que ses parents faisaient pa\u00eetre les moutons. Un jour, un corbeau r\u00e9ussit \u00e0 entrer dans la laiterie et \u00e0 s&rsquo;\u00e9chapper avec une forme \u00e9troite dans son bec. Giuanin le suivit \u00e0 travers collines et vall\u00e9es jusqu&rsquo;au ch\u00e2teau de Ceva, un refuge notoire pour les d\u00e9mons et les sorci\u00e8res.<\/p>\n<p>Il entra dans l&rsquo;une des nombreuses grottes qui s&rsquo;ouvraient au pied des murs en ruine, et y trouva une table charg\u00e9e de toutes sortes de d\u00e9lices.<\/p>\n<p>Le jeune homme, fatigu\u00e9 et affam\u00e9, n&rsquo;h\u00e9sita pas \u00e0 s&rsquo;en servir, mais le Diable surgit de nulle part et accusa aussit\u00f4t le jeune berger d&rsquo;avoir mang\u00e9 son d\u00e9jeuner, r\u00e9clamant son \u00e2me en paiement.<\/p>[\/et_pb_text][\/et_pb_column][et_pb_column type=\u00a0\u00bb2_5&Prime; _builder_version=\u00a0\u00bb4.16&Prime; _module_preset=\u00a0\u00bbdefault\u00a0\u00bb global_colors_info=\u00a0\u00bb{}\u00a0\u00bb][\/et_pb_column][\/et_pb_row][\/et_pb_section]\n","protected":false},"excerpt":{"rendered":"<p>Murazzano DOPLes origines de la marque Murazzano DOP sont entour\u00e9es de l\u00e9gendes. On raconte qu&rsquo;autrefois un jeune berger vivait avec sa famille dans la ville de Murazzano. Giuanin \u00e9tait son nom, et son travail consistait \u00e0 v\u00e9rifier les monticules produits dans la maison pendant que ses parents faisaient pa\u00eetre les moutons. Un jour, un corbeau [&hellip;]<\/p>\n","protected":false},"author":1,"featured_media":0,"parent":0,"menu_order":0,"comment_status":"closed","ping_status":"closed","template":"","meta":{"_et_pb_use_builder":"on","_et_pb_old_content":"","_et_gb_content_width":"","footnotes":""},"class_list":["post-2300","page","type-page","status-publish","hentry"],"yoast_head":"<!-- This site is optimized with the Yoast SEO plugin v26.7 - https:\/\/yoast.com\/wordpress\/plugins\/seo\/ -->\n<title>Visit Murazzano | D\u00e9couvrez l&#039;histoire de notre fromage AOP Murazzano<\/title>\n<meta name=\"description\" content=\"Le lait de brebis prend vie dans un fromage d&#039;une qualit\u00e9 sublime, une explosion de saveur qui laissera sa marque. Ses origines, cependant, sont entour\u00e9es de l\u00e9gendes.\" \/>\n<meta name=\"robots\" content=\"index, follow, max-snippet:-1, max-image-preview:large, max-video-preview:-1\" \/>\n<link rel=\"canonical\" href=\"https:\/\/visitmurazzano.it\/fr\/murazzano-dop\/\" \/>\n<meta property=\"og:locale\" content=\"fr_FR\" \/>\n<meta property=\"og:type\" content=\"article\" \/>\n<meta property=\"og:title\" content=\"Visit Murazzano | D\u00e9couvrez l&#039;histoire de notre fromage AOP Murazzano\" \/>\n<meta property=\"og:description\" content=\"Le lait de brebis prend vie dans un fromage d&#039;une qualit\u00e9 sublime, une explosion de saveur qui laissera sa marque. Ses origines, cependant, sont entour\u00e9es de l\u00e9gendes.\" \/>\n<meta property=\"og:url\" content=\"https:\/\/visitmurazzano.it\/fr\/murazzano-dop\/\" \/>\n<meta property=\"og:site_name\" content=\"Visit Murazzano\" \/>\n<meta property=\"article:modified_time\" content=\"2022-09-29T07:28:53+00:00\" \/>\n<meta name=\"twitter:card\" content=\"summary_large_image\" \/>\n<meta name=\"twitter:label1\" content=\"Dur\u00e9e de lecture estim\u00e9e\" \/>\n\t<meta name=\"twitter:data1\" content=\"2 minutes\" \/>\n<script type=\"application\/ld+json\" class=\"yoast-schema-graph\">{\"@context\":\"https:\/\/schema.org\",\"@graph\":[{\"@type\":\"WebPage\",\"@id\":\"https:\/\/visitmurazzano.it\/fr\/murazzano-dop\/\",\"url\":\"https:\/\/visitmurazzano.it\/fr\/murazzano-dop\/\",\"name\":\"Visit Murazzano | D\u00e9couvrez l'histoire de notre fromage AOP Murazzano\",\"isPartOf\":{\"@id\":\"https:\/\/visitmurazzano.it\/fr\/#website\"},\"datePublished\":\"2022-03-24T14:19:45+00:00\",\"dateModified\":\"2022-09-29T07:28:53+00:00\",\"description\":\"Le lait de brebis prend vie dans un fromage d'une qualit\u00e9 sublime, une explosion de saveur qui laissera sa marque. Ses origines, cependant, sont entour\u00e9es de l\u00e9gendes.\",\"breadcrumb\":{\"@id\":\"https:\/\/visitmurazzano.it\/fr\/murazzano-dop\/#breadcrumb\"},\"inLanguage\":\"fr-FR\",\"potentialAction\":[{\"@type\":\"ReadAction\",\"target\":[\"https:\/\/visitmurazzano.it\/fr\/murazzano-dop\/\"]}]},{\"@type\":\"BreadcrumbList\",\"@id\":\"https:\/\/visitmurazzano.it\/fr\/murazzano-dop\/#breadcrumb\",\"itemListElement\":[{\"@type\":\"ListItem\",\"position\":1,\"name\":\"Home\",\"item\":\"https:\/\/visitmurazzano.it\/fr\/\"},{\"@type\":\"ListItem\",\"position\":2,\"name\":\"Murazzano DOP\"}]},{\"@type\":\"WebSite\",\"@id\":\"https:\/\/visitmurazzano.it\/fr\/#website\",\"url\":\"https:\/\/visitmurazzano.it\/fr\/\",\"name\":\"Visit Murazzano\",\"description\":\"Sito turistico Murazzano\",\"publisher\":{\"@id\":\"https:\/\/visitmurazzano.it\/fr\/#organization\"},\"potentialAction\":[{\"@type\":\"SearchAction\",\"target\":{\"@type\":\"EntryPoint\",\"urlTemplate\":\"https:\/\/visitmurazzano.it\/fr\/?s={search_term_string}\"},\"query-input\":{\"@type\":\"PropertyValueSpecification\",\"valueRequired\":true,\"valueName\":\"search_term_string\"}}],\"inLanguage\":\"fr-FR\"},{\"@type\":\"Organization\",\"@id\":\"https:\/\/visitmurazzano.it\/fr\/#organization\",\"name\":\"Murazzano\",\"url\":\"https:\/\/visitmurazzano.it\/fr\/\",\"logo\":{\"@type\":\"ImageObject\",\"inLanguage\":\"fr-FR\",\"@id\":\"https:\/\/visitmurazzano.it\/fr\/#\/schema\/logo\/image\/\",\"url\":\"https:\/\/visitmurazzano.it\/wp-content\/uploads\/2022\/05\/logo-murazzano.jpg\",\"contentUrl\":\"https:\/\/visitmurazzano.it\/wp-content\/uploads\/2022\/05\/logo-murazzano.jpg\",\"width\":75,\"height\":90,\"caption\":\"Murazzano\"},\"image\":{\"@id\":\"https:\/\/visitmurazzano.it\/fr\/#\/schema\/logo\/image\/\"}}]}<\/script>\n<!-- \/ Yoast SEO plugin. -->","yoast_head_json":{"title":"Visit Murazzano | D\u00e9couvrez l'histoire de notre fromage AOP Murazzano","description":"Le lait de brebis prend vie dans un fromage d'une qualit\u00e9 sublime, une explosion de saveur qui laissera sa marque. Ses origines, cependant, sont entour\u00e9es de l\u00e9gendes.","robots":{"index":"index","follow":"follow","max-snippet":"max-snippet:-1","max-image-preview":"max-image-preview:large","max-video-preview":"max-video-preview:-1"},"canonical":"https:\/\/visitmurazzano.it\/fr\/murazzano-dop\/","og_locale":"fr_FR","og_type":"article","og_title":"Visit Murazzano | D\u00e9couvrez l'histoire de notre fromage AOP Murazzano","og_description":"Le lait de brebis prend vie dans un fromage d'une qualit\u00e9 sublime, une explosion de saveur qui laissera sa marque. Ses origines, cependant, sont entour\u00e9es de l\u00e9gendes.","og_url":"https:\/\/visitmurazzano.it\/fr\/murazzano-dop\/","og_site_name":"Visit Murazzano","article_modified_time":"2022-09-29T07:28:53+00:00","twitter_card":"summary_large_image","twitter_misc":{"Dur\u00e9e de lecture estim\u00e9e":"2 minutes"},"schema":{"@context":"https:\/\/schema.org","@graph":[{"@type":"WebPage","@id":"https:\/\/visitmurazzano.it\/fr\/murazzano-dop\/","url":"https:\/\/visitmurazzano.it\/fr\/murazzano-dop\/","name":"Visit Murazzano | D\u00e9couvrez l'histoire de notre fromage AOP Murazzano","isPartOf":{"@id":"https:\/\/visitmurazzano.it\/fr\/#website"},"datePublished":"2022-03-24T14:19:45+00:00","dateModified":"2022-09-29T07:28:53+00:00","description":"Le lait de brebis prend vie dans un fromage d'une qualit\u00e9 sublime, une explosion de saveur qui laissera sa marque. Ses origines, cependant, sont entour\u00e9es de l\u00e9gendes.","breadcrumb":{"@id":"https:\/\/visitmurazzano.it\/fr\/murazzano-dop\/#breadcrumb"},"inLanguage":"fr-FR","potentialAction":[{"@type":"ReadAction","target":["https:\/\/visitmurazzano.it\/fr\/murazzano-dop\/"]}]},{"@type":"BreadcrumbList","@id":"https:\/\/visitmurazzano.it\/fr\/murazzano-dop\/#breadcrumb","itemListElement":[{"@type":"ListItem","position":1,"name":"Home","item":"https:\/\/visitmurazzano.it\/fr\/"},{"@type":"ListItem","position":2,"name":"Murazzano DOP"}]},{"@type":"WebSite","@id":"https:\/\/visitmurazzano.it\/fr\/#website","url":"https:\/\/visitmurazzano.it\/fr\/","name":"Visit Murazzano","description":"Sito turistico Murazzano","publisher":{"@id":"https:\/\/visitmurazzano.it\/fr\/#organization"},"potentialAction":[{"@type":"SearchAction","target":{"@type":"EntryPoint","urlTemplate":"https:\/\/visitmurazzano.it\/fr\/?s={search_term_string}"},"query-input":{"@type":"PropertyValueSpecification","valueRequired":true,"valueName":"search_term_string"}}],"inLanguage":"fr-FR"},{"@type":"Organization","@id":"https:\/\/visitmurazzano.it\/fr\/#organization","name":"Murazzano","url":"https:\/\/visitmurazzano.it\/fr\/","logo":{"@type":"ImageObject","inLanguage":"fr-FR","@id":"https:\/\/visitmurazzano.it\/fr\/#\/schema\/logo\/image\/","url":"https:\/\/visitmurazzano.it\/wp-content\/uploads\/2022\/05\/logo-murazzano.jpg","contentUrl":"https:\/\/visitmurazzano.it\/wp-content\/uploads\/2022\/05\/logo-murazzano.jpg","width":75,"height":90,"caption":"Murazzano"},"image":{"@id":"https:\/\/visitmurazzano.it\/fr\/#\/schema\/logo\/image\/"}}]}},"_links":{"self":[{"href":"https:\/\/visitmurazzano.it\/fr\/wp-json\/wp\/v2\/pages\/2300","targetHints":{"allow":["GET"]}}],"collection":[{"href":"https:\/\/visitmurazzano.it\/fr\/wp-json\/wp\/v2\/pages"}],"about":[{"href":"https:\/\/visitmurazzano.it\/fr\/wp-json\/wp\/v2\/types\/page"}],"author":[{"embeddable":true,"href":"https:\/\/visitmurazzano.it\/fr\/wp-json\/wp\/v2\/users\/1"}],"replies":[{"embeddable":true,"href":"https:\/\/visitmurazzano.it\/fr\/wp-json\/wp\/v2\/comments?post=2300"}],"version-history":[{"count":3,"href":"https:\/\/visitmurazzano.it\/fr\/wp-json\/wp\/v2\/pages\/2300\/revisions"}],"predecessor-version":[{"id":2303,"href":"https:\/\/visitmurazzano.it\/fr\/wp-json\/wp\/v2\/pages\/2300\/revisions\/2303"}],"wp:attachment":[{"href":"https:\/\/visitmurazzano.it\/fr\/wp-json\/wp\/v2\/media?parent=2300"}],"curies":[{"name":"wp","href":"https:\/\/api.w.org\/{rel}","templated":true}]}}