{"id":2318,"date":"2022-03-18T11:35:47","date_gmt":"2022-03-18T10:35:47","guid":{"rendered":"https:\/\/visitmurazzano.it\/paroisse-de-san-lorenzo\/"},"modified":"2022-09-29T09:58:00","modified_gmt":"2022-09-29T07:58:00","slug":"paroisse-de-san-lorenzo","status":"publish","type":"page","link":"https:\/\/visitmurazzano.it\/fr\/paroisse-de-san-lorenzo\/","title":{"rendered":"Paroisse de San Lorenzo"},"content":{"rendered":"\n[et_pb_section fb_built=\u00a0\u00bb1&Prime; custom_padding_last_edited=\u00a0\u00bbon|phone\u00a0\u00bb admin_label=\u00a0\u00bbHeader\u00a0\u00bb _builder_version=\u00a0\u00bb4.16.0&Prime; _module_preset=\u00a0\u00bbdefault\u00a0\u00bb use_background_color_gradient=\u00a0\u00bbon\u00a0\u00bb background_color_gradient_stops=\u00a0\u00bbrgba(0,0,0,0.66) 0%|rgba(0,0,0,0.52) 100%\u00a0\u00bb background_color_gradient_overlays_image=\u00a0\u00bbon\u00a0\u00bb background_color_gradient_start=\u00a0\u00bbrgba(0,0,0,0.66)\u00a0\u00bb background_color_gradient_end=\u00a0\u00bbrgba(0,0,0,0.52)\u00a0\u00bb background_image=\u00a0\u00bbhttps:\/\/visitmurazzano.it\/wp-content\/uploads\/2022\/04\/Parrocchia-di-San-Lorenzo.jpg\u00a0\u00bb custom_padding=\u00a0\u00bb120px||120px||true|false\u00a0\u00bb custom_padding_tablet=\u00a0\u00bb35px||35px||true|false\u00a0\u00bb custom_padding_phone=\u00a0\u00bb15px||15px||true|false\u00a0\u00bb locked=\u00a0\u00bboff\u00a0\u00bb global_colors_info=\u00a0\u00bb{}\u00a0\u00bb][et_pb_row _builder_version=\u00a0\u00bb4.16&Prime; _module_preset=\u00a0\u00bbdefault\u00a0\u00bb global_colors_info=\u00a0\u00bb{}\u00a0\u00bb][et_pb_column type=\u00a0\u00bb4_4&Prime; _builder_version=\u00a0\u00bb4.16&Prime; _module_preset=\u00a0\u00bbdefault\u00a0\u00bb global_colors_info=\u00a0\u00bb{}\u00a0\u00bb][et_pb_text _builder_version=\u00a0\u00bb4.16&Prime; _module_preset=\u00a0\u00bbd72c0383-6487-4f2c-ac5c-7d48a6376757&Prime; header_font=\u00a0\u00bbPlayfair Display||||||||\u00a0\u00bb header_text_color=\u00a0\u00bb#FFFFFF\u00a0\u00bb header_font_size=\u00a0\u00bb56px\u00a0\u00bb animation_direction=\u00a0\u00bbtop\u00a0\u00bb header_font_size_tablet=\u00a0\u00bb10vw\u00a0\u00bb header_font_size_phone=\u00a0\u00bb\u00a0\u00bb header_font_size_last_edited=\u00a0\u00bbon|phone\u00a0\u00bb global_colors_info=\u00a0\u00bb{}\u00a0\u00bb]<h1>Paroisse de San Lorenzo<\/h1>[\/et_pb_text][\/et_pb_column][\/et_pb_row][et_pb_row column_structure=\u00a0\u00bb2_3,1_3&Prime; _builder_version=\u00a0\u00bb4.16&Prime; _module_preset=\u00a0\u00bbdefault\u00a0\u00bb global_colors_info=\u00a0\u00bb{}\u00a0\u00bb][et_pb_column type=\u00a0\u00bb2_3&Prime; _builder_version=\u00a0\u00bb4.16&Prime; _module_preset=\u00a0\u00bbdefault\u00a0\u00bb global_colors_info=\u00a0\u00bb{}\u00a0\u00bb][et_pb_text _builder_version=\u00a0\u00bb4.16&Prime; _module_preset=\u00a0\u00bb1d866de3-b108-4c5f-bed3-2da9506a6915&Prime; text_text_color=\u00a0\u00bb#FFFFFF\u00a0\u00bb text_font_size=\u00a0\u00bb16px\u00a0\u00bb header_font=\u00a0\u00bb||||||||\u00a0\u00bb header_4_font=\u00a0\u00bbMerriweather||||||||\u00a0\u00bb header_4_text_color=\u00a0\u00bb#FFFFFF\u00a0\u00bb header_4_line_height=\u00a0\u00bb1.8em\u00a0\u00bb header_4_font_size_tablet=\u00a0\u00bb16px\u00a0\u00bb header_4_font_size_phone=\u00a0\u00bb14px\u00a0\u00bb header_4_font_size_last_edited=\u00a0\u00bbon|tablet\u00a0\u00bb locked=\u00a0\u00bboff\u00a0\u00bb global_colors_info=\u00a0\u00bb{}\u00a0\u00bb]<p>Les premi\u00e8res nouvelles de la <strong>Paroisse de San Lorenzo<\/strong> remontent \u00e0 un document de 1409, contenu dans le <em>\u00ab\u00a0Registrum\u00a0\u00bb<\/em> des Constitutions Isnardi qui la classe parmi les \u00e9glises du <em>\u00ab\u00a0Plebatus Doliani\u00a0\u00bb<\/em>. Le nom de l&rsquo;\u00e9glise semble provenir de la cath\u00e9drale d&rsquo;Alba, d\u00e9di\u00e9e \u00e0 San Lorenzo au Xe si\u00e8cle. Murazzano a appartenu au dioc\u00e8se de la ville jusqu&rsquo;en 1805, date \u00e0 laquelle, par bulle papale du pape Pie VII, il a \u00e9t\u00e9 uni au dioc\u00e8se de Mondov\u00ec. La paroisse \u00e9tait probablement beaucoup plus petite que l&rsquo;\u00e9difice actuel, r\u00e9sultat d&rsquo;un agrandissement r\u00e9alis\u00e9 vers 1671.<\/p>[\/et_pb_text][\/et_pb_column][et_pb_column type=\u00a0\u00bb1_3&Prime; _builder_version=\u00a0\u00bb4.16&Prime; _module_preset=\u00a0\u00bbdefault\u00a0\u00bb global_colors_info=\u00a0\u00bb{}\u00a0\u00bb][\/et_pb_column][\/et_pb_row][\/et_pb_section][et_pb_section fb_built=\u00a0\u00bb1&Prime; admin_label=\u00a0\u00bbFeature\u00a0\u00bb _builder_version=\u00a0\u00bb4.16&Prime; _module_preset=\u00a0\u00bbdefault\u00a0\u00bb locked=\u00a0\u00bboff\u00a0\u00bb global_colors_info=\u00a0\u00bb{}\u00a0\u00bb][et_pb_row column_structure=\u00a0\u00bb1_2,1_2&Prime; _builder_version=\u00a0\u00bb4.16&Prime; _module_preset=\u00a0\u00bbdefault\u00a0\u00bb global_colors_info=\u00a0\u00bb{}\u00a0\u00bb][et_pb_column type=\u00a0\u00bb1_2&Prime; _builder_version=\u00a0\u00bb4.16&Prime; _module_preset=\u00a0\u00bbdefault\u00a0\u00bb global_colors_info=\u00a0\u00bb{}\u00a0\u00bb][et_pb_image src=\u00a0\u00bbhttps:\/\/visitmurazzano.it\/wp-content\/uploads\/2022\/04\/parrocchia-san-lorenzo.jpg\u00a0\u00bb alt=\u00a0\u00bbparoisse de San Lorenzo\u00a0\u00bb title_text=\u00a0\u00bbparoisse-san-lorenzo\u00a0\u00bb _builder_version=\u00a0\u00bb4.16.1&Prime; _module_preset=\u00a0\u00bbdefault\u00a0\u00bb locked=\u00a0\u00bboff\u00a0\u00bb global_colors_info=\u00a0\u00bb{}\u00a0\u00bb][\/et_pb_image][\/et_pb_column][et_pb_column type=\u00a0\u00bb1_2&Prime; _builder_version=\u00a0\u00bb4.16&Prime; _module_preset=\u00a0\u00bbdefault\u00a0\u00bb custom_padding=\u00a0\u00bb60px||||false|false\u00a0\u00bb custom_padding_tablet=\u00a0\u00bb0px||||false|false\u00a0\u00bb custom_padding_phone=\u00a0\u00bb\u00a0\u00bb custom_padding_last_edited=\u00a0\u00bbon|phone\u00a0\u00bb global_colors_info=\u00a0\u00bb{}\u00a0\u00bb][et_pb_text _builder_version=\u00a0\u00bb4.16&Prime; _module_preset=\u00a0\u00bb32021f09-dd67-47fb-8f9a-832b72a38baf\u00a0\u00bb text_text_color=\u00a0\u00bb#000000&Prime; text_font_size=\u00a0\u00bb16px\u00a0\u00bb text_line_height=\u00a0\u00bb1.4em\u00a0\u00bb header_2_font=\u00a0\u00bbPlayfair Display|700|||||||\u00a0\u00bb header_2_text_color=\u00a0\u00bbgcid-c9411f34-b37e-4feb-a841-9533663e2403&Prime; header_2_font_size=\u00a0\u00bb60px\u00a0\u00bb header_2_line_height=\u00a0\u00bb1.1em\u00a0\u00bb header_5_font=\u00a0\u00bb|700|||||||\u00a0\u00bb header_5_font_size=\u00a0\u00bb18px\u00a0\u00bb custom_margin=\u00a0\u00bb||10px||false|false\u00a0\u00bb animation_direction=\u00a0\u00bbleft\u00a0\u00bb header_2_font_size_tablet=\u00a0\u00bb35px\u00a0\u00bb header_2_font_size_phone=\u00a0\u00bb22px\u00a0\u00bb header_2_font_size_last_edited=\u00a0\u00bbon|phone\u00a0\u00bb locked=\u00a0\u00bboff\u00a0\u00bb global_colors_info=\u00a0\u00bb{}\u00a0\u00bb]<p>L&rsquo;int\u00e9rieur de l&rsquo;\u00e9glise a \u00e9t\u00e9 d\u00e9cor\u00e9 dans la seconde moiti\u00e9 du XIXe si\u00e8cle par le peintre Luigi Hartman de Chiavenna. De <strong>style baroque<\/strong>, elle est richement orn\u00e9e et poss\u00e8de des autels lat\u00e9raux avec de <strong>pr\u00e9cieuses peintures<\/strong>, dont l&rsquo;une, d&rsquo;un peintre inconnu, repr\u00e9sente le martyre de San Lorenzo. Les <strong>chapelles<\/strong> individuelles m\u00e9ritent \u00e9galement une attention particuli\u00e8re. L&rsquo;un d&rsquo;eux abrite une petite fresque probablement peinte sur un pyl\u00f4ne, compte tenu de la forme convexe, repr\u00e9sentant la Madonna delle Grazie. Une deuxi\u00e8me repr\u00e9sentation, pr\u00e9sente \u00e0 l&rsquo;origine dans la chapelle de San Sebastiano, se trouve pr\u00e8s de l&rsquo;entr\u00e9e, dans la chapelle de droite.<\/p>\n<p>La fa\u00e7ade est l&rsquo;\u0153uvre de l&rsquo;ing\u00e9nieur Emilio Bruno en 1928, tandis que les fresques ont \u00e9t\u00e9 r\u00e9alis\u00e9es par le peintre Carlo Morgari.<\/p>[\/et_pb_text][\/et_pb_column][\/et_pb_row][\/et_pb_section]\n","protected":false},"excerpt":{"rendered":"<p>Paroisse de San LorenzoLes premi\u00e8res nouvelles de la Paroisse de San Lorenzo remontent \u00e0 un document de 1409, contenu dans le \u00ab\u00a0Registrum\u00a0\u00bb des Constitutions Isnardi qui la classe parmi les \u00e9glises du \u00ab\u00a0Plebatus Doliani\u00a0\u00bb. Le nom de l&rsquo;\u00e9glise semble provenir de la cath\u00e9drale d&rsquo;Alba, d\u00e9di\u00e9e \u00e0 San Lorenzo au Xe si\u00e8cle. Murazzano a appartenu au [&hellip;]<\/p>\n","protected":false},"author":1,"featured_media":0,"parent":0,"menu_order":0,"comment_status":"closed","ping_status":"closed","template":"","meta":{"_et_pb_use_builder":"on","_et_pb_old_content":"","_et_gb_content_width":"","footnotes":""},"class_list":["post-2318","page","type-page","status-publish","hentry"],"yoast_head":"<!-- This site is optimized with the Yoast SEO plugin v26.7 - https:\/\/yoast.com\/wordpress\/plugins\/seo\/ -->\n<title>Visit Murazzano | D\u00e9couvrez la paroisse de San Lorenzo<\/title>\n<meta name=\"description\" content=\"Explorez les attractions de Murazzano. L&#039;\u00e9glise paroissiale de San Lorenzo est un ancien b\u00e2timent d&#039;architecture baroque orn\u00e9 de pr\u00e9cieuses fresques.\" \/>\n<meta name=\"robots\" content=\"index, follow, max-snippet:-1, max-image-preview:large, max-video-preview:-1\" \/>\n<link rel=\"canonical\" href=\"https:\/\/visitmurazzano.it\/fr\/paroisse-de-san-lorenzo\/\" \/>\n<meta property=\"og:locale\" content=\"fr_FR\" \/>\n<meta property=\"og:type\" content=\"article\" \/>\n<meta property=\"og:title\" content=\"Visit Murazzano | D\u00e9couvrez la paroisse de San Lorenzo\" \/>\n<meta property=\"og:description\" content=\"Explorez les attractions de Murazzano. L&#039;\u00e9glise paroissiale de San Lorenzo est un ancien b\u00e2timent d&#039;architecture baroque orn\u00e9 de pr\u00e9cieuses fresques.\" \/>\n<meta property=\"og:url\" content=\"https:\/\/visitmurazzano.it\/fr\/paroisse-de-san-lorenzo\/\" \/>\n<meta property=\"og:site_name\" content=\"Visit Murazzano\" \/>\n<meta property=\"article:modified_time\" content=\"2022-09-29T07:58:00+00:00\" \/>\n<meta name=\"twitter:card\" content=\"summary_large_image\" \/>\n<meta name=\"twitter:label1\" content=\"Dur\u00e9e de lecture estim\u00e9e\" \/>\n\t<meta name=\"twitter:data1\" content=\"4 minutes\" \/>\n<script type=\"application\/ld+json\" class=\"yoast-schema-graph\">{\"@context\":\"https:\/\/schema.org\",\"@graph\":[{\"@type\":\"WebPage\",\"@id\":\"https:\/\/visitmurazzano.it\/fr\/paroisse-de-san-lorenzo\/\",\"url\":\"https:\/\/visitmurazzano.it\/fr\/paroisse-de-san-lorenzo\/\",\"name\":\"Visit Murazzano | D\u00e9couvrez la paroisse de San Lorenzo\",\"isPartOf\":{\"@id\":\"https:\/\/visitmurazzano.it\/fr\/#website\"},\"datePublished\":\"2022-03-18T10:35:47+00:00\",\"dateModified\":\"2022-09-29T07:58:00+00:00\",\"description\":\"Explorez les attractions de Murazzano. L'\u00e9glise paroissiale de San Lorenzo est un ancien b\u00e2timent d'architecture baroque orn\u00e9 de pr\u00e9cieuses fresques.\",\"breadcrumb\":{\"@id\":\"https:\/\/visitmurazzano.it\/fr\/paroisse-de-san-lorenzo\/#breadcrumb\"},\"inLanguage\":\"fr-FR\",\"potentialAction\":[{\"@type\":\"ReadAction\",\"target\":[\"https:\/\/visitmurazzano.it\/fr\/paroisse-de-san-lorenzo\/\"]}]},{\"@type\":\"BreadcrumbList\",\"@id\":\"https:\/\/visitmurazzano.it\/fr\/paroisse-de-san-lorenzo\/#breadcrumb\",\"itemListElement\":[{\"@type\":\"ListItem\",\"position\":1,\"name\":\"Home\",\"item\":\"https:\/\/visitmurazzano.it\/fr\/\"},{\"@type\":\"ListItem\",\"position\":2,\"name\":\"Paroisse de San Lorenzo\"}]},{\"@type\":\"WebSite\",\"@id\":\"https:\/\/visitmurazzano.it\/fr\/#website\",\"url\":\"https:\/\/visitmurazzano.it\/fr\/\",\"name\":\"Visit Murazzano\",\"description\":\"Sito turistico Murazzano\",\"publisher\":{\"@id\":\"https:\/\/visitmurazzano.it\/fr\/#organization\"},\"potentialAction\":[{\"@type\":\"SearchAction\",\"target\":{\"@type\":\"EntryPoint\",\"urlTemplate\":\"https:\/\/visitmurazzano.it\/fr\/?s={search_term_string}\"},\"query-input\":{\"@type\":\"PropertyValueSpecification\",\"valueRequired\":true,\"valueName\":\"search_term_string\"}}],\"inLanguage\":\"fr-FR\"},{\"@type\":\"Organization\",\"@id\":\"https:\/\/visitmurazzano.it\/fr\/#organization\",\"name\":\"Murazzano\",\"url\":\"https:\/\/visitmurazzano.it\/fr\/\",\"logo\":{\"@type\":\"ImageObject\",\"inLanguage\":\"fr-FR\",\"@id\":\"https:\/\/visitmurazzano.it\/fr\/#\/schema\/logo\/image\/\",\"url\":\"https:\/\/visitmurazzano.it\/wp-content\/uploads\/2022\/05\/logo-murazzano.jpg\",\"contentUrl\":\"https:\/\/visitmurazzano.it\/wp-content\/uploads\/2022\/05\/logo-murazzano.jpg\",\"width\":75,\"height\":90,\"caption\":\"Murazzano\"},\"image\":{\"@id\":\"https:\/\/visitmurazzano.it\/fr\/#\/schema\/logo\/image\/\"}}]}<\/script>\n<!-- \/ Yoast SEO plugin. -->","yoast_head_json":{"title":"Visit Murazzano | D\u00e9couvrez la paroisse de San Lorenzo","description":"Explorez les attractions de Murazzano. L'\u00e9glise paroissiale de San Lorenzo est un ancien b\u00e2timent d'architecture baroque orn\u00e9 de pr\u00e9cieuses fresques.","robots":{"index":"index","follow":"follow","max-snippet":"max-snippet:-1","max-image-preview":"max-image-preview:large","max-video-preview":"max-video-preview:-1"},"canonical":"https:\/\/visitmurazzano.it\/fr\/paroisse-de-san-lorenzo\/","og_locale":"fr_FR","og_type":"article","og_title":"Visit Murazzano | D\u00e9couvrez la paroisse de San Lorenzo","og_description":"Explorez les attractions de Murazzano. L'\u00e9glise paroissiale de San Lorenzo est un ancien b\u00e2timent d'architecture baroque orn\u00e9 de pr\u00e9cieuses fresques.","og_url":"https:\/\/visitmurazzano.it\/fr\/paroisse-de-san-lorenzo\/","og_site_name":"Visit Murazzano","article_modified_time":"2022-09-29T07:58:00+00:00","twitter_card":"summary_large_image","twitter_misc":{"Dur\u00e9e de lecture estim\u00e9e":"4 minutes"},"schema":{"@context":"https:\/\/schema.org","@graph":[{"@type":"WebPage","@id":"https:\/\/visitmurazzano.it\/fr\/paroisse-de-san-lorenzo\/","url":"https:\/\/visitmurazzano.it\/fr\/paroisse-de-san-lorenzo\/","name":"Visit Murazzano | D\u00e9couvrez la paroisse de San Lorenzo","isPartOf":{"@id":"https:\/\/visitmurazzano.it\/fr\/#website"},"datePublished":"2022-03-18T10:35:47+00:00","dateModified":"2022-09-29T07:58:00+00:00","description":"Explorez les attractions de Murazzano. L'\u00e9glise paroissiale de San Lorenzo est un ancien b\u00e2timent d'architecture baroque orn\u00e9 de pr\u00e9cieuses fresques.","breadcrumb":{"@id":"https:\/\/visitmurazzano.it\/fr\/paroisse-de-san-lorenzo\/#breadcrumb"},"inLanguage":"fr-FR","potentialAction":[{"@type":"ReadAction","target":["https:\/\/visitmurazzano.it\/fr\/paroisse-de-san-lorenzo\/"]}]},{"@type":"BreadcrumbList","@id":"https:\/\/visitmurazzano.it\/fr\/paroisse-de-san-lorenzo\/#breadcrumb","itemListElement":[{"@type":"ListItem","position":1,"name":"Home","item":"https:\/\/visitmurazzano.it\/fr\/"},{"@type":"ListItem","position":2,"name":"Paroisse de San Lorenzo"}]},{"@type":"WebSite","@id":"https:\/\/visitmurazzano.it\/fr\/#website","url":"https:\/\/visitmurazzano.it\/fr\/","name":"Visit Murazzano","description":"Sito turistico Murazzano","publisher":{"@id":"https:\/\/visitmurazzano.it\/fr\/#organization"},"potentialAction":[{"@type":"SearchAction","target":{"@type":"EntryPoint","urlTemplate":"https:\/\/visitmurazzano.it\/fr\/?s={search_term_string}"},"query-input":{"@type":"PropertyValueSpecification","valueRequired":true,"valueName":"search_term_string"}}],"inLanguage":"fr-FR"},{"@type":"Organization","@id":"https:\/\/visitmurazzano.it\/fr\/#organization","name":"Murazzano","url":"https:\/\/visitmurazzano.it\/fr\/","logo":{"@type":"ImageObject","inLanguage":"fr-FR","@id":"https:\/\/visitmurazzano.it\/fr\/#\/schema\/logo\/image\/","url":"https:\/\/visitmurazzano.it\/wp-content\/uploads\/2022\/05\/logo-murazzano.jpg","contentUrl":"https:\/\/visitmurazzano.it\/wp-content\/uploads\/2022\/05\/logo-murazzano.jpg","width":75,"height":90,"caption":"Murazzano"},"image":{"@id":"https:\/\/visitmurazzano.it\/fr\/#\/schema\/logo\/image\/"}}]}},"_links":{"self":[{"href":"https:\/\/visitmurazzano.it\/fr\/wp-json\/wp\/v2\/pages\/2318","targetHints":{"allow":["GET"]}}],"collection":[{"href":"https:\/\/visitmurazzano.it\/fr\/wp-json\/wp\/v2\/pages"}],"about":[{"href":"https:\/\/visitmurazzano.it\/fr\/wp-json\/wp\/v2\/types\/page"}],"author":[{"embeddable":true,"href":"https:\/\/visitmurazzano.it\/fr\/wp-json\/wp\/v2\/users\/1"}],"replies":[{"embeddable":true,"href":"https:\/\/visitmurazzano.it\/fr\/wp-json\/wp\/v2\/comments?post=2318"}],"version-history":[{"count":1,"href":"https:\/\/visitmurazzano.it\/fr\/wp-json\/wp\/v2\/pages\/2318\/revisions"}],"predecessor-version":[{"id":2319,"href":"https:\/\/visitmurazzano.it\/fr\/wp-json\/wp\/v2\/pages\/2318\/revisions\/2319"}],"wp:attachment":[{"href":"https:\/\/visitmurazzano.it\/fr\/wp-json\/wp\/v2\/media?parent=2318"}],"curies":[{"name":"wp","href":"https:\/\/api.w.org\/{rel}","templated":true}]}}