{"id":2326,"date":"2022-03-18T11:05:31","date_gmt":"2022-03-18T10:05:31","guid":{"rendered":"https:\/\/visitmurazzano.it\/parc-robinson\/"},"modified":"2022-09-29T09:59:00","modified_gmt":"2022-09-29T07:59:00","slug":"parc-robinson","status":"publish","type":"page","link":"https:\/\/visitmurazzano.it\/fr\/parc-robinson\/","title":{"rendered":"Parc Robinson"},"content":{"rendered":"<p>[et_pb_section fb_built=\u00a0\u00bb1&Prime; custom_padding_last_edited=\u00a0\u00bbon|phone\u00a0\u00bb admin_label=\u00a0\u00bbHeader\u00a0\u00bb _builder_version=\u00a0\u00bb4.14.8&Prime; _module_preset=\u00a0\u00bbdefault\u00a0\u00bb use_background_color_gradient=\u00a0\u00bbon\u00a0\u00bb background_color_gradient_start=\u00a0\u00bbrgba(0,0,0,0.66)\u00a0\u00bb background_color_gradient_end=\u00a0\u00bbrgba(0,0,0,0.52)\u00a0\u00bb background_color_gradient_overlays_image=\u00a0\u00bbon\u00a0\u00bb background_image=\u00a0\u00bbhttps:\/\/visitmurazzano.it\/wp-content\/uploads\/2022\/02\/torre-medievale-1.jpg\u00a0\u00bb background_position=\u00a0\u00bbbottom_left\u00a0\u00bb custom_padding=\u00a0\u00bb120px||120px||true|false\u00a0\u00bb custom_padding_tablet=\u00a0\u00bb35px||35px||true|false\u00a0\u00bb custom_padding_phone=\u00a0\u00bb15px||15px||true|false\u00a0\u00bb locked=\u00a0\u00bboff\u00a0\u00bb global_colors_info=\u00a0\u00bb{}\u00a0\u00bb][et_pb_row _builder_version=\u00a0\u00bb4.15&Prime; _module_preset=\u00a0\u00bbdefault\u00a0\u00bb global_colors_info=\u00a0\u00bb{}\u00a0\u00bb][et_pb_column type=\u00a0\u00bb4_4&Prime; _builder_version=\u00a0\u00bb4.15&Prime; _module_preset=\u00a0\u00bbdefault\u00a0\u00bb global_colors_info=\u00a0\u00bb{}\u00a0\u00bb][et_pb_text _builder_version=\u00a0\u00bb4.15.0&Prime; _module_preset=\u00a0\u00bbd72c0383-6487-4f2c-ac5c-7d48a6376757&Prime; header_font=\u00a0\u00bbPlayfair Display||||||||\u00a0\u00bb header_text_color=\u00a0\u00bb#FFFFFF\u00a0\u00bb header_font_size=\u00a0\u00bb56px\u00a0\u00bb animation_direction=\u00a0\u00bbtop\u00a0\u00bb header_font_size_tablet=\u00a0\u00bb10vw\u00a0\u00bb header_font_size_phone=\u00a0\u00bb\u00a0\u00bb header_font_size_last_edited=\u00a0\u00bbon|phone\u00a0\u00bb global_colors_info=\u00a0\u00bb{}\u00a0\u00bb]<\/p>\n<h1>Parc Robinson<\/h1>\n<p>[\/et_pb_text][\/et_pb_column][\/et_pb_row][et_pb_row column_structure=\u00a0\u00bb2_3,1_3&Prime; _builder_version=\u00a0\u00bb4.15&Prime; _module_preset=\u00a0\u00bbdefault\u00a0\u00bb global_colors_info=\u00a0\u00bb{}\u00a0\u00bb][et_pb_column type=\u00a0\u00bb2_3&Prime; _builder_version=\u00a0\u00bb4.15&Prime; _module_preset=\u00a0\u00bbdefault\u00a0\u00bb global_colors_info=\u00a0\u00bb{}\u00a0\u00bb][et_pb_text _builder_version=\u00a0\u00bb4.15.1&Prime; _module_preset=\u00a0\u00bb1d866de3-b108-4c5f-bed3-2da9506a6915&Prime; text_text_color=\u00a0\u00bb#FFFFFF\u00a0\u00bb text_font_size=\u00a0\u00bb16px\u00a0\u00bb header_font=\u00a0\u00bb||||||||\u00a0\u00bb header_4_font=\u00a0\u00bbMerriweather||||||||\u00a0\u00bb header_4_text_color=\u00a0\u00bb#FFFFFF\u00a0\u00bb header_4_line_height=\u00a0\u00bb1.8em\u00a0\u00bb hover_enabled=\u00a0\u00bb0&Prime; header_4_font_size_tablet=\u00a0\u00bb16px\u00a0\u00bb header_4_font_size_phone=\u00a0\u00bb14px\u00a0\u00bb header_4_font_size_last_edited=\u00a0\u00bbon|tablet\u00a0\u00bb locked=\u00a0\u00bboff\u00a0\u00bb global_colors_info=\u00a0\u00bb{}\u00a0\u00bb sticky_enabled=\u00a0\u00bb0&Prime;]<\/p>\n<p>Sous la tour m\u00e9di\u00e9vale et derri\u00e8re le Palazzo Tovegni se trouve un espace vert \u00e0 deux niveaux, le <strong>parc Robinson.<\/strong> Lieu id\u00e9al pour les mariages, les moments de d\u00e9tente et les activit\u00e9s de plein air, la <strong>nature r\u00e8gne en ma\u00eetre.<\/strong><\/p>\n<p>Que ce soit une promenade ou un jogging pour disposer de l&rsquo;excellence du territoire, vous y trouverez paix et tranquillit\u00e9, vous entendrez le bruissement des feuilles mus par le vent et le doux chant des oiseaux. Les enfants peuvent s&rsquo;amuser et s&rsquo;amuser librement dans l&rsquo;<strong>aire de jeux<\/strong> \u00e9quip\u00e9e. Bref, un moment de repos pour les plus grands et une occasion de r\u00e9cr\u00e9ation pour les plus petits.<\/p>\n<p>[\/et_pb_text][\/et_pb_column][et_pb_column type=\u00a0\u00bb1_3&Prime; _builder_version=\u00a0\u00bb4.15&Prime; _module_preset=\u00a0\u00bbdefault\u00a0\u00bb global_colors_info=\u00a0\u00bb{}\u00a0\u00bb][\/et_pb_column][\/et_pb_row][\/et_pb_section]<\/p>\n","protected":false},"excerpt":{"rendered":"<p>Parc RobinsonSous la tour m\u00e9di\u00e9vale et derri\u00e8re le Palazzo Tovegni se trouve un espace vert \u00e0 deux niveaux, le parc Robinson. Lieu id\u00e9al pour les mariages, les moments de d\u00e9tente et les activit\u00e9s de plein air, la nature r\u00e8gne en ma\u00eetre. Que ce soit une promenade ou un jogging pour disposer de l&rsquo;excellence du territoire, [&hellip;]<\/p>\n","protected":false},"author":1,"featured_media":0,"parent":0,"menu_order":0,"comment_status":"closed","ping_status":"closed","template":"","meta":{"_et_pb_use_builder":"on","_et_pb_old_content":"","_et_gb_content_width":"","footnotes":""},"class_list":["post-2326","page","type-page","status-publish","hentry"],"yoast_head":"<!-- This site is optimized with the Yoast SEO plugin v26.7 - https:\/\/yoast.com\/wordpress\/plugins\/seo\/ -->\n<title>Visit Murazzano |<\/title>\n<meta name=\"robots\" content=\"index, follow, max-snippet:-1, max-image-preview:large, max-video-preview:-1\" \/>\n<link rel=\"canonical\" href=\"https:\/\/visitmurazzano.it\/fr\/parc-robinson\/\" \/>\n<meta property=\"og:locale\" content=\"fr_FR\" \/>\n<meta property=\"og:type\" content=\"article\" \/>\n<meta property=\"og:title\" content=\"Visit Murazzano |\" \/>\n<meta property=\"og:description\" content=\"Parc RobinsonSous la tour m\u00e9di\u00e9vale et derri\u00e8re le Palazzo Tovegni se trouve un espace vert \u00e0 deux niveaux, le parc Robinson. Lieu id\u00e9al pour les mariages, les moments de d\u00e9tente et les activit\u00e9s de plein air, la nature r\u00e8gne en ma\u00eetre. Que ce soit une promenade ou un jogging pour disposer de l&#039;excellence du territoire, [&hellip;]\" \/>\n<meta property=\"og:url\" content=\"https:\/\/visitmurazzano.it\/fr\/parc-robinson\/\" \/>\n<meta property=\"og:site_name\" content=\"Visit Murazzano\" \/>\n<meta property=\"article:modified_time\" content=\"2022-09-29T07:59:00+00:00\" \/>\n<meta name=\"twitter:card\" content=\"summary_large_image\" \/>\n<meta name=\"twitter:label1\" content=\"Dur\u00e9e de lecture estim\u00e9e\" \/>\n\t<meta name=\"twitter:data1\" content=\"2 minutes\" \/>\n<script type=\"application\/ld+json\" class=\"yoast-schema-graph\">{\"@context\":\"https:\/\/schema.org\",\"@graph\":[{\"@type\":\"WebPage\",\"@id\":\"https:\/\/visitmurazzano.it\/fr\/parc-robinson\/\",\"url\":\"https:\/\/visitmurazzano.it\/fr\/parc-robinson\/\",\"name\":\"Visit Murazzano |\",\"isPartOf\":{\"@id\":\"https:\/\/visitmurazzano.it\/fr\/#website\"},\"datePublished\":\"2022-03-18T10:05:31+00:00\",\"dateModified\":\"2022-09-29T07:59:00+00:00\",\"breadcrumb\":{\"@id\":\"https:\/\/visitmurazzano.it\/fr\/parc-robinson\/#breadcrumb\"},\"inLanguage\":\"fr-FR\",\"potentialAction\":[{\"@type\":\"ReadAction\",\"target\":[\"https:\/\/visitmurazzano.it\/fr\/parc-robinson\/\"]}]},{\"@type\":\"BreadcrumbList\",\"@id\":\"https:\/\/visitmurazzano.it\/fr\/parc-robinson\/#breadcrumb\",\"itemListElement\":[{\"@type\":\"ListItem\",\"position\":1,\"name\":\"Home\",\"item\":\"https:\/\/visitmurazzano.it\/fr\/\"},{\"@type\":\"ListItem\",\"position\":2,\"name\":\"Parc Robinson\"}]},{\"@type\":\"WebSite\",\"@id\":\"https:\/\/visitmurazzano.it\/fr\/#website\",\"url\":\"https:\/\/visitmurazzano.it\/fr\/\",\"name\":\"Visit Murazzano\",\"description\":\"Sito turistico Murazzano\",\"publisher\":{\"@id\":\"https:\/\/visitmurazzano.it\/fr\/#organization\"},\"potentialAction\":[{\"@type\":\"SearchAction\",\"target\":{\"@type\":\"EntryPoint\",\"urlTemplate\":\"https:\/\/visitmurazzano.it\/fr\/?s={search_term_string}\"},\"query-input\":{\"@type\":\"PropertyValueSpecification\",\"valueRequired\":true,\"valueName\":\"search_term_string\"}}],\"inLanguage\":\"fr-FR\"},{\"@type\":\"Organization\",\"@id\":\"https:\/\/visitmurazzano.it\/fr\/#organization\",\"name\":\"Murazzano\",\"url\":\"https:\/\/visitmurazzano.it\/fr\/\",\"logo\":{\"@type\":\"ImageObject\",\"inLanguage\":\"fr-FR\",\"@id\":\"https:\/\/visitmurazzano.it\/fr\/#\/schema\/logo\/image\/\",\"url\":\"https:\/\/visitmurazzano.it\/wp-content\/uploads\/2022\/05\/logo-murazzano.jpg\",\"contentUrl\":\"https:\/\/visitmurazzano.it\/wp-content\/uploads\/2022\/05\/logo-murazzano.jpg\",\"width\":75,\"height\":90,\"caption\":\"Murazzano\"},\"image\":{\"@id\":\"https:\/\/visitmurazzano.it\/fr\/#\/schema\/logo\/image\/\"}}]}<\/script>\n<!-- \/ Yoast SEO plugin. -->","yoast_head_json":{"title":"Visit Murazzano |","robots":{"index":"index","follow":"follow","max-snippet":"max-snippet:-1","max-image-preview":"max-image-preview:large","max-video-preview":"max-video-preview:-1"},"canonical":"https:\/\/visitmurazzano.it\/fr\/parc-robinson\/","og_locale":"fr_FR","og_type":"article","og_title":"Visit Murazzano |","og_description":"Parc RobinsonSous la tour m\u00e9di\u00e9vale et derri\u00e8re le Palazzo Tovegni se trouve un espace vert \u00e0 deux niveaux, le parc Robinson. Lieu id\u00e9al pour les mariages, les moments de d\u00e9tente et les activit\u00e9s de plein air, la nature r\u00e8gne en ma\u00eetre. Que ce soit une promenade ou un jogging pour disposer de l'excellence du territoire, [&hellip;]","og_url":"https:\/\/visitmurazzano.it\/fr\/parc-robinson\/","og_site_name":"Visit Murazzano","article_modified_time":"2022-09-29T07:59:00+00:00","twitter_card":"summary_large_image","twitter_misc":{"Dur\u00e9e de lecture estim\u00e9e":"2 minutes"},"schema":{"@context":"https:\/\/schema.org","@graph":[{"@type":"WebPage","@id":"https:\/\/visitmurazzano.it\/fr\/parc-robinson\/","url":"https:\/\/visitmurazzano.it\/fr\/parc-robinson\/","name":"Visit Murazzano |","isPartOf":{"@id":"https:\/\/visitmurazzano.it\/fr\/#website"},"datePublished":"2022-03-18T10:05:31+00:00","dateModified":"2022-09-29T07:59:00+00:00","breadcrumb":{"@id":"https:\/\/visitmurazzano.it\/fr\/parc-robinson\/#breadcrumb"},"inLanguage":"fr-FR","potentialAction":[{"@type":"ReadAction","target":["https:\/\/visitmurazzano.it\/fr\/parc-robinson\/"]}]},{"@type":"BreadcrumbList","@id":"https:\/\/visitmurazzano.it\/fr\/parc-robinson\/#breadcrumb","itemListElement":[{"@type":"ListItem","position":1,"name":"Home","item":"https:\/\/visitmurazzano.it\/fr\/"},{"@type":"ListItem","position":2,"name":"Parc Robinson"}]},{"@type":"WebSite","@id":"https:\/\/visitmurazzano.it\/fr\/#website","url":"https:\/\/visitmurazzano.it\/fr\/","name":"Visit Murazzano","description":"Sito turistico Murazzano","publisher":{"@id":"https:\/\/visitmurazzano.it\/fr\/#organization"},"potentialAction":[{"@type":"SearchAction","target":{"@type":"EntryPoint","urlTemplate":"https:\/\/visitmurazzano.it\/fr\/?s={search_term_string}"},"query-input":{"@type":"PropertyValueSpecification","valueRequired":true,"valueName":"search_term_string"}}],"inLanguage":"fr-FR"},{"@type":"Organization","@id":"https:\/\/visitmurazzano.it\/fr\/#organization","name":"Murazzano","url":"https:\/\/visitmurazzano.it\/fr\/","logo":{"@type":"ImageObject","inLanguage":"fr-FR","@id":"https:\/\/visitmurazzano.it\/fr\/#\/schema\/logo\/image\/","url":"https:\/\/visitmurazzano.it\/wp-content\/uploads\/2022\/05\/logo-murazzano.jpg","contentUrl":"https:\/\/visitmurazzano.it\/wp-content\/uploads\/2022\/05\/logo-murazzano.jpg","width":75,"height":90,"caption":"Murazzano"},"image":{"@id":"https:\/\/visitmurazzano.it\/fr\/#\/schema\/logo\/image\/"}}]}},"_links":{"self":[{"href":"https:\/\/visitmurazzano.it\/fr\/wp-json\/wp\/v2\/pages\/2326","targetHints":{"allow":["GET"]}}],"collection":[{"href":"https:\/\/visitmurazzano.it\/fr\/wp-json\/wp\/v2\/pages"}],"about":[{"href":"https:\/\/visitmurazzano.it\/fr\/wp-json\/wp\/v2\/types\/page"}],"author":[{"embeddable":true,"href":"https:\/\/visitmurazzano.it\/fr\/wp-json\/wp\/v2\/users\/1"}],"replies":[{"embeddable":true,"href":"https:\/\/visitmurazzano.it\/fr\/wp-json\/wp\/v2\/comments?post=2326"}],"version-history":[{"count":2,"href":"https:\/\/visitmurazzano.it\/fr\/wp-json\/wp\/v2\/pages\/2326\/revisions"}],"predecessor-version":[{"id":2328,"href":"https:\/\/visitmurazzano.it\/fr\/wp-json\/wp\/v2\/pages\/2326\/revisions\/2328"}],"wp:attachment":[{"href":"https:\/\/visitmurazzano.it\/fr\/wp-json\/wp\/v2\/media?parent=2326"}],"curies":[{"name":"wp","href":"https:\/\/api.w.org\/{rel}","templated":true}]}}