{"id":2365,"date":"2022-02-16T17:13:31","date_gmt":"2022-02-16T16:13:31","guid":{"rendered":"https:\/\/visitmurazzano.it\/tour-medievale\/"},"modified":"2025-04-02T14:38:53","modified_gmt":"2025-04-02T12:38:53","slug":"tour-medievale","status":"publish","type":"page","link":"https:\/\/visitmurazzano.it\/fr\/tour-medievale\/","title":{"rendered":"Tour M\u00e9di\u00e9vale"},"content":{"rendered":"<p>[et_pb_section fb_built=\u00a0\u00bb1&Prime; custom_padding_last_edited=\u00a0\u00bbon|phone\u00a0\u00bb admin_label=\u00a0\u00bbHeader\u00a0\u00bb _builder_version=\u00a0\u00bb4.16&Prime; _module_preset=\u00a0\u00bbdefault\u00a0\u00bb use_background_color_gradient=\u00a0\u00bbon\u00a0\u00bb background_color_gradient_stops=\u00a0\u00bbrgba(0,0,0,0.66) 0%|rgba(0,0,0,0.52) 100%\u00a0\u00bb background_color_gradient_overlays_image=\u00a0\u00bbon\u00a0\u00bb background_color_gradient_start=\u00a0\u00bbrgba(0,0,0,0.66)\u00a0\u00bb background_color_gradient_end=\u00a0\u00bbrgba(0,0,0,0.52)\u00a0\u00bb background_image=\u00a0\u00bbhttps:\/\/visitmurazzano.it\/wp-content\/uploads\/2022\/02\/torre-medievale-1.jpg\u00a0\u00bb background_position=\u00a0\u00bbbottom_left\u00a0\u00bb custom_padding=\u00a0\u00bb120px||120px||true|false\u00a0\u00bb custom_padding_tablet=\u00a0\u00bb35px||35px||true|false\u00a0\u00bb custom_padding_phone=\u00a0\u00bb15px||15px||true|false\u00a0\u00bb da_disable_devices=\u00a0\u00bboff|off|off\u00a0\u00bb locked=\u00a0\u00bboff\u00a0\u00bb global_colors_info=\u00a0\u00bb{}\u00a0\u00bb da_is_popup=\u00a0\u00bboff\u00a0\u00bb da_exit_intent=\u00a0\u00bboff\u00a0\u00bb da_has_close=\u00a0\u00bbon\u00a0\u00bb da_alt_close=\u00a0\u00bboff\u00a0\u00bb da_dark_close=\u00a0\u00bboff\u00a0\u00bb da_not_modal=\u00a0\u00bbon\u00a0\u00bb da_is_singular=\u00a0\u00bboff\u00a0\u00bb da_with_loader=\u00a0\u00bboff\u00a0\u00bb da_has_shadow=\u00a0\u00bbon\u00a0\u00bb][et_pb_row _builder_version=\u00a0\u00bb4.16&Prime; _module_preset=\u00a0\u00bbdefault\u00a0\u00bb global_colors_info=\u00a0\u00bb{}\u00a0\u00bb][et_pb_column type=\u00a0\u00bb4_4&Prime; _builder_version=\u00a0\u00bb4.16&Prime; _module_preset=\u00a0\u00bbdefault\u00a0\u00bb global_colors_info=\u00a0\u00bb{}\u00a0\u00bb][et_pb_text _builder_version=\u00a0\u00bb4.16&Prime; _module_preset=\u00a0\u00bbd72c0383-6487-4f2c-ac5c-7d48a6376757&Prime; header_font=\u00a0\u00bbPlayfair Display||||||||\u00a0\u00bb header_text_color=\u00a0\u00bb#FFFFFF\u00a0\u00bb header_font_size=\u00a0\u00bb56px\u00a0\u00bb animation_direction=\u00a0\u00bbtop\u00a0\u00bb header_font_size_tablet=\u00a0\u00bb10vw\u00a0\u00bb header_font_size_phone=\u00a0\u00bb\u00a0\u00bb header_font_size_last_edited=\u00a0\u00bbon|phone\u00a0\u00bb global_colors_info=\u00a0\u00bb{}\u00a0\u00bb]<\/p>\n<h1>Tour M\u00e9di\u00e9vale<\/h1>\n<p>[\/et_pb_text][\/et_pb_column][\/et_pb_row][et_pb_row column_structure=\u00a0\u00bb2_3,1_3&Prime; _builder_version=\u00a0\u00bb4.16&Prime; _module_preset=\u00a0\u00bbdefault\u00a0\u00bb global_colors_info=\u00a0\u00bb{}\u00a0\u00bb][et_pb_column type=\u00a0\u00bb2_3&Prime; _builder_version=\u00a0\u00bb4.16&Prime; _module_preset=\u00a0\u00bbdefault\u00a0\u00bb global_colors_info=\u00a0\u00bb{}\u00a0\u00bb][et_pb_text _builder_version=\u00a0\u00bb4.16&Prime; _module_preset=\u00a0\u00bb1d866de3-b108-4c5f-bed3-2da9506a6915&Prime; text_text_color=\u00a0\u00bb#FFFFFF\u00a0\u00bb text_font_size=\u00a0\u00bb16px\u00a0\u00bb header_font=\u00a0\u00bb||||||||\u00a0\u00bb header_4_font=\u00a0\u00bbMerriweather||||||||\u00a0\u00bb header_4_text_color=\u00a0\u00bb#FFFFFF\u00a0\u00bb header_4_line_height=\u00a0\u00bb1.8em\u00a0\u00bb header_4_font_size_tablet=\u00a0\u00bb16px\u00a0\u00bb header_4_font_size_phone=\u00a0\u00bb14px\u00a0\u00bb header_4_font_size_last_edited=\u00a0\u00bbon|tablet\u00a0\u00bb locked=\u00a0\u00bboff\u00a0\u00bb global_colors_info=\u00a0\u00bb{}\u00a0\u00bb]<\/p>\n<p>Dans la partie sup\u00e9rieure de Murazzano, dans un agr\u00e9able espace vert se dresse l&rsquo;imposante <strong>Torre Maestra<\/strong>. Construite dans les premi\u00e8res d\u00e9cennies du <strong>XIIIe si\u00e8cle<\/strong>, la Tour \u00e9tait le donjon d&rsquo;un ensemble fortifi\u00e9. Le ch\u00e2teau m\u00e9di\u00e9val disparu appartenait aux <strong>marquis de Saluzzo<\/strong> jusqu&rsquo;en 1463 avant d&rsquo;\u00eatre conquis par la famille de Savoie. Son histoire longue et tourment\u00e9e pleine de charme et de myst\u00e8re se poursuit dans les conflits entre la France et l&rsquo;Espagne, jusqu&rsquo;\u00e0 ce qu&rsquo;en 1800 les soldats autrichiens, alli\u00e9s des Savoyards, br\u00fblent le ch\u00e2teau pendant la guerre contre les troupes fran\u00e7aises de Napol\u00e9on. Dans la Seconde Guerre mondiale, le mouvement de la R\u00e9sistance a v\u00e9cu.<\/p>\n<p>La Tour M\u00e9di\u00e9vale mesure 33 m\u00e8tres de haut et est encore aujourd&rsquo;hui un <strong>monument historique de premier ordre<\/strong> : c&rsquo;est l<strong>&lsquo;un des points les plus hauts et les plus panoramiques<\/strong> de toute la r\u00e9gion et un \u00e9difice d&rsquo;une rare magnificence architecturale. Ses murs sont en pierres apparentes, aux bords parfaitement \u00e9quarris et ses escaliers vous m\u00e8nent au sommet, o\u00f9 vous attend <strong>une vue splendide et extraordinaire sur les Langhe<\/strong> et <strong>les Alpes<\/strong>.<\/p>\n<p>[\/et_pb_text][\/et_pb_column][et_pb_column type=\u00a0\u00bb1_3&Prime; _builder_version=\u00a0\u00bb4.16&Prime; _module_preset=\u00a0\u00bbdefault\u00a0\u00bb global_colors_info=\u00a0\u00bb{}\u00a0\u00bb][\/et_pb_column][\/et_pb_row][\/et_pb_section][et_pb_section fb_built=\u00a0\u00bb1&Prime; admin_label=\u00a0\u00bbFeature\u00a0\u00bb _builder_version=\u00a0\u00bb4.16&Prime; _module_preset=\u00a0\u00bbdefault\u00a0\u00bb da_disable_devices=\u00a0\u00bboff|off|off\u00a0\u00bb locked=\u00a0\u00bboff\u00a0\u00bb global_colors_info=\u00a0\u00bb{}\u00a0\u00bb da_is_popup=\u00a0\u00bboff\u00a0\u00bb da_exit_intent=\u00a0\u00bboff\u00a0\u00bb da_has_close=\u00a0\u00bbon\u00a0\u00bb da_alt_close=\u00a0\u00bboff\u00a0\u00bb da_dark_close=\u00a0\u00bboff\u00a0\u00bb da_not_modal=\u00a0\u00bbon\u00a0\u00bb da_is_singular=\u00a0\u00bboff\u00a0\u00bb da_with_loader=\u00a0\u00bboff\u00a0\u00bb da_has_shadow=\u00a0\u00bbon\u00a0\u00bb][et_pb_row column_structure=\u00a0\u00bb1_2,1_2&Prime; _builder_version=\u00a0\u00bb4.16&Prime; _module_preset=\u00a0\u00bbdefault\u00a0\u00bb global_colors_info=\u00a0\u00bb{}\u00a0\u00bb][et_pb_column type=\u00a0\u00bb1_2&Prime; _builder_version=\u00a0\u00bb4.16&Prime; _module_preset=\u00a0\u00bbdefault\u00a0\u00bb global_colors_info=\u00a0\u00bb{}\u00a0\u00bb][et_pb_image src=\u00a0\u00bbhttps:\/\/visitmurazzano.it\/wp-content\/uploads\/2022\/04\/torre-di-murazzano.jpg\u00a0\u00bb alt=\u00a0\u00bbtour de murazzano\u00a0\u00bb title_text=\u00a0\u00bbtour-de-murazzano\u00a0\u00bb _builder_version=\u00a0\u00bb4.16.1&Prime; _module_preset=\u00a0\u00bbdefault\u00a0\u00bb locked=\u00a0\u00bboff\u00a0\u00bb global_colors_info=\u00a0\u00bb{}\u00a0\u00bb][\/et_pb_image][\/et_pb_column][et_pb_column type=\u00a0\u00bb1_2&Prime; _builder_version=\u00a0\u00bb4.16&Prime; _module_preset=\u00a0\u00bbdefault\u00a0\u00bb custom_padding=\u00a0\u00bb60px||||false|false\u00a0\u00bb custom_padding_tablet=\u00a0\u00bb0px||||false|false\u00a0\u00bb custom_padding_phone=\u00a0\u00bb\u00a0\u00bb custom_padding_last_edited=\u00a0\u00bbon|phone\u00a0\u00bb global_colors_info=\u00a0\u00bb{}\u00a0\u00bb][et_pb_text _builder_version=\u00a0\u00bb4.18.0&Prime; _module_preset=\u00a0\u00bb32021f09-dd67-47fb-8f9a-832b72a38baf\u00a0\u00bb text_text_color=\u00a0\u00bb#000000&Prime; text_font_size=\u00a0\u00bb16px\u00a0\u00bb text_line_height=\u00a0\u00bb1.4em\u00a0\u00bb header_2_font=\u00a0\u00bbPlayfair Display|700|||||||\u00a0\u00bb header_2_text_color=\u00a0\u00bbgcid-c9411f34-b37e-4feb-a841-9533663e2403&Prime; header_2_font_size=\u00a0\u00bb60px\u00a0\u00bb header_2_line_height=\u00a0\u00bb1.1em\u00a0\u00bb header_5_font=\u00a0\u00bb|700|||||||\u00a0\u00bb header_5_font_size=\u00a0\u00bb18px\u00a0\u00bb custom_margin=\u00a0\u00bb||10px||false|false\u00a0\u00bb animation_direction=\u00a0\u00bbleft\u00a0\u00bb header_2_font_size_tablet=\u00a0\u00bb35px\u00a0\u00bb header_2_font_size_phone=\u00a0\u00bb22px\u00a0\u00bb header_2_font_size_last_edited=\u00a0\u00bbon|phone\u00a0\u00bb locked=\u00a0\u00bboff\u00a0\u00bb global_colors_info=\u00a0\u00bb{}\u00a0\u00bb]<\/p>\n<h5>Horaire<\/h5>\n<p>En juillet et ao\u00fbt, ouvert tous les dimanches.<br \/>15 h &#8211; 19 h.<br \/>De septembre \u00e0 juin, ouvert sur demande.<\/p>\n<p>[\/et_pb_text][et_pb_text _builder_version=\u00a0\u00bb4.16&Prime; _module_preset=\u00a0\u00bb32021f09-dd67-47fb-8f9a-832b72a38baf\u00a0\u00bb text_text_color=\u00a0\u00bb#000000&Prime; text_font_size=\u00a0\u00bb16px\u00a0\u00bb text_line_height=\u00a0\u00bb1.4em\u00a0\u00bb header_2_font=\u00a0\u00bbPlayfair Display|700|||||||\u00a0\u00bb header_2_text_color=\u00a0\u00bbgcid-c9411f34-b37e-4feb-a841-9533663e2403&Prime; header_2_font_size=\u00a0\u00bb60px\u00a0\u00bb header_2_line_height=\u00a0\u00bb1.1em\u00a0\u00bb header_5_font=\u00a0\u00bb|700|||||||\u00a0\u00bb header_5_font_size=\u00a0\u00bb18px\u00a0\u00bb custom_margin=\u00a0\u00bb30px||0px||false|false\u00a0\u00bb animation_direction=\u00a0\u00bbleft\u00a0\u00bb header_2_font_size_tablet=\u00a0\u00bb35px\u00a0\u00bb header_2_font_size_phone=\u00a0\u00bb22px\u00a0\u00bb header_2_font_size_last_edited=\u00a0\u00bbon|phone\u00a0\u00bb locked=\u00a0\u00bboff\u00a0\u00bb global_colors_info=\u00a0\u00bb{}\u00a0\u00bb]<\/p>\n<h5>Contacts<\/h5>\n<p>Tel. 0173\/791201<br \/>\nCourriel: comune@comune.murazzano.cn.it[\/et_pb_text][et_pb_text _builder_version=\u00a0\u00bb4.16&Prime; _module_preset=\u00a0\u00bb32021f09-dd67-47fb-8f9a-832b72a38baf\u00a0\u00bb text_text_color=\u00a0\u00bb#000000&Prime; text_font_size=\u00a0\u00bb16px\u00a0\u00bb text_line_height=\u00a0\u00bb1.4em\u00a0\u00bb header_2_font=\u00a0\u00bbPlayfair Display|700|||||||\u00a0\u00bb header_2_text_color=\u00a0\u00bbgcid-c9411f34-b37e-4feb-a841-9533663e2403&Prime; header_2_font_size=\u00a0\u00bb60px\u00a0\u00bb header_2_line_height=\u00a0\u00bb1.1em\u00a0\u00bb header_5_font=\u00a0\u00bb|700|||||||\u00a0\u00bb header_5_font_size=\u00a0\u00bb18px\u00a0\u00bb custom_margin=\u00a0\u00bb30px||0px||false|false\u00a0\u00bb animation_direction=\u00a0\u00bbleft\u00a0\u00bb header_2_font_size_tablet=\u00a0\u00bb35px\u00a0\u00bb header_2_font_size_phone=\u00a0\u00bb22px\u00a0\u00bb header_2_font_size_last_edited=\u00a0\u00bbon|phone\u00a0\u00bb locked=\u00a0\u00bboff\u00a0\u00bb global_colors_info=\u00a0\u00bb{}\u00a0\u00bb]<\/p>\n<h5>Prix<\/h5>\n<p>3\u20ac par personne.<br \/>Gratuit pour les enfants jusqu&rsquo;\u00e0 12 ans.<\/p>\n<p>[\/et_pb_text][\/et_pb_column][\/et_pb_row][\/et_pb_section]<\/p>\n","protected":false},"excerpt":{"rendered":"<p>Tour M\u00e9di\u00e9valeDans la partie sup\u00e9rieure de Murazzano, dans un agr\u00e9able espace vert se dresse l&rsquo;imposante Torre Maestra. Construite dans les premi\u00e8res d\u00e9cennies du XIIIe si\u00e8cle, la Tour \u00e9tait le donjon d&rsquo;un ensemble fortifi\u00e9. Le ch\u00e2teau m\u00e9di\u00e9val disparu appartenait aux marquis de Saluzzo jusqu&rsquo;en 1463 avant d&rsquo;\u00eatre conquis par la famille de Savoie. Son histoire longue [&hellip;]<\/p>\n","protected":false},"author":1,"featured_media":0,"parent":0,"menu_order":0,"comment_status":"closed","ping_status":"closed","template":"","meta":{"_et_pb_use_builder":"on","_et_pb_old_content":"","_et_gb_content_width":"","footnotes":""},"class_list":["post-2365","page","type-page","status-publish","hentry"],"yoast_head":"<!-- This site is optimized with the Yoast SEO plugin v26.7 - https:\/\/yoast.com\/wordpress\/plugins\/seo\/ -->\n<title>Visit Murazzano | Plongez dans l&#039;histoire de notre tour m\u00e9di\u00e9vale.<\/title>\n<meta name=\"description\" content=\"D\u00e9couvrez toutes les attractions de Murazzano. La tour m\u00e9di\u00e9vale est un monument architectural de premier ordre et l&#039;un des points de vue les plus \u00e9lev\u00e9s des Langhe.\" \/>\n<meta name=\"robots\" content=\"index, follow, max-snippet:-1, max-image-preview:large, max-video-preview:-1\" \/>\n<link rel=\"canonical\" href=\"https:\/\/visitmurazzano.it\/fr\/tour-medievale\/\" \/>\n<meta property=\"og:locale\" content=\"fr_FR\" \/>\n<meta property=\"og:type\" content=\"article\" \/>\n<meta property=\"og:title\" content=\"Visit Murazzano | Plongez dans l&#039;histoire de notre tour m\u00e9di\u00e9vale.\" \/>\n<meta property=\"og:description\" content=\"D\u00e9couvrez toutes les attractions de Murazzano. La tour m\u00e9di\u00e9vale est un monument architectural de premier ordre et l&#039;un des points de vue les plus \u00e9lev\u00e9s des Langhe.\" \/>\n<meta property=\"og:url\" content=\"https:\/\/visitmurazzano.it\/fr\/tour-medievale\/\" \/>\n<meta property=\"og:site_name\" content=\"Visit Murazzano\" \/>\n<meta property=\"article:modified_time\" content=\"2025-04-02T12:38:53+00:00\" \/>\n<meta name=\"twitter:card\" content=\"summary_large_image\" \/>\n<meta name=\"twitter:label1\" content=\"Dur\u00e9e de lecture estim\u00e9e\" \/>\n\t<meta name=\"twitter:data1\" content=\"5 minutes\" \/>\n<script type=\"application\/ld+json\" class=\"yoast-schema-graph\">{\"@context\":\"https:\/\/schema.org\",\"@graph\":[{\"@type\":\"WebPage\",\"@id\":\"https:\/\/visitmurazzano.it\/fr\/tour-medievale\/\",\"url\":\"https:\/\/visitmurazzano.it\/fr\/tour-medievale\/\",\"name\":\"Visit Murazzano | Plongez dans l'histoire de notre tour m\u00e9di\u00e9vale.\",\"isPartOf\":{\"@id\":\"https:\/\/visitmurazzano.it\/fr\/#website\"},\"datePublished\":\"2022-02-16T16:13:31+00:00\",\"dateModified\":\"2025-04-02T12:38:53+00:00\",\"description\":\"D\u00e9couvrez toutes les attractions de Murazzano. La tour m\u00e9di\u00e9vale est un monument architectural de premier ordre et l'un des points de vue les plus \u00e9lev\u00e9s des Langhe.\",\"breadcrumb\":{\"@id\":\"https:\/\/visitmurazzano.it\/fr\/tour-medievale\/#breadcrumb\"},\"inLanguage\":\"fr-FR\",\"potentialAction\":[{\"@type\":\"ReadAction\",\"target\":[\"https:\/\/visitmurazzano.it\/fr\/tour-medievale\/\"]}]},{\"@type\":\"BreadcrumbList\",\"@id\":\"https:\/\/visitmurazzano.it\/fr\/tour-medievale\/#breadcrumb\",\"itemListElement\":[{\"@type\":\"ListItem\",\"position\":1,\"name\":\"Home\",\"item\":\"https:\/\/visitmurazzano.it\/fr\/\"},{\"@type\":\"ListItem\",\"position\":2,\"name\":\"Tour M\u00e9di\u00e9vale\"}]},{\"@type\":\"WebSite\",\"@id\":\"https:\/\/visitmurazzano.it\/fr\/#website\",\"url\":\"https:\/\/visitmurazzano.it\/fr\/\",\"name\":\"Visit Murazzano\",\"description\":\"Sito turistico Murazzano\",\"publisher\":{\"@id\":\"https:\/\/visitmurazzano.it\/fr\/#organization\"},\"potentialAction\":[{\"@type\":\"SearchAction\",\"target\":{\"@type\":\"EntryPoint\",\"urlTemplate\":\"https:\/\/visitmurazzano.it\/fr\/?s={search_term_string}\"},\"query-input\":{\"@type\":\"PropertyValueSpecification\",\"valueRequired\":true,\"valueName\":\"search_term_string\"}}],\"inLanguage\":\"fr-FR\"},{\"@type\":\"Organization\",\"@id\":\"https:\/\/visitmurazzano.it\/fr\/#organization\",\"name\":\"Murazzano\",\"url\":\"https:\/\/visitmurazzano.it\/fr\/\",\"logo\":{\"@type\":\"ImageObject\",\"inLanguage\":\"fr-FR\",\"@id\":\"https:\/\/visitmurazzano.it\/fr\/#\/schema\/logo\/image\/\",\"url\":\"https:\/\/visitmurazzano.it\/wp-content\/uploads\/2022\/05\/logo-murazzano.jpg\",\"contentUrl\":\"https:\/\/visitmurazzano.it\/wp-content\/uploads\/2022\/05\/logo-murazzano.jpg\",\"width\":75,\"height\":90,\"caption\":\"Murazzano\"},\"image\":{\"@id\":\"https:\/\/visitmurazzano.it\/fr\/#\/schema\/logo\/image\/\"}}]}<\/script>\n<!-- \/ Yoast SEO plugin. -->","yoast_head_json":{"title":"Visit Murazzano | Plongez dans l'histoire de notre tour m\u00e9di\u00e9vale.","description":"D\u00e9couvrez toutes les attractions de Murazzano. La tour m\u00e9di\u00e9vale est un monument architectural de premier ordre et l'un des points de vue les plus \u00e9lev\u00e9s des Langhe.","robots":{"index":"index","follow":"follow","max-snippet":"max-snippet:-1","max-image-preview":"max-image-preview:large","max-video-preview":"max-video-preview:-1"},"canonical":"https:\/\/visitmurazzano.it\/fr\/tour-medievale\/","og_locale":"fr_FR","og_type":"article","og_title":"Visit Murazzano | Plongez dans l'histoire de notre tour m\u00e9di\u00e9vale.","og_description":"D\u00e9couvrez toutes les attractions de Murazzano. La tour m\u00e9di\u00e9vale est un monument architectural de premier ordre et l'un des points de vue les plus \u00e9lev\u00e9s des Langhe.","og_url":"https:\/\/visitmurazzano.it\/fr\/tour-medievale\/","og_site_name":"Visit Murazzano","article_modified_time":"2025-04-02T12:38:53+00:00","twitter_card":"summary_large_image","twitter_misc":{"Dur\u00e9e de lecture estim\u00e9e":"5 minutes"},"schema":{"@context":"https:\/\/schema.org","@graph":[{"@type":"WebPage","@id":"https:\/\/visitmurazzano.it\/fr\/tour-medievale\/","url":"https:\/\/visitmurazzano.it\/fr\/tour-medievale\/","name":"Visit Murazzano | Plongez dans l'histoire de notre tour m\u00e9di\u00e9vale.","isPartOf":{"@id":"https:\/\/visitmurazzano.it\/fr\/#website"},"datePublished":"2022-02-16T16:13:31+00:00","dateModified":"2025-04-02T12:38:53+00:00","description":"D\u00e9couvrez toutes les attractions de Murazzano. La tour m\u00e9di\u00e9vale est un monument architectural de premier ordre et l'un des points de vue les plus \u00e9lev\u00e9s des Langhe.","breadcrumb":{"@id":"https:\/\/visitmurazzano.it\/fr\/tour-medievale\/#breadcrumb"},"inLanguage":"fr-FR","potentialAction":[{"@type":"ReadAction","target":["https:\/\/visitmurazzano.it\/fr\/tour-medievale\/"]}]},{"@type":"BreadcrumbList","@id":"https:\/\/visitmurazzano.it\/fr\/tour-medievale\/#breadcrumb","itemListElement":[{"@type":"ListItem","position":1,"name":"Home","item":"https:\/\/visitmurazzano.it\/fr\/"},{"@type":"ListItem","position":2,"name":"Tour M\u00e9di\u00e9vale"}]},{"@type":"WebSite","@id":"https:\/\/visitmurazzano.it\/fr\/#website","url":"https:\/\/visitmurazzano.it\/fr\/","name":"Visit Murazzano","description":"Sito turistico Murazzano","publisher":{"@id":"https:\/\/visitmurazzano.it\/fr\/#organization"},"potentialAction":[{"@type":"SearchAction","target":{"@type":"EntryPoint","urlTemplate":"https:\/\/visitmurazzano.it\/fr\/?s={search_term_string}"},"query-input":{"@type":"PropertyValueSpecification","valueRequired":true,"valueName":"search_term_string"}}],"inLanguage":"fr-FR"},{"@type":"Organization","@id":"https:\/\/visitmurazzano.it\/fr\/#organization","name":"Murazzano","url":"https:\/\/visitmurazzano.it\/fr\/","logo":{"@type":"ImageObject","inLanguage":"fr-FR","@id":"https:\/\/visitmurazzano.it\/fr\/#\/schema\/logo\/image\/","url":"https:\/\/visitmurazzano.it\/wp-content\/uploads\/2022\/05\/logo-murazzano.jpg","contentUrl":"https:\/\/visitmurazzano.it\/wp-content\/uploads\/2022\/05\/logo-murazzano.jpg","width":75,"height":90,"caption":"Murazzano"},"image":{"@id":"https:\/\/visitmurazzano.it\/fr\/#\/schema\/logo\/image\/"}}]}},"_links":{"self":[{"href":"https:\/\/visitmurazzano.it\/fr\/wp-json\/wp\/v2\/pages\/2365","targetHints":{"allow":["GET"]}}],"collection":[{"href":"https:\/\/visitmurazzano.it\/fr\/wp-json\/wp\/v2\/pages"}],"about":[{"href":"https:\/\/visitmurazzano.it\/fr\/wp-json\/wp\/v2\/types\/page"}],"author":[{"embeddable":true,"href":"https:\/\/visitmurazzano.it\/fr\/wp-json\/wp\/v2\/users\/1"}],"replies":[{"embeddable":true,"href":"https:\/\/visitmurazzano.it\/fr\/wp-json\/wp\/v2\/comments?post=2365"}],"version-history":[{"count":6,"href":"https:\/\/visitmurazzano.it\/fr\/wp-json\/wp\/v2\/pages\/2365\/revisions"}],"predecessor-version":[{"id":5359,"href":"https:\/\/visitmurazzano.it\/fr\/wp-json\/wp\/v2\/pages\/2365\/revisions\/5359"}],"wp:attachment":[{"href":"https:\/\/visitmurazzano.it\/fr\/wp-json\/wp\/v2\/media?parent=2365"}],"curies":[{"name":"wp","href":"https:\/\/api.w.org\/{rel}","templated":true}]}}