{"id":3103,"date":"2022-10-04T13:59:46","date_gmt":"2022-10-04T11:59:46","guid":{"rendered":"https:\/\/visitmurazzano.it\/vivre-murazzano\/"},"modified":"2025-04-02T11:21:02","modified_gmt":"2025-04-02T09:21:02","slug":"vivre-murazzano","status":"publish","type":"page","link":"https:\/\/visitmurazzano.it\/fr\/vivre-murazzano\/","title":{"rendered":"Vivre Murazzano &#8211; 2023"},"content":{"rendered":"<p>[et_pb_section fb_built=\u00a0\u00bb1&Prime; _builder_version=\u00a0\u00bb4.16&Prime; _module_preset=\u00a0\u00bbdefault\u00a0\u00bb custom_padding=\u00a0\u00bb0px||0px||false|false\u00a0\u00bb da_disable_devices=\u00a0\u00bboff|off|off\u00a0\u00bb global_colors_info=\u00a0\u00bb{}\u00a0\u00bb da_is_popup=\u00a0\u00bboff\u00a0\u00bb da_exit_intent=\u00a0\u00bboff\u00a0\u00bb da_has_close=\u00a0\u00bbon\u00a0\u00bb da_alt_close=\u00a0\u00bboff\u00a0\u00bb da_dark_close=\u00a0\u00bboff\u00a0\u00bb da_not_modal=\u00a0\u00bbon\u00a0\u00bb da_is_singular=\u00a0\u00bboff\u00a0\u00bb da_with_loader=\u00a0\u00bboff\u00a0\u00bb da_has_shadow=\u00a0\u00bbon\u00a0\u00bb][et_pb_row _builder_version=\u00a0\u00bb4.16&Prime; _module_preset=\u00a0\u00bbdefault\u00a0\u00bb custom_padding=\u00a0\u00bb0px||0px||false|false\u00a0\u00bb global_colors_info=\u00a0\u00bb{}\u00a0\u00bb][et_pb_column type=\u00a0\u00bb4_4&Prime; _builder_version=\u00a0\u00bb4.16&Prime; _module_preset=\u00a0\u00bbdefault\u00a0\u00bb global_colors_info=\u00a0\u00bb{}\u00a0\u00bb][et_pb_nextend_smart_slider_3 slider=\u00a0\u00bb17&Prime; _builder_version=\u00a0\u00bb4.21.0&Prime; _module_preset=\u00a0\u00bbdefault\u00a0\u00bb global_colors_info=\u00a0\u00bb{}\u00a0\u00bb hover_enabled=\u00a0\u00bb0&Prime; sticky_enabled=\u00a0\u00bb0&Prime;][\/et_pb_nextend_smart_slider_3][\/et_pb_column][\/et_pb_row][et_pb_row column_structure=\u00a0\u00bb3_5,2_5&Prime; _builder_version=\u00a0\u00bb4.16&Prime; _module_preset=\u00a0\u00bbdefault\u00a0\u00bb global_colors_info=\u00a0\u00bb{}\u00a0\u00bb][et_pb_column type=\u00a0\u00bb3_5&Prime; _builder_version=\u00a0\u00bb4.16&Prime; _module_preset=\u00a0\u00bbdefault\u00a0\u00bb custom_padding=\u00a0\u00bb60px||||false|false\u00a0\u00bb custom_padding_tablet=\u00a0\u00bb0px||||false|false\u00a0\u00bb custom_padding_phone=\u00a0\u00bb0px||||false|false\u00a0\u00bb custom_padding_last_edited=\u00a0\u00bbon|tablet\u00a0\u00bb global_colors_info=\u00a0\u00bb{}\u00a0\u00bb][et_pb_text _builder_version=\u00a0\u00bb4.18.0&Prime; _module_preset=\u00a0\u00bbdefault\u00a0\u00bb text_text_color=\u00a0\u00bb#000000&Prime; text_font_size=\u00a0\u00bb16px\u00a0\u00bb text_line_height=\u00a0\u00bb1.4em\u00a0\u00bb text_font_size_tablet=\u00a0\u00bb15px\u00a0\u00bb text_font_size_phone=\u00a0\u00bb13px\u00a0\u00bb text_font_size_last_edited=\u00a0\u00bbon|phone\u00a0\u00bb global_colors_info=\u00a0\u00bb{}\u00a0\u00bb]<strong>Vivere Murazzano<\/strong> est plus qu&rsquo;un concours de photos. Ce qui rend la photographie sp\u00e9ciale, c&rsquo;est l&rsquo;<strong>histoire<\/strong> que chaque clich\u00e9 <strong>raconte<\/strong>, et les <strong>environs<\/strong> offrent des vues et des jeux de lumi\u00e8re saisissants.<br \/>\n<strong>Nous remercions<\/strong> tous les participants et f\u00e9licitons les <strong>dix premiers laur\u00e9ats<\/strong> qui ont r\u00e9ussi \u00e0 capturer l\u2019instant parfait de leur vision de Murazzano.<br \/>\nD\u00e9couvrez le classement, bonnes photos \u00e0 tous ![\/et_pb_text][\/et_pb_column][et_pb_column type=\u00a0\u00bb2_5&Prime; _builder_version=\u00a0\u00bb4.16&Prime; _module_preset=\u00a0\u00bbdefault\u00a0\u00bb global_colors_info=\u00a0\u00bb{}\u00a0\u00bb][et_pb_image src=\u00a0\u00bbhttps:\/\/visitmurazzano.it\/wp-content\/uploads\/2023\/06\/vivere_murazzano.jpg\u00a0\u00bb alt=\u00a0\u00bbconcours de photos\u00a0\u00bb title_text=\u00a0\u00bbvivre_murazzano\u00a0\u00bb _builder_version=\u00a0\u00bb4.21.0&Prime; _module_preset=\u00a0\u00bbdefault\u00a0\u00bb hover_enabled=\u00a0\u00bb0&Prime; global_colors_info=\u00a0\u00bb{}\u00a0\u00bb sticky_enabled=\u00a0\u00bb0&Prime;][\/et_pb_image][\/et_pb_column][\/et_pb_row][\/et_pb_section]<\/p>\n","protected":false},"excerpt":{"rendered":"<p>Vivere Murazzano est plus qu&rsquo;un concours de photos. Ce qui rend la photographie sp\u00e9ciale, c&rsquo;est l&rsquo;histoire que chaque clich\u00e9 raconte, et les environs offrent des vues et des jeux de lumi\u00e8re saisissants. Nous remercions tous les participants et f\u00e9licitons les dix premiers laur\u00e9ats qui ont r\u00e9ussi \u00e0 capturer l\u2019instant parfait de leur vision de Murazzano. [&hellip;]<\/p>\n","protected":false},"author":1,"featured_media":0,"parent":0,"menu_order":0,"comment_status":"closed","ping_status":"closed","template":"","meta":{"_et_pb_use_builder":"on","_et_pb_old_content":"","_et_gb_content_width":"","footnotes":""},"class_list":["post-3103","page","type-page","status-publish","hentry"],"yoast_head":"<!-- This site is optimized with the Yoast SEO plugin v26.7 - https:\/\/yoast.com\/wordpress\/plugins\/seo\/ -->\n<title>Visit Murazzano |<\/title>\n<meta name=\"robots\" content=\"index, follow, max-snippet:-1, max-image-preview:large, max-video-preview:-1\" \/>\n<link rel=\"canonical\" href=\"https:\/\/visitmurazzano.it\/fr\/vivre-murazzano\/\" \/>\n<meta property=\"og:locale\" content=\"fr_FR\" \/>\n<meta property=\"og:type\" content=\"article\" \/>\n<meta property=\"og:title\" content=\"Visit Murazzano |\" \/>\n<meta property=\"og:description\" content=\"Vivere Murazzano est plus qu&#039;un concours de photos. Ce qui rend la photographie sp\u00e9ciale, c&#039;est l&#039;histoire que chaque clich\u00e9 raconte, et les environs offrent des vues et des jeux de lumi\u00e8re saisissants. Nous remercions tous les participants et f\u00e9licitons les dix premiers laur\u00e9ats qui ont r\u00e9ussi \u00e0 capturer l\u2019instant parfait de leur vision de Murazzano. [&hellip;]\" \/>\n<meta property=\"og:url\" content=\"https:\/\/visitmurazzano.it\/fr\/vivre-murazzano\/\" \/>\n<meta property=\"og:site_name\" content=\"Visit Murazzano\" \/>\n<meta property=\"article:modified_time\" content=\"2025-04-02T09:21:02+00:00\" \/>\n<meta name=\"twitter:card\" content=\"summary_large_image\" \/>\n<meta name=\"twitter:label1\" content=\"Dur\u00e9e de lecture estim\u00e9e\" \/>\n\t<meta name=\"twitter:data1\" content=\"2 minutes\" \/>\n<script type=\"application\/ld+json\" class=\"yoast-schema-graph\">{\"@context\":\"https:\/\/schema.org\",\"@graph\":[{\"@type\":\"WebPage\",\"@id\":\"https:\/\/visitmurazzano.it\/fr\/vivre-murazzano\/\",\"url\":\"https:\/\/visitmurazzano.it\/fr\/vivre-murazzano\/\",\"name\":\"Visit Murazzano |\",\"isPartOf\":{\"@id\":\"https:\/\/visitmurazzano.it\/fr\/#website\"},\"datePublished\":\"2022-10-04T11:59:46+00:00\",\"dateModified\":\"2025-04-02T09:21:02+00:00\",\"breadcrumb\":{\"@id\":\"https:\/\/visitmurazzano.it\/fr\/vivre-murazzano\/#breadcrumb\"},\"inLanguage\":\"fr-FR\",\"potentialAction\":[{\"@type\":\"ReadAction\",\"target\":[\"https:\/\/visitmurazzano.it\/fr\/vivre-murazzano\/\"]}]},{\"@type\":\"BreadcrumbList\",\"@id\":\"https:\/\/visitmurazzano.it\/fr\/vivre-murazzano\/#breadcrumb\",\"itemListElement\":[{\"@type\":\"ListItem\",\"position\":1,\"name\":\"Home\",\"item\":\"https:\/\/visitmurazzano.it\/fr\/\"},{\"@type\":\"ListItem\",\"position\":2,\"name\":\"Vivre Murazzano &#8211; 2023\"}]},{\"@type\":\"WebSite\",\"@id\":\"https:\/\/visitmurazzano.it\/fr\/#website\",\"url\":\"https:\/\/visitmurazzano.it\/fr\/\",\"name\":\"Visit Murazzano\",\"description\":\"Sito turistico Murazzano\",\"publisher\":{\"@id\":\"https:\/\/visitmurazzano.it\/fr\/#organization\"},\"potentialAction\":[{\"@type\":\"SearchAction\",\"target\":{\"@type\":\"EntryPoint\",\"urlTemplate\":\"https:\/\/visitmurazzano.it\/fr\/?s={search_term_string}\"},\"query-input\":{\"@type\":\"PropertyValueSpecification\",\"valueRequired\":true,\"valueName\":\"search_term_string\"}}],\"inLanguage\":\"fr-FR\"},{\"@type\":\"Organization\",\"@id\":\"https:\/\/visitmurazzano.it\/fr\/#organization\",\"name\":\"Murazzano\",\"url\":\"https:\/\/visitmurazzano.it\/fr\/\",\"logo\":{\"@type\":\"ImageObject\",\"inLanguage\":\"fr-FR\",\"@id\":\"https:\/\/visitmurazzano.it\/fr\/#\/schema\/logo\/image\/\",\"url\":\"https:\/\/visitmurazzano.it\/wp-content\/uploads\/2022\/05\/logo-murazzano.jpg\",\"contentUrl\":\"https:\/\/visitmurazzano.it\/wp-content\/uploads\/2022\/05\/logo-murazzano.jpg\",\"width\":75,\"height\":90,\"caption\":\"Murazzano\"},\"image\":{\"@id\":\"https:\/\/visitmurazzano.it\/fr\/#\/schema\/logo\/image\/\"}}]}<\/script>\n<!-- \/ Yoast SEO plugin. -->","yoast_head_json":{"title":"Visit Murazzano |","robots":{"index":"index","follow":"follow","max-snippet":"max-snippet:-1","max-image-preview":"max-image-preview:large","max-video-preview":"max-video-preview:-1"},"canonical":"https:\/\/visitmurazzano.it\/fr\/vivre-murazzano\/","og_locale":"fr_FR","og_type":"article","og_title":"Visit Murazzano |","og_description":"Vivere Murazzano est plus qu'un concours de photos. Ce qui rend la photographie sp\u00e9ciale, c'est l'histoire que chaque clich\u00e9 raconte, et les environs offrent des vues et des jeux de lumi\u00e8re saisissants. Nous remercions tous les participants et f\u00e9licitons les dix premiers laur\u00e9ats qui ont r\u00e9ussi \u00e0 capturer l\u2019instant parfait de leur vision de Murazzano. [&hellip;]","og_url":"https:\/\/visitmurazzano.it\/fr\/vivre-murazzano\/","og_site_name":"Visit Murazzano","article_modified_time":"2025-04-02T09:21:02+00:00","twitter_card":"summary_large_image","twitter_misc":{"Dur\u00e9e de lecture estim\u00e9e":"2 minutes"},"schema":{"@context":"https:\/\/schema.org","@graph":[{"@type":"WebPage","@id":"https:\/\/visitmurazzano.it\/fr\/vivre-murazzano\/","url":"https:\/\/visitmurazzano.it\/fr\/vivre-murazzano\/","name":"Visit Murazzano |","isPartOf":{"@id":"https:\/\/visitmurazzano.it\/fr\/#website"},"datePublished":"2022-10-04T11:59:46+00:00","dateModified":"2025-04-02T09:21:02+00:00","breadcrumb":{"@id":"https:\/\/visitmurazzano.it\/fr\/vivre-murazzano\/#breadcrumb"},"inLanguage":"fr-FR","potentialAction":[{"@type":"ReadAction","target":["https:\/\/visitmurazzano.it\/fr\/vivre-murazzano\/"]}]},{"@type":"BreadcrumbList","@id":"https:\/\/visitmurazzano.it\/fr\/vivre-murazzano\/#breadcrumb","itemListElement":[{"@type":"ListItem","position":1,"name":"Home","item":"https:\/\/visitmurazzano.it\/fr\/"},{"@type":"ListItem","position":2,"name":"Vivre Murazzano &#8211; 2023"}]},{"@type":"WebSite","@id":"https:\/\/visitmurazzano.it\/fr\/#website","url":"https:\/\/visitmurazzano.it\/fr\/","name":"Visit Murazzano","description":"Sito turistico Murazzano","publisher":{"@id":"https:\/\/visitmurazzano.it\/fr\/#organization"},"potentialAction":[{"@type":"SearchAction","target":{"@type":"EntryPoint","urlTemplate":"https:\/\/visitmurazzano.it\/fr\/?s={search_term_string}"},"query-input":{"@type":"PropertyValueSpecification","valueRequired":true,"valueName":"search_term_string"}}],"inLanguage":"fr-FR"},{"@type":"Organization","@id":"https:\/\/visitmurazzano.it\/fr\/#organization","name":"Murazzano","url":"https:\/\/visitmurazzano.it\/fr\/","logo":{"@type":"ImageObject","inLanguage":"fr-FR","@id":"https:\/\/visitmurazzano.it\/fr\/#\/schema\/logo\/image\/","url":"https:\/\/visitmurazzano.it\/wp-content\/uploads\/2022\/05\/logo-murazzano.jpg","contentUrl":"https:\/\/visitmurazzano.it\/wp-content\/uploads\/2022\/05\/logo-murazzano.jpg","width":75,"height":90,"caption":"Murazzano"},"image":{"@id":"https:\/\/visitmurazzano.it\/fr\/#\/schema\/logo\/image\/"}}]}},"_links":{"self":[{"href":"https:\/\/visitmurazzano.it\/fr\/wp-json\/wp\/v2\/pages\/3103","targetHints":{"allow":["GET"]}}],"collection":[{"href":"https:\/\/visitmurazzano.it\/fr\/wp-json\/wp\/v2\/pages"}],"about":[{"href":"https:\/\/visitmurazzano.it\/fr\/wp-json\/wp\/v2\/types\/page"}],"author":[{"embeddable":true,"href":"https:\/\/visitmurazzano.it\/fr\/wp-json\/wp\/v2\/users\/1"}],"replies":[{"embeddable":true,"href":"https:\/\/visitmurazzano.it\/fr\/wp-json\/wp\/v2\/comments?post=3103"}],"version-history":[{"count":18,"href":"https:\/\/visitmurazzano.it\/fr\/wp-json\/wp\/v2\/pages\/3103\/revisions"}],"predecessor-version":[{"id":5089,"href":"https:\/\/visitmurazzano.it\/fr\/wp-json\/wp\/v2\/pages\/3103\/revisions\/5089"}],"wp:attachment":[{"href":"https:\/\/visitmurazzano.it\/fr\/wp-json\/wp\/v2\/media?parent=3103"}],"curies":[{"name":"wp","href":"https:\/\/api.w.org\/{rel}","templated":true}]}}