{"id":4451,"date":"2023-06-26T10:12:13","date_gmt":"2023-06-26T08:12:13","guid":{"rendered":"https:\/\/visitmurazzano.it\/anduma-e-tast-tuma-2023\/"},"modified":"2023-06-26T10:41:37","modified_gmt":"2023-06-26T08:41:37","slug":"anduma-e-tast-tuma-2023","status":"publish","type":"page","link":"https:\/\/visitmurazzano.it\/fr\/anduma-e-tast-tuma-2023\/","title":{"rendered":"Anduma e Tast-Tuma 2023"},"content":{"rendered":"<p>[et_pb_section fb_built=\u00a0\u00bb1&Prime; _builder_version=\u00a0\u00bb4.21.0&Prime; _module_preset=\u00a0\u00bbdefault\u00a0\u00bb custom_padding=\u00a0\u00bb0px||0px||false|false\u00a0\u00bb da_disable_devices=\u00a0\u00bboff|off|off\u00a0\u00bb global_colors_info=\u00a0\u00bb{}\u00a0\u00bb da_is_popup=\u00a0\u00bboff\u00a0\u00bb da_exit_intent=\u00a0\u00bboff\u00a0\u00bb da_has_close=\u00a0\u00bbon\u00a0\u00bb da_alt_close=\u00a0\u00bboff\u00a0\u00bb da_dark_close=\u00a0\u00bboff\u00a0\u00bb da_not_modal=\u00a0\u00bbon\u00a0\u00bb da_is_singular=\u00a0\u00bboff\u00a0\u00bb da_with_loader=\u00a0\u00bboff\u00a0\u00bb da_has_shadow=\u00a0\u00bbon\u00a0\u00bb][et_pb_row _builder_version=\u00a0\u00bb4.16&Prime; _module_preset=\u00a0\u00bbdefault\u00a0\u00bb custom_padding=\u00a0\u00bb0px||0px||false|false\u00a0\u00bb global_colors_info=\u00a0\u00bb{}\u00a0\u00bb][et_pb_column type=\u00a0\u00bb4_4&Prime; _builder_version=\u00a0\u00bb4.16&Prime; _module_preset=\u00a0\u00bbdefault\u00a0\u00bb global_colors_info=\u00a0\u00bb{}\u00a0\u00bb][et_pb_nextend_smart_slider_3 slider=\u00a0\u00bb16&Prime; _builder_version=\u00a0\u00bb4.21.0&Prime; _module_preset=\u00a0\u00bbdefault\u00a0\u00bb global_colors_info=\u00a0\u00bb{}\u00a0\u00bb][\/et_pb_nextend_smart_slider_3][\/et_pb_column][\/et_pb_row][et_pb_row column_structure=\u00a0\u00bb3_5,2_5&Prime; _builder_version=\u00a0\u00bb4.21.0&Prime; _module_preset=\u00a0\u00bbdefault\u00a0\u00bb hover_enabled=\u00a0\u00bb0&Prime; global_colors_info=\u00a0\u00bb{}\u00a0\u00bb sticky_enabled=\u00a0\u00bb0&Prime;][et_pb_column type=\u00a0\u00bb3_5&Prime; _builder_version=\u00a0\u00bb4.21.0&Prime; _module_preset=\u00a0\u00bbdefault\u00a0\u00bb custom_padding=\u00a0\u00bb20px||||false|false\u00a0\u00bb custom_padding_tablet=\u00a0\u00bb0px||||false|false\u00a0\u00bb custom_padding_phone=\u00a0\u00bb0px||||false|false\u00a0\u00bb custom_padding_last_edited=\u00a0\u00bbon|tablet\u00a0\u00bb hover_enabled=\u00a0\u00bb0&Prime; global_colors_info=\u00a0\u00bb{}\u00a0\u00bb sticky_enabled=\u00a0\u00bb0&Prime;][et_pb_text _builder_version=\u00a0\u00bb4.21.0&Prime; _module_preset=\u00a0\u00bbdefault\u00a0\u00bb text_text_color=\u00a0\u00bb#000000&Prime; text_font_size=\u00a0\u00bb16px\u00a0\u00bb text_line_height=\u00a0\u00bb1.4em\u00a0\u00bb hover_enabled=\u00a0\u00bb0&Prime; text_font_size_tablet=\u00a0\u00bb15px\u00a0\u00bb text_font_size_phone=\u00a0\u00bb13px\u00a0\u00bb text_font_size_last_edited=\u00a0\u00bbon|phone\u00a0\u00bb global_colors_info=\u00a0\u00bb{}\u00a0\u00bb sticky_enabled=\u00a0\u00bb0&Prime;]<\/p>\n<p>Apr\u00e8s le succ\u00e8s de l&rsquo;ann\u00e9e derni\u00e8re, la foire <strong>Anduma et Tas-Tuma<\/strong> revient \u00e0 Murazzano.<\/p>\n<p>Les protagonistes de l&rsquo;\u00e9v\u00e9nement sont le <strong>b\u00e9tail indig\u00e8ne<\/strong>, le fromage <strong>Murazzano DOP<\/strong> et l&rsquo;excellence de la nourriture et du vin.<\/p>\n<p>De nombreuses personnes ont particip\u00e9 \u00e0 l&rsquo;\u00e9v\u00e9nement et en ont fait une journ\u00e9e sp\u00e9ciale.<\/p>\n<p>Merci \u00e0 tous et&#8230; \u00e0 l&rsquo;ann\u00e9e prochaine !<\/p>\n<p>[\/et_pb_text][\/et_pb_column][et_pb_column type=\u00a0\u00bb2_5&Prime; _builder_version=\u00a0\u00bb4.16&Prime; _module_preset=\u00a0\u00bbdefault\u00a0\u00bb global_colors_info=\u00a0\u00bb{}\u00a0\u00bb][et_pb_image src=\u00a0\u00bbhttps:\/\/visitmurazzano.it\/wp-content\/uploads\/2023\/06\/anduma_23_locandina-1.jpg\u00a0\u00bb alt=\u00a0\u00bbanduma e tastuma\u00a0\u00bb title_text=\u00a0\u00bbanduma_23_locandina\u00a0\u00bb _builder_version=\u00a0\u00bb4.21.0&Prime; _module_preset=\u00a0\u00bbdefault\u00a0\u00bb hover_enabled=\u00a0\u00bb0&Prime; global_colors_info=\u00a0\u00bb{}\u00a0\u00bb sticky_enabled=\u00a0\u00bb0&Prime;][\/et_pb_image][\/et_pb_column][\/et_pb_row][\/et_pb_section]<\/p>\n","protected":false},"excerpt":{"rendered":"<p>Apr\u00e8s le succ\u00e8s de l&rsquo;ann\u00e9e derni\u00e8re, la foire Anduma et Tas-Tuma revient \u00e0 Murazzano. Les protagonistes de l&rsquo;\u00e9v\u00e9nement sont le b\u00e9tail indig\u00e8ne, le fromage Murazzano DOP et l&rsquo;excellence de la nourriture et du vin. De nombreuses personnes ont particip\u00e9 \u00e0 l&rsquo;\u00e9v\u00e9nement et en ont fait une journ\u00e9e sp\u00e9ciale. Merci \u00e0 tous et&#8230; \u00e0 l&rsquo;ann\u00e9e prochaine [&hellip;]<\/p>\n","protected":false},"author":1,"featured_media":0,"parent":0,"menu_order":0,"comment_status":"closed","ping_status":"closed","template":"","meta":{"_et_pb_use_builder":"on","_et_pb_old_content":"","_et_gb_content_width":"","footnotes":""},"class_list":["post-4451","page","type-page","status-publish","hentry"],"yoast_head":"<!-- This site is optimized with the Yoast SEO plugin v26.7 - https:\/\/yoast.com\/wordpress\/plugins\/seo\/ -->\n<title>Visit Murazzano |<\/title>\n<meta name=\"robots\" content=\"index, follow, max-snippet:-1, max-image-preview:large, max-video-preview:-1\" \/>\n<link rel=\"canonical\" href=\"https:\/\/visitmurazzano.it\/fr\/anduma-e-tast-tuma-2023\/\" \/>\n<meta property=\"og:locale\" content=\"fr_FR\" \/>\n<meta property=\"og:type\" content=\"article\" \/>\n<meta property=\"og:title\" content=\"Visit Murazzano |\" \/>\n<meta property=\"og:description\" content=\"Apr\u00e8s le succ\u00e8s de l&#039;ann\u00e9e derni\u00e8re, la foire Anduma et Tas-Tuma revient \u00e0 Murazzano. Les protagonistes de l&#039;\u00e9v\u00e9nement sont le b\u00e9tail indig\u00e8ne, le fromage Murazzano DOP et l&#039;excellence de la nourriture et du vin. De nombreuses personnes ont particip\u00e9 \u00e0 l&#039;\u00e9v\u00e9nement et en ont fait une journ\u00e9e sp\u00e9ciale. Merci \u00e0 tous et... \u00e0 l&#039;ann\u00e9e prochaine [&hellip;]\" \/>\n<meta property=\"og:url\" content=\"https:\/\/visitmurazzano.it\/fr\/anduma-e-tast-tuma-2023\/\" \/>\n<meta property=\"og:site_name\" content=\"Visit Murazzano\" \/>\n<meta property=\"article:modified_time\" content=\"2023-06-26T08:41:37+00:00\" \/>\n<meta name=\"twitter:card\" content=\"summary_large_image\" \/>\n<meta name=\"twitter:label1\" content=\"Dur\u00e9e de lecture estim\u00e9e\" \/>\n\t<meta name=\"twitter:data1\" content=\"2 minutes\" \/>\n<script type=\"application\/ld+json\" class=\"yoast-schema-graph\">{\"@context\":\"https:\/\/schema.org\",\"@graph\":[{\"@type\":\"WebPage\",\"@id\":\"https:\/\/visitmurazzano.it\/fr\/anduma-e-tast-tuma-2023\/\",\"url\":\"https:\/\/visitmurazzano.it\/fr\/anduma-e-tast-tuma-2023\/\",\"name\":\"Visit Murazzano |\",\"isPartOf\":{\"@id\":\"https:\/\/visitmurazzano.it\/fr\/#website\"},\"datePublished\":\"2023-06-26T08:12:13+00:00\",\"dateModified\":\"2023-06-26T08:41:37+00:00\",\"breadcrumb\":{\"@id\":\"https:\/\/visitmurazzano.it\/fr\/anduma-e-tast-tuma-2023\/#breadcrumb\"},\"inLanguage\":\"fr-FR\",\"potentialAction\":[{\"@type\":\"ReadAction\",\"target\":[\"https:\/\/visitmurazzano.it\/fr\/anduma-e-tast-tuma-2023\/\"]}]},{\"@type\":\"BreadcrumbList\",\"@id\":\"https:\/\/visitmurazzano.it\/fr\/anduma-e-tast-tuma-2023\/#breadcrumb\",\"itemListElement\":[{\"@type\":\"ListItem\",\"position\":1,\"name\":\"Home\",\"item\":\"https:\/\/visitmurazzano.it\/fr\/\"},{\"@type\":\"ListItem\",\"position\":2,\"name\":\"Anduma e Tast-Tuma 2023\"}]},{\"@type\":\"WebSite\",\"@id\":\"https:\/\/visitmurazzano.it\/fr\/#website\",\"url\":\"https:\/\/visitmurazzano.it\/fr\/\",\"name\":\"Visit Murazzano\",\"description\":\"Sito turistico Murazzano\",\"publisher\":{\"@id\":\"https:\/\/visitmurazzano.it\/fr\/#organization\"},\"potentialAction\":[{\"@type\":\"SearchAction\",\"target\":{\"@type\":\"EntryPoint\",\"urlTemplate\":\"https:\/\/visitmurazzano.it\/fr\/?s={search_term_string}\"},\"query-input\":{\"@type\":\"PropertyValueSpecification\",\"valueRequired\":true,\"valueName\":\"search_term_string\"}}],\"inLanguage\":\"fr-FR\"},{\"@type\":\"Organization\",\"@id\":\"https:\/\/visitmurazzano.it\/fr\/#organization\",\"name\":\"Murazzano\",\"url\":\"https:\/\/visitmurazzano.it\/fr\/\",\"logo\":{\"@type\":\"ImageObject\",\"inLanguage\":\"fr-FR\",\"@id\":\"https:\/\/visitmurazzano.it\/fr\/#\/schema\/logo\/image\/\",\"url\":\"https:\/\/visitmurazzano.it\/wp-content\/uploads\/2022\/05\/logo-murazzano.jpg\",\"contentUrl\":\"https:\/\/visitmurazzano.it\/wp-content\/uploads\/2022\/05\/logo-murazzano.jpg\",\"width\":75,\"height\":90,\"caption\":\"Murazzano\"},\"image\":{\"@id\":\"https:\/\/visitmurazzano.it\/fr\/#\/schema\/logo\/image\/\"}}]}<\/script>\n<!-- \/ Yoast SEO plugin. -->","yoast_head_json":{"title":"Visit Murazzano |","robots":{"index":"index","follow":"follow","max-snippet":"max-snippet:-1","max-image-preview":"max-image-preview:large","max-video-preview":"max-video-preview:-1"},"canonical":"https:\/\/visitmurazzano.it\/fr\/anduma-e-tast-tuma-2023\/","og_locale":"fr_FR","og_type":"article","og_title":"Visit Murazzano |","og_description":"Apr\u00e8s le succ\u00e8s de l'ann\u00e9e derni\u00e8re, la foire Anduma et Tas-Tuma revient \u00e0 Murazzano. Les protagonistes de l'\u00e9v\u00e9nement sont le b\u00e9tail indig\u00e8ne, le fromage Murazzano DOP et l'excellence de la nourriture et du vin. De nombreuses personnes ont particip\u00e9 \u00e0 l'\u00e9v\u00e9nement et en ont fait une journ\u00e9e sp\u00e9ciale. Merci \u00e0 tous et... \u00e0 l'ann\u00e9e prochaine [&hellip;]","og_url":"https:\/\/visitmurazzano.it\/fr\/anduma-e-tast-tuma-2023\/","og_site_name":"Visit Murazzano","article_modified_time":"2023-06-26T08:41:37+00:00","twitter_card":"summary_large_image","twitter_misc":{"Dur\u00e9e de lecture estim\u00e9e":"2 minutes"},"schema":{"@context":"https:\/\/schema.org","@graph":[{"@type":"WebPage","@id":"https:\/\/visitmurazzano.it\/fr\/anduma-e-tast-tuma-2023\/","url":"https:\/\/visitmurazzano.it\/fr\/anduma-e-tast-tuma-2023\/","name":"Visit Murazzano |","isPartOf":{"@id":"https:\/\/visitmurazzano.it\/fr\/#website"},"datePublished":"2023-06-26T08:12:13+00:00","dateModified":"2023-06-26T08:41:37+00:00","breadcrumb":{"@id":"https:\/\/visitmurazzano.it\/fr\/anduma-e-tast-tuma-2023\/#breadcrumb"},"inLanguage":"fr-FR","potentialAction":[{"@type":"ReadAction","target":["https:\/\/visitmurazzano.it\/fr\/anduma-e-tast-tuma-2023\/"]}]},{"@type":"BreadcrumbList","@id":"https:\/\/visitmurazzano.it\/fr\/anduma-e-tast-tuma-2023\/#breadcrumb","itemListElement":[{"@type":"ListItem","position":1,"name":"Home","item":"https:\/\/visitmurazzano.it\/fr\/"},{"@type":"ListItem","position":2,"name":"Anduma e Tast-Tuma 2023"}]},{"@type":"WebSite","@id":"https:\/\/visitmurazzano.it\/fr\/#website","url":"https:\/\/visitmurazzano.it\/fr\/","name":"Visit Murazzano","description":"Sito turistico Murazzano","publisher":{"@id":"https:\/\/visitmurazzano.it\/fr\/#organization"},"potentialAction":[{"@type":"SearchAction","target":{"@type":"EntryPoint","urlTemplate":"https:\/\/visitmurazzano.it\/fr\/?s={search_term_string}"},"query-input":{"@type":"PropertyValueSpecification","valueRequired":true,"valueName":"search_term_string"}}],"inLanguage":"fr-FR"},{"@type":"Organization","@id":"https:\/\/visitmurazzano.it\/fr\/#organization","name":"Murazzano","url":"https:\/\/visitmurazzano.it\/fr\/","logo":{"@type":"ImageObject","inLanguage":"fr-FR","@id":"https:\/\/visitmurazzano.it\/fr\/#\/schema\/logo\/image\/","url":"https:\/\/visitmurazzano.it\/wp-content\/uploads\/2022\/05\/logo-murazzano.jpg","contentUrl":"https:\/\/visitmurazzano.it\/wp-content\/uploads\/2022\/05\/logo-murazzano.jpg","width":75,"height":90,"caption":"Murazzano"},"image":{"@id":"https:\/\/visitmurazzano.it\/fr\/#\/schema\/logo\/image\/"}}]}},"_links":{"self":[{"href":"https:\/\/visitmurazzano.it\/fr\/wp-json\/wp\/v2\/pages\/4451","targetHints":{"allow":["GET"]}}],"collection":[{"href":"https:\/\/visitmurazzano.it\/fr\/wp-json\/wp\/v2\/pages"}],"about":[{"href":"https:\/\/visitmurazzano.it\/fr\/wp-json\/wp\/v2\/types\/page"}],"author":[{"embeddable":true,"href":"https:\/\/visitmurazzano.it\/fr\/wp-json\/wp\/v2\/users\/1"}],"replies":[{"embeddable":true,"href":"https:\/\/visitmurazzano.it\/fr\/wp-json\/wp\/v2\/comments?post=4451"}],"version-history":[{"count":2,"href":"https:\/\/visitmurazzano.it\/fr\/wp-json\/wp\/v2\/pages\/4451\/revisions"}],"predecessor-version":[{"id":4453,"href":"https:\/\/visitmurazzano.it\/fr\/wp-json\/wp\/v2\/pages\/4451\/revisions\/4453"}],"wp:attachment":[{"href":"https:\/\/visitmurazzano.it\/fr\/wp-json\/wp\/v2\/media?parent=4451"}],"curies":[{"name":"wp","href":"https:\/\/api.w.org\/{rel}","templated":true}]}}